{"id":2034,"date":"2025-01-05T07:53:25","date_gmt":"2025-01-05T07:53:25","guid":{"rendered":"https:\/\/elevatorlightcurtains.com\/?post_type=product&#038;p=2034"},"modified":"2025-02-25T08:19:04","modified_gmt":"2025-02-25T08:19:04","slug":"elevator-door-safety-sensor-light-curtain-by-weco-spare-part-for-residence-elevator","status":"publish","type":"product","link":"https:\/\/elevatorlightcurtains.com\/fr\/produit\/elevator-door-safety-sensor-light-curtain-by-weco-spare-part-for-residence-elevator\/","title":{"rendered":"Rideau lumineux de s\u00e9curit\u00e9 pour porte d'ascenseur par Weco Pi\u00e8ce d\u00e9tach\u00e9e pour ascenseur de r\u00e9sidence"},"content":{"rendered":"<p><strong>Rideau lumineux \u00e0 capteur de s\u00e9curit\u00e9 pour porte d'ascenseur par Weco<\/strong><\/p>\n<p>La s\u00e9curit\u00e9 des ascenseurs a atteint de nouveaux sommets gr\u00e2ce \u00e0 l'innovation de la <strong>Rideau lumineux \u00e0 capteur de s\u00e9curit\u00e9 pour porte d'ascenseur par Weco<\/strong>. Ce dispositif essentiel joue un r\u00f4le crucial dans l'am\u00e9lioration des op\u00e9rations d'ascenseur en assurant la s\u00e9curit\u00e9 des passagers et en minimisant les accidents. Que vous soyez un <strong>fournisseur<\/strong>, <strong>fabricant<\/strong>ou <strong>exportateur<\/strong>En investissant dans ce capteur de s\u00e9curit\u00e9 avanc\u00e9, vous vous positionnez \u00e0 l'avant-garde de la technologie et de la responsabilit\u00e9 en mati\u00e8re d'ascenseurs.<\/p>\n<p><strong>Caract\u00e9ristiques principales :<\/strong><\/p>\n<p>La barri\u00e8re immat\u00e9rielle de s\u00e9curit\u00e9 pour portes d'ascenseur pr\u00e9sente plusieurs caract\u00e9ristiques avanc\u00e9es con\u00e7ues pour offrir des performances optimales. Dot\u00e9e d'une technologie infrarouge passive de pointe, elle permet une d\u00e9tection pr\u00e9cise des mouvements \u00e0 proximit\u00e9 des portes d'ascenseur, r\u00e9duisant ainsi le risque de coincement. Ce produit est construit de mani\u00e8re durable, ce qui garantit des performances \u00e0 long terme dans diverses conditions environnementales. En outre, sa compatibilit\u00e9 avec une large gamme de syst\u00e8mes d'ascenseurs en fait un choix polyvalent pour diff\u00e9rentes applications.<\/p>\n<p><strong>Avantages :<\/strong><\/p>\n<p>Les avantages de la barri\u00e8re immat\u00e9rielle de s\u00e9curit\u00e9 pour porte d'ascenseur sont imm\u00e9diats et substantiels. En utilisant ce capteur, les utilisateurs peuvent am\u00e9liorer la s\u00e9curit\u00e9 des passagers, ce qui se traduit par une fiabilit\u00e9 et une confiance accrues dans le fonctionnement des ascenseurs. L'efficacit\u00e9 du syst\u00e8me minimise les temps d'arr\u00eat, am\u00e9liorant ainsi l'exp\u00e9rience globale de l'utilisateur. En outre, en choisissant de <strong>achat en gros<\/strong> d'un <strong>producteur d'usine<\/strong> en <strong>Chine<\/strong>vous pouvez tirer parti de la concurrence <strong>prix en vrac<\/strong> qui am\u00e9liorent vos r\u00e9sultats. Les solutions de s\u00e9curit\u00e9 de haute qualit\u00e9 peuvent am\u00e9liorer consid\u00e9rablement les r\u00e9sultats op\u00e9rationnels, ce qui fait de ce rideau lumineux un choix rentable pour les entreprises.<\/p>\n<p><strong>Applications :<\/strong><\/p>\n<p>Cette barri\u00e8re immat\u00e9rielle est id\u00e9ale pour divers environnements, notamment les immeubles r\u00e9sidentiels, les espaces commerciaux et les h\u00f4pitaux, car elle garantit le respect des normes de s\u00e9curit\u00e9 dans tous les types d'installations. Par exemple, dans un environnement hospitalier o\u00f9 l'efficacit\u00e9 et la s\u00e9curit\u00e9 sont primordiales, l'int\u00e9gration de la barri\u00e8re immat\u00e9rielle apportera la tranquillit\u00e9 d'esprit au personnel et aux patients. De m\u00eame, son application dans les <strong>d\u00e9tecteur de porte d'ascenseur<\/strong> renforce l'engagement en faveur de la s\u00e9curit\u00e9 et de la performance.<\/p>\n<p><strong>Diff\u00e9renciation et avantages :<\/strong><\/p>\n<p>La barri\u00e8re immat\u00e9rielle de s\u00e9curit\u00e9 pour porte d'ascenseur de Weco se distingue sur un march\u00e9 concurrentiel pour plusieurs raisons. Contrairement \u00e0 de nombreuses autres solutions, Weco se concentre sur une fabrication de haute qualit\u00e9 et effectue des tests rigoureux pour r\u00e9pondre aux normes de s\u00e9curit\u00e9 internationales. Ce produit r\u00e9pond non seulement aux exigences des OEM, mais offre \u00e9galement une solution fiable qui d\u00e9passe les attentes des clients. Lorsque l'on compare les options, il devient \u00e9vident que Weco offre le meilleur m\u00e9lange de qualit\u00e9 et d'abordabilit\u00e9 en tant que produit d'origine. <strong>exportateur<\/strong> avec une r\u00e9putation de service \u00e0 la client\u00e8le exceptionnel.<\/p>\n<p>Choisir le <strong>Rideau lumineux \u00e0 capteur de s\u00e9curit\u00e9 pour porte d'ascenseur par Weco<\/strong> pour garantir une exp\u00e9rience de s\u00e9curit\u00e9 in\u00e9gal\u00e9e. Pour en savoir plus sur ses avantages, consultez d'autres r\u00e9f\u00e9rences, telles que <a href=\"https:\/\/elevatorlightcurtains.com\/fr\/.com\/produit\/elevator-door-detection-system\/\">Syst\u00e8me de d\u00e9tection de porte d'ascenseur<\/a>, <a href=\"https:\/\/elevatorlightcurtains.com\/fr\/.com\/produit\/steel-belt-elevator-detection-device-ABA21700AG3\/\">Dispositif de d\u00e9tection des \u00e9l\u00e9vateurs \u00e0 bande d'acier<\/a>et <a href=\"https:\/\/elevatorlightcurtains.com\/fr\/.com\/produit\/en81-20-elevator-door-detector\/\">EN81-20 D\u00e9tecteur de porte d'ascenseur<\/a>. En tant que membre engag\u00e9 du <strong>fabricant<\/strong>Weco est votre partenaire de confiance pour tous vos besoins en mati\u00e8re de s\u00e9curit\u00e9 des ascenseurs.<\/p>\n<div style=\"justify-content: space - between; align-items: stretch;\">\n<figure id=\"attachment_1527\" class=\"wp-caption alignnone\" style=\"width: 911px;\"><img data-recalc-dims=\"1\" fetchpriority=\"high\" decoding=\"async\" class=\"alignnone wp-image-1917\" src=\"https:\/\/i0.wp.com\/elevatorlightcurtains.com\/wp-content\/uploads\/2025\/01\/weco-elevator-light-curtain.webp?resize=800%2C1037&#038;ssl=1\" alt=\"\" width=\"800\" height=\"1037\" srcset=\"https:\/\/i0.wp.com\/elevatorlightcurtains.com\/wp-content\/uploads\/2025\/01\/weco-elevator-light-curtain.webp?w=1000&amp;ssl=1 1000w, https:\/\/i0.wp.com\/elevatorlightcurtains.com\/wp-content\/uploads\/2025\/01\/weco-elevator-light-curtain.webp?resize=231%2C300&amp;ssl=1 231w, https:\/\/i0.wp.com\/elevatorlightcurtains.com\/wp-content\/uploads\/2025\/01\/weco-elevator-light-curtain.webp?resize=789%2C1024&amp;ssl=1 789w, https:\/\/i0.wp.com\/elevatorlightcurtains.com\/wp-content\/uploads\/2025\/01\/weco-elevator-light-curtain.webp?resize=768%2C997&amp;ssl=1 768w, https:\/\/i0.wp.com\/elevatorlightcurtains.com\/wp-content\/uploads\/2025\/01\/weco-elevator-light-curtain.webp?resize=9%2C12&amp;ssl=1 9w, https:\/\/i0.wp.com\/elevatorlightcurtains.com\/wp-content\/uploads\/2025\/01\/weco-elevator-light-curtain.webp?resize=600%2C779&amp;ssl=1 600w\" sizes=\"(max-width: 800px) 100vw, 800px\" \/><\/figure>\n<p><img data-recalc-dims=\"1\" decoding=\"async\" class=\"alignnone size-full wp-image-1519\" style=\"width: 48%; height: auto;\" src=\"https:\/\/i0.wp.com\/elevatorlightcurtains.com\/wp-content\/uploads\/2025\/01\/%E5%BE%AE%E4%BF%A1%E5%9B%BE%E7%89%87_20230714163000%20-%20scaled.jpg?w=800&#038;ssl=1\" alt=\"\" \/><\/p>\n<\/div>\n<p>&nbsp;<\/p>\n<h2 id=\"faqs-for-elevator-door-safety-sensor-light-curtain-by-weco\">FAQ pour \"Rideau lumineux \u00e0 capteur de s\u00e9curit\u00e9 pour porte d'ascenseur par Weco\"<\/h2>\n<h3 id=\"what-is-the-purpose-of-a-safety-light-curtain-sensor-in-elevator-doors\">Quelle est l'utilit\u00e9 d'un capteur de barri\u00e8re immat\u00e9rielle de s\u00e9curit\u00e9 dans les portes d'ascenseur ?<\/h3>\n<p>Un capteur de barri\u00e8re immat\u00e9rielle de s\u00e9curit\u00e9 dans les portes d'ascenseur assure la s\u00e9curit\u00e9 des passagers en d\u00e9tectant tout obstacle sur la trajectoire de la porte. Il utilise des faisceaux lumineux infrarouges pour cr\u00e9er une barri\u00e8re invisible qui, lorsqu'elle est interrompue, incite les portes \u00e0 se rouvrir ou \u00e0 cesser de se fermer, \u00e9vitant ainsi les accidents.<\/p>\n<h3 id=\"how-is-an-elevator-light-curtain-installed-for-optimal-safety\">Comment installer une barri\u00e8re immat\u00e9rielle d'ascenseur pour une s\u00e9curit\u00e9 optimale ?<\/h3>\n<p>Pour installer un rideau lumineux d'ascenseur avec un maximum de s\u00e9curit\u00e9, il faut le positionner \u00e0 la bonne hauteur, l'aligner correctement et le tester minutieusement pour s'assurer qu'il d\u00e9tecte efficacement les obstructions. Une installation correcte est essentielle pour que le capteur remplisse sa fonction de s\u00e9curit\u00e9 de mani\u00e8re fiable.<\/p>\n<h3 id=\"how-do-elevator-door-sensors-contribute-to-passenger-safety\">Comment les capteurs de porte d'ascenseur contribuent-ils \u00e0 la s\u00e9curit\u00e9 des passagers ?<\/h3>\n<p>Les capteurs de porte d'ascenseur, tels que les barri\u00e8res immat\u00e9rielles, fonctionnent en surveillant en permanence la trajectoire de la porte pour d\u00e9tecter d'\u00e9ventuels obstacles. Si un obstacle est d\u00e9tect\u00e9, les capteurs d\u00e9clenchent l'arr\u00eat de la fermeture ou la r\u00e9ouverture des portes, \u00e9vitant ainsi de blesser les passagers ou d'endommager les objets coinc\u00e9s dans les portes.<\/p>\n<h3 id=\"what-type-of-sensor-is-commonly-used-in-lift-door-safety-systems\">Quel type de capteur est g\u00e9n\u00e9ralement utilis\u00e9 dans les syst\u00e8mes de s\u00e9curit\u00e9 des portes d'ascenseurs ?<\/h3>\n<p>Les barri\u00e8res immat\u00e9rielles sont un type de capteur couramment utilis\u00e9 dans les syst\u00e8mes de s\u00e9curit\u00e9 des portes d'ascenseurs. Ces capteurs \u00e9mettent une grille de faisceaux \u00e0 travers l'ouverture de la porte et peuvent rapidement d\u00e9tecter toute perturbation dans le sch\u00e9ma des faisceaux, signalant aux portes d'arr\u00eater de bouger pour \u00e9viter les accidents.<\/p>\n<h3 id=\"what-technology-underpins-the-functionality-of-elevator-door-safety-sensors\">Quelle technologie sous-tend la fonctionnalit\u00e9 des capteurs de s\u00e9curit\u00e9 pour portes d'ascenseurs ?<\/h3>\n<p>Les capteurs de s\u00e9curit\u00e9 pour portes d'ascenseurs, y compris les barri\u00e8res immat\u00e9rielles, fonctionnent \u00e0 l'aide de faisceaux lumineux infrarouges qui forment une barri\u00e8re invisible \u00e0 travers l'ouverture de la porte. Lorsque ce faisceau est interrompu par un objet ou une personne, le capteur d\u00e9clenche l'arr\u00eat du mouvement des portes, assurant ainsi la s\u00e9curit\u00e9 des passagers lors de l'embarquement et du d\u00e9barquement.<\/p>","protected":false},"excerpt":{"rendered":"<p>La barri\u00e8re immat\u00e9rielle de s\u00e9curit\u00e9 pour porte d'ascenseur WECO-917B71 de Weco est con\u00e7ue pour am\u00e9liorer la s\u00e9curit\u00e9 pendant les op\u00e9rations d'ascenseur. L\u00e9g\u00e8re et compacte, elle est id\u00e9ale pour les syst\u00e8mes d'ascenseurs commerciaux et r\u00e9sidentiels. Dot\u00e9e d'une technologie de d\u00e9tection de s\u00e9curit\u00e9 tr\u00e8s sensible, elle offre une protection accrue aux passagers et \u00e0 l'\u00e9quipement dans l'industrie des ascenseurs.<\/p>","protected":false},"featured_media":1247,"comment_status":"open","ping_status":"closed","template":"","meta":[],"product_cat":[46],"product_tag":[],"class_list":{"0":"post-2034","1":"product","2":"type-product","3":"status-publish","4":"has-post-thumbnail","6":"product_cat-lift-infrared-sensor","8":"first","9":"instock","10":"shipping-taxable","11":"product-type-simple"},"jetpack_sharing_enabled":true,"_links":{"self":[{"href":"https:\/\/elevatorlightcurtains.com\/fr\/wp-json\/wp\/v2\/product\/2034","targetHints":{"allow":["GET"]}}],"collection":[{"href":"https:\/\/elevatorlightcurtains.com\/fr\/wp-json\/wp\/v2\/product"}],"about":[{"href":"https:\/\/elevatorlightcurtains.com\/fr\/wp-json\/wp\/v2\/types\/product"}],"replies":[{"embeddable":true,"href":"https:\/\/elevatorlightcurtains.com\/fr\/wp-json\/wp\/v2\/comments?post=2034"}],"wp:featuredmedia":[{"embeddable":true,"href":"https:\/\/elevatorlightcurtains.com\/fr\/wp-json\/wp\/v2\/media\/1247"}],"wp:attachment":[{"href":"https:\/\/elevatorlightcurtains.com\/fr\/wp-json\/wp\/v2\/media?parent=2034"}],"wp:term":[{"taxonomy":"product_cat","embeddable":true,"href":"https:\/\/elevatorlightcurtains.com\/fr\/wp-json\/wp\/v2\/product_cat?post=2034"},{"taxonomy":"product_tag","embeddable":true,"href":"https:\/\/elevatorlightcurtains.com\/fr\/wp-json\/wp\/v2\/product_tag?post=2034"}],"curies":[{"name":"wp","href":"https:\/\/api.w.org\/{rel}","templated":true}]}}