{"id":2033,"date":"2025-01-05T07:53:24","date_gmt":"2025-01-05T07:53:24","guid":{"rendered":"https:\/\/elevatorlightcurtains.com\/?post_type=product&#038;p=2033"},"modified":"2025-02-08T07:09:27","modified_gmt":"2025-02-08T07:09:27","slug":"premium-elevator-light-curtain-for-parts-replacement-weco-917b-110v-220v","status":"publish","type":"product","link":"https:\/\/elevatorlightcurtains.com\/fr\/produit\/premium-elevator-light-curtain-for-parts-replacement-weco-917b-110v-220v\/","title":{"rendered":"Premium Elevator Light Curtain for Parts Replacement WECO 917B 110V 220V"},"content":{"rendered":"<p><strong>Barri\u00e8re immat\u00e9rielle d'ascenseur de premi\u00e8re qualit\u00e9 pour le remplacement de pi\u00e8ces d\u00e9tach\u00e9es<\/strong><\/p>\n<p>Les barri\u00e8res immat\u00e9rielles pour ascenseurs jouent un r\u00f4le crucial dans la s\u00e9curit\u00e9 et l'efficacit\u00e9 des op\u00e9rations d'ascenseur. La barri\u00e8re immat\u00e9rielle d'ascenseur Premium est con\u00e7ue pour remplacer les pi\u00e8ces obsol\u00e8tes et am\u00e9liorer le m\u00e9canisme de s\u00e9curit\u00e9 global de votre syst\u00e8me d'ascenseur. Avec les avanc\u00e9es technologiques et le besoin croissant de solutions fiables dans l'industrie des ascenseurs, ce produit s'impose comme un composant essentiel des ascenseurs modernes.<\/p>\n<p><strong>Caract\u00e9ristiques principales :<\/strong><\/p>\n<p>La barri\u00e8re immat\u00e9rielle Premium Elevator est con\u00e7ue avec une technologie infrarouge passive de pointe, offrant un syst\u00e8me de d\u00e9tection robuste et fiable. Son design \u00e9pur\u00e9 lui permet de s'int\u00e9grer parfaitement dans diverses configurations d'ascenseurs tout en offrant une gamme exceptionnelle de capacit\u00e9s de d\u00e9tection. Fabriqu\u00e9e par un fabricant chinois r\u00e9put\u00e9, chaque unit\u00e9 est soumise \u00e0 des contr\u00f4les de qualit\u00e9 rigoureux, ce qui vous garantit un produit durable et efficace. L'int\u00e9gration de capteurs am\u00e9lior\u00e9s dans cette barri\u00e8re immat\u00e9rielle r\u00e9duit consid\u00e9rablement les fausses alarmes tout en fournissant une r\u00e9ponse en temps r\u00e9el qui est essentielle pour un fonctionnement efficace de la porte. Pour des pi\u00e8ces alternatives qui peuvent am\u00e9liorer vos syst\u00e8mes, vous pouvez \u00e9galement consid\u00e9rer les pi\u00e8ces de rideau lumineux de d\u00e9tecteur de porte d'ascenseur disponibles ici.<\/p>\n<p><strong>Avantages :<\/strong><\/p>\n<p>L'int\u00e9gration de la barri\u00e8re immat\u00e9rielle Premium Elevator dans votre syst\u00e8me d'ascenseur am\u00e9liore non seulement la s\u00e9curit\u00e9, mais aussi l'efficacit\u00e9 op\u00e9rationnelle. Les utilisateurs b\u00e9n\u00e9ficieront d'un niveau de fiabilit\u00e9 accru, ce qui r\u00e9duira le risque d'accidents li\u00e9s aux portes. En tant que fournisseur de solutions rentables, nous comprenons que la s\u00e9curit\u00e9 est primordiale. C'est pourquoi nos produits sont con\u00e7us pour satisfaire et d\u00e9passer les normes industrielles. En outre, des options OEM sont disponibles, ce qui permet une int\u00e9gration personnalis\u00e9e dans les syst\u00e8mes existants. Cela garantit une transition en douceur et pr\u00e9serve l'int\u00e9grit\u00e9 de vos op\u00e9rations d'ascenseur.<\/p>\n<p><strong>Applications :<\/strong><\/p>\n<p>Cette barri\u00e8re immat\u00e9rielle est id\u00e9ale pour diverses applications, notamment les ascenseurs r\u00e9sidentiels et commerciaux, ainsi que les installations sp\u00e9cialis\u00e9es telles que les h\u00f4pitaux. Sa polyvalence permet une utilisation efficace dans toute une gamme de types d'ascenseurs, garantissant ainsi le respect universel des protocoles de s\u00e9curit\u00e9. Le d\u00e9tecteur de s\u00e9curit\u00e9 pour porte d'ascenseur \u00e0 usage r\u00e9sidentiel illustre la fa\u00e7on dont notre produit peut s'adapter pour r\u00e9pondre \u00e0 diverses exigences en mati\u00e8re de s\u00e9curit\u00e9.<\/p>\n<p><strong>Diff\u00e9renciation et avantages :<\/strong><\/p>\n<p>Ce qui diff\u00e9rencie la barri\u00e8re immat\u00e9rielle pour ascenseur Premium de ses concurrents est sa combinaison de qualit\u00e9, de fonctionnalit\u00e9 et de prix. En tant que producteur et exportateur de composants pour ascenseurs, nous offrons des prix de gros in\u00e9gal\u00e9s dans l'industrie. En choisissant nos produits, vous n'investissez pas seulement dans une technologie sup\u00e9rieure, mais vous vous assurez \u00e9galement des \u00e9conomies \u00e0 long terme gr\u00e2ce \u00e0 nos options d'achat en gros rentables. En outre, notre engagement \u00e0 satisfaire nos clients garantit que vous recevrez une assistance et des ressources qui r\u00e9pondent \u00e0 vos besoins sp\u00e9cifiques, ce qui fait de nous le choix pr\u00e9f\u00e9r\u00e9 par rapport aux autres fournisseurs.<\/p>\n<p>En conclusion, si vous recherchez une barri\u00e8re immat\u00e9rielle pour ascenseur qui offre une s\u00e9curit\u00e9, une fiabilit\u00e9 et une efficacit\u00e9 exceptionnelles, la barri\u00e8re immat\u00e9rielle Premium pour ascenseur est votre meilleur choix. Pour des ressources et des pi\u00e8ces suppl\u00e9mentaires, vous pouvez explorer notre gamme de produits, y compris le syst\u00e8me de d\u00e9tection de porte d'ascenseur et le dispositif de d\u00e9tection d'ascenseur \u00e0 courroie en acier. Faites confiance \u00e0 notre r\u00e9putation de fabricant et de fournisseur de premier plan pour vous fournir des solutions de qualit\u00e9 r\u00e9pondant aux besoins de votre entreprise.<\/p>\n<div style=\"justify-content: space - between; align-items: stretch;\">\n<figure id=\"attachment_1527\" class=\"wp-caption alignnone\" style=\"width: 911px;\"><img data-recalc-dims=\"1\" fetchpriority=\"high\" decoding=\"async\" class=\"alignnone wp-image-1917\" src=\"https:\/\/i0.wp.com\/elevatorlightcurtains.com\/wp-content\/uploads\/2025\/01\/weco-elevator-light-curtain.webp?resize=800%2C1037&#038;ssl=1\" alt=\"\" width=\"800\" height=\"1037\" srcset=\"https:\/\/i0.wp.com\/elevatorlightcurtains.com\/wp-content\/uploads\/2025\/01\/weco-elevator-light-curtain.webp?w=1000&amp;ssl=1 1000w, https:\/\/i0.wp.com\/elevatorlightcurtains.com\/wp-content\/uploads\/2025\/01\/weco-elevator-light-curtain.webp?resize=231%2C300&amp;ssl=1 231w, https:\/\/i0.wp.com\/elevatorlightcurtains.com\/wp-content\/uploads\/2025\/01\/weco-elevator-light-curtain.webp?resize=789%2C1024&amp;ssl=1 789w, https:\/\/i0.wp.com\/elevatorlightcurtains.com\/wp-content\/uploads\/2025\/01\/weco-elevator-light-curtain.webp?resize=768%2C997&amp;ssl=1 768w, https:\/\/i0.wp.com\/elevatorlightcurtains.com\/wp-content\/uploads\/2025\/01\/weco-elevator-light-curtain.webp?resize=9%2C12&amp;ssl=1 9w, https:\/\/i0.wp.com\/elevatorlightcurtains.com\/wp-content\/uploads\/2025\/01\/weco-elevator-light-curtain.webp?resize=600%2C779&amp;ssl=1 600w\" sizes=\"(max-width: 800px) 100vw, 800px\" \/><\/figure>\n<p><img data-recalc-dims=\"1\" decoding=\"async\" class=\"alignnone size-full wp-image-1519\" style=\"width: 48%; height: auto;\" src=\"https:\/\/i0.wp.com\/elevatorlightcurtains.com\/wp-content\/uploads\/2025\/01\/%E5%BE%AE%E4%BF%A1%E5%9B%BE%E7%89%87_20230714163000%20-%20scaled.jpg?w=800&#038;ssl=1\" alt=\"\" \/><\/p>\n<\/div>\n<p>&nbsp;<\/p>\n<h2 id=\"faqs-for-premium-elevator-light-curtain-parts-replacement\">FAQs pour le remplacement des pi\u00e8ces de la barri\u00e8re immat\u00e9rielle de l'ascenseur Premium<\/h2>\n<h3 id=\"what-are-the-factors-that-impact-the-price-of-replacement-parts-for-a-premium-elevator-light-curtain\">Quels sont les facteurs qui influencent le prix des pi\u00e8ces de rechange d'un rideau lumineux d'ascenseur haut de gamme ?<\/h3>\n<p>Le prix des pi\u00e8ces de rechange pour un rideau lumineux d'ascenseur haut de gamme peut \u00eatre influenc\u00e9 par des facteurs tels que la marque du rideau, la complexit\u00e9 de la technologie utilis\u00e9e et les composants sp\u00e9cifiques qui doivent \u00eatre remplac\u00e9s. En outre, la disponibilit\u00e9 des pi\u00e8ces et la n\u00e9cessit\u00e9 d'une installation sp\u00e9cialis\u00e9e peuvent \u00e9galement influer sur le co\u00fbt global.<\/p>\n<h3 id=\"where-can-i-find-replacement-parts-for-a-premium-elevator-light-curtain\">O\u00f9 puis-je trouver des pi\u00e8ces de rechange pour un rideau lumineux d'ascenseur de premi\u00e8re qualit\u00e9 ?<\/h3>\n<p>Les pi\u00e8ces de rechange pour un rideau lumineux d'ascenseur de qualit\u00e9 sup\u00e9rieure peuvent g\u00e9n\u00e9ralement \u00eatre achet\u00e9es aupr\u00e8s des revendeurs ou distributeurs agr\u00e9\u00e9s de la marque ou du mod\u00e8le sp\u00e9cifique du rideau. Des plateformes en ligne telles qu'Amazon peuvent \u00e9galement proposer une gamme de pi\u00e8ces de rechange pour les rideaux lumineux d'ascenseur, mais il est essentiel de s'assurer que les pi\u00e8ces sont compatibles avec votre mod\u00e8le sp\u00e9cifique avant de proc\u00e9der \u00e0 l'achat.<\/p>\n<h3 id=\"how-can-i-determine-the-correct-replacement-part-needed-for-my-premium-elevator-light-curtain\">Comment puis-je d\u00e9terminer la pi\u00e8ce de rechange correcte n\u00e9cessaire pour mon rideau lumineux d'ascenseur premium ?<\/h3>\n<p>Pour identifier la bonne pi\u00e8ce de rechange pour votre rideau lumineux d'ascenseur, il est recommand\u00e9 de se r\u00e9f\u00e9rer au manuel du fabricant ou de contacter directement le fabricant pour obtenir de l'aide. En fournissant des d\u00e9tails tels que le num\u00e9ro de mod\u00e8le et le probl\u00e8me sp\u00e9cifique du rideau, il est possible d'obtenir la pi\u00e8ce de rechange appropri\u00e9e pour une installation et un fonctionnement corrects.<\/p>\n<h3 id=\"what-is-the-harmonized-system-hs-code-for-elevator-light-curtains\">Quel est le code du syst\u00e8me harmonis\u00e9 (SH) pour les rideaux lumineux d'ascenseur ?<\/h3>\n<p>Le code du syst\u00e8me harmonis\u00e9 (SH) pour les rideaux lumineux d'ascenseur est g\u00e9n\u00e9ralement class\u00e9 sous le code SH 843131, qui est sp\u00e9cifiquement d\u00e9sign\u00e9 pour les appareils \u00e9lectriques destin\u00e9s \u00e0 commuter ou \u00e0 prot\u00e9ger les circuits \u00e9lectriques. Cette classification permet d'identifier et de classer les rideaux lumineux d'ascenseurs \u00e0 des fins de commerce international et de douane.<\/p>\n<h3 id=\"can-you-explain-what-a-safety-light-curtain-is-and-its-function-in-elevator-systems\">Pouvez-vous expliquer ce qu'est une barri\u00e8re immat\u00e9rielle de s\u00e9curit\u00e9 et sa fonction dans les syst\u00e8mes d'ascenseurs ?<\/h3>\n<p>Une barri\u00e8re immat\u00e9rielle de s\u00e9curit\u00e9 est un dispositif \u00e0 base de capteurs install\u00e9 dans les syst\u00e8mes d'ascenseur pour am\u00e9liorer la s\u00e9curit\u00e9 des passagers en d\u00e9tectant tout obstacle ou objet dans l'ouverture de la porte. Lorsqu'un obstacle est d\u00e9tect\u00e9, la barri\u00e8re immat\u00e9rielle de s\u00e9curit\u00e9 d\u00e9clenche la r\u00e9ouverture ou la fermeture des portes de l'ascenseur, \u00e9vitant ainsi les accidents et les blessures. Ce dispositif de s\u00e9curit\u00e9 essentiel contribue \u00e0 assurer un fonctionnement fluide et s\u00fbr des syst\u00e8mes d'ascenseurs.<\/p>","protected":false},"excerpt":{"rendered":"<p>La barri\u00e8re immat\u00e9rielle pour ascenseurs Premium pour le remplacement de pi\u00e8ces est con\u00e7ue pour am\u00e9liorer la s\u00e9curit\u00e9 des syst\u00e8mes d'ascenseurs. Dot\u00e9e de caract\u00e9ristiques durables, elle est id\u00e9ale pour assurer la conformit\u00e9 des b\u00e2timents commerciaux et r\u00e9sidentiels. Dot\u00e9e de capteurs \u00e0 haute visibilit\u00e9, elle offre une s\u00e9curit\u00e9 et une fiabilit\u00e9 accrues pour l'industrie des ascenseurs.<\/p>","protected":false},"featured_media":1246,"comment_status":"open","ping_status":"closed","template":"","meta":[],"product_cat":[46],"product_tag":[],"class_list":{"0":"post-2033","1":"product","2":"type-product","3":"status-publish","4":"has-post-thumbnail","6":"product_cat-lift-infrared-sensor","8":"first","9":"instock","10":"shipping-taxable","11":"product-type-simple"},"jetpack_sharing_enabled":true,"_links":{"self":[{"href":"https:\/\/elevatorlightcurtains.com\/fr\/wp-json\/wp\/v2\/product\/2033","targetHints":{"allow":["GET"]}}],"collection":[{"href":"https:\/\/elevatorlightcurtains.com\/fr\/wp-json\/wp\/v2\/product"}],"about":[{"href":"https:\/\/elevatorlightcurtains.com\/fr\/wp-json\/wp\/v2\/types\/product"}],"replies":[{"embeddable":true,"href":"https:\/\/elevatorlightcurtains.com\/fr\/wp-json\/wp\/v2\/comments?post=2033"}],"wp:featuredmedia":[{"embeddable":true,"href":"https:\/\/elevatorlightcurtains.com\/fr\/wp-json\/wp\/v2\/media\/1246"}],"wp:attachment":[{"href":"https:\/\/elevatorlightcurtains.com\/fr\/wp-json\/wp\/v2\/media?parent=2033"}],"wp:term":[{"taxonomy":"product_cat","embeddable":true,"href":"https:\/\/elevatorlightcurtains.com\/fr\/wp-json\/wp\/v2\/product_cat?post=2033"},{"taxonomy":"product_tag","embeddable":true,"href":"https:\/\/elevatorlightcurtains.com\/fr\/wp-json\/wp\/v2\/product_tag?post=2033"}],"curies":[{"name":"wp","href":"https:\/\/api.w.org\/{rel}","templated":true}]}}