{"id":2021,"date":"2025-01-05T07:23:18","date_gmt":"2025-01-05T07:23:18","guid":{"rendered":"https:\/\/elevatorlightcurtains.com\/?post_type=product&#038;p=2021"},"modified":"2025-03-02T03:04:35","modified_gmt":"2025-03-02T03:04:35","slug":"lift-door-infrared-safety-light-curtain-system-weco-brand","status":"publish","type":"product","link":"https:\/\/elevatorlightcurtains.com\/fr\/produit\/lift-door-infrared-safety-light-curtain-system-weco-brand\/","title":{"rendered":"Barri\u00e8re immat\u00e9rielle de s\u00e9curit\u00e9 \u00e0 infrarouge pour portes levantes WECO Brand"},"content":{"rendered":"<p><strong>Titre du produit : Barri\u00e8re immat\u00e9rielle de s\u00e9curit\u00e9 \u00e0 infrarouge pour portes levantes<\/strong><\/p>\n<p>Le syst\u00e8me de barri\u00e8res immat\u00e9rielles de s\u00e9curit\u00e9 \u00e0 infrarouge pour portes d'ascenseurs est une solution robuste con\u00e7ue pour am\u00e9liorer la s\u00e9curit\u00e9 et l'efficacit\u00e9 des ascenseurs dans diff\u00e9rents contextes. Ce m\u00e9canisme de s\u00e9curit\u00e9 avanc\u00e9 joue un r\u00f4le essentiel dans le fonctionnement des ascenseurs, en veillant \u00e0 ce que les passagers et les \u00e9quipements soient correctement d\u00e9tect\u00e9s et prot\u00e9g\u00e9s \u00e0 l'ouverture des portes. En tant que produit de premier ordre fabriqu\u00e9 en Chine, ce syst\u00e8me illustre les normes de production et la fiabilit\u00e9 les plus \u00e9lev\u00e9es, ce qui en fait un choix privil\u00e9gi\u00e9 pour les fournisseurs, les fabricants et les grossistes qui cherchent \u00e0 acheter en gros des solutions de s\u00e9curit\u00e9 innovantes.<\/p>\n<p><strong>Caract\u00e9ristiques principales :<\/strong><\/p>\n<p>Le syst\u00e8me de barri\u00e8re immat\u00e9rielle de s\u00e9curit\u00e9 \u00e0 infrarouge pour portes d'ascenseurs pr\u00e9sente une s\u00e9rie de caract\u00e9ristiques qui le distinguent sur le march\u00e9. Utilisant une technologie infrarouge passive de pointe, ce syst\u00e8me permet une d\u00e9tection rapide et pr\u00e9cise des passagers et des objets, r\u00e9duisant ainsi consid\u00e9rablement le risque d'accident aux portes d'ascenseur. Fabriqu\u00e9 avec des mat\u00e9riaux de haute qualit\u00e9, il pr\u00e9sente une construction robuste con\u00e7ue pour durer dans diverses conditions environnementales. En outre, le syst\u00e8me est compatible avec une large gamme de mod\u00e8les d'ascenseurs et offre un processus d'installation transparent gr\u00e2ce \u00e0 ses capacit\u00e9s OEM, qui garantissent une int\u00e9gration parfaite avec les structures existantes. Pour plus d'informations sur des composants similaires, consultez notre rubrique <a href=\"https:\/\/elevatorlightcurtains.com\/fr\/.com\/produit\/elevator-door-sensor-solution\/\">solution pour les capteurs de porte d'ascenseur<\/a>.<\/p>\n<p><strong>Avantages :<\/strong><\/p>\n<p>L'investissement dans le syst\u00e8me de barri\u00e8res immat\u00e9rielles de s\u00e9curit\u00e9 \u00e0 infrarouge pour portes d'ascenseurs se traduit par de nombreux avantages pour les utilisateurs. L'am\u00e9lioration de la s\u00e9curit\u00e9 est le principal avantage, car le syst\u00e8me r\u00e9duit efficacement les accidents li\u00e9s aux portes, garantissant ainsi un fonctionnement fiable. L'am\u00e9lioration de l'efficacit\u00e9 op\u00e9rationnelle entra\u00eene une r\u00e9duction des co\u00fbts de maintenance et des temps d'arr\u00eat, ce qui en fait une solution rentable pour les entreprises. En permettant des r\u00e9ponses rapides et pr\u00e9cises \u00e0 la pr\u00e9sence de passagers, le syst\u00e8me favorise une circulation plus fluide dans les ascenseurs, ce qui contribue en fin de compte \u00e0 la satisfaction des utilisateurs. Pour obtenir des informations sur d'autres d\u00e9tecteurs de s\u00e9curit\u00e9 efficaces, consultez notre site Web <a href=\"https:\/\/elevatorlightcurtains.com\/fr\/.com\/produit\/elevator-door-detection-system\/\">syst\u00e8me de d\u00e9tection de porte d'ascenseur<\/a>.<\/p>\n<p><strong>Applications :<\/strong><\/p>\n<p>Ce syst\u00e8me de barri\u00e8res immat\u00e9rielles de s\u00e9curit\u00e9 est polyvalent et peut \u00eatre utilis\u00e9 dans une multitude de contextes. Id\u00e9al pour les b\u00e2timents commerciaux, les complexes r\u00e9sidentiels, les h\u00f4pitaux et les installations industrielles, il est con\u00e7u pour les nouvelles installations et la modernisation des ascenseurs existants. Qu'il s'agisse d'immeubles de grande hauteur ou d'ascenseurs de service, ce syst\u00e8me optimise la s\u00e9curit\u00e9 et la fonctionnalit\u00e9 dans de nombreux environnements.<\/p>\n<p><strong>Diff\u00e9renciation et avantages :<\/strong><\/p>\n<p>Ce qui distingue la barri\u00e8re immat\u00e9rielle de s\u00e9curit\u00e9 infrarouge pour porte d'ascenseur de ses concurrents est sa qualit\u00e9 in\u00e9gal\u00e9e, garantie par une usine r\u00e9put\u00e9e en Chine, reconnue comme un producteur et un exportateur de premier plan. Gr\u00e2ce \u00e0 nos options de vente en gros, les entreprises peuvent b\u00e9n\u00e9ficier d'avantages en termes de prix de gros, ce qui en fait un choix int\u00e9ressant pour ceux qui cherchent \u00e0 stocker des \u00e9quipements de s\u00e9curit\u00e9 essentiels. Nos services OEM sp\u00e9cialis\u00e9s signifient que la personnalisation pour des exigences op\u00e9rationnelles sp\u00e9cifiques n'est pas seulement une possibilit\u00e9, mais une pratique standard. En outre, notre engagement en mati\u00e8re de qualit\u00e9 garantit que ce syst\u00e8me reste un investissement fiable \u00e0 long terme pour les entreprises par rapport aux alternatives g\u00e9n\u00e9riques sur le march\u00e9. Pour plus d'informations sur les comparaisons et les caract\u00e9ristiques des produits, vous pouvez consulter notre site Web. <a href=\"https:\/\/elevatorlightcurtains.com\/fr\/.com\/produit\/elevator-door-detector-light-curtain-parts\/\">d\u00e9tecteur de porte d'ascenseur pi\u00e8ces de rideau lumineux<\/a>.<\/p>\n<p>L'int\u00e9gration du syst\u00e8me de barri\u00e8res immat\u00e9rielles de s\u00e9curit\u00e9 \u00e0 infrarouge pour portes d'ascenseur dans vos op\u00e9rations ne renforce pas seulement la s\u00e9curit\u00e9, mais positionne \u00e9galement votre entreprise \u00e0 la pointe des solutions de s\u00e9curit\u00e9, ce qui en fait un choix primordial pour les clients exigeants \u00e0 la recherche d'une performance et d'une fiabilit\u00e9 optimales.<\/p>\n<div style=\"justify-content: space - between; align-items: stretch;\">\n<figure id=\"attachment_1527\" class=\"wp-caption alignnone\" style=\"width: 911px;\"><img data-recalc-dims=\"1\" fetchpriority=\"high\" decoding=\"async\" class=\"alignnone wp-image-1917\" src=\"https:\/\/i0.wp.com\/elevatorlightcurtains.com\/wp-content\/uploads\/2025\/01\/weco-elevator-light-curtain.webp?resize=800%2C1037&#038;ssl=1\" alt=\"\" width=\"800\" height=\"1037\" srcset=\"https:\/\/i0.wp.com\/elevatorlightcurtains.com\/wp-content\/uploads\/2025\/01\/weco-elevator-light-curtain.webp?w=1000&amp;ssl=1 1000w, https:\/\/i0.wp.com\/elevatorlightcurtains.com\/wp-content\/uploads\/2025\/01\/weco-elevator-light-curtain.webp?resize=231%2C300&amp;ssl=1 231w, https:\/\/i0.wp.com\/elevatorlightcurtains.com\/wp-content\/uploads\/2025\/01\/weco-elevator-light-curtain.webp?resize=789%2C1024&amp;ssl=1 789w, https:\/\/i0.wp.com\/elevatorlightcurtains.com\/wp-content\/uploads\/2025\/01\/weco-elevator-light-curtain.webp?resize=768%2C997&amp;ssl=1 768w, https:\/\/i0.wp.com\/elevatorlightcurtains.com\/wp-content\/uploads\/2025\/01\/weco-elevator-light-curtain.webp?resize=9%2C12&amp;ssl=1 9w, https:\/\/i0.wp.com\/elevatorlightcurtains.com\/wp-content\/uploads\/2025\/01\/weco-elevator-light-curtain.webp?resize=600%2C779&amp;ssl=1 600w\" sizes=\"(max-width: 800px) 100vw, 800px\" \/><\/figure>\n<p><img data-recalc-dims=\"1\" decoding=\"async\" class=\"alignnone size-full wp-image-1519\" style=\"width: 48%; height: auto;\" src=\"https:\/\/i0.wp.com\/elevatorlightcurtains.com\/wp-content\/uploads\/2025\/01\/%E5%BE%AE%E4%BF%A1%E5%9B%BE%E7%89%87_20230714163000%20-%20scaled.jpg?w=800&#038;ssl=1\" alt=\"\" \/><\/p>\n<\/div>\n<p>&nbsp;<\/p>\n<h2 id=\"faqs-for-elevator-light-curtains\">FAQs pour les barri\u00e8res immat\u00e9rielles d'ascenseurs :<\/h2>\n<h3 id=\"what-is-the-purpose-of-an-elevator-light-curtain\">\u00c0 quoi sert un rideau lumineux d'ascenseur ?<\/h3>\n<p>Une barri\u00e8re immat\u00e9rielle d'ascenseur est un dispositif de s\u00e9curit\u00e9 con\u00e7u pour d\u00e9tecter les obstructions dans l'entr\u00e9e et emp\u00eacher les portes de se refermer sur des personnes ou des objets. Il utilise des faisceaux infrarouges pour cr\u00e9er une barri\u00e8re invisible, d\u00e9clenchant la r\u00e9ouverture des portes si le faisceau est interrompu.<\/p>\n<h3 id=\"how-does-an-elevator-light-curtain-enhance-safety\">Comment une barri\u00e8re immat\u00e9rielle d'ascenseur peut-elle am\u00e9liorer la s\u00e9curit\u00e9 ?<\/h3>\n<p>Les barri\u00e8res immat\u00e9rielles pour ascenseurs offrent une protection suppl\u00e9mentaire en d\u00e9tectant tout mouvement ou obstacle sur le chemin des portes qui se ferment. Cette d\u00e9tection en temps r\u00e9el permet de pr\u00e9venir les accidents et d'assurer la s\u00e9curit\u00e9 des passagers qui entrent ou sortent de l'ascenseur.<\/p>\n<h3 id=\"what-are-the-key-features-of-a-high-quality-elevator-light-curtain-system\">Quelles sont les principales caract\u00e9ristiques d'un syst\u00e8me de barri\u00e8res immat\u00e9rielles de haute qualit\u00e9 pour les ascenseurs ?<\/h3>\n<p>Un syst\u00e8me fiable de barri\u00e8res immat\u00e9rielles pour ascenseurs doit offrir des capacit\u00e9s de d\u00e9tection pr\u00e9cises, des temps de r\u00e9ponse rapides, des r\u00e9glages ajustables pour diff\u00e9rentes configurations de portes, ainsi que des proc\u00e9dures d'installation et de maintenance faciles. Il doit \u00eatre conforme aux normes et r\u00e9glementations de s\u00e9curit\u00e9 pour garantir des performances optimales.<\/p>\n<h3 id=\"what-is-the-difference-between-type-2-and-type-4-elevator-light-curtains\">Quelle est la diff\u00e9rence entre les barri\u00e8res immat\u00e9rielles de type 2 et de type 4 ?<\/h3>\n<p>Les barri\u00e8res immat\u00e9rielles de type 2 assurent une protection de base en arr\u00eatant les portes lorsqu'une obstruction est d\u00e9tect\u00e9e. En revanche, les barri\u00e8res immat\u00e9rielles de type 4 offrent des fonctionnalit\u00e9s avanc\u00e9es, telles que des canaux redondants et des capacit\u00e9s d'autocontr\u00f4le, pour des niveaux de s\u00e9curit\u00e9 plus \u00e9lev\u00e9s dans les applications critiques.<\/p>\n<h3 id=\"how-can-an-elevator-light-curtain-contribute-to-a-smooth-and-efficient-elevator-operation\">Comment une barri\u00e8re immat\u00e9rielle d'ascenseur peut-elle contribuer \u00e0 un fonctionnement fluide et efficace de l'ascenseur ?<\/h3>\n<p>En garantissant un fonctionnement s\u00fbr des portes et en pr\u00e9venant les accidents, une barri\u00e8re immat\u00e9rielle d'ascenseur contribue \u00e0 maintenir la fiabilit\u00e9 et l'efficacit\u00e9 des syst\u00e8mes d'ascenseur. Cette mesure de s\u00e9curit\u00e9 proactive minimise les temps d'arr\u00eat dus aux dysfonctionnements des portes et am\u00e9liore l'exp\u00e9rience des passagers dans divers environnements immobiliers.<\/p>","protected":false},"excerpt":{"rendered":"<p>La barri\u00e8re immat\u00e9rielle de s\u00e9curit\u00e9 \u00e0 infrarouge pour portes d'ascenseurs est con\u00e7ue pour pr\u00e9venir les accidents pendant le fonctionnement des ascenseurs. Compact et l\u00e9ger, il est id\u00e9al pour les applications d'ascenseurs commerciaux et industriels. Dot\u00e9e d'une technologie de d\u00e9tection infrarouge avanc\u00e9e, elle offre une s\u00e9curit\u00e9 accrue aux passagers et aux op\u00e9rateurs dans l'industrie des ascenseurs.<\/p>","protected":false},"featured_media":1438,"comment_status":"open","ping_status":"closed","template":"","meta":[],"product_cat":[46],"product_tag":[],"class_list":{"0":"post-2021","1":"product","2":"type-product","3":"status-publish","4":"has-post-thumbnail","6":"product_cat-lift-infrared-sensor","8":"first","9":"instock","10":"shipping-taxable","11":"product-type-simple"},"jetpack_sharing_enabled":true,"_links":{"self":[{"href":"https:\/\/elevatorlightcurtains.com\/fr\/wp-json\/wp\/v2\/product\/2021","targetHints":{"allow":["GET"]}}],"collection":[{"href":"https:\/\/elevatorlightcurtains.com\/fr\/wp-json\/wp\/v2\/product"}],"about":[{"href":"https:\/\/elevatorlightcurtains.com\/fr\/wp-json\/wp\/v2\/types\/product"}],"replies":[{"embeddable":true,"href":"https:\/\/elevatorlightcurtains.com\/fr\/wp-json\/wp\/v2\/comments?post=2021"}],"wp:featuredmedia":[{"embeddable":true,"href":"https:\/\/elevatorlightcurtains.com\/fr\/wp-json\/wp\/v2\/media\/1438"}],"wp:attachment":[{"href":"https:\/\/elevatorlightcurtains.com\/fr\/wp-json\/wp\/v2\/media?parent=2021"}],"wp:term":[{"taxonomy":"product_cat","embeddable":true,"href":"https:\/\/elevatorlightcurtains.com\/fr\/wp-json\/wp\/v2\/product_cat?post=2021"},{"taxonomy":"product_tag","embeddable":true,"href":"https:\/\/elevatorlightcurtains.com\/fr\/wp-json\/wp\/v2\/product_tag?post=2021"}],"curies":[{"name":"wp","href":"https:\/\/api.w.org\/{rel}","templated":true}]}}