{"id":2019,"date":"2025-01-05T07:23:16","date_gmt":"2025-01-05T07:23:16","guid":{"rendered":"https:\/\/elevatorlightcurtains.com\/?post_type=product&#038;p=2019"},"modified":"2025-03-02T02:52:35","modified_gmt":"2025-03-02T02:52:35","slug":"proximity-sensor-for-elevators-doors-operation-factory-price-weco-917a","status":"publish","type":"product","link":"https:\/\/elevatorlightcurtains.com\/fr\/produit\/proximity-sensor-for-elevators-doors-operation-factory-price-weco-917a\/","title":{"rendered":"D\u00e9tecteur de proximit\u00e9 pour ascenseurs et portes Prix d'usine WECO 917A"},"content":{"rendered":"<h2 id=\"elevator-light-curtain-sensor-for-door-operation\"><strong>D\u00e9tecteur de rideau lumineux d'ascenseur pour le fonctionnement des portes<\/strong><\/h2>\n<p>Dans le paysage moderne de la s\u00e9curit\u00e9 et de l'automatisation des ascenseurs, les <strong>D\u00e9tecteur de rideau lumineux d'ascenseur pour le fonctionnement des portes<\/strong> joue un r\u00f4le essentiel dans la protection des passagers lorsqu'ils entrent et sortent de l'ascenseur. Gr\u00e2ce \u00e0 sa technologie avanc\u00e9e et \u00e0 sa conception fiable, ce capteur est indispensable pour diverses applications, am\u00e9liorant \u00e0 la fois les protocoles de s\u00e9curit\u00e9 et l'exp\u00e9rience des utilisateurs dans des b\u00e2timents de tous types, des tours r\u00e9sidentielles aux gratte-ciel commerciaux.<\/p>\n<h2 id=\"key-features\"><strong>Caract\u00e9ristiques principales :<\/strong><\/h2>\n<p>Le d\u00e9tecteur de barri\u00e8re immat\u00e9rielle pour ascenseur est dot\u00e9 d'une technologie infrarouge de pointe qui lui permet de d\u00e9tecter la pr\u00e9sence de personnes ou d'objets sur le passage de la porte. Cette fonction avanc\u00e9e r\u00e9duit le risque d'accident en interrompant la fermeture de la porte en cas d'obstruction. Construit avec des mat\u00e9riaux durables, le capteur est con\u00e7u pour r\u00e9sister aux rigueurs d'une utilisation quotidienne dans des environnements tr\u00e8s fr\u00e9quent\u00e9s. Sa compatibilit\u00e9 avec diverses marques d'ascenseurs et ses options de personnalisation, propos\u00e9es par les principaux fabricants et fournisseurs en Chine, garantissent une adaptation parfaite \u00e0 vos exigences op\u00e9rationnelles sp\u00e9cifiques. En outre, notre produit est disponible pour <em>achat en gros<\/em> ou <em>commerce de gros<\/em>Il s'agit donc d'un choix judicieux pour les entreprises qui souhaitent approvisionner plusieurs installations de mani\u00e8re efficace.<\/p>\n<h2 id=\"benefits\"><strong>Avantages :<\/strong><\/h2>\n<p>En int\u00e9grant le capteur de barri\u00e8re immat\u00e9rielle pour ascenseurs dans vos syst\u00e8mes d'ascenseurs, les utilisateurs peuvent b\u00e9n\u00e9ficier d'une s\u00e9curit\u00e9 accrue, d'une fiabilit\u00e9 am\u00e9lior\u00e9e et d'une plus grande efficacit\u00e9 op\u00e9rationnelle. Le capteur minimise la probabilit\u00e9 de blessures, r\u00e9duisant ainsi la responsabilit\u00e9 et am\u00e9liorant l'exp\u00e9rience globale de l'utilisateur. En outre, ses performances constantes r\u00e9duisent les co\u00fbts de maintenance au fil du temps, offrant ainsi une solution plus intelligente et plus rentable que les m\u00e9canismes de s\u00e9curit\u00e9 traditionnels. Avec la possibilit\u00e9 de commander un produit OEM, les fabricants peuvent proposer des solutions sur mesure pour r\u00e9pondre aux besoins sp\u00e9cifiques des clients en termes de conception et de fonctionnalit\u00e9, ce qui en fait un compl\u00e9ment attrayant pour toute installation d'ascenseur.<\/p>\n<h2 id=\"applications\"><strong>Applications :<\/strong><\/h2>\n<p>Le capteur de barri\u00e8re immat\u00e9rielle pour ascenseur peut \u00eatre utilis\u00e9 efficacement dans divers environnements, tels que les b\u00e2timents commerciaux tr\u00e8s fr\u00e9quent\u00e9s, les h\u00f4pitaux, les complexes r\u00e9sidentiels et les installations de transport public. Il est particuli\u00e8rement utile dans les ascenseurs o\u00f9 la s\u00e9curit\u00e9 est primordiale, comme dans les h\u00f4pitaux (par ex, <strong><a href=\"https:\/\/elevatorlightcurtains.com\/fr\/.com\/produit\/infrared-door-detector-elevator-passenger-hospital\/\">ascenseur passager h\u00f4pital<\/a><\/strong>) ou des immeubles de bureaux \u00e0 plusieurs \u00e9tages. Dot\u00e9 de performances robustes dans diff\u00e9rents environnements, le capteur s'adapte parfaitement aux divers syst\u00e8mes d'ascenseurs, garantissant ainsi le respect constant des normes de s\u00e9curit\u00e9 optimales.<\/p>\n<h2 id=\"differentiation--advantages\"><strong>Diff\u00e9renciation et avantages :<\/strong><\/h2>\n<p>Ce qui diff\u00e9rencie notre capteur de rideau lumineux pour ascenseur de ses concurrents, ce n'est pas seulement la technologie, mais aussi notre engagement en faveur de la qualit\u00e9 et de la satisfaction du client. En tant que leader <strong>exportateur<\/strong> et <strong>fournisseur<\/strong> en Chine, notre comp\u00e9titivit\u00e9 s'en trouve renforc\u00e9e. <em>prix en vrac<\/em> et une livraison fiable font de nous un choix privil\u00e9gi\u00e9 pour les clients locaux et internationaux. L'option pour <em>achat en gros<\/em> garantit que l'achat en grandes quantit\u00e9s permet de r\u00e9aliser des \u00e9conomies impressionnantes. En choisissant notre capteur, les clients b\u00e9n\u00e9ficient d'un produit \u00e9labor\u00e9 par une entreprise r\u00e9put\u00e9e. <em>fabricant<\/em> connue pour ses solutions innovantes en mati\u00e8re de s\u00e9curit\u00e9 des ascenseurs.<\/p>\n<p>Dans l'ensemble, lorsque vous souhaitez le meilleur en mati\u00e8re de s\u00e9curit\u00e9 et de commodit\u00e9 pour vos op\u00e9rations d'ascenseurs, faites appel \u00e0 notre <strong>D\u00e9tecteur de rideau lumineux d'ascenseur pour le fonctionnement des portes<\/strong> pour que chaque trajet soit aussi s\u00fbr que possible. Pour en savoir plus sur nos offres, consultez nos pages sur <strong><a href=\"https:\/\/elevatorlightcurtains.com\/fr\/.com\/produit\/elevator-door-detection-system\/\">syst\u00e8mes de d\u00e9tection des portes d'ascenseur<\/a><\/strong> ou <strong><a href=\"https:\/\/elevatorlightcurtains.com\/fr\/.com\/produit\/elevator-door-sensor-solution\/\">solutions pour les capteurs de porte d'ascenseur<\/a><\/strong> pour des produits connexes qui r\u00e9pondent \u00e0 vos besoins.<\/p>\n<div style=\"justify-content: space - between; align-items: stretch;\">\n<figure id=\"attachment_1527\" class=\"wp-caption alignnone\" style=\"width: 911px;\"><img data-recalc-dims=\"1\" fetchpriority=\"high\" decoding=\"async\" class=\"alignnone wp-image-1917\" src=\"https:\/\/i0.wp.com\/elevatorlightcurtains.com\/wp-content\/uploads\/2025\/01\/weco-elevator-light-curtain.webp?resize=800%2C1037&#038;ssl=1\" alt=\"\" width=\"800\" height=\"1037\" srcset=\"https:\/\/i0.wp.com\/elevatorlightcurtains.com\/wp-content\/uploads\/2025\/01\/weco-elevator-light-curtain.webp?w=1000&amp;ssl=1 1000w, https:\/\/i0.wp.com\/elevatorlightcurtains.com\/wp-content\/uploads\/2025\/01\/weco-elevator-light-curtain.webp?resize=231%2C300&amp;ssl=1 231w, https:\/\/i0.wp.com\/elevatorlightcurtains.com\/wp-content\/uploads\/2025\/01\/weco-elevator-light-curtain.webp?resize=789%2C1024&amp;ssl=1 789w, https:\/\/i0.wp.com\/elevatorlightcurtains.com\/wp-content\/uploads\/2025\/01\/weco-elevator-light-curtain.webp?resize=768%2C997&amp;ssl=1 768w, https:\/\/i0.wp.com\/elevatorlightcurtains.com\/wp-content\/uploads\/2025\/01\/weco-elevator-light-curtain.webp?resize=9%2C12&amp;ssl=1 9w, https:\/\/i0.wp.com\/elevatorlightcurtains.com\/wp-content\/uploads\/2025\/01\/weco-elevator-light-curtain.webp?resize=600%2C779&amp;ssl=1 600w\" sizes=\"(max-width: 800px) 100vw, 800px\" \/><\/figure>\n<p><img data-recalc-dims=\"1\" decoding=\"async\" class=\"alignnone size-full wp-image-1519\" style=\"width: 48%; height: auto;\" src=\"https:\/\/i0.wp.com\/elevatorlightcurtains.com\/wp-content\/uploads\/2025\/01\/%E5%BE%AE%E4%BF%A1%E5%9B%BE%E7%89%87_20230714163000%20-%20scaled.jpg?w=800&#038;ssl=1\" alt=\"\" \/><\/p>\n<\/div>\n<p>&nbsp;<\/p>\n<h2 id=\"faqs-for-elevator-light-curtain-sensor\">FAQ pour \"D\u00e9tecteur de rideau lumineux d'ascenseur\" :<\/h2>\n<h3 id=\"what-is-the-purpose-of-an-elevator-light-curtain-sensor-for-door-operation\">Quelle est l'utilit\u00e9 d'un capteur de rideau lumineux d'ascenseur pour le fonctionnement de la porte ?<\/h3>\n<p>Un capteur de barri\u00e8re immat\u00e9rielle pour ascenseur est con\u00e7u pour am\u00e9liorer la s\u00e9curit\u00e9 pendant le fonctionnement de l'ascenseur en d\u00e9tectant tout obstacle ou objet dans l'ouverture de la porte. Ce capteur garantit que les portes de l'ascenseur ne se ferment pas sur les passagers, \u00e9vitant ainsi les accidents et les blessures.<\/p>\n<h3 id=\"how-does-an-elevator-light-curtain-sensor-work\">Comment fonctionne un capteur de rideau lumineux d'ascenseur ?<\/h3>\n<p>Un capteur de rideau lumineux d'ascenseur fonctionne en \u00e9mettant une s\u00e9rie de rayons infrarouges \u00e0 travers l'ouverture de la porte. Lorsqu'un objet ou une personne interrompt ces rayons, le capteur envoie un signal au syst\u00e8me de contr\u00f4le de l'ascenseur, invitant les portes \u00e0 rester ouvertes ou \u00e0 se rouvrir pour \u00e9viter tout risque potentiel.<\/p>\n<h3 id=\"what-type-of-sensor-is-commonly-used-in-elevator-light-curtain-systems\">Quel type de capteur est g\u00e9n\u00e9ralement utilis\u00e9 dans les syst\u00e8mes de barri\u00e8res immat\u00e9rielles des ascenseurs ?<\/h3>\n<p>Le capteur le plus couramment utilis\u00e9 dans les syst\u00e8mes de barri\u00e8res immat\u00e9rielles pour ascenseurs est le capteur infrarouge. Ce capteur utilise la lumi\u00e8re infrarouge pour d\u00e9tecter tout objet ou obstacle sur le chemin des portes d'ascenseur, ce qui garantit un fonctionnement s\u00fbr et efficace des portes.<\/p>\n<h3 id=\"what-are-the-typical-installation-costs-for-an-elevator-light-curtain-sensor-for-door-operation\">Quels sont les co\u00fbts d'installation typiques d'un capteur de rideau lumineux d'ascenseur pour le fonctionnement de la porte ?<\/h3>\n<p>Le co\u00fbt d'installation d'un capteur de rideau lumineux d'ascenseur pour le fonctionnement de la porte peut varier en fonction de facteurs tels que la marque, le type de capteur et la complexit\u00e9 de l'installation. En moyenne, le co\u00fbt d'installation varie de quelques centaines \u00e0 quelques milliers de dollars par capteur.<\/p>\n<h3 id=\"what-are-some-common-reasons-for-elevator-light-curtain-sensor-failures\">Quelles sont les raisons les plus courantes de la d\u00e9faillance des capteurs des barri\u00e8res immat\u00e9rielles des ascenseurs ?<\/h3>\n<p>Les d\u00e9faillances des capteurs des barri\u00e8res immat\u00e9rielles des ascenseurs peuvent \u00eatre dues \u00e0 diverses raisons, notamment un mauvais alignement des capteurs, des probl\u00e8mes de c\u00e2blage ou une d\u00e9t\u00e9rioration des capteurs. Une maintenance et des inspections r\u00e9guli\u00e8res peuvent aider \u00e0 pr\u00e9venir les d\u00e9faillances des capteurs et \u00e0 garantir un fonctionnement s\u00fbr et fiable des portes d'ascenseur.<\/p>","protected":false},"excerpt":{"rendered":"<p>Le capteur de barri\u00e8re immat\u00e9rielle pour ascenseur est con\u00e7u pour assurer la s\u00e9curit\u00e9 et l'efficacit\u00e9 des syst\u00e8mes d'ascenseurs. Compact et l\u00e9ger, il est id\u00e9al pour une installation dans les ascenseurs r\u00e9sidentiels et commerciaux. Dot\u00e9 d'une technologie de d\u00e9tection sans contact, il offre une s\u00e9curit\u00e9 accrue aux passagers en emp\u00eachant la fermeture des portes en cas d'obstruction.<\/p>","protected":false},"featured_media":1438,"comment_status":"open","ping_status":"closed","template":"","meta":[],"product_cat":[46],"product_tag":[],"class_list":{"0":"post-2019","1":"product","2":"type-product","3":"status-publish","4":"has-post-thumbnail","6":"product_cat-lift-infrared-sensor","8":"first","9":"instock","10":"shipping-taxable","11":"product-type-simple"},"jetpack_sharing_enabled":true,"_links":{"self":[{"href":"https:\/\/elevatorlightcurtains.com\/fr\/wp-json\/wp\/v2\/product\/2019","targetHints":{"allow":["GET"]}}],"collection":[{"href":"https:\/\/elevatorlightcurtains.com\/fr\/wp-json\/wp\/v2\/product"}],"about":[{"href":"https:\/\/elevatorlightcurtains.com\/fr\/wp-json\/wp\/v2\/types\/product"}],"replies":[{"embeddable":true,"href":"https:\/\/elevatorlightcurtains.com\/fr\/wp-json\/wp\/v2\/comments?post=2019"}],"wp:featuredmedia":[{"embeddable":true,"href":"https:\/\/elevatorlightcurtains.com\/fr\/wp-json\/wp\/v2\/media\/1438"}],"wp:attachment":[{"href":"https:\/\/elevatorlightcurtains.com\/fr\/wp-json\/wp\/v2\/media?parent=2019"}],"wp:term":[{"taxonomy":"product_cat","embeddable":true,"href":"https:\/\/elevatorlightcurtains.com\/fr\/wp-json\/wp\/v2\/product_cat?post=2019"},{"taxonomy":"product_tag","embeddable":true,"href":"https:\/\/elevatorlightcurtains.com\/fr\/wp-json\/wp\/v2\/product_tag?post=2019"}],"curies":[{"name":"wp","href":"https:\/\/api.w.org\/{rel}","templated":true}]}}