{"id":2014,"date":"2025-01-05T07:22:09","date_gmt":"2025-01-05T07:22:09","guid":{"rendered":"https:\/\/elevatorlightcurtains.com\/?post_type=product&#038;p=2014"},"modified":"2025-02-21T08:46:47","modified_gmt":"2025-02-21T08:46:47","slug":"elevator-cabin-door-light-curtain-components-weco-2000mm-dc24v","status":"publish","type":"product","link":"https:\/\/elevatorlightcurtains.com\/fr\/produit\/elevator-cabin-door-light-curtain-components-weco-2000mm-dc24v\/","title":{"rendered":"Composants de rideau lumineux de porte de cabine d'ascenseur WECO 2000mm DC24V"},"content":{"rendered":"<p><strong>Composants du rideau lumineux de la porte de la cabine de l'ascenseur<\/strong><\/p>\n<p>Les composants de la barri\u00e8re immat\u00e9rielle de la cabine d'ascenseur jouent un r\u00f4le crucial dans l'am\u00e9lioration de la s\u00e9curit\u00e9 et de la fonctionnalit\u00e9 des syst\u00e8mes d'ascenseur. En tant qu'\u00e9quipement essentiel pour d\u00e9tecter la pr\u00e9sence des passagers et assurer un fonctionnement s\u00fbr des portes, ces composants sont vitaux pour les ascenseurs modernes dans les applications r\u00e9sidentielles et commerciales. En tant que leader dans le domaine des <strong>Chine<\/strong> En tant que fabricant de composants \u00e9lectroniques, nous fournissons des produits d'une qualit\u00e9 exceptionnelle, con\u00e7us pour r\u00e9pondre aux divers besoins des clients du monde entier. En mettant l'accent sur la performance et la fiabilit\u00e9, nos composants se distinguent sur le march\u00e9 en tant qu'options privil\u00e9gi\u00e9es pour de nombreuses entreprises.<\/p>\n<p><strong>Caract\u00e9ristiques principales :<\/strong><\/p>\n<p>Nos composants de rideau lumineux de porte de cabine d'ascenseur sont con\u00e7us avec une technologie de capteur infrarouge avanc\u00e9e qui garantit une d\u00e9tection pr\u00e9cise des objets et des personnes \u00e0 proximit\u00e9 des portes d'ascenseur. Con\u00e7us pour r\u00e9sister \u00e0 des exigences rigoureuses, ces composants sont fabriqu\u00e9s \u00e0 partir de mat\u00e9riaux de haute qualit\u00e9, ce qui garantit leur durabilit\u00e9 et leur fonctionnement \u00e0 long terme. Chaque \u00e9l\u00e9ment est con\u00e7u pour s'int\u00e9grer parfaitement \u00e0 divers syst\u00e8mes d'ascenseurs, offrant ainsi une grande souplesse d'installation. Pour une compr\u00e9hension compl\u00e8te de notre gamme de produits, vous pouvez explorer les produits connexes tels que <a href=\"https:\/\/elevatorlightcurtains.com\/fr\/.com\/produit\/elevator-door-sensor-solution\/\">la solution du capteur de porte d'ascenseur<\/a> et <a href=\"https:\/\/elevatorlightcurtains.com\/fr\/.com\/produit\/elevator-door-detection-system\/\">syst\u00e8mes de d\u00e9tection des portes d'ascenseur<\/a>.<\/p>\n<p><strong>Avantages :<\/strong><\/p>\n<p>L'utilisation de nos composants de barri\u00e8res immat\u00e9rielles de porte de cabine d'ascenseur se traduit par une s\u00e9curit\u00e9 accrue pour les op\u00e9rations d'ascenseur, en r\u00e9duisant consid\u00e9rablement le risque d'accidents caus\u00e9s par le mouvement des portes. La fiabilit\u00e9 de notre technologie garantit le bon fonctionnement des portes, minimisant ainsi les temps d'arr\u00eat et les co\u00fbts de maintenance. Avec la demande croissante d'ascenseurs s\u00fbrs et efficaces, nos composants offrent une solution rentable impressionnante, attrayante pour les entreprises qui cherchent \u00e0 acheter en vrac ou en gros pour leurs installations.<\/p>\n<p><strong>Applications :<\/strong><\/p>\n<p>Ces composants de barri\u00e8res immat\u00e9rielles sont id\u00e9aux pour divers environnements, notamment les immeubles de grande hauteur, les h\u00f4pitaux et les \u00e9tablissements commerciaux o\u00f9 l'utilisation d'ascenseurs est fr\u00e9quente. Gr\u00e2ce \u00e0 leur capacit\u00e9 \u00e0 renforcer les mesures de s\u00e9curit\u00e9, ils sont particuli\u00e8rement utiles dans les installations qui doivent se conformer \u00e0 des normes de s\u00e9curit\u00e9 strictes. Pour plus d'informations sur notre gamme compl\u00e8te de produits, veuillez consulter notre site Web. <a href=\"https:\/\/elevatorlightcurtains.com\/fr\/.com\/produit\/elevator-door-detector-light-curtain-parts\/\">d\u00e9tecteur de porte d'ascenseur pi\u00e8ces de rideau lumineux<\/a>.<\/p>\n<p><strong>Diff\u00e9renciation et avantages :<\/strong><\/p>\n<p>En tant que fournisseur et exportateur de confiance de composants d'ascenseurs, nous sommes fiers de fournir des produits qui d\u00e9passent les normes de l'industrie. Notre capacit\u00e9 \u00e0 r\u00e9pondre aux exigences des OEM fait de nous le choix privil\u00e9gi\u00e9 de nombreux clients \u00e0 la recherche de solutions sur mesure. Nous proposons des prix de gros comp\u00e9titifs, ce qui permet \u00e0 nos clients de r\u00e9aliser d'importantes \u00e9conomies lorsqu'ils ach\u00e8tent en grandes quantit\u00e9s. Gr\u00e2ce \u00e0 notre vaste exp\u00e9rience en tant que producteur d'usine, nous sommes particuli\u00e8rement bien plac\u00e9s pour fournir des solutions innovantes qui r\u00e9pondent aux besoins \u00e9volutifs de l'industrie des ascenseurs. Choisir nos composants de rideau lumineux de porte de cabine d'ascenseur, c'est opter pour la qualit\u00e9, la fiabilit\u00e9 et la tranquillit\u00e9 d'esprit en mati\u00e8re de s\u00e9curit\u00e9 et de performance des ascenseurs.<\/p>\n<div style=\"justify-content: space - between; align-items: stretch;\">\n<figure id=\"attachment_1527\" class=\"wp-caption alignnone\" style=\"width: 911px;\"><img data-recalc-dims=\"1\" fetchpriority=\"high\" decoding=\"async\" class=\"alignnone wp-image-1917\" src=\"https:\/\/i0.wp.com\/elevatorlightcurtains.com\/wp-content\/uploads\/2025\/01\/weco-elevator-light-curtain.webp?resize=800%2C1037&#038;ssl=1\" alt=\"\" width=\"800\" height=\"1037\" srcset=\"https:\/\/i0.wp.com\/elevatorlightcurtains.com\/wp-content\/uploads\/2025\/01\/weco-elevator-light-curtain.webp?w=1000&amp;ssl=1 1000w, https:\/\/i0.wp.com\/elevatorlightcurtains.com\/wp-content\/uploads\/2025\/01\/weco-elevator-light-curtain.webp?resize=231%2C300&amp;ssl=1 231w, https:\/\/i0.wp.com\/elevatorlightcurtains.com\/wp-content\/uploads\/2025\/01\/weco-elevator-light-curtain.webp?resize=789%2C1024&amp;ssl=1 789w, https:\/\/i0.wp.com\/elevatorlightcurtains.com\/wp-content\/uploads\/2025\/01\/weco-elevator-light-curtain.webp?resize=768%2C997&amp;ssl=1 768w, https:\/\/i0.wp.com\/elevatorlightcurtains.com\/wp-content\/uploads\/2025\/01\/weco-elevator-light-curtain.webp?resize=9%2C12&amp;ssl=1 9w, https:\/\/i0.wp.com\/elevatorlightcurtains.com\/wp-content\/uploads\/2025\/01\/weco-elevator-light-curtain.webp?resize=600%2C779&amp;ssl=1 600w\" sizes=\"(max-width: 800px) 100vw, 800px\" \/><\/figure>\n<p><img data-recalc-dims=\"1\" decoding=\"async\" class=\"alignnone size-full wp-image-1519\" style=\"width: 48%; height: auto;\" src=\"https:\/\/i0.wp.com\/elevatorlightcurtains.com\/wp-content\/uploads\/2025\/01\/%E5%BE%AE%E4%BF%A1%E5%9B%BE%E7%89%87_20230714163000%20-%20scaled.jpg?w=800&#038;ssl=1\" alt=\"\" \/><\/p>\n<\/div>\n<p>&nbsp;<\/p>\n<h2 id=\"faqs-for-elevator-cabin-door-components\">FAQ sur les composants de la porte de la cabine d'ascenseur<\/h2>\n<h3 id=\"what-are-the-key-components-of-an-elevator-door-system\">Quels sont les principaux composants d'un syst\u00e8me de porte d'ascenseur ?<\/h3>\n<p>Les composants cl\u00e9s d'un syst\u00e8me de porte d'ascenseur comprennent les panneaux de porte, les rouleaux, les rails, le m\u00e9canisme d'ouverture (qui peut \u00eatre automatique ou manuel), les capteurs (tels que les barri\u00e8res immat\u00e9rielles ou les capteurs infrarouges) et l'unit\u00e9 de contr\u00f4le. Ces composants travaillent ensemble pour assurer un fonctionnement s\u00fbr et efficace des portes d'ascenseur.<\/p>\n<h3 id=\"what-role-does-a-light-curtain-play-in-elevator-safety\">Quel est le r\u00f4le d'une barri\u00e8re immat\u00e9rielle dans la s\u00e9curit\u00e9 des ascenseurs ?<\/h3>\n<p>Un rideau lumineux d'ascenseur est un dispositif de s\u00e9curit\u00e9 qui d\u00e9tecte tout obstacle dans l'ouverture de la porte et emp\u00eache les portes de se fermer, prot\u00e9geant ainsi les passagers d'\u00eatre coinc\u00e9s entre les portes. Le rideau lumineux \u00e9met un faisceau de lumi\u00e8re invisible \u00e0 travers l'ouverture de la porte, et si ce faisceau est interrompu par un objet ou un passager, il signale aux portes de cesser de se fermer.<\/p>\n<h3 id=\"how-does-a-light-curtain-sensor-function-in-an-elevator-door-system\">Comment fonctionne un capteur de barri\u00e8re immat\u00e9rielle dans un syst\u00e8me de porte d'ascenseur ?<\/h3>\n<p>Un capteur de rideau lumineux dans un syst\u00e8me de porte d'ascenseur fonctionne en \u00e9mettant une s\u00e9rie de faisceaux lumineux infrarouges \u00e0 travers l'ouverture de la porte. Lorsqu'un objet ou une personne interrompt ces faisceaux, le capteur envoie un signal \u00e0 l'unit\u00e9 de contr\u00f4le pour emp\u00eacher la porte de se fermer. Cette technologie garantit la s\u00e9curit\u00e9 des passagers en \u00e9vitant les accidents tels que les blessures par coincement ou par \u00e9crasement.<\/p>\n<h3 id=\"what-is-the-mechanism-behind-elevator-door-sensors\">Quel est le m\u00e9canisme des d\u00e9tecteurs de porte d'ascenseur ?<\/h3>\n<p>Les capteurs de porte d'ascenseur utilisent g\u00e9n\u00e9ralement des faisceaux lumineux infrarouges ou des rideaux lumineux pour d\u00e9tecter les obstacles dans l'ouverture de la porte. Lorsqu'un obstacle est d\u00e9tect\u00e9, les capteurs communiquent avec l'unit\u00e9 de contr\u00f4le de l'ascenseur pour arr\u00eater le mouvement de la porte, l'emp\u00eachant ainsi de se fermer et de blesser les passagers. Ces capteurs jouent un r\u00f4le crucial dans la s\u00e9curit\u00e9 et le bon fonctionnement des portes d'ascenseur.<\/p>\n<h3 id=\"how-do-elevator-door-sensors-contribute-to-passenger-safety\">Comment les capteurs de porte d'ascenseur contribuent-ils \u00e0 la s\u00e9curit\u00e9 des passagers ?<\/h3>\n<p>Les d\u00e9tecteurs de porte d'ascenseur contribuent de mani\u00e8re significative \u00e0 la s\u00e9curit\u00e9 des passagers en d\u00e9tectant tout obstacle sur le chemin de la porte et en emp\u00eachant les portes de se fermer lorsque des obstacles sont d\u00e9tect\u00e9s. Cette fonction minimise le risque d'accidents, par exemple lorsque des passagers se retrouvent coinc\u00e9s dans les portes ou sont bless\u00e9s pendant le processus de fermeture des portes. En d\u00e9tectant instantan\u00e9ment les obstacles et en signalant aux portes de s'arr\u00eater, les capteurs contribuent \u00e0 maintenir un fonctionnement s\u00fbr et efficace de l'ascenseur.<\/p>","protected":false},"excerpt":{"rendered":"<p>Les composants de la barri\u00e8re immat\u00e9rielle de la porte de la cabine d'ascenseur sont con\u00e7us pour am\u00e9liorer la s\u00e9curit\u00e9 pendant le fonctionnement de l'ascenseur. De taille compacte, il est id\u00e9al pour \u00eatre install\u00e9 dans les ascenseurs r\u00e9sidentiels et commerciaux. Dot\u00e9 d'une technologie de capteur avanc\u00e9e, il permet d'am\u00e9liorer la d\u00e9tection et la pr\u00e9vention des accidents dans l'industrie des ascenseurs.<\/p>","protected":false},"featured_media":1438,"comment_status":"open","ping_status":"closed","template":"","meta":[],"product_cat":[46],"product_tag":[],"class_list":{"0":"post-2014","1":"product","2":"type-product","3":"status-publish","4":"has-post-thumbnail","6":"product_cat-lift-infrared-sensor","8":"first","9":"instock","10":"shipping-taxable","11":"product-type-simple"},"jetpack_sharing_enabled":true,"_links":{"self":[{"href":"https:\/\/elevatorlightcurtains.com\/fr\/wp-json\/wp\/v2\/product\/2014","targetHints":{"allow":["GET"]}}],"collection":[{"href":"https:\/\/elevatorlightcurtains.com\/fr\/wp-json\/wp\/v2\/product"}],"about":[{"href":"https:\/\/elevatorlightcurtains.com\/fr\/wp-json\/wp\/v2\/types\/product"}],"replies":[{"embeddable":true,"href":"https:\/\/elevatorlightcurtains.com\/fr\/wp-json\/wp\/v2\/comments?post=2014"}],"wp:featuredmedia":[{"embeddable":true,"href":"https:\/\/elevatorlightcurtains.com\/fr\/wp-json\/wp\/v2\/media\/1438"}],"wp:attachment":[{"href":"https:\/\/elevatorlightcurtains.com\/fr\/wp-json\/wp\/v2\/media?parent=2014"}],"wp:term":[{"taxonomy":"product_cat","embeddable":true,"href":"https:\/\/elevatorlightcurtains.com\/fr\/wp-json\/wp\/v2\/product_cat?post=2014"},{"taxonomy":"product_tag","embeddable":true,"href":"https:\/\/elevatorlightcurtains.com\/fr\/wp-json\/wp\/v2\/product_tag?post=2014"}],"curies":[{"name":"wp","href":"https:\/\/api.w.org\/{rel}","templated":true}]}}