{"id":2013,"date":"2025-01-05T07:22:05","date_gmt":"2025-01-05T07:22:05","guid":{"rendered":"https:\/\/elevatorlightcurtains.com\/?post_type=product&#038;p=2013"},"modified":"2025-02-21T08:33:22","modified_gmt":"2025-02-21T08:33:22","slug":"elevator-light-curtain-sensor-for-safety-door-scanning-weco-917a61-220v","status":"publish","type":"product","link":"https:\/\/elevatorlightcurtains.com\/fr\/produit\/elevator-light-curtain-sensor-for-safety-door-scanning-weco-917a61-220v\/","title":{"rendered":"D\u00e9tecteur de rideau lumineux d'ascenseur pour porte de s\u00e9curit\u00e9 WECO 917A61 220V"},"content":{"rendered":"<p><strong>Capteur de barri\u00e8re immat\u00e9rielle pour ascenseurs pour le balayage des portes de s\u00e9curit\u00e9<\/strong><\/p>\n<p>La s\u00e9curit\u00e9 des ascenseurs est primordiale dans l'architecture et la construction modernes, et le capteur de barri\u00e8re immat\u00e9rielle pour ascenseurs pour le balayage des portes de s\u00e9curit\u00e9 se distingue comme un composant essentiel pour assurer la plus grande protection dans les op\u00e9rations d'ascenseurs. Con\u00e7u avec une grande pr\u00e9cision et une grande fiabilit\u00e9, ce capteur de pointe renforce la s\u00e9curit\u00e9 des passagers et de l'\u00e9quipement lui-m\u00eame, en fournissant un syst\u00e8me de r\u00e9ponse critique qui pr\u00e9vient les accidents et optimise les performances de l'ascenseur.<\/p>\n<p><strong>Caract\u00e9ristiques principales :<\/strong><br \/>\nLe capteur de barri\u00e8re immat\u00e9rielle pour ascenseur est con\u00e7u avec une technologie infrarouge passive avanc\u00e9e, assurant une d\u00e9tection rapide et pr\u00e9cise des personnes et des objets \u00e0 proximit\u00e9 des portes d'ascenseur. Cet outil de haute qualit\u00e9 b\u00e9n\u00e9ficie d'une construction robuste, con\u00e7ue pour durer et fonctionner en continu dans des environnements exigeants. Gr\u00e2ce \u00e0 des caract\u00e9ristiques telles que le balayage multifaisceaux et une large plage de d\u00e9tection, les utilisateurs peuvent s'attendre \u00e0 des performances sup\u00e9rieures \u00e0 celles des capteurs conventionnels. Pour les personnes int\u00e9ress\u00e9es par des configurations de syst\u00e8me compl\u00e8tes, des composants tels que le <a href=\"https:\/\/elevatorlightcurtains.com\/fr\/.com\/produit\/elevator-door-detector-light-curtain-parts\/\">d\u00e9tecteur de porte d'ascenseur pi\u00e8ces de rideau lumineux<\/a> et le <a href=\"https:\/\/elevatorlightcurtains.com\/fr\/.com\/produit\/infrared-door-detector-elevator-passenger-hospital\/\">d\u00e9tecteur infrarouge de porte ascenseur passager h\u00f4pital<\/a> peut \u00eatre facilement int\u00e9gr\u00e9 dans la configuration.<\/p>\n<p><strong>Avantages :<\/strong><br \/>\nLe choix du capteur de barri\u00e8re immat\u00e9rielle pour ascenseur se traduit par une s\u00e9curit\u00e9, une fiabilit\u00e9 et une efficacit\u00e9 op\u00e9rationnelle accrues. Gr\u00e2ce \u00e0 ses capacit\u00e9s de d\u00e9tection proactive, le capteur r\u00e9duit consid\u00e9rablement le risque d'accident pendant le fonctionnement de la porte de l'ascenseur. Sa conception intelligente r\u00e9duit \u00e9galement les co\u00fbts de maintenance, ce qui en fait une solution rentable pour les b\u00e2timents de toutes tailles. Les utilisateurs peuvent appr\u00e9cier non seulement la tranquillit\u00e9 d'esprit, mais aussi l'am\u00e9lioration de leur exp\u00e9rience, car le syst\u00e8me contribue activement \u00e0 la fluidit\u00e9 des op\u00e9rations de l'ascenseur.<\/p>\n<p><strong>Applications :<\/strong><br \/>\nCe capteur est particuli\u00e8rement efficace dans divers environnements, notamment les b\u00e2timents commerciaux, les complexes r\u00e9sidentiels, les h\u00f4pitaux et les immeubles de grande hauteur, o\u00f9 la s\u00e9curit\u00e9 et la fiabilit\u00e9 sont de la plus haute importance. Sa capacit\u00e9 \u00e0 fonctionner efficacement dans diff\u00e9rents environnements signifie qu'il peut s'adapter aux besoins sp\u00e9cifiques de diverses applications, am\u00e9liorant ainsi les normes g\u00e9n\u00e9rales de s\u00e9curit\u00e9 des b\u00e2timents.<\/p>\n<p><strong>Diff\u00e9renciation et avantages :<\/strong><br \/>\nCe qui distingue le capteur de barri\u00e8re immat\u00e9rielle pour ascenseur sur un march\u00e9 concurrentiel, en particulier parmi les fabricants et fournisseurs en Chine, c'est sa fiabilit\u00e9 in\u00e9gal\u00e9e combin\u00e9e \u00e0 une option d'achat en vrac qui permet d'acheter en gros. En tant qu'OEM (Original Equipment Manufacturer), nous offrons \u00e9galement des services de personnalisation pour r\u00e9pondre aux besoins sp\u00e9cifiques des clients. Cela garantit que notre produit ne se contente pas de r\u00e9pondre aux normes industrielles habituelles, mais qu'il les d\u00e9passe, tout en offrant un prix de gros comp\u00e9titif qui en fait un choix privil\u00e9gi\u00e9 pour de nombreux clients.<\/p>\n<p>En r\u00e9sum\u00e9, le capteur de barri\u00e8re immat\u00e9rielle d'ascenseur pour le balayage des portes de s\u00e9curit\u00e9 est un investissement essentiel pour toute installation cherchant \u00e0 am\u00e9liorer la s\u00e9curit\u00e9 des passagers et la protection de l'\u00e9quipement. Ses caract\u00e9ristiques robustes, ses avantages significatifs et la polyvalence de ses applications en font l'option pr\u00e9f\u00e9r\u00e9e des producteurs et exportateurs de l'industrie des ascenseurs. Pour obtenir des informations plus d\u00e9taill\u00e9es sur d'autres composants, envisagez d'explorer les possibilit\u00e9s offertes par notre site Web. <a href=\"https:\/\/elevatorlightcurtains.com\/fr\/.com\/produit\/elevator-door-sensor-solution\/\">solution pour les capteurs de porte d'ascenseur<\/a> et <a href=\"https:\/\/elevatorlightcurtains.com\/fr\/.com\/produit\/elevator-door-detection-system\/\">syst\u00e8me de d\u00e9tection de porte d'ascenseur<\/a> offres. Optimisez votre protocole de s\u00e9curit\u00e9 d\u00e8s aujourd'hui avec un produit con\u00e7u pour garantir les normes les plus \u00e9lev\u00e9es en mati\u00e8re de technologie des ascenseurs.<\/p>\n<div style=\"justify-content: space - between; align-items: stretch;\">\n<figure id=\"attachment_1527\" class=\"wp-caption alignnone\" style=\"width: 911px;\"><img data-recalc-dims=\"1\" fetchpriority=\"high\" decoding=\"async\" class=\"alignnone wp-image-1917\" src=\"https:\/\/i0.wp.com\/elevatorlightcurtains.com\/wp-content\/uploads\/2025\/01\/weco-elevator-light-curtain.webp?resize=800%2C1037&#038;ssl=1\" alt=\"\" width=\"800\" height=\"1037\" srcset=\"https:\/\/i0.wp.com\/elevatorlightcurtains.com\/wp-content\/uploads\/2025\/01\/weco-elevator-light-curtain.webp?w=1000&amp;ssl=1 1000w, https:\/\/i0.wp.com\/elevatorlightcurtains.com\/wp-content\/uploads\/2025\/01\/weco-elevator-light-curtain.webp?resize=231%2C300&amp;ssl=1 231w, https:\/\/i0.wp.com\/elevatorlightcurtains.com\/wp-content\/uploads\/2025\/01\/weco-elevator-light-curtain.webp?resize=789%2C1024&amp;ssl=1 789w, https:\/\/i0.wp.com\/elevatorlightcurtains.com\/wp-content\/uploads\/2025\/01\/weco-elevator-light-curtain.webp?resize=768%2C997&amp;ssl=1 768w, https:\/\/i0.wp.com\/elevatorlightcurtains.com\/wp-content\/uploads\/2025\/01\/weco-elevator-light-curtain.webp?resize=9%2C12&amp;ssl=1 9w, https:\/\/i0.wp.com\/elevatorlightcurtains.com\/wp-content\/uploads\/2025\/01\/weco-elevator-light-curtain.webp?resize=600%2C779&amp;ssl=1 600w\" sizes=\"(max-width: 800px) 100vw, 800px\" \/><\/figure>\n<p><img data-recalc-dims=\"1\" decoding=\"async\" class=\"alignnone size-full wp-image-1519\" style=\"width: 48%; height: auto;\" src=\"https:\/\/i0.wp.com\/elevatorlightcurtains.com\/wp-content\/uploads\/2025\/01\/%E5%BE%AE%E4%BF%A1%E5%9B%BE%E7%89%87_20230714163000%20-%20scaled.jpg?w=800&#038;ssl=1\" alt=\"\" \/><\/p>\n<\/div>\n<p>&nbsp;<\/p>\n<h2 id=\"faqs-for-elevator-light-curtain-sensor\">FAQs pour le capteur de rideau lumineux d'ascenseur :<\/h2>\n<h3 id=\"what-is-the-purpose-of-installing-a-light-curtain-sensor-on-elevator-safety-doors\">Quel est l'objectif de l'installation d'un capteur de barri\u00e8re immat\u00e9rielle sur les portes de s\u00e9curit\u00e9 des ascenseurs ?<\/h3>\n<p>Un capteur de barri\u00e8re immat\u00e9rielle sur les portes de s\u00e9curit\u00e9 des ascenseurs sert \u00e0 prot\u00e9ger les passagers contre les risques de coincement ou de blessure en d\u00e9tectant automatiquement les obstructions sur le chemin de la porte. Il renforce la s\u00e9curit\u00e9 en emp\u00eachant les portes de se fermer si un objet ou une personne se trouve dans le rayon d'action du capteur, garantissant ainsi un passage s\u00fbr aux passagers qui entrent ou sortent de l'ascenseur.<\/p>\n<h3 id=\"how-does-a-light-curtain-sensor-enhance-elevator-safety-at-home\">Comment un capteur de rideau lumineux peut-il am\u00e9liorer la s\u00e9curit\u00e9 des ascenseurs \u00e0 la maison ?<\/h3>\n<p>Un capteur de barri\u00e8re immat\u00e9rielle dans un ascenseur domestique offre un niveau de s\u00e9curit\u00e9 suppl\u00e9mentaire en d\u00e9tectant tout obstacle sur le chemin de la porte, r\u00e9duisant ainsi le risque d'accidents ou de blessures lors de l'utilisation de l'ascenseur. En arr\u00eatant instantan\u00e9ment la fermeture de la porte si un obstacle est d\u00e9tect\u00e9, il favorise la s\u00e9curit\u00e9 des membres de la famille, en particulier des enfants et des personnes \u00e2g\u00e9es.<\/p>\n<h3 id=\"what-factors-determine-the-cost-of-installing-a-light-curtain-sensor-for-elevator-safety-doors\">Quels sont les facteurs qui d\u00e9terminent le co\u00fbt de l'installation d'un capteur de barri\u00e8re immat\u00e9rielle pour les portes de s\u00e9curit\u00e9 des ascenseurs ?<\/h3>\n<p>Le co\u00fbt de l'installation d'un capteur de barri\u00e8re immat\u00e9rielle pour les portes de s\u00e9curit\u00e9 des ascenseurs d\u00e9pend de divers facteurs tels que le type et la qualit\u00e9 du capteur, la complexit\u00e9 du processus d'installation et les exigences sp\u00e9cifiques du syst\u00e8me d'ascenseur. En outre, des facteurs tels que les co\u00fbts de maintenance, la couverture de la garantie et la r\u00e9putation de la marque peuvent \u00e9galement influencer le co\u00fbt global de la mise en \u0153uvre de ce dispositif de s\u00e9curit\u00e9.<\/p>\n<h3 id=\"how-does-a-light-curtain-sensor-differ-from-a-traditional-safety-scanner-in-terms-of-elevator-door-protection\">En quoi un capteur de barri\u00e8re immat\u00e9rielle diff\u00e8re-t-il d'un scanner de s\u00e9curit\u00e9 traditionnel en termes de protection des portes d'ascenseur ?<\/h3>\n<p>Un capteur de barri\u00e8re immat\u00e9rielle et un scanner de s\u00e9curit\u00e9 traditionnel ont tous deux pour fonction de d\u00e9tecter les obstacles et d'assurer le fonctionnement en toute s\u00e9curit\u00e9 des portes d'ascenseur. Cependant, un capteur de barri\u00e8re immat\u00e9rielle utilise un r\u00e9seau de faisceaux infrarouges pour cr\u00e9er un \"rideau\" de protection pr\u00e8s de l'ouverture de la porte, tandis qu'un scanner de s\u00e9curit\u00e9 s'appuie g\u00e9n\u00e9ralement sur une technologie de balayage pour d\u00e9tecter les objets se trouvant sur le chemin de la porte. La principale diff\u00e9rence r\u00e9side dans la m\u00e9thode de d\u00e9tection utilis\u00e9e par chaque dispositif.<\/p>\n<h3 id=\"which-type-of-sensor-is-commonly-utilized-as-a-safety-curtain-in-elevator-systems\">Quel type de capteur est g\u00e9n\u00e9ralement utilis\u00e9 comme rideau de s\u00e9curit\u00e9 dans les syst\u00e8mes d'ascenseurs ?<\/h3>\n<p>Le type de capteur le plus couramment utilis\u00e9 pour les barri\u00e8res de s\u00e9curit\u00e9 dans les syst\u00e8mes d'ascenseurs est le capteur de barri\u00e8re immat\u00e9rielle \u00e0 infrarouge. Ce type de capteur \u00e9met plusieurs faisceaux de lumi\u00e8re infrarouge invisible \u00e0 travers l'ouverture de la porte, cr\u00e9ant ainsi une barri\u00e8re de s\u00e9curit\u00e9 capable de d\u00e9tecter tout obstacle sur le chemin de la porte. Les barri\u00e8res immat\u00e9rielles \u00e0 infrarouge sont r\u00e9put\u00e9es pour leur pr\u00e9cision, leur fiabilit\u00e9 et leur efficacit\u00e9 dans la d\u00e9tection d'objets et la s\u00e9curit\u00e9 de fonctionnement des portes d'ascenseur.<\/p>\n<p>N'oubliez pas de consulter un technicien ou un fournisseur d'ascenseurs professionnel pour obtenir des informations et des conseils d\u00e9taill\u00e9s sur l'installation et l'entretien des capteurs de barri\u00e8res immat\u00e9rielles pour les portes de s\u00e9curit\u00e9 des ascenseurs.<\/p>","protected":false},"excerpt":{"rendered":"<p>Le WECO 917A61 220V Elevator Light Curtain Sensor for Safety Door Scanning est con\u00e7u pour assurer un fonctionnement s\u00fbr des portes dans les ascenseurs. Gr\u00e2ce \u00e0 ses dimensions compactes, il est id\u00e9al pour \u00eatre install\u00e9 dans diff\u00e9rents mod\u00e8les d'ascenseurs. Dot\u00e9 d'une technologie de balayage avanc\u00e9e, il offre une s\u00e9curit\u00e9 accrue en d\u00e9tectant les obstacles, pr\u00e9venant ainsi les accidents dans l'industrie des ascenseurs.<\/p>","protected":false},"featured_media":1438,"comment_status":"open","ping_status":"closed","template":"","meta":[],"product_cat":[46],"product_tag":[],"class_list":{"0":"post-2013","1":"product","2":"type-product","3":"status-publish","4":"has-post-thumbnail","6":"product_cat-lift-infrared-sensor","8":"first","9":"instock","10":"shipping-taxable","11":"product-type-simple"},"jetpack_sharing_enabled":true,"_links":{"self":[{"href":"https:\/\/elevatorlightcurtains.com\/fr\/wp-json\/wp\/v2\/product\/2013","targetHints":{"allow":["GET"]}}],"collection":[{"href":"https:\/\/elevatorlightcurtains.com\/fr\/wp-json\/wp\/v2\/product"}],"about":[{"href":"https:\/\/elevatorlightcurtains.com\/fr\/wp-json\/wp\/v2\/types\/product"}],"replies":[{"embeddable":true,"href":"https:\/\/elevatorlightcurtains.com\/fr\/wp-json\/wp\/v2\/comments?post=2013"}],"wp:featuredmedia":[{"embeddable":true,"href":"https:\/\/elevatorlightcurtains.com\/fr\/wp-json\/wp\/v2\/media\/1438"}],"wp:attachment":[{"href":"https:\/\/elevatorlightcurtains.com\/fr\/wp-json\/wp\/v2\/media?parent=2013"}],"wp:term":[{"taxonomy":"product_cat","embeddable":true,"href":"https:\/\/elevatorlightcurtains.com\/fr\/wp-json\/wp\/v2\/product_cat?post=2013"},{"taxonomy":"product_tag","embeddable":true,"href":"https:\/\/elevatorlightcurtains.com\/fr\/wp-json\/wp\/v2\/product_tag?post=2013"}],"curies":[{"name":"wp","href":"https:\/\/api.w.org\/{rel}","templated":true}]}}