{"id":2010,"date":"2025-01-05T07:21:49","date_gmt":"2025-01-05T07:21:49","guid":{"rendered":"https:\/\/elevatorlightcurtains.com\/?post_type=product&#038;p=2010"},"modified":"2025-02-14T08:48:32","modified_gmt":"2025-02-14T08:48:32","slug":"metal-material-elevator-photocell-safety-light-curtain-system-full-height","status":"publish","type":"product","link":"https:\/\/elevatorlightcurtains.com\/fr\/produit\/metal-material-elevator-photocell-safety-light-curtain-system-full-height\/","title":{"rendered":"Barri\u00e8re immat\u00e9rielle de s\u00e9curit\u00e9 \u00e0 cellules photo-\u00e9lectriques pour ascenseurs en m\u00e9tal pleine hauteur"},"content":{"rendered":"<p><strong>Cellule photo\u00e9lectrique d'ascenseur Syst\u00e8me de rideau lumineux de s\u00e9curit\u00e9<\/strong><\/p>\n<p>La s\u00e9curit\u00e9 des ascenseurs est primordiale dans l'environnement b\u00e2ti moderne, et la <strong>Cellule photo\u00e9lectrique d'ascenseur Syst\u00e8me de rideau lumineux de s\u00e9curit\u00e9<\/strong> s'impose comme une solution essentielle pour garantir la s\u00e9curit\u00e9 du transport vertical. Ce syst\u00e8me avanc\u00e9 est con\u00e7u pour d\u00e9tecter les obstacles et pr\u00e9venir les accidents pendant le fonctionnement de la porte de l'ascenseur, ce qui am\u00e9liore consid\u00e9rablement la s\u00e9curit\u00e9 des utilisateurs et l'efficacit\u00e9 op\u00e9rationnelle. En tant que leader dans le domaine des <strong>fabricant<\/strong> et <strong>fournisseur<\/strong> bas\u00e9 \u00e0 <strong>Chine<\/strong>Nous sommes fiers de fournir des solutions de s\u00e9curit\u00e9 de premier ordre, et notre technologie de pointe refl\u00e8te notre engagement en mati\u00e8re de qualit\u00e9 et de performance.<\/p>\n<p><strong>Caract\u00e9ristiques principales :<\/strong><\/p>\n<p>Notre <strong>Cellule photo\u00e9lectrique d'ascenseur Syst\u00e8me de rideau lumineux de s\u00e9curit\u00e9<\/strong> est dot\u00e9 d'une s\u00e9rie de caract\u00e9ristiques impressionnantes qui le distinguent dans l'industrie. Le syst\u00e8me utilise une technologie infrarouge passive de pointe, assurant une d\u00e9tection pr\u00e9cise de tout obstacle dans l'ouverture de la porte. Cela garantit que les portes ne se ferment pas sur les passagers ou les objets, offrant ainsi une s\u00e9curit\u00e9 in\u00e9gal\u00e9e. En outre, nos produits sont con\u00e7us dans un souci de grande durabilit\u00e9, avec des mat\u00e9riaux qui r\u00e9sistent aux rigueurs d'une utilisation quotidienne dans les ascenseurs r\u00e9sidentiels et commerciaux.<\/p>\n<p>Par exemple, notre <a href=\"https:\/\/elevatorlightcurtains.com\/fr\/.com\/produit\/elevator-door-detection-system\/\">syst\u00e8me de d\u00e9tection de porte d'ascenseur<\/a> est con\u00e7u pour offrir un retour d'information en temps r\u00e9el, ce qui permet de r\u00e9agir rapidement aux dangers potentiels. Les ascenseurs fonctionnent ainsi en douceur et en toute s\u00e9curit\u00e9.<\/p>\n<p><strong>Avantages :<\/strong><\/p>\n<p>Choisir le <strong>Cellule photo\u00e9lectrique d'ascenseur Syst\u00e8me de rideau lumineux de s\u00e9curit\u00e9<\/strong> pr\u00e9sente plusieurs avantages majeurs. Tout d'abord, il renforce la s\u00e9curit\u00e9 des utilisateurs en minimisant le risque d'accident gr\u00e2ce \u00e0 une d\u00e9tection efficace des obstacles. Cela favorise non seulement un environnement plus s\u00fbr, mais permet \u00e9galement de se conformer aux normes et r\u00e9glementations en mati\u00e8re de s\u00e9curit\u00e9. Le syst\u00e8me est \u00e9galement fiable, r\u00e9duisant la fr\u00e9quence des fausses alarmes et garantissant des performances constantes, ce qui se traduit par une r\u00e9duction des perturbations op\u00e9rationnelles.<\/p>\n<p>L'utilisation de notre syst\u00e8me de barri\u00e8res immat\u00e9rielles permet de r\u00e9aliser d'importantes \u00e9conomies au fil du temps. En tant que <strong>achat en gros<\/strong> les organisations qui souhaitent \u00e9quiper plusieurs ascenseurs peuvent tirer parti d'un prix comp\u00e9titif. <strong>prix en vrac<\/strong>. En outre, nos syst\u00e8mes efficaces et efficients contribuent \u00e0 r\u00e9duire les co\u00fbts de maintenance, offrant ainsi une grande valeur ajout\u00e9e \u00e0 l'investissement.<\/p>\n<p><strong>Applications :<\/strong><\/p>\n<p>Les applications de la <strong>Cellule photo\u00e9lectrique d'ascenseur Syst\u00e8me de rideau lumineux de s\u00e9curit\u00e9<\/strong> sont diversifi\u00e9s et s'\u00e9tendent \u00e0 de nombreux environnements. Qu'il s'agisse d'immeubles de grande hauteur, d'h\u00f4pitaux, de centres commerciaux ou d'appartements r\u00e9sidentiels, notre syst\u00e8me s'int\u00e8gre parfaitement \u00e0 toute infrastructure d'ascenseurs. En utilisant notre syst\u00e8me, les propri\u00e9taires peuvent am\u00e9liorer de mani\u00e8re significative la s\u00e9curit\u00e9 et les performances de l'ensemble de leurs installations.<\/p>\n<p>Pour ceux qui souhaitent en savoir plus sur les sp\u00e9cificit\u00e9s, notre <a href=\"https:\/\/elevatorlightcurtains.com\/fr\/.com\/produit\/infrared-door-detector-elevator-passenger-hospital\/\">d\u00e9tecteur de porte \u00e0 infrarouge solution pour les passagers des ascenseurs<\/a> montre \u00e0 quel point nos produits sont adaptables et efficaces dans diff\u00e9rents environnements.<\/p>\n<p><strong>Diff\u00e9renciation et avantages :<\/strong><\/p>\n<p>Ce qui distingue vraiment notre <strong>Cellule photo\u00e9lectrique d'ascenseur Syst\u00e8me de rideau lumineux de s\u00e9curit\u00e9<\/strong> de la concurrence est notre d\u00e9vouement in\u00e9branlable \u00e0 la qualit\u00e9 et au service. En tant qu'entreprise <strong>exportateur<\/strong> et <strong>OEM<\/strong> En tant que fournisseur de produits alimentaires, nous comprenons les besoins de nos clients et offrons des solutions sur mesure qui r\u00e9pondent aux d\u00e9fis sp\u00e9cifiques auxquels sont confront\u00e9s les professionnels de l'industrie. Notre engagement \u00e0 maintenir des normes \u00e9lev\u00e9es et des processus de production efficaces nous permet d'offrir un produit de qualit\u00e9 sup\u00e9rieure.<\/p>\n<p>En outre, un partenariat avec nous en tant que fournisseur garantit l'acc\u00e8s non seulement \u00e0 des produits de haute qualit\u00e9, mais aussi \u00e0 une assistance et \u00e0 une expertise \u00e9tendues. Nous invitons les entreprises \u00e0 explorer nos options de vente en gros pour des solutions compl\u00e8tes \u00e0 des prix comp\u00e9titifs.<\/p>\n<p>En conclusion, le choix de la <strong>Cellule photo\u00e9lectrique d'ascenseur Syst\u00e8me de rideau lumineux de s\u00e9curit\u00e9<\/strong> de notre gamme de produits est un investissement dans la s\u00e9curit\u00e9, l'efficacit\u00e9 et la fiabilit\u00e9. En tant qu'entreprise <strong>producteur<\/strong> bas\u00e9 \u00e0 <strong>Chine<\/strong>Nos syst\u00e8mes sont con\u00e7us pour r\u00e9pondre aux exigences des ascenseurs modernes tout en garantissant la tranquillit\u00e9 d'esprit des op\u00e9rateurs et des passagers. Pour plus d'informations sur nos solutions, n'h\u00e9sitez pas \u00e0 visiter notre site web. <a href=\"https:\/\/elevatorlightcurtains.com\/fr\/.com\/produit\/elevator-door-detector-light-curtain-parts\/\">d\u00e9tecteur de porte d'ascenseur pi\u00e8ces de rideau lumineux<\/a> page.<\/p>\n<div style=\"justify-content: space - between; align-items: stretch;\">\n<figure id=\"attachment_1527\" class=\"wp-caption alignnone\" style=\"width: 911px;\"><img data-recalc-dims=\"1\" fetchpriority=\"high\" decoding=\"async\" class=\"alignnone wp-image-1917\" src=\"https:\/\/i0.wp.com\/elevatorlightcurtains.com\/wp-content\/uploads\/2025\/01\/weco-elevator-light-curtain.webp?resize=800%2C1037&#038;ssl=1\" alt=\"\" width=\"800\" height=\"1037\" srcset=\"https:\/\/i0.wp.com\/elevatorlightcurtains.com\/wp-content\/uploads\/2025\/01\/weco-elevator-light-curtain.webp?w=1000&amp;ssl=1 1000w, https:\/\/i0.wp.com\/elevatorlightcurtains.com\/wp-content\/uploads\/2025\/01\/weco-elevator-light-curtain.webp?resize=231%2C300&amp;ssl=1 231w, https:\/\/i0.wp.com\/elevatorlightcurtains.com\/wp-content\/uploads\/2025\/01\/weco-elevator-light-curtain.webp?resize=789%2C1024&amp;ssl=1 789w, https:\/\/i0.wp.com\/elevatorlightcurtains.com\/wp-content\/uploads\/2025\/01\/weco-elevator-light-curtain.webp?resize=768%2C997&amp;ssl=1 768w, https:\/\/i0.wp.com\/elevatorlightcurtains.com\/wp-content\/uploads\/2025\/01\/weco-elevator-light-curtain.webp?resize=9%2C12&amp;ssl=1 9w, https:\/\/i0.wp.com\/elevatorlightcurtains.com\/wp-content\/uploads\/2025\/01\/weco-elevator-light-curtain.webp?resize=600%2C779&amp;ssl=1 600w\" sizes=\"(max-width: 800px) 100vw, 800px\" \/><\/figure>\n<p><img data-recalc-dims=\"1\" decoding=\"async\" class=\"alignnone size-full wp-image-1519\" style=\"width: 48%; height: auto;\" src=\"https:\/\/i0.wp.com\/elevatorlightcurtains.com\/wp-content\/uploads\/2025\/01\/%E5%BE%AE%E4%BF%A1%E5%9B%BE%E7%89%87_20230714163000%20-%20scaled.jpg?w=800&#038;ssl=1\" alt=\"\" \/><\/p>\n<\/div>\n<p>&nbsp;<\/p>\n<h2 id=\"faqs-for-safety-light-curtains\">FAQ sur les barri\u00e8res immat\u00e9rielles de s\u00e9curit\u00e9 :<\/h2>\n<h3 id=\"how-does-a-safety-light-curtain-sensor-work\">Comment fonctionne un capteur de barri\u00e8re immat\u00e9rielle de s\u00e9curit\u00e9 ?<\/h3>\n<p>Un capteur de barri\u00e8re immat\u00e9rielle de s\u00e9curit\u00e9 \u00e9met une s\u00e9rie de faisceaux lumineux infrarouges dans une zone afin de d\u00e9tecter toute intrusion ou tout objet interrompant les faisceaux. Lorsqu'un objet interrompt les faisceaux, le capteur envoie rapidement un signal \u00e0 la machine pour arr\u00eater ou emp\u00eacher tout mouvement dangereux. Cette technologie constitue une solution de sauvegarde pour prot\u00e9ger le personnel et pr\u00e9venir les accidents dans les environnements industriels.<\/p>\n<h3 id=\"what-is-the-difference-between-a-safety-scanner-and-a-light-curtain\">Quelle est la diff\u00e9rence entre un scanner de s\u00e9curit\u00e9 et une barri\u00e8re immat\u00e9rielle ?<\/h3>\n<p>Un scanner de s\u00e9curit\u00e9 et une barri\u00e8re immat\u00e9rielle sont tous deux des dispositifs de s\u00e9curit\u00e9 dans les environnements industriels, mais ils fonctionnent diff\u00e9remment. Un scanner de s\u00e9curit\u00e9 utilise la technologie laser pour cr\u00e9er un champ de protection, tandis qu'une barri\u00e8re immat\u00e9rielle s'appuie sur des faisceaux lumineux infrarouges. Bien qu'ils puissent tous deux d\u00e9tecter des objets, le scanner de s\u00e9curit\u00e9 offre une plus grande souplesse dans la configuration du champ, ce qui le rend adapt\u00e9 aux environnements complexes et dynamiques.<\/p>\n<h3 id=\"what-type-of-sensor-is-most-commonly-used-as-a-safety-curtain\">Quel type de capteur est le plus souvent utilis\u00e9 comme rideau de s\u00e9curit\u00e9 ?<\/h3>\n<p>Le type de capteur le plus couramment utilis\u00e9 pour les rideaux de s\u00e9curit\u00e9 est le capteur de lumi\u00e8re infrarouge. Les capteurs de lumi\u00e8re infrarouge sont efficaces pour d\u00e9tecter des objets et assurer la s\u00e9curit\u00e9 dans les environnements industriels. Ces capteurs cr\u00e9ent une grille de faisceaux qui, lorsqu'ils sont interrompus, d\u00e9clenchent le m\u00e9canisme de s\u00e9curit\u00e9 pour arr\u00eater le fonctionnement de la machine ou de l'\u00e9quipement, \u00e9vitant ainsi les accidents et les blessures.<\/p>\n<h3 id=\"what-is-an-elevator-light-curtain\">Qu'est-ce qu'un rideau lumineux d'ascenseur ?<\/h3>\n<p>Une barri\u00e8re immat\u00e9rielle d'ascenseur est un dispositif de s\u00e9curit\u00e9 install\u00e9 dans les ascenseurs pour am\u00e9liorer la s\u00e9curit\u00e9 des passagers. Il se compose de faisceaux lumineux infrarouges qui forment un \u00e9cran de protection invisible pr\u00e8s des portes de l'ascenseur. Si un objet ou une personne obstrue les faisceaux pendant que les portes se ferment, le rideau lumineux d\u00e9tecte l'interf\u00e9rence et signale imm\u00e9diatement aux portes de se rouvrir, \u00e9vitant ainsi le pi\u00e9geage et garantissant un passage en toute s\u00e9curit\u00e9.<\/p>\n<h3 id=\"how-can-safety-light-curtains-improve-workplace-safety\">Comment les barri\u00e8res immat\u00e9rielles de s\u00e9curit\u00e9 peuvent-elles am\u00e9liorer la s\u00e9curit\u00e9 sur le lieu de travail ?<\/h3>\n<p>Les barri\u00e8res immat\u00e9rielles de s\u00e9curit\u00e9 contribuent \u00e0 am\u00e9liorer la s\u00e9curit\u00e9 sur le lieu de travail en offrant une solution de protection non intrusive. Elles contribuent \u00e0 pr\u00e9venir les accidents en d\u00e9tectant rapidement toute intrusion dans la zone prot\u00e9g\u00e9e, ce qui entra\u00eene un arr\u00eat imm\u00e9diat du fonctionnement de la machine. En cr\u00e9ant une barri\u00e8re fiable entre les op\u00e9rateurs et les machines dangereuses, les barri\u00e8res immat\u00e9rielles de s\u00e9curit\u00e9 r\u00e9duisent le risque de blessures et am\u00e9liorent les protocoles de s\u00e9curit\u00e9 dans les environnements industriels.<\/p>","protected":false},"excerpt":{"rendered":"<p>La barri\u00e8re immat\u00e9rielle de s\u00e9curit\u00e9 \u00e0 cellules photo\u00e9lectriques pour ascenseurs est con\u00e7ue pour renforcer la s\u00e9curit\u00e9 dans les op\u00e9rations d'ascenseur. De conception compacte, il est id\u00e9al pour \u00eatre install\u00e9 dans diverses configurations d'ascenseurs. Dot\u00e9 d'une technologie de cellule photo\u00e9lectrique avanc\u00e9e, il permet une d\u00e9tection fiable des obstacles pour la s\u00e9curit\u00e9 des passagers et du personnel dans l'industrie des ascenseurs.<\/p>","protected":false},"featured_media":1438,"comment_status":"open","ping_status":"closed","template":"","meta":[],"product_cat":[46],"product_tag":[],"class_list":{"0":"post-2010","1":"product","2":"type-product","3":"status-publish","4":"has-post-thumbnail","6":"product_cat-lift-infrared-sensor","8":"first","9":"instock","10":"shipping-taxable","11":"product-type-simple"},"jetpack_sharing_enabled":true,"_links":{"self":[{"href":"https:\/\/elevatorlightcurtains.com\/fr\/wp-json\/wp\/v2\/product\/2010","targetHints":{"allow":["GET"]}}],"collection":[{"href":"https:\/\/elevatorlightcurtains.com\/fr\/wp-json\/wp\/v2\/product"}],"about":[{"href":"https:\/\/elevatorlightcurtains.com\/fr\/wp-json\/wp\/v2\/types\/product"}],"replies":[{"embeddable":true,"href":"https:\/\/elevatorlightcurtains.com\/fr\/wp-json\/wp\/v2\/comments?post=2010"}],"wp:featuredmedia":[{"embeddable":true,"href":"https:\/\/elevatorlightcurtains.com\/fr\/wp-json\/wp\/v2\/media\/1438"}],"wp:attachment":[{"href":"https:\/\/elevatorlightcurtains.com\/fr\/wp-json\/wp\/v2\/media?parent=2010"}],"wp:term":[{"taxonomy":"product_cat","embeddable":true,"href":"https:\/\/elevatorlightcurtains.com\/fr\/wp-json\/wp\/v2\/product_cat?post=2010"},{"taxonomy":"product_tag","embeddable":true,"href":"https:\/\/elevatorlightcurtains.com\/fr\/wp-json\/wp\/v2\/product_tag?post=2010"}],"curies":[{"name":"wp","href":"https:\/\/api.w.org\/{rel}","templated":true}]}}