{"id":2007,"date":"2025-01-05T07:21:09","date_gmt":"2025-01-05T07:21:09","guid":{"rendered":"https:\/\/elevatorlightcurtains.com\/?post_type=product&#038;p=2007"},"modified":"2025-02-14T06:49:36","modified_gmt":"2025-02-14T06:49:36","slug":"xo-elevator-light-curtain-for-door-systems-2100mm-154-beams","status":"publish","type":"product","link":"https:\/\/elevatorlightcurtains.com\/fr\/produit\/xo-elevator-light-curtain-for-door-systems-2100mm-154-beams\/","title":{"rendered":"XO Elevator Light Curtain for Door Systems 2100MM 154 Beams (barri\u00e8res lumineuses pour ascenseurs)"},"content":{"rendered":"<p><strong>Barri\u00e8re immat\u00e9rielle d'ascenseur pour syst\u00e8mes de portes : Garantir la s\u00e9curit\u00e9 et la fiabilit\u00e9<\/strong><\/p>\n<p>Dans un monde de plus en plus soucieux de la s\u00e9curit\u00e9, la barri\u00e8re immat\u00e9rielle pour syst\u00e8mes de portes d'ascenseur joue un r\u00f4le crucial dans l'am\u00e9lioration de l'efficacit\u00e9 op\u00e9rationnelle et la protection des passagers. Ce produit innovant fait appel \u00e0 une technologie de pointe pour garantir un fonctionnement fluide et s\u00fbr des portes d'ascenseur, ce qui en fait un composant essentiel pour les fabricants et les fournisseurs de l'industrie des ascenseurs. En tant que leader de l <strong>Chine<\/strong>-Bas\u00e9 sur <strong>fabricant<\/strong>, notre <strong>OEM<\/strong> offrent un m\u00e9lange parfait de qualit\u00e9 et d'abordabilit\u00e9, et s'adressent aux entreprises qui souhaitent <strong>achat en gros<\/strong> ou l'acheter dans un <strong>prix de gros<\/strong>.<\/p>\n<p><strong>Caract\u00e9ristiques principales :<\/strong><\/p>\n<p>Notre barri\u00e8re immat\u00e9rielle pour ascenseurs est dot\u00e9e d'une technologie infrarouge passive de pointe. Cette technologie garantit une d\u00e9tection fiable et un fonctionnement pr\u00e9cis des portes d'ascenseur, \u00e9vitant ainsi les accidents lors de la fermeture des portes. Sa construction robuste, associ\u00e9e \u00e0 un design \u00e9l\u00e9gant, permet de l'int\u00e9grer facilement \u00e0 divers syst\u00e8mes de portes. En tant que <strong>producteur<\/strong> et <strong>exportateur<\/strong>En outre, nous veillons \u00e0 ce que chaque unit\u00e9 r\u00e9ponde aux normes rigoureuses requises pour la s\u00e9curit\u00e9 et la performance des ascenseurs. En outre, le produit est compatible avec divers syst\u00e8mes d'ascenseurs, ce qui accro\u00eet sa polyvalence pour diff\u00e9rentes configurations et le rend adapt\u00e9 \u00e0 un large \u00e9ventail d'applications.<\/p>\n<p><strong>Avantages :<\/strong><\/p>\n<p>Investir dans notre barri\u00e8re immat\u00e9rielle pour ascenseurs offre de nombreux avantages en termes de s\u00e9curit\u00e9 et d'efficacit\u00e9 op\u00e9rationnelles. Le premier avantage de l'utilisation de cette technologie de d\u00e9tection sophistiqu\u00e9e est l'am\u00e9lioration de la s\u00e9curit\u00e9 des passagers, r\u00e9duisant le risque de blessures et de dommages mat\u00e9riels. Cette fiabilit\u00e9 se traduit par une tranquillit\u00e9 d'esprit tant pour les op\u00e9rateurs que pour les clients, ce qui am\u00e9liore l'exp\u00e9rience globale. En outre, la conception \u00e9conome en \u00e9nergie de la barri\u00e8re immat\u00e9rielle contribue \u00e0 r\u00e9duire les co\u00fbts d'exploitation et \u00e0 prolonger la dur\u00e9e de vie de l'\u00e9quipement. En s'approvisionnant aupr\u00e8s d'un <strong>fournisseur<\/strong>Votre entreprise peut ainsi se conformer en toute confiance aux r\u00e9glementations en mati\u00e8re de s\u00e9curit\u00e9 tout en maintenant des normes op\u00e9rationnelles \u00e9lev\u00e9es.<\/p>\n<p><strong>Applications :<\/strong><\/p>\n<p>Cette solution de s\u00e9curit\u00e9 pour les ascenseurs est id\u00e9ale pour divers environnements, notamment les b\u00e2timents commerciaux, les h\u00f4pitaux, les complexes r\u00e9sidentiels et les installations industrielles. Dans les zones tr\u00e8s fr\u00e9quent\u00e9es, telles que les h\u00f4pitaux et les vastes bureaux d'entreprise, la solution de s\u00e9curit\u00e9 pour les ascenseurs est id\u00e9ale. <strong>rideau lumineux d'ascenseur<\/strong> garantit que les portes s'ouvrent et se ferment efficacement, prot\u00e9geant ainsi les utilisateurs en permanence. Pour des applications plus sp\u00e9cialis\u00e9es, nous vous proposons de renforcer les mesures de s\u00e9curit\u00e9 gr\u00e2ce \u00e0 des solutions d\u00e9di\u00e9es telles que le <a href=\"https:\/\/elevatorlightcurtains.com\/fr\/.com\/produit\/elevator-door-detector-light-curtain-parts\/\">d\u00e9tecteur de porte d'ascenseur<\/a> ou <a href=\"https:\/\/elevatorlightcurtains.com\/fr\/.com\/produit\/elevator-door-detection-system\/\">syst\u00e8mes de d\u00e9tection des portes d'ascenseur<\/a>.<\/p>\n<p><strong>Diff\u00e9renciation et avantages :<\/strong><\/p>\n<p>En choisissant notre barri\u00e8re immat\u00e9rielle pour ascenseurs, vous vous distinguez sur le march\u00e9. En tant que <strong>commerce de gros<\/strong> <strong>exportateur<\/strong>Nous proposons des strat\u00e9gies de prix comp\u00e9titives qui rendent nos produits accessibles sans compromettre la qualit\u00e9. Notre engagement envers le service \u00e0 la client\u00e8le et notre volont\u00e9 d'am\u00e9lioration continue nous distinguent des autres fournisseurs. Bien qu'il puisse y avoir des alternatives sur le march\u00e9, notre combinaison de technologie avanc\u00e9e, de mat\u00e9riaux de premi\u00e8re qualit\u00e9 et de support imbattable vous assure de recevoir la meilleure valeur pour votre investissement.<\/p>\n<p>En r\u00e9sum\u00e9, si vous \u00eates \u00e0 la recherche d'une solution efficace pour la s\u00e9curit\u00e9 des ascenseurs, pensez \u00e0 notre barri\u00e8re immat\u00e9rielle pour syst\u00e8mes de portes d'ascenseurs. Avec la capacit\u00e9 de <strong>achat en gros<\/strong> \u00e0 des prix attractifs, directement aupr\u00e8s d'un <strong>fabricant<\/strong>Gr\u00e2ce \u00e0 notre technologie, vos activit\u00e9s seront plus s\u00fbres, plus efficaces et plus conformes. Pour plus d'informations, consultez nos <a href=\"https:\/\/elevatorlightcurtains.com\/fr\/.com\/produit\/elevator-door-sensor-solution\/\">solution pour les capteurs de porte d'ascenseur<\/a> pour d\u00e9couvrir comment nous pouvons r\u00e9pondre \u00e0 vos besoins de mani\u00e8re globale.<\/p>\n<div style=\"justify-content: space - between; align-items: stretch;\">\n<figure id=\"attachment_1527\" class=\"wp-caption alignnone\" style=\"width: 911px;\"><img data-recalc-dims=\"1\" fetchpriority=\"high\" decoding=\"async\" class=\"alignnone wp-image-1917\" src=\"https:\/\/i0.wp.com\/elevatorlightcurtains.com\/wp-content\/uploads\/2025\/01\/weco-elevator-light-curtain.webp?resize=800%2C1037&#038;ssl=1\" alt=\"\" width=\"800\" height=\"1037\" srcset=\"https:\/\/i0.wp.com\/elevatorlightcurtains.com\/wp-content\/uploads\/2025\/01\/weco-elevator-light-curtain.webp?w=1000&amp;ssl=1 1000w, https:\/\/i0.wp.com\/elevatorlightcurtains.com\/wp-content\/uploads\/2025\/01\/weco-elevator-light-curtain.webp?resize=231%2C300&amp;ssl=1 231w, https:\/\/i0.wp.com\/elevatorlightcurtains.com\/wp-content\/uploads\/2025\/01\/weco-elevator-light-curtain.webp?resize=789%2C1024&amp;ssl=1 789w, https:\/\/i0.wp.com\/elevatorlightcurtains.com\/wp-content\/uploads\/2025\/01\/weco-elevator-light-curtain.webp?resize=768%2C997&amp;ssl=1 768w, https:\/\/i0.wp.com\/elevatorlightcurtains.com\/wp-content\/uploads\/2025\/01\/weco-elevator-light-curtain.webp?resize=9%2C12&amp;ssl=1 9w, https:\/\/i0.wp.com\/elevatorlightcurtains.com\/wp-content\/uploads\/2025\/01\/weco-elevator-light-curtain.webp?resize=600%2C779&amp;ssl=1 600w\" sizes=\"(max-width: 800px) 100vw, 800px\" \/><\/figure>\n<p><img data-recalc-dims=\"1\" decoding=\"async\" class=\"alignnone size-full wp-image-1519\" style=\"width: 48%; height: auto;\" src=\"https:\/\/i0.wp.com\/elevatorlightcurtains.com\/wp-content\/uploads\/2025\/01\/%E5%BE%AE%E4%BF%A1%E5%9B%BE%E7%89%87_20230714163000%20-%20scaled.jpg?w=800&#038;ssl=1\" alt=\"\" \/><\/p>\n<\/div>\n<p>&nbsp;<\/p>\n<h2 id=\"faqs-for-elevator-light-curtain-systems\">FAQ pour \"Syst\u00e8mes de barri\u00e8res immat\u00e9rielles pour ascenseurs\" :<\/h2>\n<h3 id=\"what-is-the-cost-of-elevator-light-curtains-for-door-systems\">Quel est le co\u00fbt des barri\u00e8res immat\u00e9rielles d'ascenseur pour les syst\u00e8mes de portes ?<\/h3>\n<p>Le co\u00fbt des barri\u00e8res immat\u00e9rielles d'ascenseur pour les syst\u00e8mes de portes peut varier en fonction de la marque, du type et des sp\u00e9cifications. En moyenne, il faut compter entre $500 et $1500 par unit\u00e9. Des facteurs tels que la complexit\u00e9 de l'installation et les caract\u00e9ristiques suppl\u00e9mentaires peuvent \u00e9galement avoir une incidence sur le co\u00fbt total. Il est recommand\u00e9 d'obtenir des devis aupr\u00e8s de diff\u00e9rents fournisseurs afin de comparer les prix et de s'assurer d'obtenir le meilleur rapport qualit\u00e9-prix pour son investissement.<\/p>\n<h3 id=\"what-is-the-hs-code-for-elevator-light-curtains\">Quel est le code SH des rideaux lumineux d'ascenseur ?<\/h3>\n<p>Le code du syst\u00e8me harmonis\u00e9 (SH) pour les rideaux lumineux d'ascenseurs est g\u00e9n\u00e9ralement 853650, qui fait partie des appareils \u00e9lectriques de commutation ou de protection des circuits \u00e9lectriques. Lors de l'importation ou de l'exportation de rideaux lumineux d'ascenseurs, il est essentiel d'utiliser le bon code SH pour faciliter le d\u00e9douanement et garantir la conformit\u00e9 avec les r\u00e9glementations commerciales internationales. V\u00e9rifiez toujours le code SH sp\u00e9cifique aupr\u00e8s de votre fournisseur ou des autorit\u00e9s douani\u00e8res afin d'\u00e9viter tout probl\u00e8me lors de l'exp\u00e9dition.<\/p>\n<h3 id=\"how-does-the-fcu-47-safescreen-enhance-elevator-safety\">Comment le SAFESCREEN de l'UFC 47 am\u00e9liore-t-il la s\u00e9curit\u00e9 des ascenseurs ?<\/h3>\n<p>Le SAFESCREEN FCU 47 est un syst\u00e8me fiable de rideau lumineux pour ascenseur con\u00e7u pour am\u00e9liorer la s\u00e9curit\u00e9 en d\u00e9tectant les obstructions sur le chemin de la porte et en pr\u00e9venant les accidents. Gr\u00e2ce \u00e0 la technologie infrarouge, le SAFESCREEN identifie rapidement tout objet ou individu se trouvant trop pr\u00e8s de la porte, ce qui d\u00e9clenche l'arr\u00eat de l'ascenseur ou la r\u00e9ouverture des portes afin d'\u00e9viter d'\u00e9ventuelles blessures. Ce dispositif de s\u00e9curit\u00e9 avanc\u00e9 offre une tranquillit\u00e9 d'esprit aux passagers et aux op\u00e9rateurs dans divers types d'ascenseurs.<\/p>\n<h3 id=\"what-role-does-an-elevator-door-sensor-play-in-light-curtain-systems\">Quel est le r\u00f4le d'un capteur de porte d'ascenseur dans les syst\u00e8mes de barri\u00e8res immat\u00e9rielles ?<\/h3>\n<p>Le capteur de porte d'ascenseur est un composant essentiel des syst\u00e8mes de barri\u00e8res immat\u00e9rielles, charg\u00e9 de d\u00e9tecter tout obstacle ou personne se trouvant sur le chemin de la porte. Gr\u00e2ce \u00e0 des capteurs et \u00e0 une technologie de pointe, le capteur de porte fonctionne en conjonction avec le rideau de lumi\u00e8re pour assurer un fonctionnement fluide et s\u00fbr de la porte. En cas de d\u00e9tection d'un obstacle, le capteur d\u00e9clenche le syst\u00e8me d'ascenseur pour arr\u00eater le mouvement de la porte ou la r\u00e9tracter afin d'\u00e9viter les collisions ou les accidents, ce qui donne la priorit\u00e9 \u00e0 la s\u00e9curit\u00e9 des passagers et \u00e0 l'efficacit\u00e9 du fonctionnement de l'ascenseur.<\/p>\n<h3 id=\"how-can-the-panachrome-3d-manual-benefit-elevator-light-curtain-installations\">Quels sont les avantages du manuel Panachrome 3D pour les installations de barri\u00e8res immat\u00e9rielles d'ascenseurs ?<\/h3>\n<p>Le manuel Panachrome 3D propose des directives et des instructions compl\u00e8tes pour l'installation et l'\u00e9talonnage des syst\u00e8mes de barri\u00e8res immat\u00e9rielles pour ascenseurs, y compris le mod\u00e8le Panachrome. Ce manuel d\u00e9taill\u00e9 fournit des proc\u00e9dures \u00e9tape par \u00e9tape, des conseils de d\u00e9pannage et des bonnes pratiques pour garantir des performances et un fonctionnement optimaux de la barri\u00e8re immat\u00e9rielle. En suivant le manuel Panachrome 3D, les techniciens et les installateurs peuvent configurer efficacement le syst\u00e8me, r\u00e9soudre efficacement les probl\u00e8mes et maximiser les caract\u00e9ristiques de s\u00e9curit\u00e9 de la barri\u00e8re immat\u00e9rielle de l'ascenseur pour une meilleure protection des passagers et une plus grande fiabilit\u00e9 op\u00e9rationnelle.<\/p>","protected":false},"excerpt":{"rendered":"<p>La barri\u00e8re immat\u00e9rielle pour syst\u00e8mes de portes d'ascenseur est con\u00e7ue pour renforcer la s\u00e9curit\u00e9 des op\u00e9rations d'ascenseur. De conception compacte et adapt\u00e9e \u00e0 diff\u00e9rentes tailles de portes, elle est id\u00e9ale pour une installation dans les ascenseurs r\u00e9sidentiels et commerciaux. Dot\u00e9e d'une technologie de d\u00e9tection avanc\u00e9e, elle offre une protection accrue contre les accidents et garantit le bon fonctionnement des portes dans l'industrie des ascenseurs.<\/p>","protected":false},"featured_media":1344,"comment_status":"open","ping_status":"closed","template":"","meta":[],"product_cat":[46],"product_tag":[],"class_list":{"0":"post-2007","1":"product","2":"type-product","3":"status-publish","4":"has-post-thumbnail","6":"product_cat-lift-infrared-sensor","8":"first","9":"instock","10":"shipping-taxable","11":"product-type-simple"},"jetpack_sharing_enabled":true,"_links":{"self":[{"href":"https:\/\/elevatorlightcurtains.com\/fr\/wp-json\/wp\/v2\/product\/2007","targetHints":{"allow":["GET"]}}],"collection":[{"href":"https:\/\/elevatorlightcurtains.com\/fr\/wp-json\/wp\/v2\/product"}],"about":[{"href":"https:\/\/elevatorlightcurtains.com\/fr\/wp-json\/wp\/v2\/types\/product"}],"replies":[{"embeddable":true,"href":"https:\/\/elevatorlightcurtains.com\/fr\/wp-json\/wp\/v2\/comments?post=2007"}],"wp:featuredmedia":[{"embeddable":true,"href":"https:\/\/elevatorlightcurtains.com\/fr\/wp-json\/wp\/v2\/media\/1344"}],"wp:attachment":[{"href":"https:\/\/elevatorlightcurtains.com\/fr\/wp-json\/wp\/v2\/media?parent=2007"}],"wp:term":[{"taxonomy":"product_cat","embeddable":true,"href":"https:\/\/elevatorlightcurtains.com\/fr\/wp-json\/wp\/v2\/product_cat?post=2007"},{"taxonomy":"product_tag","embeddable":true,"href":"https:\/\/elevatorlightcurtains.com\/fr\/wp-json\/wp\/v2\/product_tag?post=2007"}],"curies":[{"name":"wp","href":"https:\/\/api.w.org\/{rel}","templated":true}]}}