{"id":1993,"date":"2025-01-05T07:16:41","date_gmt":"2025-01-05T07:16:41","guid":{"rendered":"https:\/\/elevatorlightcurtains.com\/?post_type=product&#038;p=1993"},"modified":"2025-02-08T06:22:13","modified_gmt":"2025-02-08T06:22:13","slug":"passenger-lift-safety-light-curtain-door-protector-detector-for-shopping-mall-elevator","status":"publish","type":"product","link":"https:\/\/elevatorlightcurtains.com\/fr\/produit\/passenger-lift-safety-light-curtain-door-protector-detector-for-shopping-mall-elevator\/","title":{"rendered":"D\u00e9tecteur de rideaux lumineux de s\u00e9curit\u00e9 pour ascenseurs de centres commerciaux"},"content":{"rendered":"<p><strong>Pr\u00e9sentation du d\u00e9tecteur de rideau protecteur de porte de s\u00e9curit\u00e9 pour ascenseurs de passagers<\/strong><\/p>\n<p>Dans les environnements \u00e0 forte demande de transport et de mouvement vertical, il est primordial d'assurer la s\u00e9curit\u00e9 des passagers. Le d\u00e9tecteur de rideaux lumineux de s\u00e9curit\u00e9 pour ascenseurs est con\u00e7u pour am\u00e9liorer la s\u00e9curit\u00e9 dans les ascenseurs en emp\u00eachant les fermetures accidentelles et en prot\u00e9geant les utilisateurs. Ce dispositif sophistiqu\u00e9 joue un r\u00f4le essentiel dans l'efficacit\u00e9 op\u00e9rationnelle tout en respectant les normes de s\u00e9curit\u00e9 internationales.<\/p>\n<p><strong>Caract\u00e9ristiques principales<\/strong><\/p>\n<p>Cette barri\u00e8re immat\u00e9rielle de s\u00e9curit\u00e9 avanc\u00e9e est con\u00e7ue avec une technologie infrarouge passive \u00e0 haute r\u00e9solution, qui d\u00e9tecte efficacement la pr\u00e9sence de personnes ou d'objets aux seuils des portes d'ascenseur. Le processus d'installation est simple, ce qui en fait un choix id\u00e9al pour les nouveaux projets et la modernisation des ascenseurs existants. Fabriqu\u00e9 avec des mat\u00e9riaux durables, le d\u00e9tecteur est con\u00e7u pour r\u00e9sister aux conditions exigeantes d'exploitation des ascenseurs, garantissant ainsi des performances durables. En outre, ce produit offre de nombreuses options de personnalisation, conformes aux exigences des sp\u00e9cifications OEM, ce qui garantit sa compatibilit\u00e9 avec divers syst\u00e8mes d'ascenseurs.<\/p>\n<p><strong>Avantages<\/strong><\/p>\n<p>L'utilisation du d\u00e9tecteur de rideau protecteur de lumi\u00e8re de s\u00e9curit\u00e9 pour ascenseurs am\u00e9liore consid\u00e9rablement la s\u00e9curit\u00e9 en minimisant le risque d'accident pendant le fonctionnement des portes. La fiabilit\u00e9 de ses performances se traduit par une r\u00e9duction des temps d'arr\u00eat et des co\u00fbts de maintenance, ce qui se traduit par une efficacit\u00e9 \u00e0 long terme. Les utilisateurs b\u00e9n\u00e9ficient de la tranquillit\u00e9 d'esprit que procure une solution de s\u00e9curit\u00e9 fiable, sachant que ce dispositif prot\u00e8ge efficacement contre les dangers potentiels d'une fermeture inopin\u00e9e des portes d'ascenseur. Gr\u00e2ce \u00e0 sa conception \u00e9conomique, les organisations peuvent confortablement <strong>achat en gros<\/strong>, en s'appuyant sur <strong>prix en vrac<\/strong> lors de commandes importantes, ce qui garantit que la s\u00e9curit\u00e9 reste un investissement viable pour les \u00e9tablissements cherchant \u00e0 prot\u00e9ger leurs passagers.<\/p>\n<p><strong>Applications<\/strong><\/p>\n<p>Cette barri\u00e8re immat\u00e9rielle de s\u00e9curit\u00e9 peut \u00eatre utilis\u00e9e efficacement dans diff\u00e9rents contextes, notamment dans les immeubles r\u00e9sidentiels, les bureaux commerciaux, les h\u00f4pitaux et les structures de grande hauteur o\u00f9 les ascenseurs de passagers fonctionnent en permanence. Les ascenseurs qui r\u00e9pondent \u00e0 des besoins sp\u00e9cifiques, comme ceux des \u00e9tablissements de sant\u00e9, b\u00e9n\u00e9ficient grandement de l'installation de ce syst\u00e8me de capteurs avanc\u00e9, qui am\u00e9liore les protocoles de s\u00e9curit\u00e9 g\u00e9n\u00e9raux.<\/p>\n<p><strong>Diff\u00e9renciation et avantages<\/strong><\/p>\n<p>Ce qui diff\u00e9rencie le d\u00e9tecteur de lumi\u00e8re de s\u00e9curit\u00e9 pour ascenseur de passagers des produits concurrents sur le march\u00e9, c'est l'assistance compl\u00e8te fournie par notre \u00e9quipe d\u00e9vou\u00e9e. En tant que fabricant et exportateur de premier plan bas\u00e9 en Chine, nous garantissons \u00e0 nos clients que chaque aspect - de la production en usine \u00e0 la livraison - r\u00e9pond aux normes les plus \u00e9lev\u00e9es en mati\u00e8re de qualit\u00e9 et d'innovation. Notre vaste exp\u00e9rience en tant que fournisseur fiable se traduit par un produit qui non seulement respecte les r\u00e9glementations en mati\u00e8re de s\u00e9curit\u00e9, mais les d\u00e9passe, ce qui en fait le choix id\u00e9al pour les entreprises \u00e0 la recherche d'une solution fiable en mati\u00e8re de technologie de s\u00e9curit\u00e9.<\/p>\n<p>Pour des sp\u00e9cifications plus d\u00e9taill\u00e9es, vous pouvez consulter les liens pertinents qui pr\u00e9sentent notre technologie de pointe : <a href=\"https:\/\/elevatorlightcurtains.com\/fr\/.com\/produit\/elevator-door-detection-system\/\">syst\u00e8me de d\u00e9tection de porte d'ascenseur<\/a> et <a href=\"https:\/\/elevatorlightcurtains.com\/fr\/.com\/produit\/elevator-door-sensor-solution\/\">solution pour les capteurs de porte d'ascenseur<\/a>. En nous choisissant comme partenaire en mati\u00e8re de s\u00e9curit\u00e9, vous pouvez vous attendre \u00e0 des produits de premi\u00e8re qualit\u00e9 et \u00e0 un service sup\u00e9rieur, adapt\u00e9s \u00e0 vos besoins op\u00e9rationnels uniques gr\u00e2ce \u00e0 nos options OEM polyvalentes. D\u00e9couvrez les avantages de vous approvisionner aupr\u00e8s d'un fabricant r\u00e9put\u00e9 qui donne la priorit\u00e9 \u00e0 la qualit\u00e9 et \u00e0 la satisfaction du client dans chaque transaction.<\/p>\n<div style=\"justify-content: space - between; align-items: stretch;\">\n<figure id=\"attachment_1527\" class=\"wp-caption alignnone\" style=\"width: 911px;\"><img data-recalc-dims=\"1\" fetchpriority=\"high\" decoding=\"async\" class=\"alignnone wp-image-1917\" src=\"https:\/\/i0.wp.com\/elevatorlightcurtains.com\/wp-content\/uploads\/2025\/01\/weco-elevator-light-curtain.webp?resize=800%2C1037&#038;ssl=1\" alt=\"\" width=\"800\" height=\"1037\" srcset=\"https:\/\/i0.wp.com\/elevatorlightcurtains.com\/wp-content\/uploads\/2025\/01\/weco-elevator-light-curtain.webp?w=1000&amp;ssl=1 1000w, https:\/\/i0.wp.com\/elevatorlightcurtains.com\/wp-content\/uploads\/2025\/01\/weco-elevator-light-curtain.webp?resize=231%2C300&amp;ssl=1 231w, https:\/\/i0.wp.com\/elevatorlightcurtains.com\/wp-content\/uploads\/2025\/01\/weco-elevator-light-curtain.webp?resize=789%2C1024&amp;ssl=1 789w, https:\/\/i0.wp.com\/elevatorlightcurtains.com\/wp-content\/uploads\/2025\/01\/weco-elevator-light-curtain.webp?resize=768%2C997&amp;ssl=1 768w, https:\/\/i0.wp.com\/elevatorlightcurtains.com\/wp-content\/uploads\/2025\/01\/weco-elevator-light-curtain.webp?resize=9%2C12&amp;ssl=1 9w, https:\/\/i0.wp.com\/elevatorlightcurtains.com\/wp-content\/uploads\/2025\/01\/weco-elevator-light-curtain.webp?resize=600%2C779&amp;ssl=1 600w\" sizes=\"(max-width: 800px) 100vw, 800px\" \/><\/figure>\n<p><img data-recalc-dims=\"1\" decoding=\"async\" class=\"alignnone size-full wp-image-1519\" style=\"width: 48%; height: auto;\" src=\"https:\/\/i0.wp.com\/elevatorlightcurtains.com\/wp-content\/uploads\/2025\/01\/%E5%BE%AE%E4%BF%A1%E5%9B%BE%E7%89%87_20230714163000%20-%20scaled.jpg?w=800&#038;ssl=1\" alt=\"\" \/><\/p>\n<\/div>\n<p>&nbsp;<\/p>\n<h2 id=\"faqs-for-safety-light-curtain\">FAQs pour la barri\u00e8re immat\u00e9rielle de s\u00e9curit\u00e9 :<\/h2>\n<h3 id=\"where-is-the-elevator-door-sensor-located\">O\u00f9 se trouve le capteur de la porte de l'ascenseur ?<\/h3>\n<p>Le capteur de porte d'ascenseur est g\u00e9n\u00e9ralement situ\u00e9 pr\u00e8s du cadre de la porte ou de l'entr\u00e9e de la cabine d'ascenseur. Il d\u00e9tecte les mouvements ou les obstructions dans la trajectoire de la porte afin de garantir un fonctionnement s\u00fbr et d'\u00e9viter tout accident potentiel.<\/p>\n<h3 id=\"what-is-a-safety-light-curtain-sensor\">Qu'est-ce qu'un capteur de barri\u00e8re immat\u00e9rielle de s\u00e9curit\u00e9 ?<\/h3>\n<p>Un capteur de barri\u00e8re immat\u00e9rielle de s\u00e9curit\u00e9 est un dispositif utilis\u00e9 dans les syst\u00e8mes d'ascenseur pour d\u00e9tecter la pr\u00e9sence de personnes ou d'objets dans la trajectoire de la porte de l'ascenseur. Il \u00e9met des faisceaux infrarouges qui, lorsqu'ils sont interrompus, signalent aux portes de s'ouvrir ou de rester ouvertes afin d'\u00e9viter toute collision.<\/p>\n<h3 id=\"how-does-a-lift-door-sensor-work\">Comment fonctionne un capteur de porte d'ascenseur ?<\/h3>\n<p>Un capteur de porte d'ascenseur fonctionne \u00e0 l'aide de capteurs ou de d\u00e9tecteurs plac\u00e9s pr\u00e8s des portes de l'ascenseur qui peuvent d\u00e9tecter des mouvements, des objets ou des obstructions dans l'embrasure de la porte. Lorsqu'il est d\u00e9clench\u00e9, le capteur envoie un signal au syst\u00e8me de contr\u00f4le de l'ascenseur, incitant les portes \u00e0 s'ouvrir ou \u00e0 rester ouvertes pour des raisons de s\u00e9curit\u00e9.<\/p>\n<h3 id=\"what-is-the-difference-between-a-safety-scanner-and-a-light-curtain\">Quelle est la diff\u00e9rence entre un scanner de s\u00e9curit\u00e9 et une barri\u00e8re immat\u00e9rielle ?<\/h3>\n<p>Un scanner de s\u00e9curit\u00e9 utilise g\u00e9n\u00e9ralement la technologie laser pour cr\u00e9er un champ de protection autour de la porte de l'ascenseur, tandis qu'une barri\u00e8re immat\u00e9rielle s'appuie sur un r\u00e9seau de faisceaux infrarouges. Les deux dispositifs ont le m\u00eame objectif de d\u00e9tection des obstacles, mais ils diff\u00e8rent par la m\u00e9thode de d\u00e9tection et la technologie utilis\u00e9e pour cr\u00e9er le champ de protection.<\/p>","protected":false},"excerpt":{"rendered":"<p>Le d\u00e9tecteur de s\u00e9curit\u00e9 pour ascenseurs est con\u00e7u pour assurer la s\u00e9curit\u00e9 des op\u00e9rations d'ascenseur. De conception compacte, il est id\u00e9al pour les b\u00e2timents \u00e0 forte fr\u00e9quentation, garantissant un acc\u00e8s fluide et s\u00e9curis\u00e9. Dot\u00e9 d'une technologie avanc\u00e9e de barri\u00e8re immat\u00e9rielle, il offre une protection renforc\u00e9e contre le pi\u00e9geage des portes dans l'industrie des ascenseurs.<\/p>","protected":false},"featured_media":1245,"comment_status":"open","ping_status":"closed","template":"","meta":[],"product_cat":[46],"product_tag":[],"class_list":{"0":"post-1993","1":"product","2":"type-product","3":"status-publish","4":"has-post-thumbnail","6":"product_cat-lift-infrared-sensor","8":"first","9":"instock","10":"shipping-taxable","11":"product-type-simple"},"jetpack_sharing_enabled":true,"_links":{"self":[{"href":"https:\/\/elevatorlightcurtains.com\/fr\/wp-json\/wp\/v2\/product\/1993","targetHints":{"allow":["GET"]}}],"collection":[{"href":"https:\/\/elevatorlightcurtains.com\/fr\/wp-json\/wp\/v2\/product"}],"about":[{"href":"https:\/\/elevatorlightcurtains.com\/fr\/wp-json\/wp\/v2\/types\/product"}],"replies":[{"embeddable":true,"href":"https:\/\/elevatorlightcurtains.com\/fr\/wp-json\/wp\/v2\/comments?post=1993"}],"wp:featuredmedia":[{"embeddable":true,"href":"https:\/\/elevatorlightcurtains.com\/fr\/wp-json\/wp\/v2\/media\/1245"}],"wp:attachment":[{"href":"https:\/\/elevatorlightcurtains.com\/fr\/wp-json\/wp\/v2\/media?parent=1993"}],"wp:term":[{"taxonomy":"product_cat","embeddable":true,"href":"https:\/\/elevatorlightcurtains.com\/fr\/wp-json\/wp\/v2\/product_cat?post=1993"},{"taxonomy":"product_tag","embeddable":true,"href":"https:\/\/elevatorlightcurtains.com\/fr\/wp-json\/wp\/v2\/product_tag?post=1993"}],"curies":[{"name":"wp","href":"https:\/\/api.w.org\/{rel}","templated":true}]}}