{"id":1988,"date":"2025-01-05T07:16:35","date_gmt":"2025-01-05T07:16:35","guid":{"rendered":"https:\/\/elevatorlightcurtains.com\/?post_type=product&#038;p=1988"},"modified":"2025-02-08T06:12:17","modified_gmt":"2025-02-08T06:12:17","slug":"elevator-door-system-light-curtain-by-weco-2000mm-dc24v","status":"publish","type":"product","link":"https:\/\/elevatorlightcurtains.com\/fr\/produit\/elevator-door-system-light-curtain-by-weco-2000mm-dc24v\/","title":{"rendered":"Rideau lumineux pour syst\u00e8me de porte d'ascenseur par Weco 2000mm DC24V"},"content":{"rendered":"<p><strong>Rideau lumineux pour syst\u00e8me de porte d'ascenseur par Weco<\/strong><\/p>\n<p>La barri\u00e8re immat\u00e9rielle du syst\u00e8me de porte d'ascenseur de Weco est un composant crucial con\u00e7u pour am\u00e9liorer la s\u00e9curit\u00e9 et l'efficacit\u00e9 des op\u00e9rations d'ascenseur. Gr\u00e2ce \u00e0 sa technologie de pointe, ce syst\u00e8me joue un r\u00f4le essentiel dans la fluidit\u00e9 du flux des passagers et la r\u00e9duction des accidents en d\u00e9tectant les obstructions \u00e0 l'entr\u00e9e de l'ascenseur. Il est reconnu dans l'industrie pour sa fiabilit\u00e9 et son efficacit\u00e9 dans divers environnements commerciaux et r\u00e9sidentiels. En tant que produit fi\u00e8rement fabriqu\u00e9 en Chine, Weco est une usine et un producteur de premier plan sur le march\u00e9 des \u00e9quipements de s\u00e9curit\u00e9 pour ascenseurs.<\/p>\n<p><strong>Caract\u00e9ristiques principales<\/strong><\/p>\n<p>La barri\u00e8re immat\u00e9rielle du syst\u00e8me de porte d'ascenseur pr\u00e9sente plusieurs caract\u00e9ristiques avanc\u00e9es qui la distinguent des autres options disponibles sur le march\u00e9. Dot\u00e9 d'une technologie infrarouge de pointe, il d\u00e9tecte efficacement tout objet ou individu se trouvant dans l'embrasure de la porte, \u00e9vitant ainsi les fermetures accidentelles. L'appareil est con\u00e7u avec des mat\u00e9riaux de haute qualit\u00e9, ce qui garantit sa durabilit\u00e9 et sa r\u00e9sistance aux facteurs environnementaux. Con\u00e7u pour une installation facile, ce syst\u00e8me fonctionne parfaitement avec diff\u00e9rents mod\u00e8les d'ascenseurs. Pour les entreprises \u00e0 la recherche de solutions compl\u00e8tes, nos solutions de capteurs de porte d'ascenseur sont d\u00e9crites plus en d\u00e9tail dans cette section. <a href=\"https:\/\/elevatorlightcurtains.com\/fr\/.com\/produit\/elevator-door-sensor-solution\/\">solution pour les capteurs de porte d'ascenseur<\/a>.<\/p>\n<p><strong>Avantages<\/strong><\/p>\n<p>L'utilisation de la barri\u00e8re immat\u00e9rielle du syst\u00e8me de porte d'ascenseur apporte des avantages substantiels aux utilisateurs, notamment une s\u00e9curit\u00e9 accrue pour les passagers et une diminution de la responsabilit\u00e9 pour les propri\u00e9taires. L'efficacit\u00e9 de ce syst\u00e8me se traduit directement par une r\u00e9duction des temps d'attente et une am\u00e9lioration de l'exp\u00e9rience des utilisateurs, ce qui en fait un ajout rentable \u00e0 toute installation. La capacit\u00e9 de l'unit\u00e9 \u00e0 pr\u00e9venir les blessures permet non seulement de renforcer la confiance des clients, mais aussi d'am\u00e9liorer consid\u00e9rablement les r\u00e9sultats op\u00e9rationnels.<\/p>\n<p><strong>Applications<\/strong><\/p>\n<p>Ce syst\u00e8me de rideau lumineux peut \u00eatre utilis\u00e9 efficacement dans une vari\u00e9t\u00e9 de contextes, y compris les immeubles r\u00e9sidentiels, les complexes de bureaux, les h\u00f4pitaux et les centres de transport public. Il est particuli\u00e8rement utile dans les zones \u00e0 fort trafic o\u00f9 la s\u00e9curit\u00e9 des passagers est primordiale. L'\u00e9tude de sa mise en \u0153uvre dans les environnements hospitaliers, par exemple, peut \u00eatre approfondie gr\u00e2ce \u00e0 nos informations sp\u00e9cifiques sur <a href=\"https:\/\/elevatorlightcurtains.com\/fr\/.com\/produit\/infrared-door-detector-elevator-passenger-hospital\/\">d\u00e9tecteur infrarouge de porte dans les h\u00f4pitaux<\/a>.<\/p>\n<p><strong>Diff\u00e9renciation et avantages<\/strong><\/p>\n<p>Ce qui distingue la barri\u00e8re immat\u00e9rielle du syst\u00e8me de porte d'ascenseur de ses concurrents, c'est non seulement sa fonctionnalit\u00e9 exceptionnelle, mais aussi son mod\u00e8le de prix rentable. En tant que producteur et exportateur OEM, ce produit est disponible pour des achats en gros et des options de vente en gros, ce qui permet aux entreprises de profiter de prix de gros qui permettent de r\u00e9aliser des \u00e9conomies substantielles. Cette int\u00e9gration de prix comp\u00e9titifs et d'une qualit\u00e9 exceptionnelle fait de Weco un fournisseur privil\u00e9gi\u00e9 parmi les fabricants de l'industrie des \u00e9quipements de s\u00e9curit\u00e9 pour ascenseurs. Par rapport \u00e0 d'autres mod\u00e8les, notre syst\u00e8me garantit des capacit\u00e9s de d\u00e9tection sup\u00e9rieures et une dur\u00e9e de vie plus longue, assurant le maintien des normes de s\u00e9curit\u00e9 sans compromis. Pour des alternatives plus comp\u00e9titives, notre gamme comprend des produits sp\u00e9cialis\u00e9s adapt\u00e9s \u00e0 des besoins distincts, tels que le <a href=\"https:\/\/elevatorlightcurtains.com\/fr\/.com\/produit\/elevator-door-detection-system\/\">syst\u00e8me de d\u00e9tection de porte d'ascenseur<\/a>.<\/p>\n<p>En conclusion, lorsque vous recherchez un syst\u00e8me de porte d'ascenseur fiable et performant, le choix de la barri\u00e8re immat\u00e9rielle pour syst\u00e8me de porte d'ascenseur de Weco renforce non seulement la s\u00e9curit\u00e9, mais vous positionne \u00e9galement en tant que leader dans l'adoption d'une technologie avanc\u00e9e dans la gestion des ascenseurs. Assurez-vous que vos installations sont \u00e9quip\u00e9es du meilleur en collaborant avec un fabricant r\u00e9put\u00e9 qui donne la priorit\u00e9 \u00e0 la qualit\u00e9 et \u00e0 la satisfaction du client.<\/p>\n<div style=\"justify-content: space - between; align-items: stretch;\">\n<figure id=\"attachment_1527\" class=\"wp-caption alignnone\" style=\"width: 911px;\"><img data-recalc-dims=\"1\" fetchpriority=\"high\" decoding=\"async\" class=\"alignnone wp-image-1917\" src=\"https:\/\/i0.wp.com\/elevatorlightcurtains.com\/wp-content\/uploads\/2025\/01\/weco-elevator-light-curtain.webp?resize=800%2C1037&#038;ssl=1\" alt=\"\" width=\"800\" height=\"1037\" srcset=\"https:\/\/i0.wp.com\/elevatorlightcurtains.com\/wp-content\/uploads\/2025\/01\/weco-elevator-light-curtain.webp?w=1000&amp;ssl=1 1000w, https:\/\/i0.wp.com\/elevatorlightcurtains.com\/wp-content\/uploads\/2025\/01\/weco-elevator-light-curtain.webp?resize=231%2C300&amp;ssl=1 231w, https:\/\/i0.wp.com\/elevatorlightcurtains.com\/wp-content\/uploads\/2025\/01\/weco-elevator-light-curtain.webp?resize=789%2C1024&amp;ssl=1 789w, https:\/\/i0.wp.com\/elevatorlightcurtains.com\/wp-content\/uploads\/2025\/01\/weco-elevator-light-curtain.webp?resize=768%2C997&amp;ssl=1 768w, https:\/\/i0.wp.com\/elevatorlightcurtains.com\/wp-content\/uploads\/2025\/01\/weco-elevator-light-curtain.webp?resize=9%2C12&amp;ssl=1 9w, https:\/\/i0.wp.com\/elevatorlightcurtains.com\/wp-content\/uploads\/2025\/01\/weco-elevator-light-curtain.webp?resize=600%2C779&amp;ssl=1 600w\" sizes=\"(max-width: 800px) 100vw, 800px\" \/><\/figure>\n<p><img data-recalc-dims=\"1\" decoding=\"async\" class=\"alignnone size-full wp-image-1519\" style=\"width: 48%; height: auto;\" src=\"https:\/\/i0.wp.com\/elevatorlightcurtains.com\/wp-content\/uploads\/2025\/01\/%E5%BE%AE%E4%BF%A1%E5%9B%BE%E7%89%87_20230714163000%20-%20scaled.jpg?w=800&#038;ssl=1\" alt=\"\" \/><\/p>\n<\/div>\n<p>&nbsp;<\/p>\n<h2 id=\"faqs-for-elevator-door-system\">FAQ pour le syst\u00e8me de porte d'ascenseur :<\/h2>\n<h3 id=\"what-is-an-elevator-light-curtain\">Qu'est-ce qu'un rideau lumineux d'ascenseur ?<\/h3>\n<p>Une barri\u00e8re immat\u00e9rielle d'ascenseur est un dispositif de s\u00e9curit\u00e9 install\u00e9 sur les portes d'ascenseur pour d\u00e9tecter les obstructions dans l'embrasure de la porte. Il se compose de faisceaux infrarouges qui cr\u00e9ent un rideau invisible, d\u00e9clenchant la r\u00e9ouverture des portes si les faisceaux sont interrompus. Ce dispositif permet de pr\u00e9venir les accidents et d'assurer la s\u00e9curit\u00e9 des passagers en r\u00e9agissant rapidement \u00e0 la pr\u00e9sence d'objets ou d'individus sur le passage de la porte.<\/p>\n<h3 id=\"what-is-the-purpose-of-an-elevator-door-sensor\">\u00c0 quoi sert un capteur de porte d'ascenseur ?<\/h3>\n<p>Un capteur de porte d'ascenseur est un composant essentiel du syst\u00e8me de porte d'ascenseur qui d\u00e9tecte la pr\u00e9sence d'objets ou d'individus sur le chemin de la porte. Il garantit un fonctionnement s\u00fbr en emp\u00eachant les portes de se fermer si un obstacle est d\u00e9tect\u00e9, r\u00e9duisant ainsi le risque d'accidents et de blessures. Le capteur aide \u00e0 maintenir un fonctionnement fluide et efficace de l'ascenseur tout en donnant la priorit\u00e9 \u00e0 la s\u00e9curit\u00e9 des passagers.<\/p>\n<h3 id=\"what-kind-of-doors-are-used-in-elevator-systems\">Quels types de portes sont utilis\u00e9s dans les syst\u00e8mes d'ascenseurs ?<\/h3>\n<p>Les portes d'ascenseur sont g\u00e9n\u00e9ralement con\u00e7ues comme des portes coulissantes verticales ou des portes horizontales \u00e0 deux battants, selon le type de syst\u00e8me d'ascenseur. Les portes coulissantes verticales sont couramment utilis\u00e9es dans les ascenseurs modernes, car elles permettent d'\u00e9conomiser de l'espace et offrent un design \u00e9l\u00e9gant. Les portes \u00e0 deux battants s'ouvrent horizontalement, offrant une entr\u00e9e plus large pour l'accessibilit\u00e9. Les deux types de portes peuvent \u00eatre \u00e9quip\u00e9s de dispositifs de s\u00e9curit\u00e9 tels que des barri\u00e8res immat\u00e9rielles et des capteurs pour am\u00e9liorer la s\u00e9curit\u00e9 des passagers.<\/p>\n<h3 id=\"how-is-the-installation-process-for-an-elevator-door-system\">Comment se d\u00e9roule l'installation d'un syst\u00e8me de porte d'ascenseur ?<\/h3>\n<p>L'installation d'un syst\u00e8me de porte d'ascenseur comporte une s\u00e9rie d'\u00e9tapes visant \u00e0 garantir le bon fonctionnement et la s\u00e9curit\u00e9. Elle comprend le montage des portes, l'activation des capteurs, le calibrage du rideau lumineux et le test de la r\u00e9activit\u00e9 du syst\u00e8me. Il est recommand\u00e9 de confier l'installation \u00e0 des techniciens qualifi\u00e9s pour garantir la conformit\u00e9 aux r\u00e8gles de s\u00e9curit\u00e9 et des performances optimales. Une installation correcte est essentielle pour assurer le fonctionnement fiable et la long\u00e9vit\u00e9 du syst\u00e8me de porte d'ascenseur.<\/p>\n<h3 id=\"what-is-the-typical-cost-associated-with-installing-an-elevator-door-system\">Quel est le co\u00fbt typique de l'installation d'un syst\u00e8me de porte d'ascenseur ?<\/h3>\n<p>Le co\u00fbt de l'installation d'un syst\u00e8me de porte d'ascenseur peut varier en fonction de facteurs tels que le type de portes, les capteurs, les barri\u00e8res immat\u00e9rielles et la complexit\u00e9 de l'installation. Il est recommand\u00e9 d'obtenir des devis aupr\u00e8s de fournisseurs de syst\u00e8mes de portes d'ascenseurs r\u00e9put\u00e9s afin d'\u00e9valuer les exigences sp\u00e9cifiques de votre b\u00e2timent. M\u00eame si les co\u00fbts peuvent varier, il est essentiel d'investir dans un syst\u00e8me de portes d'ascenseur de haute qualit\u00e9 et ax\u00e9 sur la s\u00e9curit\u00e9 pour assurer un fonctionnement fiable et la s\u00e9curit\u00e9 des passagers.<\/p>","protected":false},"excerpt":{"rendered":"<p>La barri\u00e8re immat\u00e9rielle pour syst\u00e8mes de portes d'ascenseur de Weco est con\u00e7ue pour am\u00e9liorer la s\u00e9curit\u00e9 et l'efficacit\u00e9 op\u00e9rationnelle des syst\u00e8mes d'ascenseur. Compacte et l\u00e9g\u00e8re, elle est id\u00e9ale pour les applications d'ascenseurs r\u00e9sidentiels et commerciaux. Dot\u00e9e d'une technologie avanc\u00e9e de d\u00e9tection de la lumi\u00e8re, elle offre une meilleure d\u00e9tection des passagers pour la pr\u00e9vention des accidents li\u00e9s aux portes dans l'industrie des ascenseurs.<\/p>","protected":false},"featured_media":1245,"comment_status":"open","ping_status":"closed","template":"","meta":[],"product_cat":[46],"product_tag":[],"class_list":{"0":"post-1988","1":"product","2":"type-product","3":"status-publish","4":"has-post-thumbnail","6":"product_cat-lift-infrared-sensor","8":"first","9":"instock","10":"shipping-taxable","11":"product-type-simple"},"jetpack_sharing_enabled":true,"_links":{"self":[{"href":"https:\/\/elevatorlightcurtains.com\/fr\/wp-json\/wp\/v2\/product\/1988","targetHints":{"allow":["GET"]}}],"collection":[{"href":"https:\/\/elevatorlightcurtains.com\/fr\/wp-json\/wp\/v2\/product"}],"about":[{"href":"https:\/\/elevatorlightcurtains.com\/fr\/wp-json\/wp\/v2\/types\/product"}],"replies":[{"embeddable":true,"href":"https:\/\/elevatorlightcurtains.com\/fr\/wp-json\/wp\/v2\/comments?post=1988"}],"wp:featuredmedia":[{"embeddable":true,"href":"https:\/\/elevatorlightcurtains.com\/fr\/wp-json\/wp\/v2\/media\/1245"}],"wp:attachment":[{"href":"https:\/\/elevatorlightcurtains.com\/fr\/wp-json\/wp\/v2\/media?parent=1988"}],"wp:term":[{"taxonomy":"product_cat","embeddable":true,"href":"https:\/\/elevatorlightcurtains.com\/fr\/wp-json\/wp\/v2\/product_cat?post=1988"},{"taxonomy":"product_tag","embeddable":true,"href":"https:\/\/elevatorlightcurtains.com\/fr\/wp-json\/wp\/v2\/product_tag?post=1988"}],"curies":[{"name":"wp","href":"https:\/\/api.w.org\/{rel}","templated":true}]}}