{"id":1987,"date":"2025-01-05T07:16:33","date_gmt":"2025-01-05T07:16:33","guid":{"rendered":"https:\/\/elevatorlightcurtains.com\/?post_type=product&#038;p=1987"},"modified":"2025-02-08T05:47:25","modified_gmt":"2025-02-08T05:47:25","slug":"microwave-motion-sensor-sliding-door-activation","status":"publish","type":"product","link":"https:\/\/elevatorlightcurtains.com\/fr\/produit\/microwave-motion-sensor-sliding-door-activation\/","title":{"rendered":"D\u00e9tecteur de mouvement \u00e0 micro-ondes pour l'activation automatique des portes coulissantes WECO917A"},"content":{"rendered":"<p><strong>D\u00e9tecteur de mouvement \u00e0 micro-ondes pour l'activation automatique des portes coulissantes<\/strong><\/p>\n<p>Dans le monde d'aujourd'hui, o\u00f9 tout va tr\u00e8s vite, il est essentiel d'assurer une entr\u00e9e et une sortie sans heurts par des portes coulissantes automatiques pour am\u00e9liorer l'accessibilit\u00e9, l'efficacit\u00e9 et la s\u00e9curit\u00e9 dans divers environnements. Le d\u00e9tecteur de mouvement hyperfr\u00e9quence pour l'activation automatique des portes coulissantes fait partie int\u00e9grante de la conception architecturale moderne et joue un r\u00f4le essentiel pour rendre les espaces publics plus accueillants tout en garantissant la commodit\u00e9 des utilisateurs.<\/p>\n<p><strong>Caract\u00e9ristiques principales<\/strong><\/p>\n<p>Ce d\u00e9tecteur de mouvement avanc\u00e9 utilise une technologie \u00e0 micro-ondes de pointe pour d\u00e9tecter les mouvements avec pr\u00e9cision. Il est construit avec des mat\u00e9riaux durables et de haute qualit\u00e9, con\u00e7us pour r\u00e9sister aux rigueurs d'une utilisation fr\u00e9quente, ce qui en fait un choix exceptionnel pour les environnements commerciaux et r\u00e9sidentiels. La sensibilit\u00e9 du capteur peut \u00eatre facilement r\u00e9gl\u00e9e, ce qui permet de personnaliser les plages de d\u00e9tection en fonction des besoins sp\u00e9cifiques de l'application. Gr\u00e2ce \u00e0 sa faible consommation d'\u00e9nergie, ce capteur repr\u00e9sente une solution de pointe en mati\u00e8re d'efficacit\u00e9 \u00e9nerg\u00e9tique.<\/p>\n<p><strong>Avantages<\/strong><\/p>\n<p>L'utilisation du d\u00e9tecteur de mouvement \u00e0 micro-ondes am\u00e9liore non seulement l'exp\u00e9rience de l'utilisateur, mais maximise \u00e9galement la s\u00e9curit\u00e9 en \u00e9vitant les accidents aux entr\u00e9es. Les utilisateurs b\u00e9n\u00e9ficieront de ses capacit\u00e9s de r\u00e9ponse imm\u00e9diate, garantissant que les portes s'ouvrent rapidement pour les pi\u00e9tons qui arrivent, minimisant ainsi les temps d'attente et am\u00e9liorant le flux de circulation. En termes de fiabilit\u00e9 et de performances, ce produit garantit une long\u00e9vit\u00e9 et une maintenance minimale, ce qui permet de r\u00e9aliser des \u00e9conomies au fil du temps en r\u00e9duisant le besoin de remplacements fr\u00e9quents. Ses capacit\u00e9s OEM et son potentiel d'achat en gros en font une solution comp\u00e9titive pour les fournisseurs et les fabricants qui cherchent \u00e0 am\u00e9liorer leur offre de produits \u00e0 des prix de gros et de gros.<\/p>\n<p><strong>Applications<\/strong><\/p>\n<p>La polyvalence du d\u00e9tecteur de mouvement \u00e0 micro-ondes lui permet d'\u00eatre utilis\u00e9 efficacement dans un large \u00e9ventail de contextes, des centres commerciaux aux immeubles de bureaux en passant par les h\u00f4pitaux et les propri\u00e9t\u00e9s r\u00e9sidentielles. Sa capacit\u00e9 \u00e0 fonctionner de mani\u00e8re transparente dans diff\u00e9rentes conditions d'\u00e9clairage en fait un choix privil\u00e9gi\u00e9 pour les zones tr\u00e8s fr\u00e9quent\u00e9es n\u00e9cessitant une surveillance efficace, comme celles que l'on trouve dans les centres de transport public ou les \u00e9tablissements commerciaux.<\/p>\n<p>Pour ceux qui souhaitent explorer d'autres options de solutions de d\u00e9tection de mouvement de qualit\u00e9, il convient de consulter une gamme compl\u00e8te de produits connexes, tels que <a href=\"https:\/\/elevatorlightcurtains.com\/fr\/.com\/produit\/elevator-door-sensor-solution\/\">solutions pour les capteurs de porte d'ascenseur<\/a>ou en savoir plus sur <a href=\"https:\/\/elevatorlightcurtains.com\/fr\/.com\/produit\/elevator-door-detector-light-curtain-parts\/\">d\u00e9tecteurs de porte d'ascenseur<\/a> qui offrent des capacit\u00e9s de d\u00e9tection avanc\u00e9es.<\/p>\n<p><strong>Diff\u00e9renciation et avantages<\/strong><\/p>\n<p>Ce d\u00e9tecteur de mouvement \u00e0 micro-ondes se distingue des autres produits du march\u00e9 en offrant une fiabilit\u00e9 et des performances exceptionnelles adapt\u00e9es aux portes coulissantes automatiques. Par rapport \u00e0 d'autres capteurs, la technologie avanc\u00e9e de notre produit garantit une pr\u00e9cision et une port\u00e9e de d\u00e9tection sup\u00e9rieures, ouvrant la voie \u00e0 des op\u00e9rations plus s\u00fbres et plus efficaces. De plus, en tant que fournisseur et fabricant fiable bas\u00e9 en Chine, nous offrons des prix comp\u00e9titifs pour les achats en gros, ce qui permet aux entreprises de se procurer des capteurs de qualit\u00e9 \u00e0 des prix r\u00e9duits sans compromettre les performances.<\/p>\n<p>En conclusion, le choix de notre d\u00e9tecteur de mouvement \u00e0 micro-ondes pour l'activation automatique des portes coulissantes am\u00e9liore non seulement l'exp\u00e9rience et la s\u00e9curit\u00e9 de l'utilisateur, mais constitue \u00e9galement un compl\u00e9ment rentable et fiable pour toute entreprise cherchant \u00e0 am\u00e9liorer l'accessibilit\u00e9 et l'efficacit\u00e9 de ses op\u00e9rations de construction. En tant qu'exportateur de confiance, nous accueillons volontiers les demandes de renseignements concernant les possibilit\u00e9s d'OEM et d'achat en gros, afin de garantir \u00e0 votre entreprise la meilleure qualit\u00e9 et le meilleur service.<\/p>\n<div style=\"justify-content: space - between; align-items: stretch;\">\n<figure id=\"attachment_1527\" class=\"wp-caption alignnone\" style=\"width: 911px;\"><img data-recalc-dims=\"1\" fetchpriority=\"high\" decoding=\"async\" class=\"alignnone wp-image-1917\" src=\"https:\/\/i0.wp.com\/elevatorlightcurtains.com\/wp-content\/uploads\/2025\/01\/weco-elevator-light-curtain.webp?resize=800%2C1037&#038;ssl=1\" alt=\"\" width=\"800\" height=\"1037\" srcset=\"https:\/\/i0.wp.com\/elevatorlightcurtains.com\/wp-content\/uploads\/2025\/01\/weco-elevator-light-curtain.webp?w=1000&amp;ssl=1 1000w, https:\/\/i0.wp.com\/elevatorlightcurtains.com\/wp-content\/uploads\/2025\/01\/weco-elevator-light-curtain.webp?resize=231%2C300&amp;ssl=1 231w, https:\/\/i0.wp.com\/elevatorlightcurtains.com\/wp-content\/uploads\/2025\/01\/weco-elevator-light-curtain.webp?resize=789%2C1024&amp;ssl=1 789w, https:\/\/i0.wp.com\/elevatorlightcurtains.com\/wp-content\/uploads\/2025\/01\/weco-elevator-light-curtain.webp?resize=768%2C997&amp;ssl=1 768w, https:\/\/i0.wp.com\/elevatorlightcurtains.com\/wp-content\/uploads\/2025\/01\/weco-elevator-light-curtain.webp?resize=9%2C12&amp;ssl=1 9w, https:\/\/i0.wp.com\/elevatorlightcurtains.com\/wp-content\/uploads\/2025\/01\/weco-elevator-light-curtain.webp?resize=600%2C779&amp;ssl=1 600w\" sizes=\"(max-width: 800px) 100vw, 800px\" \/><\/figure>\n<p><img data-recalc-dims=\"1\" decoding=\"async\" class=\"alignnone size-full wp-image-1519\" style=\"width: 48%; height: auto;\" src=\"https:\/\/i0.wp.com\/elevatorlightcurtains.com\/wp-content\/uploads\/2025\/01\/%E5%BE%AE%E4%BF%A1%E5%9B%BE%E7%89%87_20230714163000%20-%20scaled.jpg?w=800&#038;ssl=1\" alt=\"\" \/><\/p>\n<\/div>\n<p>&nbsp;<\/p>\n<h2 id=\"faqs-for-motion-sensor\uff1a\">FAQ pour \"D\u00e9tecteur de mouvement\"\uff1a<\/h2>\n<h3 id=\"what-are-the-disadvantages-of-microwave-motion-sensors\">Quels sont les inconv\u00e9nients des d\u00e9tecteurs de mouvement \u00e0 micro-ondes ?<\/h3>\n<p>Les d\u00e9tecteurs de mouvement \u00e0 micro-ondes peuvent parfois \u00eatre d\u00e9clench\u00e9s par des mouvements non humains tels que des d\u00e9bris souffl\u00e9s ou de petits animaux, ce qui entra\u00eene de fausses activations. En outre, leur fonctionnement peut n\u00e9cessiter plus d'\u00e9nergie que celui d'autres types de d\u00e9tecteurs de mouvement, ce qui peut avoir une incidence sur l'efficacit\u00e9 \u00e9nerg\u00e9tique. Dans certains environnements pr\u00e9sentant des niveaux \u00e9lev\u00e9s d'interf\u00e9rences \u00e9lectromagn\u00e9tiques, les capteurs \u00e0 micro-ondes peuvent \u00e9galement subir des interf\u00e9rences, ce qui affecte leur pr\u00e9cision.<\/p>\n<h3 id=\"how-to-adjust-automatic-sliding-door-sensor\">Comment r\u00e9gler le capteur de la porte coulissante automatique ?<\/h3>\n<p>Pour r\u00e9gler un capteur de porte coulissante automatique, rep\u00e9rez les param\u00e8tres de r\u00e9glage de la sensibilit\u00e9 et de la port\u00e9e sur le dispositif du capteur. En ajustant soigneusement ces param\u00e8tres, vous pouvez personnaliser la plage de d\u00e9tection et la r\u00e9activit\u00e9 du capteur en fonction de vos besoins sp\u00e9cifiques. Il est important de consulter le manuel du capteur pour obtenir des instructions d\u00e9taill\u00e9es sur le r\u00e9glage de ces param\u00e8tres afin de garantir le bon fonctionnement et les performances optimales de la porte coulissante automatique.<\/p>\n<h3 id=\"what-triggers-microwave-sensors\">Qu'est-ce qui d\u00e9clenche les capteurs \u00e0 micro-ondes ?<\/h3>\n<p>Les capteurs \u00e0 micro-ondes sont g\u00e9n\u00e9ralement d\u00e9clench\u00e9s par la d\u00e9tection d'un mouvement dans leur champ d'action. Ils \u00e9mettent des signaux micro-ondes et analysent les changements de fr\u00e9quence des signaux r\u00e9fl\u00e9chis lorsqu'un objet se d\u00e9place dans le champ de vision du capteur. Tout mouvement qui provoque une perturbation des signaux micro-ondes r\u00e9fl\u00e9chis, comme une personne qui marche ou un v\u00e9hicule qui passe, peut d\u00e9clencher l'action souhait\u00e9e, comme l'ouverture d'une porte ou l'allumage d'une lumi\u00e8re.<\/p>\n<h3 id=\"how-does-a-microwave-motion-sensor-work\">Comment fonctionne un d\u00e9tecteur de mouvement \u00e0 micro-ondes ?<\/h3>\n<p>Un d\u00e9tecteur de mouvement \u00e0 micro-ondes \u00e9met des impulsions \u00e0 micro-ondes de faible puissance et mesure les r\u00e9flexions de ces impulsions sur les objets environnants. Lorsqu'un objet se d\u00e9place dans la zone de d\u00e9tection du capteur, il provoque un changement dans la fr\u00e9quence des signaux r\u00e9fl\u00e9chis. Le capteur traite alors ces changements et active une r\u00e9ponse, comme l'ouverture d'une porte ou l'allumage d'une lumi\u00e8re. Ce processus permet aux capteurs de mouvement \u00e0 micro-ondes de d\u00e9tecter avec pr\u00e9cision les mouvements et de d\u00e9clencher des actions sp\u00e9cifiques en fonction des mouvements d\u00e9tect\u00e9s.<\/p>","protected":false},"excerpt":{"rendered":"<p>Le d\u00e9tecteur de mouvement \u00e0 micro-ondes pour l'activation automatique des portes coulissantes est con\u00e7u pour am\u00e9liorer l'accessibilit\u00e9 et la commodit\u00e9 des entr\u00e9es. Avec un design compact adapt\u00e9 \u00e0 diff\u00e9rentes tailles de portes, il est id\u00e9al pour les applications commerciales et r\u00e9sidentielles. Dot\u00e9 d'une technologie avanc\u00e9e de d\u00e9tection par micro-ondes, il offre une d\u00e9tection de mouvement fiable et pr\u00e9cise pour un fonctionnement transparent de la porte dans les environnements \u00e0 fort trafic.<\/p>","protected":false},"featured_media":1245,"comment_status":"open","ping_status":"closed","template":"","meta":[],"product_cat":[46],"product_tag":[],"class_list":{"0":"post-1987","1":"product","2":"type-product","3":"status-publish","4":"has-post-thumbnail","6":"product_cat-lift-infrared-sensor","8":"first","9":"instock","10":"shipping-taxable","11":"product-type-simple"},"jetpack_sharing_enabled":true,"_links":{"self":[{"href":"https:\/\/elevatorlightcurtains.com\/fr\/wp-json\/wp\/v2\/product\/1987","targetHints":{"allow":["GET"]}}],"collection":[{"href":"https:\/\/elevatorlightcurtains.com\/fr\/wp-json\/wp\/v2\/product"}],"about":[{"href":"https:\/\/elevatorlightcurtains.com\/fr\/wp-json\/wp\/v2\/types\/product"}],"replies":[{"embeddable":true,"href":"https:\/\/elevatorlightcurtains.com\/fr\/wp-json\/wp\/v2\/comments?post=1987"}],"wp:featuredmedia":[{"embeddable":true,"href":"https:\/\/elevatorlightcurtains.com\/fr\/wp-json\/wp\/v2\/media\/1245"}],"wp:attachment":[{"href":"https:\/\/elevatorlightcurtains.com\/fr\/wp-json\/wp\/v2\/media?parent=1987"}],"wp:term":[{"taxonomy":"product_cat","embeddable":true,"href":"https:\/\/elevatorlightcurtains.com\/fr\/wp-json\/wp\/v2\/product_cat?post=1987"},{"taxonomy":"product_tag","embeddable":true,"href":"https:\/\/elevatorlightcurtains.com\/fr\/wp-json\/wp\/v2\/product_tag?post=1987"}],"curies":[{"name":"wp","href":"https:\/\/api.w.org\/{rel}","templated":true}]}}