{"id":1986,"date":"2025-01-05T07:16:29","date_gmt":"2025-01-05T07:16:29","guid":{"rendered":"https:\/\/elevatorlightcurtains.com\/?post_type=product&#038;p=1986"},"modified":"2025-02-08T05:44:11","modified_gmt":"2025-02-08T05:44:11","slug":"elevator-safety-edge-bracket-detector-weco-systems","status":"publish","type":"product","link":"https:\/\/elevatorlightcurtains.com\/fr\/produit\/elevator-safety-edge-bracket-detector-weco-systems\/","title":{"rendered":"D\u00e9tecteur de bord de s\u00e9curit\u00e9 pour ascenseurs pour syst\u00e8mes Weco 220V"},"content":{"rendered":"<p><strong>D\u00e9tecteur de bord de s\u00e9curit\u00e9 pour ascenseurs pour les syst\u00e8mes Weco<\/strong><\/p>\n<p>Le d\u00e9tecteur de bord de s\u00e9curit\u00e9 pour ascenseur est un composant essentiel con\u00e7u pour am\u00e9liorer les caract\u00e9ristiques de s\u00e9curit\u00e9 des syst\u00e8mes d'ascenseurs, en particulier ceux qui sont int\u00e9gr\u00e9s aux syst\u00e8mes Weco. Ce dispositif de pointe garantit que le fonctionnement de la porte de l'ascenseur est s\u00fbr et fiable, ce qui r\u00e9duit consid\u00e9rablement le risque d'accident pendant le transport. En tant que produit haut de gamme <strong>fabricant<\/strong> et <strong>fournisseur<\/strong>Nous r\u00e9pondons aux besoins des entreprises qui recherchent des solutions de s\u00e9curit\u00e9 de haute qualit\u00e9, essentielles pour les ascenseurs commerciaux et r\u00e9sidentiels.<\/p>\n<p><strong>Caract\u00e9ristiques principales :<\/strong><\/p>\n<p>Notre d\u00e9tecteur de bord de s\u00e9curit\u00e9 pour ascenseurs est dot\u00e9 d'une s\u00e9rie de caract\u00e9ristiques avanc\u00e9es qui le distinguent sur le march\u00e9. Il int\u00e8gre une technologie de pointe qui offre des capacit\u00e9s de d\u00e9tection pr\u00e9cises, permettant ainsi des r\u00e9ponses imm\u00e9diates pour emp\u00eacher la fermeture des portes lorsqu'une obstruction est d\u00e9tect\u00e9e. Sa construction robuste garantit des performances durables, ce qui en fait un choix id\u00e9al pour tous les types d'installations. <strong>usine<\/strong> ou d'une installation \u00e0 la recherche de solutions fiables. Nos produits sont con\u00e7us pour garder <strong>OEM<\/strong> Les syst\u00e8mes d'ascenseurs sont con\u00e7us pour s'int\u00e9grer parfaitement aux syst\u00e8mes d'ascenseurs existants.<\/p>\n<p><strong>Avantages :<\/strong><\/p>\n<p>Investir dans le d\u00e9tecteur de bord de s\u00e9curit\u00e9 pour ascenseurs est un choix intelligent pour les entreprises soucieuses de s\u00e9curit\u00e9, de fiabilit\u00e9 et d'efficacit\u00e9. Le produit am\u00e9liore les r\u00e9sultats op\u00e9rationnels en minimisant les temps d'arr\u00eat et les co\u00fbts de r\u00e9paration potentiels associ\u00e9s aux accidents. En assurant une circulation fluide des pi\u00e9tons et des capacit\u00e9s de d\u00e9tection rapides, le syst\u00e8me favorise un environnement plus s\u00fbr pour les passagers. En tant qu'entreprise de confiance <strong>exportateur<\/strong>En outre, nous veillons \u00e0 ce que nos produits respectent des normes \u00e9lev\u00e9es en mati\u00e8re de qualit\u00e9 et de performance, ce qui permet \u00e0 nos clients d'acheter en toute tranquillit\u00e9.<\/p>\n<p><strong>Applications :<\/strong><\/p>\n<p>Le d\u00e9tecteur de bord de s\u00e9curit\u00e9 pour ascenseurs convient \u00e0 diverses applications, notamment aux b\u00e2timents commerciaux, aux complexes r\u00e9sidentiels et aux \u00e9tablissements de sant\u00e9. Sa capacit\u00e9 d'adaptation en fait un excellent choix pour tous les types d'applications, y compris les b\u00e2timents commerciaux, les complexes r\u00e9sidentiels et les \u00e9tablissements de sant\u00e9. <strong>commerce de gros<\/strong> qui cherche \u00e0 fournir des solutions de s\u00e9curit\u00e9 de haute qualit\u00e9 pour les installations d'ascenseurs. L'unit\u00e9 est sp\u00e9cialement con\u00e7ue pour fonctionner en toute transparence avec les syst\u00e8mes Weco, ce qui accro\u00eet encore son utilit\u00e9 dans divers contextes. Pour plus d'informations sur des produits similaires, nous vous invitons \u00e0 consulter notre site Web. <a href=\"https:\/\/elevatorlightcurtains.com\/fr\/.com\/produit\/passive-infrared-elevator-door-sensor\/\">Capteur passif infrarouge pour porte d'ascenseur<\/a> ou <a href=\"https:\/\/elevatorlightcurtains.com\/fr\/.com\/produit\/elevator-door-detection-system\/\">Syst\u00e8me de d\u00e9tection de porte d'ascenseur<\/a>.<\/p>\n<p><strong>Diff\u00e9renciation et avantages :<\/strong><\/p>\n<p>En ce qui concerne les solutions de s\u00e9curit\u00e9 pour les ascenseurs, notre produit se distingue par l'attention exceptionnelle qu'il porte \u00e0 la qualit\u00e9 et \u00e0 la fonctionnalit\u00e9. En tant que leader <strong>fournisseur de produits en vrac<\/strong>Nous offrons des prix comp\u00e9titifs <strong>prix en vrac<\/strong> qui font de notre d\u00e9tecteur de bords sensibles une alternative abordable aux produits similaires sur le march\u00e9. Nos produits sont fabriqu\u00e9s en <strong>Chine<\/strong>Les clients nous choisissent non seulement pour notre fiabilit\u00e9, mais aussi pour la qualit\u00e9 de nos produits et de nos services. Les clients nous choisissent non seulement pour notre fiabilit\u00e9 en tant que fournisseur, mais aussi pour la qualit\u00e9 de nos produits. <strong>producteur<\/strong> mais aussi pour notre engagement en mati\u00e8re de service \u00e0 la client\u00e8le, qui rend le processus d'achat et d'int\u00e9gration de nos produits efficace et sans probl\u00e8me.<\/p>\n<p>Am\u00e9liorez d\u00e8s aujourd'hui les normes de s\u00e9curit\u00e9 de votre \u00e9tablissement gr\u00e2ce \u00e0 notre d\u00e9tecteur de bord de s\u00e9curit\u00e9 pour ascenseur pour les syst\u00e8mes Weco et rejoignez les innombrables entreprises qui ont fait le choix judicieux de donner la priorit\u00e9 \u00e0 la s\u00e9curit\u00e9 et \u00e0 la qualit\u00e9 de leurs syst\u00e8mes d'ascenseur.<\/p>\n<div style=\"justify-content: space - between; align-items: stretch;\">\n<figure id=\"attachment_1527\" class=\"wp-caption alignnone\" style=\"width: 911px;\"><img data-recalc-dims=\"1\" fetchpriority=\"high\" decoding=\"async\" class=\"alignnone wp-image-1917\" src=\"https:\/\/i0.wp.com\/elevatorlightcurtains.com\/wp-content\/uploads\/2025\/01\/weco-elevator-light-curtain.webp?resize=800%2C1037&#038;ssl=1\" alt=\"\" width=\"800\" height=\"1037\" srcset=\"https:\/\/i0.wp.com\/elevatorlightcurtains.com\/wp-content\/uploads\/2025\/01\/weco-elevator-light-curtain.webp?w=1000&amp;ssl=1 1000w, https:\/\/i0.wp.com\/elevatorlightcurtains.com\/wp-content\/uploads\/2025\/01\/weco-elevator-light-curtain.webp?resize=231%2C300&amp;ssl=1 231w, https:\/\/i0.wp.com\/elevatorlightcurtains.com\/wp-content\/uploads\/2025\/01\/weco-elevator-light-curtain.webp?resize=789%2C1024&amp;ssl=1 789w, https:\/\/i0.wp.com\/elevatorlightcurtains.com\/wp-content\/uploads\/2025\/01\/weco-elevator-light-curtain.webp?resize=768%2C997&amp;ssl=1 768w, https:\/\/i0.wp.com\/elevatorlightcurtains.com\/wp-content\/uploads\/2025\/01\/weco-elevator-light-curtain.webp?resize=9%2C12&amp;ssl=1 9w, https:\/\/i0.wp.com\/elevatorlightcurtains.com\/wp-content\/uploads\/2025\/01\/weco-elevator-light-curtain.webp?resize=600%2C779&amp;ssl=1 600w\" sizes=\"(max-width: 800px) 100vw, 800px\" \/><\/figure>\n<p><img data-recalc-dims=\"1\" decoding=\"async\" class=\"alignnone size-full wp-image-1519\" style=\"width: 48%; height: auto;\" src=\"https:\/\/i0.wp.com\/elevatorlightcurtains.com\/wp-content\/uploads\/2025\/01\/%E5%BE%AE%E4%BF%A1%E5%9B%BE%E7%89%87_20230714163000%20-%20scaled.jpg?w=800&#038;ssl=1\" alt=\"\" \/><\/p>\n<\/div>\n<p>&nbsp;<\/p>\n<h2 id=\"faqs-for-elevator-safety-edge-bracket-detector\">FAQs pour le d\u00e9tecteur de bord de s\u00e9curit\u00e9 pour ascenseurs<\/h2>\n<h3 id=\"what-is-the-purpose-of-an-elevator-safety-edge-bracket-detector-for-weco-systems\">Quelle est l'utilit\u00e9 d'un d\u00e9tecteur de bord de s\u00e9curit\u00e9 d'ascenseur pour WECO Systems ?<\/h3>\n<p>Le d\u00e9tecteur d'ar\u00eates de s\u00e9curit\u00e9 pour ascenseurs de WECO Systems est con\u00e7u pour am\u00e9liorer la s\u00e9curit\u00e9 en d\u00e9tectant toute obstruction ou tout contact avec les ar\u00eates de la porte de l'ascenseur. Ce dispositif permet d'\u00e9viter les accidents en arr\u00eatant imm\u00e9diatement ou en inversant la direction de l'ascenseur d\u00e8s qu'il d\u00e9tecte une pression ou une obstruction sur les bords de la porte.<\/p>\n<h3 id=\"how-do-i-install-the-elevator-safety-edge-bracket-detector-for-weco-systems\">Comment installer le d\u00e9tecteur de bord de s\u00e9curit\u00e9 d'ascenseur pour WECO Systems ?<\/h3>\n<p>L'installation du d\u00e9tecteur de bord de s\u00e9curit\u00e9 pour ascenseur de WECO Systems consiste \u00e0 fixer solidement les supports du capteur le long des bords des portes de l'ascenseur. Des instructions d\u00e9taill\u00e9es peuvent \u00eatre trouv\u00e9es dans le manuel d'installation fourni par WECO Systems, assurant un alignement et une fonctionnalit\u00e9 corrects pour une performance de s\u00e9curit\u00e9 optimale.<\/p>\n<h3 id=\"what-is-the-cost-range-for-elevator-safety-edge-bracket-detectors-for-weco-systems\">Quelle est la fourchette de prix des d\u00e9tecteurs de bords de s\u00e9curit\u00e9 d'ascenseurs pour les syst\u00e8mes WECO ?<\/h3>\n<p>Le co\u00fbt des d\u00e9tecteurs de bords de s\u00e9curit\u00e9 pour ascenseurs de WECO Systems peut varier en fonction du mod\u00e8le, des caract\u00e9ristiques et de la quantit\u00e9 n\u00e9cessaire \u00e0 l'installation. Il est recommand\u00e9 de contacter WECO Systems directement ou ses distributeurs agr\u00e9\u00e9s pour obtenir des informations tarifaires adapt\u00e9es \u00e0 vos besoins.<\/p>\n<h3 id=\"where-can-i-find-the-manual-for-the-elevator-safety-edge-bracket-detector-for-weco-systems\">O\u00f9 puis-je trouver le manuel du d\u00e9tecteur d'ar\u00eates de s\u00e9curit\u00e9 pour ascenseurs de WECO Systems ?<\/h3>\n<p>Le manuel du d\u00e9tecteur de bord de s\u00e9curit\u00e9 d'ascenseur pour WECO Systems peut g\u00e9n\u00e9ralement \u00eatre obtenu sur le site Web du fabricant ou par l'interm\u00e9diaire de ses canaux d'assistance \u00e0 la client\u00e8le. Le manuel fournit des instructions d\u00e9taill\u00e9es sur les proc\u00e9dures d'installation, d'utilisation et d'entretien afin de garantir le bon fonctionnement et la s\u00e9curit\u00e9 de l'appareil.<\/p>","protected":false},"excerpt":{"rendered":"<p>Le d\u00e9tecteur de bord de s\u00e9curit\u00e9 pour ascenseurs de Weco Systems est con\u00e7u pour assurer la s\u00e9curit\u00e9 des syst\u00e8mes d'ascenseurs. Compact, il est id\u00e9al pour \u00eatre install\u00e9 dans les ascenseurs commerciaux et r\u00e9sidentiels. Dot\u00e9 d'une technologie de d\u00e9tection avanc\u00e9e, il offre une s\u00e9curit\u00e9 et une fiabilit\u00e9 accrues pour l'industrie des ascenseurs.<\/p>","protected":false},"featured_media":1248,"comment_status":"open","ping_status":"closed","template":"","meta":[],"product_cat":[46],"product_tag":[],"class_list":{"0":"post-1986","1":"product","2":"type-product","3":"status-publish","4":"has-post-thumbnail","6":"product_cat-lift-infrared-sensor","8":"first","9":"instock","10":"shipping-taxable","11":"product-type-simple"},"jetpack_sharing_enabled":true,"_links":{"self":[{"href":"https:\/\/elevatorlightcurtains.com\/fr\/wp-json\/wp\/v2\/product\/1986","targetHints":{"allow":["GET"]}}],"collection":[{"href":"https:\/\/elevatorlightcurtains.com\/fr\/wp-json\/wp\/v2\/product"}],"about":[{"href":"https:\/\/elevatorlightcurtains.com\/fr\/wp-json\/wp\/v2\/types\/product"}],"replies":[{"embeddable":true,"href":"https:\/\/elevatorlightcurtains.com\/fr\/wp-json\/wp\/v2\/comments?post=1986"}],"wp:featuredmedia":[{"embeddable":true,"href":"https:\/\/elevatorlightcurtains.com\/fr\/wp-json\/wp\/v2\/media\/1248"}],"wp:attachment":[{"href":"https:\/\/elevatorlightcurtains.com\/fr\/wp-json\/wp\/v2\/media?parent=1986"}],"wp:term":[{"taxonomy":"product_cat","embeddable":true,"href":"https:\/\/elevatorlightcurtains.com\/fr\/wp-json\/wp\/v2\/product_cat?post=1986"},{"taxonomy":"product_tag","embeddable":true,"href":"https:\/\/elevatorlightcurtains.com\/fr\/wp-json\/wp\/v2\/product_tag?post=1986"}],"curies":[{"name":"wp","href":"https:\/\/api.w.org\/{rel}","templated":true}]}}