{"id":1985,"date":"2025-01-05T07:16:28","date_gmt":"2025-01-05T07:16:28","guid":{"rendered":"https:\/\/elevatorlightcurtains.com\/?post_type=product&#038;p=1985"},"modified":"2025-02-08T05:11:28","modified_gmt":"2025-02-08T05:11:28","slug":"elevator-light-curtain-safety-system","status":"publish","type":"product","link":"https:\/\/elevatorlightcurtains.com\/fr\/produit\/elevator-light-curtain-safety-system\/","title":{"rendered":"Barri\u00e8re immat\u00e9rielle \u00e0 ouverture centrale pour syst\u00e8me de porte d'ascenseur 94beams"},"content":{"rendered":"<h3 id=\"center-opening-light-curtain-for-elevator-lift-door-system\"><strong>Barri\u00e8re immat\u00e9rielle \u00e0 ouverture centrale pour syst\u00e8me de porte d'ascenseur<\/strong><\/h3>\n<p>Les <strong>Barri\u00e8re immat\u00e9rielle \u00e0 ouverture centrale pour syst\u00e8me de porte d'ascenseur<\/strong> joue un r\u00f4le crucial dans la s\u00e9curit\u00e9 et l'efficacit\u00e9 du fonctionnement des ascenseurs. Ce m\u00e9canisme avanc\u00e9 de d\u00e9tection et de s\u00e9curit\u00e9 est con\u00e7u principalement pour \u00eatre utilis\u00e9 dans les ascenseurs. Il offre une protection vitale aux passagers lorsque les portes s'ouvrent et se ferment, ce qui permet d'\u00e9viter les accidents et d'am\u00e9liorer la s\u00e9curit\u00e9 g\u00e9n\u00e9rale.<\/p>\n<h3 id=\"key-features\"><strong>Caract\u00e9ristiques principales :<\/strong><\/h3>\n<p>La barri\u00e8re immat\u00e9rielle \u00e0 ouverture centrale int\u00e8gre une technologie de pointe pour offrir des performances in\u00e9gal\u00e9es. Son capteur infrarouge d\u00e9tecte les mouvements avec pr\u00e9cision, garantissant que si un passager se trouve sur le chemin, les portes de l'ascenseur resteront ouvertes, \u00e9vitant ainsi les blessures potentielles. Fabriqu\u00e9 \u00e0 partir de mat\u00e9riaux de haute qualit\u00e9, ce rideau lumineux est suffisamment robuste pour r\u00e9sister \u00e0 diverses conditions environnementales tout en conservant une fonctionnalit\u00e9 constante. En outre, il convient \u00e0 un large \u00e9ventail de configurations d'ascenseurs et est compatible avec diff\u00e9rents types de portes.<\/p>\n<p>Pour obtenir des exemples d\u00e9taill\u00e9s de produits similaires, vous pouvez explorer des options telles que la rubrique <a href=\"https:\/\/elevatorlightcurtains.com\/fr\/.com\/produit\/elevator-door-detector-light-curtain-parts\/\">d\u00e9tecteur de porte d'ascenseur pi\u00e8ces de rideau lumineux<\/a> et le <a href=\"https:\/\/elevatorlightcurtains.com\/fr\/.com\/produit\/infrared-door-detector-elevator-passenger-hospital\/\">D\u00e9tecteur de porte \u00e0 infrarouge pour les passagers des ascenseurs<\/a>.<\/p>\n<h3 id=\"benefits\"><strong>Avantages :<\/strong><\/h3>\n<p>L'utilisation de la barri\u00e8re immat\u00e9rielle \u00e0 ouverture centrale am\u00e9liore consid\u00e9rablement l'efficacit\u00e9 op\u00e9rationnelle et la s\u00e9curit\u00e9 des syst\u00e8mes d'ascenseurs. Sa capacit\u00e9 de r\u00e9action rapide signifie que le risque de pi\u00e9geage est consid\u00e9rablement r\u00e9duit, ce qui cr\u00e9e un environnement plus s\u00fbr pour tous les utilisateurs. La fiabilit\u00e9 est un autre avantage, car le produit est con\u00e7u pour durer, ce qui r\u00e9duit la fr\u00e9quence de l'entretien et des remplacements \u00e9ventuels. Cet aspect se traduit par des \u00e9conomies pour les exploitants d'installations qui peuvent acheter ces syst\u00e8mes en gros en vue d'une installation compl\u00e8te ou d'un r\u00e9am\u00e9nagement. Dans l'ensemble, les mesures de s\u00e9curit\u00e9 renforc\u00e9es et la durabilit\u00e9 du produit garantissent la confiance et la satisfaction des utilisateurs.<\/p>\n<h3 id=\"applications\"><strong>Applications :<\/strong><\/h3>\n<p>Ce syst\u00e8me innovant de rideau lumineux peut \u00eatre mis en \u0153uvre efficacement dans divers environnements, y compris les immeubles r\u00e9sidentiels, les complexes de bureaux, les h\u00f4pitaux et les espaces commerciaux. Il est particuli\u00e8rement utile dans les lieux tr\u00e8s fr\u00e9quent\u00e9s, o\u00f9 la s\u00e9curit\u00e9 et l'efficacit\u00e9 sont primordiales. Que vous soyez une usine, un producteur ou un fournisseur dans le secteur des ascenseurs, l'adoption de ce syst\u00e8me de rideau lumineux cr\u00e9era une norme de s\u00e9curit\u00e9 pour votre client\u00e8le.<\/p>\n<h3 id=\"differentiation--advantages\"><strong>Diff\u00e9renciation et avantages :<\/strong><\/h3>\n<p>La barri\u00e8re immat\u00e9rielle \u00e0 ouverture centrale se distingue de ses concurrents par sa conception cibl\u00e9e, con\u00e7ue pour faciliter l'installation et la maintenance. Contrairement \u00e0 d'autres syst\u00e8mes, cette barri\u00e8re est fournie avec des instructions conviviales, ce qui permet un d\u00e9ploiement rapide dans divers syst\u00e8mes d'ascenseurs. La compatibilit\u00e9 OEM offre aux clients la possibilit\u00e9 d'adapter le syst\u00e8me aux exigences particuli\u00e8res de leur projet. De plus, l'achat en gros permet d'obtenir des prix de gros, ce qui en fait une solution rentable pour les projets de grande envergure.<\/p>\n<p>En conclusion, pour les exploitants et les constructeurs d'ascenseurs, le choix d'une barri\u00e8re immat\u00e9rielle \u00e0 ouverture centrale pour le syst\u00e8me de porte d'ascenseur ne renforce pas seulement la s\u00e9curit\u00e9, mais garantit \u00e9galement des performances durables et efficaces. Pour plus d'informations sur des produits similaires, nous vous recommandons de consulter les sites suivants <a href=\"https:\/\/elevatorlightcurtains.com\/fr\/.com\/produit\/elevator-door-safety-detector-residential\/\">d\u00e9tecteur de s\u00e9curit\u00e9 pour porte d'ascenseur<\/a> et le <a href=\"https:\/\/elevatorlightcurtains.com\/fr\/.com\/produit\/elevator-door-sensor-solution\/\">solution pour les capteurs de porte d'ascenseur<\/a> pages.<\/p>\n<div style=\"justify-content: space - between; align-items: stretch;\">\n<figure id=\"attachment_1527\" class=\"wp-caption alignnone\" style=\"width: 911px;\"><img data-recalc-dims=\"1\" fetchpriority=\"high\" decoding=\"async\" class=\"alignnone wp-image-1917\" src=\"https:\/\/i0.wp.com\/elevatorlightcurtains.com\/wp-content\/uploads\/2025\/01\/weco-elevator-light-curtain.webp?resize=800%2C1037&#038;ssl=1\" alt=\"\" width=\"800\" height=\"1037\" srcset=\"https:\/\/i0.wp.com\/elevatorlightcurtains.com\/wp-content\/uploads\/2025\/01\/weco-elevator-light-curtain.webp?w=1000&amp;ssl=1 1000w, https:\/\/i0.wp.com\/elevatorlightcurtains.com\/wp-content\/uploads\/2025\/01\/weco-elevator-light-curtain.webp?resize=231%2C300&amp;ssl=1 231w, https:\/\/i0.wp.com\/elevatorlightcurtains.com\/wp-content\/uploads\/2025\/01\/weco-elevator-light-curtain.webp?resize=789%2C1024&amp;ssl=1 789w, https:\/\/i0.wp.com\/elevatorlightcurtains.com\/wp-content\/uploads\/2025\/01\/weco-elevator-light-curtain.webp?resize=768%2C997&amp;ssl=1 768w, https:\/\/i0.wp.com\/elevatorlightcurtains.com\/wp-content\/uploads\/2025\/01\/weco-elevator-light-curtain.webp?resize=9%2C12&amp;ssl=1 9w, https:\/\/i0.wp.com\/elevatorlightcurtains.com\/wp-content\/uploads\/2025\/01\/weco-elevator-light-curtain.webp?resize=600%2C779&amp;ssl=1 600w\" sizes=\"(max-width: 800px) 100vw, 800px\" \/><\/figure>\n<p><img data-recalc-dims=\"1\" decoding=\"async\" class=\"alignnone size-full wp-image-1519\" style=\"width: 48%; height: auto;\" src=\"https:\/\/i0.wp.com\/elevatorlightcurtains.com\/wp-content\/uploads\/2025\/01\/%E5%BE%AE%E4%BF%A1%E5%9B%BE%E7%89%87_20230714163000%20-%20scaled.jpg?w=800&#038;ssl=1\" alt=\"\" \/><\/p>\n<\/div>\n<p>&nbsp;<\/p>\n<h2 id=\"faqs-for-center-opening-light-curtain-for-elevator-lift-door-system\">FAQs pour Barri\u00e8re immat\u00e9rielle \u00e0 ouverture centrale pour syst\u00e8me de porte d'ascenseur d'ascenseur<\/h2>\n<h3 id=\"how-is-the-center-opening-light-curtain-for-elevator-lift-door-system-cost-determined\">Comment est d\u00e9termin\u00e9 le co\u00fbt du rideau lumineux \u00e0 ouverture centrale pour le syst\u00e8me de porte d'ascenseur ?<\/h3>\n<p>Le co\u00fbt d'un rideau lumineux \u00e0 ouverture centrale pour un syst\u00e8me de porte d'ascenseur est influenc\u00e9 par divers facteurs tels que la taille de l'ascenseur, la marque et la qualit\u00e9 du rideau lumineux, les caract\u00e9ristiques suppl\u00e9mentaires telles que les certifications de s\u00e9curit\u00e9, et la complexit\u00e9 de l'installation. Le co\u00fbt comprend g\u00e9n\u00e9ralement l'achat du syst\u00e8me de barri\u00e8re immat\u00e9rielle et les services d'installation professionnels. Pour obtenir une estimation pr\u00e9cise du co\u00fbt, il est recommand\u00e9 de demander des devis \u00e0 des fournisseurs en fonction de vos besoins sp\u00e9cifiques.<\/p>\n<h3 id=\"is-professional-installation-necessary-for-a-center-opening-light-curtain-in-an-elevator-lift-door-system\">Une installation professionnelle est-elle n\u00e9cessaire pour un rideau lumineux \u00e0 ouverture centrale dans un syst\u00e8me de porte d'ascenseur ?<\/h3>\n<p>Oui, l'installation par un professionnel est fortement recommand\u00e9e pour les barri\u00e8res lumineuses \u00e0 ouverture centrale dans les syst\u00e8mes de portes d'ascenseurs afin de garantir leur bon fonctionnement et leur s\u00e9curit\u00e9. L'installation d'une barri\u00e8re immat\u00e9rielle implique un positionnement, un alignement et un c\u00e2blage pr\u00e9cis pour garantir qu'elle fonctionne correctement en d\u00e9tectant les obstacles et en assurant la s\u00e9curit\u00e9 des passagers. Les installateurs professionnels poss\u00e8dent l'expertise et l'exp\u00e9rience n\u00e9cessaires pour installer la barri\u00e8re immat\u00e9rielle conform\u00e9ment aux sp\u00e9cifications du fabricant et aux r\u00e9glementations industrielles, ce qui r\u00e9duit le risque d'erreurs ou de dysfonctionnements.<\/p>\n<h3 id=\"how-does-a-center-opening-light-curtain-enhance-safety-in-an-elevator-lift-door-system\">Comment une barri\u00e8re immat\u00e9rielle \u00e0 ouverture centrale am\u00e9liore-t-elle la s\u00e9curit\u00e9 dans un syst\u00e8me de porte d'ascenseur ?<\/h3>\n<p>Un rideau lumineux \u00e0 ouverture centrale am\u00e9liore la s\u00e9curit\u00e9 dans un syst\u00e8me de porte d'ascenseur en servant de capteur sans contact qui d\u00e9tecte tout obstacle ou objet sur le chemin de la porte. Lorsqu'un obstacle est d\u00e9tect\u00e9, le rideau lumineux d\u00e9clenche l'ouverture ou la r\u00e9ouverture des portes, \u00e9vitant ainsi les accidents ou les blessures aux passagers qui entrent ou sortent de l'ascenseur. Le temps de r\u00e9ponse rapide de la barri\u00e8re immat\u00e9rielle contribue \u00e0 cr\u00e9er un fonctionnement s\u00fbr et efficace de l'ascenseur, conforme aux normes et r\u00e9glementations de s\u00e9curit\u00e9.<\/p>\n<h3 id=\"can-a-center-opening-light-curtain-be-customized-to-fit-specific-elevator-lift-door-system-requirements\">Une barri\u00e8re immat\u00e9rielle \u00e0 ouverture centrale peut-elle \u00eatre personnalis\u00e9e pour r\u00e9pondre aux exigences sp\u00e9cifiques d'un syst\u00e8me de porte d'ascenseur ?<\/h3>\n<p>Oui, les barri\u00e8res immat\u00e9rielles \u00e0 ouverture centrale pour les syst\u00e8mes de portes d'ascenseur peuvent \u00eatre personnalis\u00e9es pour r\u00e9pondre \u00e0 des besoins sp\u00e9cifiques. Les fabricants proposent souvent des options de personnalisation telles que le r\u00e9glage de la plage de d\u00e9tection, le nombre de faisceaux lumineux, le temps de r\u00e9ponse et les configurations de montage pour s'adapter aux dimensions et aux caract\u00e9ristiques uniques des diff\u00e9rentes portes d'ascenseur. En travaillant avec le fabricant ou le fournisseur, les concepteurs de syst\u00e8mes d'ascenseurs peuvent adapter les sp\u00e9cifications des barri\u00e8res immat\u00e9rielles afin de garantir des performances optimales et la compatibilit\u00e9 avec l'environnement d'installation sp\u00e9cifique.<\/p>","protected":false},"excerpt":{"rendered":"<p>La barri\u00e8re immat\u00e9rielle \u00e0 ouverture centrale pour syst\u00e8me de porte d'ascenseur est con\u00e7ue pour am\u00e9liorer la s\u00e9curit\u00e9 et pr\u00e9venir les accidents pendant les op\u00e9rations de la porte d'ascenseur. Compacte et l\u00e9g\u00e8re, elle est id\u00e9ale pour les syst\u00e8mes d'ascenseurs commerciaux et r\u00e9sidentiels. Dot\u00e9e d'une technologie de capteur avanc\u00e9e pour une d\u00e9tection pr\u00e9cise, elle offre une s\u00e9curit\u00e9 et une fiabilit\u00e9 accrues pour l'industrie des ascenseurs.<\/p>","protected":false},"featured_media":1245,"comment_status":"open","ping_status":"closed","template":"","meta":[],"product_cat":[46],"product_tag":[],"class_list":{"0":"post-1985","1":"product","2":"type-product","3":"status-publish","4":"has-post-thumbnail","6":"product_cat-lift-infrared-sensor","8":"first","9":"instock","10":"shipping-taxable","11":"product-type-simple"},"jetpack_sharing_enabled":true,"_links":{"self":[{"href":"https:\/\/elevatorlightcurtains.com\/fr\/wp-json\/wp\/v2\/product\/1985","targetHints":{"allow":["GET"]}}],"collection":[{"href":"https:\/\/elevatorlightcurtains.com\/fr\/wp-json\/wp\/v2\/product"}],"about":[{"href":"https:\/\/elevatorlightcurtains.com\/fr\/wp-json\/wp\/v2\/types\/product"}],"replies":[{"embeddable":true,"href":"https:\/\/elevatorlightcurtains.com\/fr\/wp-json\/wp\/v2\/comments?post=1985"}],"wp:featuredmedia":[{"embeddable":true,"href":"https:\/\/elevatorlightcurtains.com\/fr\/wp-json\/wp\/v2\/media\/1245"}],"wp:attachment":[{"href":"https:\/\/elevatorlightcurtains.com\/fr\/wp-json\/wp\/v2\/media?parent=1985"}],"wp:term":[{"taxonomy":"product_cat","embeddable":true,"href":"https:\/\/elevatorlightcurtains.com\/fr\/wp-json\/wp\/v2\/product_cat?post=1985"},{"taxonomy":"product_tag","embeddable":true,"href":"https:\/\/elevatorlightcurtains.com\/fr\/wp-json\/wp\/v2\/product_tag?post=1985"}],"curies":[{"name":"wp","href":"https:\/\/api.w.org\/{rel}","templated":true}]}}