{"id":1984,"date":"2025-01-05T07:16:24","date_gmt":"2025-01-05T07:16:24","guid":{"rendered":"https:\/\/elevatorlightcurtains.com\/?post_type=product&#038;p=1984"},"modified":"2025-01-15T07:38:00","modified_gmt":"2025-01-15T07:38:00","slug":"elevator-door-sensor-light-curtain-system-2","status":"publish","type":"product","link":"https:\/\/elevatorlightcurtains.com\/fr\/produit\/elevator-door-sensor-light-curtain-system-2\/","title":{"rendered":"Syst\u00e8me de contr\u00f4le d'ascenseur avec capteur de porte, rideau lumineux WECO 24V"},"content":{"rendered":"<h2 id=\"elevator-control-system-with-door-sensor-light-curtain\"><strong>Syst\u00e8me de contr\u00f4le des ascenseurs avec capteur de porte et barri\u00e8re immat\u00e9rielle<\/strong><\/h2>\n<p>Les <strong>Syst\u00e8me de contr\u00f4le des ascenseurs avec capteur de porte et barri\u00e8re immat\u00e9rielle<\/strong> est une solution de pointe con\u00e7ue pour am\u00e9liorer la s\u00e9curit\u00e9 et l'efficacit\u00e9 des op\u00e9rations d'ascenseur. Les ascenseurs font partie int\u00e9grante des b\u00e2timents modernes, et un syst\u00e8me avanc\u00e9 de capteurs de porte est essentiel pour assurer la fluidit\u00e9 du flux de passagers et la pr\u00e9vention des accidents. Ce syst\u00e8me joue un r\u00f4le essentiel dans le maintien d'un environnement s\u00fbr, en r\u00e9duisant de mani\u00e8re significative le risque de blessures li\u00e9es aux portes.<\/p>\n<h3 id=\"key-features\"><strong>Caract\u00e9ristiques principales :<\/strong><\/h3>\n<ol>\n<li><strong>Technologie infrarouge passive<\/strong>: Notre rideau lumineux \u00e0 capteur de porte utilise une technologie infrarouge passive sophistiqu\u00e9e pour d\u00e9tecter la pr\u00e9sence de passagers, garantissant que les portes ne s'ouvrent que lorsqu'il n'y a pas de danger. Cette fonction permet d'\u00e9liminer le risque que la porte se referme sur une personne, ce qui rend l'exp\u00e9rience de l'ascenseur plus s\u00fbre.<\/li>\n<li><strong>Durabilit\u00e9 et fiabilit\u00e9<\/strong>: Fabriqu\u00e9 avec des mat\u00e9riaux de haute qualit\u00e9, le rideau de lumi\u00e8re \u00e0 capteurs est con\u00e7u pour r\u00e9sister aux rigueurs d'un fonctionnement continu dans des environnements anim\u00e9s. Cela garantit des performances durables, ce qui en fait un investissement pr\u00e9cieux pour tout \u00e9tablissement.<\/li>\n<li><strong>Int\u00e9gration flexible<\/strong>: Le syst\u00e8me est compatible avec diff\u00e9rents mod\u00e8les d'ascenseurs, ce qui en fait un choix id\u00e9al pour tous ceux qui souhaitent mettre \u00e0 niveau leur infrastructure existante sans avoir \u00e0 proc\u00e9der \u00e0 des modifications importantes. Sa flexibilit\u00e9 lui permet de s'int\u00e9grer facilement dans des syst\u00e8mes d'ascenseurs nouveaux ou modernis\u00e9s.<\/li>\n<\/ol>\n<h3 id=\"benefits\"><strong>Avantages :<\/strong><\/h3>\n<p>Les avantages du syst\u00e8me de contr\u00f4le des ascenseurs avec barri\u00e8re immat\u00e9rielle \u00e0 d\u00e9tecteur de porte sont consid\u00e9rables. Tout d'abord, il am\u00e9liore la s\u00e9curit\u00e9 en pr\u00e9venant les accidents qui peuvent survenir lors de l'ouverture des portes. Les utilisateurs peuvent avoir l'esprit tranquille en sachant que ce syst\u00e8me donne la priorit\u00e9 \u00e0 leur s\u00e9curit\u00e9. En outre, la conception efficace contribue \u00e0 la fiabilit\u00e9 op\u00e9rationnelle, r\u00e9duisant les besoins de maintenance et, en fin de compte, les co\u00fbts \u00e0 long terme. L'interface conviviale et le processus d'installation rapide permettent aux gestionnaires de b\u00e2timents et aux exploitants d'ascenseurs de mettre en \u0153uvre le syst\u00e8me sans interruption.<\/p>\n<h3 id=\"applications\"><strong>Applications :<\/strong><\/h3>\n<p>Ce syst\u00e8me avanc\u00e9 de contr\u00f4le des ascenseurs est particuli\u00e8rement utile dans les environnements tr\u00e8s fr\u00e9quent\u00e9s, tels que les h\u00f4pitaux, les complexes r\u00e9sidentiels et les b\u00e2timents commerciaux. Par exemple, les h\u00f4pitaux b\u00e9n\u00e9ficient d'une exp\u00e9rience sans faille des ascenseurs, garantissant que les patients et le personnel peuvent acc\u00e9der rapidement et en toute s\u00e9curit\u00e9 aux diff\u00e9rents \u00e9tages. De m\u00eame, dans les immeubles r\u00e9sidentiels, le syst\u00e8me contribue \u00e0 fournir un acc\u00e8s s\u00fbr et fiable, am\u00e9liorant ainsi l'exp\u00e9rience de vie globale des r\u00e9sidents.<\/p>\n<h3 id=\"differentiation--advantages\"><strong>Diff\u00e9renciation et avantages :<\/strong><\/h3>\n<p>Ce qui distingue notre syst\u00e8me de contr\u00f4le des ascenseurs de ses concurrents n'est pas seulement sa technologie de pointe, mais aussi notre engagement en faveur de la qualit\u00e9 en tant qu'\u00e9l\u00e9ment essentiel du syst\u00e8me de contr\u00f4le des ascenseurs. <strong>Usine, producteur et fournisseur bas\u00e9 en Chine<\/strong>. Nous sommes fiers d'\u00eatre un <strong>Fabricant<\/strong> avec la capacit\u00e9 de remplir <strong>Achat en vrac<\/strong> Nous sommes en mesure de r\u00e9pondre \u00e0 la fois aux besoins des grossistes et des clients individuels. En tant qu'entreprise <strong>Exportateur<\/strong>Nous proposons ce produit de pointe \u00e0 des prix tr\u00e8s comp\u00e9titifs. <strong>Prix en vrac<\/strong> qui permettent de r\u00e9aliser des \u00e9conomies consid\u00e9rables tout en maintenant des normes \u00e9lev\u00e9es. En outre, nous proposons des personnalisations OEM, garantissant que le produit s'aligne parfaitement sur vos sp\u00e9cifications et vos besoins op\u00e9rationnels.<\/p>\n<p>Pour obtenir des informations techniques plus d\u00e9taill\u00e9es sur les composants et les solutions que nous proposons, vous pouvez consulter nos diff\u00e9rents produits relatifs aux capteurs pour portes d'ascenseur. <a href=\"https:\/\/elevatorlightcurtains.com\/fr\/.com\/produit\/passive-infrared-elevator-door-sensor\/\">ici<\/a> ou obtenir des informations sur les syst\u00e8mes de d\u00e9tection des portes d'ascenseurs <a href=\"https:\/\/elevatorlightcurtains.com\/fr\/.com\/produit\/elevator-door-detection-system\/\">ici<\/a>. En choisissant notre syst\u00e8me de contr\u00f4le des ascenseurs avec barri\u00e8re immat\u00e9rielle \u00e0 d\u00e9tecteur de porte, vous optez pour une s\u00e9curit\u00e9, une efficacit\u00e9 et une qualit\u00e9 sup\u00e9rieures pour am\u00e9liorer vos installations.<\/p>\n<p>Investissez d\u00e8s aujourd'hui dans la s\u00e9curit\u00e9 et l'efficacit\u00e9 de vos ascenseurs et voyez la diff\u00e9rence.<\/p>\n<div style=\"justify-content: space - between; align-items: stretch;\">\n<figure id=\"attachment_1527\" class=\"wp-caption alignnone\" style=\"width: 911px;\"><img data-recalc-dims=\"1\" fetchpriority=\"high\" decoding=\"async\" class=\"alignnone wp-image-1917\" src=\"https:\/\/i0.wp.com\/elevatorlightcurtains.com\/wp-content\/uploads\/2025\/01\/weco-elevator-light-curtain.webp?resize=800%2C1037&#038;ssl=1\" alt=\"\" width=\"800\" height=\"1037\" srcset=\"https:\/\/i0.wp.com\/elevatorlightcurtains.com\/wp-content\/uploads\/2025\/01\/weco-elevator-light-curtain.webp?w=1000&amp;ssl=1 1000w, https:\/\/i0.wp.com\/elevatorlightcurtains.com\/wp-content\/uploads\/2025\/01\/weco-elevator-light-curtain.webp?resize=231%2C300&amp;ssl=1 231w, https:\/\/i0.wp.com\/elevatorlightcurtains.com\/wp-content\/uploads\/2025\/01\/weco-elevator-light-curtain.webp?resize=789%2C1024&amp;ssl=1 789w, https:\/\/i0.wp.com\/elevatorlightcurtains.com\/wp-content\/uploads\/2025\/01\/weco-elevator-light-curtain.webp?resize=768%2C997&amp;ssl=1 768w, https:\/\/i0.wp.com\/elevatorlightcurtains.com\/wp-content\/uploads\/2025\/01\/weco-elevator-light-curtain.webp?resize=9%2C12&amp;ssl=1 9w, https:\/\/i0.wp.com\/elevatorlightcurtains.com\/wp-content\/uploads\/2025\/01\/weco-elevator-light-curtain.webp?resize=600%2C779&amp;ssl=1 600w\" sizes=\"(max-width: 800px) 100vw, 800px\" \/><\/figure>\n<p><img data-recalc-dims=\"1\" decoding=\"async\" class=\"alignnone size-full wp-image-1519\" style=\"width: 48%; height: auto;\" src=\"https:\/\/i0.wp.com\/elevatorlightcurtains.com\/wp-content\/uploads\/2025\/01\/%E5%BE%AE%E4%BF%A1%E5%9B%BE%E7%89%87_20230714163000%20-%20scaled.jpg?w=800&#038;ssl=1\" alt=\"\" \/><\/p>\n<\/div>\n<p>&nbsp;<\/p>\n<h2 id=\"faqs-for-elevator-control-system\">FAQ pour le syst\u00e8me de contr\u00f4le des ascenseurs<\/h2>\n<h3 id=\"what-is-an-elevator-light-curtain\">Qu'est-ce qu'un rideau lumineux d'ascenseur ?<\/h3>\n<p>Une barri\u00e8re immat\u00e9rielle d'ascenseur est un dispositif de s\u00e9curit\u00e9 qui utilise des faisceaux infrarouges pour d\u00e9tecter les obstacles et assurer la s\u00e9curit\u00e9 des passagers dans les ascenseurs. Il cr\u00e9e une barri\u00e8re de protection invisible qui emp\u00eache les portes de se fermer lorsqu'un obstacle, tel qu'une personne ou un objet, est d\u00e9tect\u00e9 dans l'embrasure de la porte.<\/p>\n<h3 id=\"how-does-an-elevator-door-sensor-work\">Comment fonctionne un capteur de porte d'ascenseur ?<\/h3>\n<p>Un capteur de porte d'ascenseur utilise g\u00e9n\u00e9ralement la technologie infrarouge pour d\u00e9tecter la pr\u00e9sence de passagers ou d'obstacles dans l'embrasure de la porte. Lorsqu'un objet est d\u00e9tect\u00e9 sur le chemin de la porte, le capteur envoie un signal au syst\u00e8me de contr\u00f4le, incitant les portes \u00e0 s'ouvrir, \u00e0 rester ouvertes ou \u00e0 emp\u00eacher la fermeture afin d'\u00e9viter tout accident potentiel.<\/p>\n<h3 id=\"what-is-a-light-curtain-sensor\">Qu'est-ce qu'un capteur de rideau lumineux ?<\/h3>\n<p>Un capteur de barri\u00e8re immat\u00e9rielle, \u00e9galement appel\u00e9 barri\u00e8re immat\u00e9rielle de s\u00e9curit\u00e9, est un type de dispositif opto\u00e9lectronique couramment utilis\u00e9 dans les ascenseurs pour prot\u00e9ger les passagers en d\u00e9tectant les objets ou les personnes se trouvant sur le chemin de la porte. Il se compose d'un ensemble de faisceaux lumineux qui, lorsqu'ils sont interrompus, d\u00e9clenchent une r\u00e9ponse pour emp\u00eacher la fermeture des portes.<\/p>\n<h3 id=\"what-are-the-different-types-of-elevator-sensors\">Quels sont les diff\u00e9rents types de capteurs pour ascenseurs ?<\/h3>\n<p>Il existe diff\u00e9rents types de capteurs utilis\u00e9s dans les syst\u00e8mes de contr\u00f4le des ascenseurs, notamment les capteurs de porte, les barri\u00e8res immat\u00e9rielles, les capteurs de proximit\u00e9 et les bords de s\u00e9curit\u00e9. Chaque type remplit une fonction sp\u00e9cifique, comme la d\u00e9tection de mouvements, d'obstacles ou de changements de pression, afin d'assurer un fonctionnement efficace et s\u00fbr du syst\u00e8me d'ascenseur. Ces capteurs travaillent ensemble pour am\u00e9liorer la s\u00e9curit\u00e9 des passagers et pr\u00e9venir les accidents.<\/p>","protected":false},"excerpt":{"rendered":"<p>Le syst\u00e8me de contr\u00f4le des ascenseurs avec capteur de porte et barri\u00e8re immat\u00e9rielle est con\u00e7u pour am\u00e9liorer la s\u00e9curit\u00e9 et l'automatisation des op\u00e9rations d'ascenseur. De conception compacte, il est id\u00e9al pour les immeubles de grande hauteur et les espaces commerciaux. Dot\u00e9 d'une technologie avanc\u00e9e de d\u00e9tection de porte, il offre une s\u00e9curit\u00e9 accrue aux passagers en \u00e9vitant les accidents lors de l'ouverture de la porte.<\/p>","protected":false},"featured_media":1245,"comment_status":"open","ping_status":"closed","template":"","meta":[],"product_cat":[46],"product_tag":[],"class_list":{"0":"post-1984","1":"product","2":"type-product","3":"status-publish","4":"has-post-thumbnail","6":"product_cat-lift-infrared-sensor","8":"first","9":"instock","10":"shipping-taxable","11":"product-type-simple"},"jetpack_sharing_enabled":true,"_links":{"self":[{"href":"https:\/\/elevatorlightcurtains.com\/fr\/wp-json\/wp\/v2\/product\/1984","targetHints":{"allow":["GET"]}}],"collection":[{"href":"https:\/\/elevatorlightcurtains.com\/fr\/wp-json\/wp\/v2\/product"}],"about":[{"href":"https:\/\/elevatorlightcurtains.com\/fr\/wp-json\/wp\/v2\/types\/product"}],"replies":[{"embeddable":true,"href":"https:\/\/elevatorlightcurtains.com\/fr\/wp-json\/wp\/v2\/comments?post=1984"}],"wp:featuredmedia":[{"embeddable":true,"href":"https:\/\/elevatorlightcurtains.com\/fr\/wp-json\/wp\/v2\/media\/1245"}],"wp:attachment":[{"href":"https:\/\/elevatorlightcurtains.com\/fr\/wp-json\/wp\/v2\/media?parent=1984"}],"wp:term":[{"taxonomy":"product_cat","embeddable":true,"href":"https:\/\/elevatorlightcurtains.com\/fr\/wp-json\/wp\/v2\/product_cat?post=1984"},{"taxonomy":"product_tag","embeddable":true,"href":"https:\/\/elevatorlightcurtains.com\/fr\/wp-json\/wp\/v2\/product_tag?post=1984"}],"curies":[{"name":"wp","href":"https:\/\/api.w.org\/{rel}","templated":true}]}}