{"id":1981,"date":"2025-01-05T06:56:45","date_gmt":"2025-01-05T06:56:45","guid":{"rendered":"https:\/\/elevatorlightcurtains.com\/?post_type=product&#038;p=1981"},"modified":"2025-01-15T06:48:08","modified_gmt":"2025-01-15T06:48:08","slug":"infrared-door-detector-elevator-passenger-hospital","status":"publish","type":"product","link":"https:\/\/elevatorlightcurtains.com\/fr\/produit\/infrared-door-detector-elevator-passenger-hospital\/","title":{"rendered":"D\u00e9tecteur de porte \u00e0 infrarouge pour ascenseurs de personnes et d'h\u00f4pitaux WECO 94beams"},"content":{"rendered":"<p><strong>Pr\u00e9sentation du d\u00e9tecteur de porte \u00e0 infrarouge pour les ascenseurs de personnes et les ascenseurs d'h\u00f4pitaux<\/strong><\/p>\n<p>Le d\u00e9tecteur de porte infrarouge est un dispositif de s\u00e9curit\u00e9 de pointe con\u00e7u pour am\u00e9liorer l'efficacit\u00e9 op\u00e9rationnelle et la s\u00e9curit\u00e9 des ascenseurs de passagers et des ascenseurs d'h\u00f4pitaux. Composant essentiel des syst\u00e8mes modernes de transport vertical, ce d\u00e9tecteur de porte de pointe garantit le bon fonctionnement des portes d'ascenseur tout en donnant la priorit\u00e9 \u00e0 la s\u00e9curit\u00e9 de tous les passagers, en particulier dans les environnements \u00e0 fort enjeu comme les h\u00f4pitaux o\u00f9 les soins aux patients sont primordiaux.<\/p>\n<p><strong>Caract\u00e9ristiques principales<\/strong><\/p>\n<p>Ce d\u00e9tecteur de porte avanc\u00e9 pr\u00e9sente plusieurs caract\u00e9ristiques cl\u00e9s qui le distinguent des solutions traditionnelles. \u00c9quip\u00e9 de capteurs infrarouges tr\u00e8s r\u00e9actifs, l'appareil d\u00e9tecte de mani\u00e8re fiable la pr\u00e9sence de personnes ou d'objets dans l'embrasure de la porte. La technologie de d\u00e9tection sensible minimise le risque d'accident, en veillant \u00e0 ce que les portes ne se ferment pas lorsqu'il d\u00e9tecte un obstacle. Le processus de fabrication durable garantit que ce produit r\u00e9pond \u00e0 des normes de performance rigoureuses, ce qui en fait un choix de confiance parmi les principaux fabricants et fournisseurs. En outre, notre d\u00e9tecteur de porte infrarouge est conforme aux r\u00e9glementations internationales en mati\u00e8re de s\u00e9curit\u00e9, ce qui garantit la tranquillit\u00e9 d'esprit dans les environnements soumis \u00e0 des exigences strictes en mati\u00e8re de conformit\u00e9. Pour une meilleure compr\u00e9hension de ces caract\u00e9ristiques et de leur impact, nous vous invitons \u00e0 consulter notre brochure d\u00e9taill\u00e9e sur les d\u00e9tecteurs de porte \u00e0 infrarouge. <a href=\"https:\/\/example.com\/door-detector-specifications\" target=\"_blank\" rel=\"noopener\">sp\u00e9cifications du d\u00e9tecteur de porte<\/a>.<\/p>\n<p><strong>Avantages<\/strong><\/p>\n<p>L'utilisation du d\u00e9tecteur de porte infrarouge pr\u00e9sente de nombreux avantages tangibles qui am\u00e9liorent l'exp\u00e9rience de l'utilisateur. Le premier avantage est la s\u00e9curit\u00e9 accrue des passagers, qui limite les accidents potentiels li\u00e9s aux portes, prot\u00e9geant ainsi \u00e0 la fois les personnes et l'\u00e9quipement d'ascenseur lui-m\u00eame. En outre, l'efficacit\u00e9 des op\u00e9rations d'ascenseur est consid\u00e9rablement am\u00e9lior\u00e9e, ce qui r\u00e9duit les temps d'attente et am\u00e9liore le flux g\u00e9n\u00e9ral des passagers, en particulier dans les h\u00f4pitaux tr\u00e8s fr\u00e9quent\u00e9s. Le dispositif n'est pas seulement rentable, mais sa conception innovante entra\u00eene une diminution des d\u00e9penses de maintenance, car moins d'incidents \u00e9quivaut \u00e0 moins de besoins de r\u00e9paration. Les clients peuvent \u00e9galement b\u00e9n\u00e9ficier des avantages suivants <a href=\"https:\/\/example.com\/bulk-pricing\" target=\"_blank\" rel=\"noopener\">des prix de gros comp\u00e9titifs<\/a> lors de l'achat de ce produit en grandes quantit\u00e9s, ce qui en fait un investissement judicieux pour les installations cherchant \u00e0 \u00e9quiper plusieurs ascenseurs.<\/p>\n<p><strong>Applications<\/strong><\/p>\n<p>Le d\u00e9tecteur de porte \u00e0 infrarouge est id\u00e9al pour une utilisation dans divers environnements, notamment dans les ascenseurs de passagers et les ascenseurs d'h\u00f4pitaux o\u00f9 le trafic \u00e9lev\u00e9 et la s\u00e9curit\u00e9 sont essentiels. Sa conception robuste est particuli\u00e8rement adapt\u00e9e aux h\u00f4pitaux qui doivent assurer la s\u00e9curit\u00e9 des patients, des visiteurs et du personnel soignant. En outre, ce dispositif est \u00e9galement applicable dans les b\u00e2timents commerciaux et les complexes r\u00e9sidentiels qui privil\u00e9gient la s\u00e9curit\u00e9 et la commodit\u00e9 des utilisateurs. Si vous souhaitez en savoir plus sur les applications de ce dispositif de s\u00e9curit\u00e9 vital, visitez notre site Web d\u00e9di\u00e9 \u00e0 la s\u00e9curit\u00e9 des personnes. <a href=\"https:\/\/example.com\/door-detector-applications\" target=\"_blank\" rel=\"noopener\">page des candidatures<\/a>.<\/p>\n<p><strong>Diff\u00e9renciation et avantages<\/strong><\/p>\n<p>Ce qui distingue notre d\u00e9tecteur de porte infrarouge des offres concurrentes, c'est notre engagement envers la qualit\u00e9 en tant que producteur et exportateur OEM de premier plan bas\u00e9 en Chine. En tant que fournisseur direct de l'usine, nous offrons des avantages significatifs en termes de co\u00fbts, en proposant des prix exceptionnels pour les commandes en gros. Notre exp\u00e9rience en tant que fabricant garantit des normes de production \u00e9lev\u00e9es, conduisant \u00e0 des produits fiables et durables que peu de gens peuvent \u00e9galer. Lorsqu'il s'agit de s'approvisionner en solutions de s\u00e9curit\u00e9 pour ascenseurs, notre vaste r\u00e9seau de distributeurs en gros signifie que les entreprises peuvent nous faire confiance pour un approvisionnement constant et un service de qualit\u00e9 sup\u00e9rieure.<\/p>\n<p>En choisissant notre d\u00e9tecteur de porte infrarouge, vous assurez une exp\u00e9rience d'ascenseur s\u00fbre, fiable et efficace pour tous les utilisateurs. Notre d\u00e9vouement \u00e0 l'excellence en tant que fournisseur et fabricant bas\u00e9 en Chine garantit que vous recevrez un produit con\u00e7u pour la performance et la s\u00e9curit\u00e9, ce qui en fait le choix id\u00e9al pour vos syst\u00e8mes d'ascenseurs.<\/p>\n<div style=\"justify-content: space - between; align-items: stretch;\">\n<figure id=\"attachment_1527\" class=\"wp-caption alignnone\" style=\"width: 911px;\"><img data-recalc-dims=\"1\" fetchpriority=\"high\" decoding=\"async\" class=\"alignnone wp-image-1917\" src=\"https:\/\/i0.wp.com\/elevatorlightcurtains.com\/wp-content\/uploads\/2025\/01\/weco-elevator-light-curtain.webp?resize=800%2C1037&#038;ssl=1\" alt=\"\" width=\"800\" height=\"1037\" srcset=\"https:\/\/i0.wp.com\/elevatorlightcurtains.com\/wp-content\/uploads\/2025\/01\/weco-elevator-light-curtain.webp?w=1000&amp;ssl=1 1000w, https:\/\/i0.wp.com\/elevatorlightcurtains.com\/wp-content\/uploads\/2025\/01\/weco-elevator-light-curtain.webp?resize=231%2C300&amp;ssl=1 231w, https:\/\/i0.wp.com\/elevatorlightcurtains.com\/wp-content\/uploads\/2025\/01\/weco-elevator-light-curtain.webp?resize=789%2C1024&amp;ssl=1 789w, https:\/\/i0.wp.com\/elevatorlightcurtains.com\/wp-content\/uploads\/2025\/01\/weco-elevator-light-curtain.webp?resize=768%2C997&amp;ssl=1 768w, https:\/\/i0.wp.com\/elevatorlightcurtains.com\/wp-content\/uploads\/2025\/01\/weco-elevator-light-curtain.webp?resize=9%2C12&amp;ssl=1 9w, https:\/\/i0.wp.com\/elevatorlightcurtains.com\/wp-content\/uploads\/2025\/01\/weco-elevator-light-curtain.webp?resize=600%2C779&amp;ssl=1 600w\" sizes=\"(max-width: 800px) 100vw, 800px\" \/><\/figure>\n<p><img data-recalc-dims=\"1\" decoding=\"async\" class=\"alignnone size-full wp-image-1519\" style=\"width: 48%; height: auto;\" src=\"https:\/\/i0.wp.com\/elevatorlightcurtains.com\/wp-content\/uploads\/2025\/01\/%E5%BE%AE%E4%BF%A1%E5%9B%BE%E7%89%87_20230714163000%20-%20scaled.jpg?w=800&#038;ssl=1\" alt=\"\" \/><\/p>\n<\/div>\n<p>&nbsp;<\/p>\n<h2 id=\"faqs-for-infrared-door-detectors-in-elevators\">FAQ sur les d\u00e9tecteurs de porte \u00e0 infrarouge dans les ascenseurs :<\/h2>\n<h3 id=\"what-role-do-infrared-door-detectors-play-in-elevator-safety\">Quel r\u00f4le jouent les d\u00e9tecteurs de porte \u00e0 infrarouge dans la s\u00e9curit\u00e9 des ascenseurs ?<\/h3>\n<p>Les d\u00e9tecteurs de porte \u00e0 infrarouge dans les ascenseurs sont essentiels pour assurer la s\u00e9curit\u00e9 des passagers. Ces capteurs sont con\u00e7us pour d\u00e9tecter tout obstacle sur la trajectoire des portes qui se ferment, afin d'\u00e9viter qu'elles ne se referment sur des passagers ou des objets. En d\u00e9tectant rapidement les mouvements ou les obstacles, les d\u00e9tecteurs de porte \u00e0 infrarouge contribuent \u00e0 pr\u00e9venir les accidents et les blessures \u00e0 l'int\u00e9rieur de l'ascenseur.<\/p>\n<h3 id=\"how-are-infrared-door-detectors-installed-and-maintained-in-passenger-and-hospital-elevators\">Comment les d\u00e9tecteurs de porte \u00e0 infrarouge sont-ils install\u00e9s et entretenus dans les ascenseurs de passagers et les ascenseurs d'h\u00f4pitaux ?<\/h3>\n<p>L'installation et la maintenance des d\u00e9tecteurs de porte \u00e0 infrarouge dans les ascenseurs de passagers et les ascenseurs d'h\u00f4pitaux font appel \u00e0 des techniciens professionnels. Ces capteurs sont g\u00e9n\u00e9ralement mont\u00e9s pr\u00e8s des portes de l'ascenseur et doivent \u00eatre r\u00e9guli\u00e8rement nettoy\u00e9s et \u00e9talonn\u00e9s pour garantir leur bon fonctionnement. Des inspections r\u00e9guli\u00e8res et des routines de maintenance permettent d'optimiser les performances des d\u00e9tecteurs de porte \u00e0 infrarouge et de garantir la s\u00e9curit\u00e9 de l'ascenseur.<\/p>\n<h3 id=\"what-benefits-do-infrared-door-detectors-bring-to-elevator-systems-in-terms-of-efficiency-and-convenience\">Quels avantages les d\u00e9tecteurs de porte \u00e0 infrarouge apportent-ils aux syst\u00e8mes d'ascenseurs en termes d'efficacit\u00e9 et de commodit\u00e9 ?<\/h3>\n<p>Les d\u00e9tecteurs de porte \u00e0 infrarouge am\u00e9liorent l'efficacit\u00e9 des syst\u00e8mes d'ascenseur en facilitant le fonctionnement des portes en douceur et en toute s\u00e9curit\u00e9. En d\u00e9tectant les obstructions et en contr\u00f4lant les mouvements des portes, ces capteurs contribuent \u00e0 une circulation fluide et ininterrompue des passagers \u00e0 l'int\u00e9rieur et \u00e0 l'ext\u00e9rieur de l'ascenseur. En outre, la pr\u00e9sence de d\u00e9tecteurs de portes infrarouges fiables est un gage de confort pour les passagers, qui b\u00e9n\u00e9ficient ainsi d'un trajet s\u00fbr et confortable.<\/p>\n<h3 id=\"can-the-cost-of-installing-infrared-door-detectors-in-elevators-be-justified-by-the-safety-benefits-they-provide\">Le co\u00fbt de l'installation de d\u00e9tecteurs de porte \u00e0 infrarouge dans les ascenseurs peut-il \u00eatre justifi\u00e9 par les avantages qu'ils offrent en mati\u00e8re de s\u00e9curit\u00e9 ?<\/h3>\n<p>Si le co\u00fbt initial de l'installation de d\u00e9tecteurs de porte \u00e0 infrarouge dans les ascenseurs peut varier, les avantages qu'ils offrent en termes de s\u00e9curit\u00e9 sont inestimables. Ces d\u00e9tecteurs permettent d'\u00e9viter les accidents, les blessures et les dommages aux portes d'ascenseur, r\u00e9duisant ainsi les risques de responsabilit\u00e9 pour les propri\u00e9taires et les exploitants d'immeubles. Compte tenu de l'importance primordiale de la s\u00e9curit\u00e9 des passagers, le co\u00fbt de l'installation de d\u00e9tecteurs de portes \u00e0 infrarouge peut \u00eatre justifi\u00e9 par la tranquillit\u00e9 d'esprit qu'ils procurent.<\/p>\n<h3 id=\"how-do-infrared-door-detectors-in-elevators-complement-other-safety-features-in-an-elevator-control-system\">Comment les d\u00e9tecteurs infrarouges de porte d'ascenseur compl\u00e8tent-ils les autres dispositifs de s\u00e9curit\u00e9 d'un syst\u00e8me de contr\u00f4le d'ascenseur ?<\/h3>\n<p>Les d\u00e9tecteurs de porte \u00e0 infrarouge des syst\u00e8mes de contr\u00f4le des ascenseurs constituent un \u00e9l\u00e9ment essentiel des mesures de s\u00e9curit\u00e9 globales mises en \u0153uvre dans les ascenseurs modernes. Ces d\u00e9tecteurs fonctionnent en conjonction avec d'autres dispositifs de s\u00e9curit\u00e9 tels que les freins d'urgence, les verrouillages et les capteurs de surcharge, afin de garantir un syst\u00e8me de s\u00e9curit\u00e9 complet. En d\u00e9tectant les obstacles et en contr\u00f4lant les mouvements des portes, les d\u00e9tecteurs de porte \u00e0 infrarouge contribuent \u00e0 la fiabilit\u00e9 et \u00e0 la s\u00e9curit\u00e9 globales des op\u00e9rations d'ascenseur.<\/p>","protected":false},"excerpt":{"rendered":"<p>Le d\u00e9tecteur de porte infrarouge pour ascenseurs de personnes et d'h\u00f4pitaux est con\u00e7u pour am\u00e9liorer la s\u00e9curit\u00e9 et l'accessibilit\u00e9. De conception compacte, il est id\u00e9al pour \u00eatre install\u00e9 dans les syst\u00e8mes d'ascenseurs de passagers et d'h\u00f4pitaux. Dot\u00e9 d'une technologie infrarouge avanc\u00e9e, il offre une d\u00e9tection fiable pour pr\u00e9venir les accidents de porte dans l'industrie des ascenseurs.<\/p>","protected":false},"featured_media":1245,"comment_status":"open","ping_status":"closed","template":"","meta":[],"product_cat":[46],"product_tag":[],"class_list":{"0":"post-1981","1":"product","2":"type-product","3":"status-publish","4":"has-post-thumbnail","6":"product_cat-lift-infrared-sensor","8":"first","9":"instock","10":"shipping-taxable","11":"product-type-simple"},"jetpack_sharing_enabled":true,"_links":{"self":[{"href":"https:\/\/elevatorlightcurtains.com\/fr\/wp-json\/wp\/v2\/product\/1981","targetHints":{"allow":["GET"]}}],"collection":[{"href":"https:\/\/elevatorlightcurtains.com\/fr\/wp-json\/wp\/v2\/product"}],"about":[{"href":"https:\/\/elevatorlightcurtains.com\/fr\/wp-json\/wp\/v2\/types\/product"}],"replies":[{"embeddable":true,"href":"https:\/\/elevatorlightcurtains.com\/fr\/wp-json\/wp\/v2\/comments?post=1981"}],"wp:featuredmedia":[{"embeddable":true,"href":"https:\/\/elevatorlightcurtains.com\/fr\/wp-json\/wp\/v2\/media\/1245"}],"wp:attachment":[{"href":"https:\/\/elevatorlightcurtains.com\/fr\/wp-json\/wp\/v2\/media?parent=1981"}],"wp:term":[{"taxonomy":"product_cat","embeddable":true,"href":"https:\/\/elevatorlightcurtains.com\/fr\/wp-json\/wp\/v2\/product_cat?post=1981"},{"taxonomy":"product_tag","embeddable":true,"href":"https:\/\/elevatorlightcurtains.com\/fr\/wp-json\/wp\/v2\/product_tag?post=1981"}],"curies":[{"name":"wp","href":"https:\/\/api.w.org\/{rel}","templated":true}]}}