{"id":1980,"date":"2025-01-05T06:56:44","date_gmt":"2025-01-05T06:56:44","guid":{"rendered":"https:\/\/elevatorlightcurtains.com\/?post_type=product&#038;p=1980"},"modified":"2025-01-15T06:43:22","modified_gmt":"2025-01-15T06:43:22","slug":"elevator-door-sensor-solution","status":"publish","type":"product","link":"https:\/\/elevatorlightcurtains.com\/fr\/produit\/elevator-door-sensor-solution\/","title":{"rendered":"D\u00e9tecteur de porte d'ascenseur standard WECO-917A61-AC110V"},"content":{"rendered":"<p><strong>Solution de capteur de d\u00e9tection de porte d'ascenseur : La cl\u00e9 de la s\u00e9curit\u00e9 et de l'efficacit\u00e9<\/strong><\/p>\n<p>Dans le domaine du transport vertical, on ne saurait trop insister sur l'importance de syst\u00e8mes de d\u00e9tection de porte d'ascenseur fiables et efficaces. Notre solution de capteur de d\u00e9tection de porte d'ascenseur standard est con\u00e7ue pour renforcer la s\u00e9curit\u00e9, faciliter le bon fonctionnement et garantir la conformit\u00e9 avec les r\u00e9glementations industrielles. En tant que fabricant et fournisseur de premier plan bas\u00e9 en Chine, nous sommes sp\u00e9cialis\u00e9s dans les technologies de pointe con\u00e7ues pour les b\u00e2timents commerciaux et r\u00e9sidentiels. En privil\u00e9giant la qualit\u00e9 dans la production, notre solution s'impose comme le choix privil\u00e9gi\u00e9 des \u00e9quipementiers qui cherchent \u00e0 am\u00e9liorer leurs syst\u00e8mes d'ascenseurs.<\/p>\n<p><strong>Caract\u00e9ristiques principales :<\/strong><\/p>\n<p>Notre solution de d\u00e9tecteur de porte d'ascenseur standard pr\u00e9sente une s\u00e9rie de caract\u00e9ristiques qui contribuent \u00e0 sa fiabilit\u00e9 et \u00e0 ses performances. Les capteurs utilisent une technologie infrarouge de pointe qui permet une d\u00e9tection pr\u00e9cise des obstacles dans l'embrasure de la porte. Cette m\u00e9thode avanc\u00e9e minimise le risque d'accidents et de retards op\u00e9rationnels. En outre, les d\u00e9tecteurs sont fabriqu\u00e9s \u00e0 partir de mat\u00e9riaux de haute qualit\u00e9, ce qui garantit leur durabilit\u00e9 et leur long\u00e9vit\u00e9 dans des environnements exigeants. En tant qu'usine \u00e9tablie et producteur en gros de composants d'ascenseurs, nous garantissons que nos d\u00e9tecteurs sont conformes aux normes de s\u00e9curit\u00e9 internationales.<\/p>\n<p><strong>Avantages :<\/strong><\/p>\n<p>Le choix de nos d\u00e9tecteurs de porte d'ascenseur am\u00e9liore la s\u00e9curit\u00e9 globale des op\u00e9rations d'ascenseur. Les capacit\u00e9s de d\u00e9tection rapide permettent de pr\u00e9venir les accidents en s'assurant que les portes ne se ferment pas sur des passagers ou des objets. Notre solution favorise \u00e9galement l'efficacit\u00e9 \u00e9nerg\u00e9tique, car les capteurs ajustent automatiquement leur fonctionnement en fonction des donn\u00e9es d'utilisation en temps r\u00e9el, r\u00e9duisant ainsi la consommation d'\u00e9nergie. En s'approvisionnant aupr\u00e8s d'un exportateur r\u00e9put\u00e9, les clients peuvent b\u00e9n\u00e9ficier de prix de gros comp\u00e9titifs qui facilitent la mise en \u0153uvre rentable de divers projets.<\/p>\n<p><strong>Applications :<\/strong><\/p>\n<p>La solution Standard Elevator Door Detector Sensor est parfaitement adapt\u00e9e \u00e0 divers environnements, notamment les b\u00e2timents commerciaux, les complexes r\u00e9sidentiels et les installations institutionnelles. Qu'ils soient utilis\u00e9s dans des gratte-ciel ou des immeubles de bureaux de taille moyenne, ces d\u00e9tecteurs contribuent \u00e0 une exp\u00e9rience fluide et s\u00fbre pour l'utilisateur. Gr\u00e2ce \u00e0 leur polyvalence, nos d\u00e9tecteurs peuvent s'adapter \u00e0 diff\u00e9rents mod\u00e8les et configurations d'ascenseurs, ce qui en fait un composant essentiel pour les nouvelles installations et les mises \u00e0 niveau.<\/p>\n<p><strong>Diff\u00e9renciation et avantages :<\/strong><\/p>\n<p>Ce qui distingue notre solution de celle de nos concurrents, c'est non seulement notre engagement en faveur de la qualit\u00e9, mais aussi la souplesse de nos options OEM. En tant que fournisseur de confiance, nous offrons des possibilit\u00e9s d'achat en gros qui permettent aux clients de s'approvisionner \u00e0 des prix de gros, garantissant des \u00e9conomies significatives pour les projets \u00e0 grande \u00e9chelle. Gr\u00e2ce \u00e0 notre exp\u00e9rience en tant que fabricant leader sur le march\u00e9 des composants d'ascenseurs, nous fournissons une expertise et un soutien in\u00e9gal\u00e9s, \u00e9tablissant ainsi des partenariats \u00e0 long terme avec nos clients.<\/p>\n<p>Pour en savoir plus sur l'importance de solutions de d\u00e9tection efficaces pour les portes d'ascenseurs, vous pouvez consulter les informations suivantes <a href=\"https:\/\/www.example.com\/elevator-door-sensors\" target=\"_blank\" rel=\"noopener\">capteurs pour portes d'ascenseurs<\/a> et leurs avantages. En outre, vous d\u00e9couvrirez comment nos capteurs se comparent aux syst\u00e8mes traditionnels gr\u00e2ce \u00e0 ce document. <a href=\"https:\/\/www.example.com\/sensor-technology\" target=\"_blank\" rel=\"noopener\">analyse d\u00e9taill\u00e9e de la technologie des capteurs pour ascenseurs<\/a>. Vous pouvez \u00e9galement examiner comment am\u00e9liorer la s\u00e9curit\u00e9 des ascenseurs gr\u00e2ce \u00e0 des syst\u00e8mes de capteurs robustes, \u00e0 l'adresse suivante <a href=\"https:\/\/www.example.com\/elevator-safety-systems\" target=\"_blank\" rel=\"noopener\">syst\u00e8mes de s\u00e9curit\u00e9 pour ascenseurs<\/a>.<\/p>\n<p>L'int\u00e9gration de notre solution de d\u00e9tecteur de porte d'ascenseur standard dans vos syst\u00e8mes d'ascenseur refl\u00e8te un engagement \u00e0 am\u00e9liorer la s\u00e9curit\u00e9 et l'efficacit\u00e9. En tant que fabricant et usine de premier plan en Chine, nous sommes fiers d'offrir des produits de qualit\u00e9 sup\u00e9rieure \u00e0 des prix \u00e9lev\u00e9s, ce qui vous permet d'obtenir le meilleur rapport qualit\u00e9-prix pour votre investissement. Faites confiance \u00e0 notre expertise en tant que fournisseur et exportateur fiable, et am\u00e9liorez vos op\u00e9rations gr\u00e2ce \u00e0 une technologie de pointe.<\/p>\n<div style=\"justify-content: space - between; align-items: stretch;\">\n<figure id=\"attachment_1527\" class=\"wp-caption alignnone\" style=\"width: 911px;\"><img data-recalc-dims=\"1\" fetchpriority=\"high\" decoding=\"async\" class=\"alignnone wp-image-1917\" src=\"https:\/\/i0.wp.com\/elevatorlightcurtains.com\/wp-content\/uploads\/2025\/01\/weco-elevator-light-curtain.webp?resize=800%2C1037&#038;ssl=1\" alt=\"\" width=\"800\" height=\"1037\" srcset=\"https:\/\/i0.wp.com\/elevatorlightcurtains.com\/wp-content\/uploads\/2025\/01\/weco-elevator-light-curtain.webp?w=1000&amp;ssl=1 1000w, https:\/\/i0.wp.com\/elevatorlightcurtains.com\/wp-content\/uploads\/2025\/01\/weco-elevator-light-curtain.webp?resize=231%2C300&amp;ssl=1 231w, https:\/\/i0.wp.com\/elevatorlightcurtains.com\/wp-content\/uploads\/2025\/01\/weco-elevator-light-curtain.webp?resize=789%2C1024&amp;ssl=1 789w, https:\/\/i0.wp.com\/elevatorlightcurtains.com\/wp-content\/uploads\/2025\/01\/weco-elevator-light-curtain.webp?resize=768%2C997&amp;ssl=1 768w, https:\/\/i0.wp.com\/elevatorlightcurtains.com\/wp-content\/uploads\/2025\/01\/weco-elevator-light-curtain.webp?resize=9%2C12&amp;ssl=1 9w, https:\/\/i0.wp.com\/elevatorlightcurtains.com\/wp-content\/uploads\/2025\/01\/weco-elevator-light-curtain.webp?resize=600%2C779&amp;ssl=1 600w\" sizes=\"(max-width: 800px) 100vw, 800px\" \/><\/figure>\n<p><img data-recalc-dims=\"1\" decoding=\"async\" class=\"alignnone size-full wp-image-1519\" style=\"width: 48%; height: auto;\" src=\"https:\/\/i0.wp.com\/elevatorlightcurtains.com\/wp-content\/uploads\/2025\/01\/%E5%BE%AE%E4%BF%A1%E5%9B%BE%E7%89%87_20230714163000%20-%20scaled.jpg?w=800&#038;ssl=1\" alt=\"\" \/><\/p>\n<\/div>\n<p>&nbsp;<\/p>\n<h2 id=\"faqs-for-elevator-door-sensor\">FAQs pour le capteur de porte d'ascenseur :<\/h2>\n<h3 id=\"what-sensors-are-commonly-used-in-elevator-door-systems\">Quels sont les capteurs couramment utilis\u00e9s dans les syst\u00e8mes de portes d'ascenseurs ?<\/h3>\n<p>Dans les syst\u00e8mes de portes d'ascenseur, les capteurs les plus couramment utilis\u00e9s sont les capteurs infrarouges, les capteurs \u00e0 ultrasons et les capteurs photo\u00e9lectriques. Ces capteurs d\u00e9tectent les obstacles dans l'embrasure de la porte et d\u00e9clenchent l'ouverture ou la fermeture des portes en cons\u00e9quence, garantissant ainsi la s\u00e9curit\u00e9 des passagers et \u00e9vitant les accidents.<\/p>\n<h3 id=\"how-does-an-elevator-door-sensor-function\">Comment fonctionne un capteur de porte d'ascenseur ?<\/h3>\n<p>Les d\u00e9tecteurs de porte d'ascenseur fonctionnent en \u00e9mettant un signal, tel qu'une lumi\u00e8re infrarouge ou des ondes ultrasoniques, et en d\u00e9tectant les changements dans le mod\u00e8le de r\u00e9flexion du signal. Lorsqu'un objet, comme une personne ou un bagage, obstrue le faisceau du capteur, celui-ci envoie un signal au syst\u00e8me de contr\u00f4le de l'ascenseur, qui active alors les portes pour qu'elles s'ouvrent ou arr\u00eatent leur mouvement.<\/p>\n<h3 id=\"what-is-the-hs-code-for-elevator-door-sensors\">Quel est le code HS pour les d\u00e9tecteurs de porte d'ascenseur ?<\/h3>\n<p>Le code du syst\u00e8me harmonis\u00e9 (SH) pour les capteurs de porte d'ascenseur est 8536.50.00. Ce code est utilis\u00e9 pour les capteurs optiques, y compris ceux utilis\u00e9s dans les syst\u00e8mes de portes d'ascenseurs, dans le commerce international pour classer et identifier les produits \u00e0 des fins douani\u00e8res et tarifaires.<\/p>\n<h3 id=\"are-elevator-door-sensors-a-standard-feature-in-all-elevator-systems\">Les d\u00e9tecteurs de porte d'ascenseur sont-ils une caract\u00e9ristique standard de tous les syst\u00e8mes d'ascenseur ?<\/h3>\n<p>Oui, les d\u00e9tecteurs de porte d'ascenseur sont un dispositif de s\u00e9curit\u00e9 standard dans les syst\u00e8mes d'ascenseur modernes. Ces capteurs sont essentiels pour d\u00e9tecter les obstacles, emp\u00eacher les portes de se refermer sur des passagers ou des objets, et assurer un fonctionnement fluide et s\u00fbr de l'ascenseur. Le respect des normes et r\u00e9glementations en mati\u00e8re de s\u00e9curit\u00e9 impose l'int\u00e9gration de d\u00e9tecteurs de porte dans toutes les installations d'ascenseurs.<\/p>","protected":false},"excerpt":{"rendered":"<p>La solution Standard Elevator Door Detector Sensor est con\u00e7ue pour am\u00e9liorer la s\u00e9curit\u00e9 et l'efficacit\u00e9 du fonctionnement des ascenseurs. Avec ses caract\u00e9ristiques compactes, elle est id\u00e9ale pour les syst\u00e8mes d'ascenseurs commerciaux et r\u00e9sidentiels. Dot\u00e9 d'une technologie de d\u00e9tection avanc\u00e9e, il am\u00e9liore la s\u00e9curit\u00e9 des passagers et la fiabilit\u00e9 op\u00e9rationnelle des ascenseurs et de l'industrie de la maintenance des b\u00e2timents.<\/p>","protected":false},"featured_media":1245,"comment_status":"open","ping_status":"closed","template":"","meta":[],"product_cat":[46],"product_tag":[],"class_list":{"0":"post-1980","1":"product","2":"type-product","3":"status-publish","4":"has-post-thumbnail","6":"product_cat-lift-infrared-sensor","8":"first","9":"instock","10":"shipping-taxable","11":"product-type-simple"},"jetpack_sharing_enabled":true,"_links":{"self":[{"href":"https:\/\/elevatorlightcurtains.com\/fr\/wp-json\/wp\/v2\/product\/1980","targetHints":{"allow":["GET"]}}],"collection":[{"href":"https:\/\/elevatorlightcurtains.com\/fr\/wp-json\/wp\/v2\/product"}],"about":[{"href":"https:\/\/elevatorlightcurtains.com\/fr\/wp-json\/wp\/v2\/types\/product"}],"replies":[{"embeddable":true,"href":"https:\/\/elevatorlightcurtains.com\/fr\/wp-json\/wp\/v2\/comments?post=1980"}],"wp:featuredmedia":[{"embeddable":true,"href":"https:\/\/elevatorlightcurtains.com\/fr\/wp-json\/wp\/v2\/media\/1245"}],"wp:attachment":[{"href":"https:\/\/elevatorlightcurtains.com\/fr\/wp-json\/wp\/v2\/media?parent=1980"}],"wp:term":[{"taxonomy":"product_cat","embeddable":true,"href":"https:\/\/elevatorlightcurtains.com\/fr\/wp-json\/wp\/v2\/product_cat?post=1980"},{"taxonomy":"product_tag","embeddable":true,"href":"https:\/\/elevatorlightcurtains.com\/fr\/wp-json\/wp\/v2\/product_tag?post=1980"}],"curies":[{"name":"wp","href":"https:\/\/api.w.org\/{rel}","templated":true}]}}