{"id":1476,"date":"2024-08-23T07:31:41","date_gmt":"2024-08-23T07:31:41","guid":{"rendered":"https:\/\/elevatorlightcurtains.com\/?post_type=product&#038;p=1476"},"modified":"2025-01-01T06:58:38","modified_gmt":"2025-01-01T06:58:38","slug":"through-beam-sensors-weco-987q","status":"publish","type":"product","link":"https:\/\/elevatorlightcurtains.com\/fr\/produit\/through-beam-sensors-weco-987q\/","title":{"rendered":"capteurs \u00e0 faisceau barrage WECO-987Q"},"content":{"rendered":"<h5>D\u00e9tecteur de porte d'ascenseur 24vdc\/120vac\/220vac pour ascenseurs Otis, TK , Schindler, Kone ,Fujitec , Mitsubishi<\/h5>\n<p>&nbsp;<\/p>\n<p><img data-recalc-dims=\"1\" fetchpriority=\"high\" decoding=\"async\" class=\"size-full wp-image-1452\" src=\"https:\/\/i0.wp.com\/elevatorlightcurtains.com\/wp-content\/uploads\/2024\/08\/WECO-987Q-scaled.jpg?resize=800%2C2357&#038;ssl=1\" alt=\"987Q schindler elevator door sensor power supply 110 vac\" width=\"800\" height=\"2357\" srcset=\"https:\/\/i0.wp.com\/elevatorlightcurtains.com\/wp-content\/uploads\/2024\/08\/WECO-987Q-scaled.jpg?w=869&amp;ssl=1 869w, https:\/\/i0.wp.com\/elevatorlightcurtains.com\/wp-content\/uploads\/2024\/08\/WECO-987Q-scaled.jpg?resize=102%2C300&amp;ssl=1 102w, https:\/\/i0.wp.com\/elevatorlightcurtains.com\/wp-content\/uploads\/2024\/08\/WECO-987Q-scaled.jpg?resize=348%2C1024&amp;ssl=1 348w, https:\/\/i0.wp.com\/elevatorlightcurtains.com\/wp-content\/uploads\/2024\/08\/WECO-987Q-scaled.jpg?resize=768%2C2261&amp;ssl=1 768w, https:\/\/i0.wp.com\/elevatorlightcurtains.com\/wp-content\/uploads\/2024\/08\/WECO-987Q-scaled.jpg?resize=600%2C1767&amp;ssl=1 600w\" sizes=\"(max-width: 800px) 100vw, 800px\" \/><\/p>\n<p>Le WECO-987Q est une solution de pointe con\u00e7ue pour am\u00e9liorer la s\u00e9curit\u00e9 et l'efficacit\u00e9 dans diverses applications de levage, en particulier dans les ascenseurs de passagers et de marchandises. Con\u00e7u avec pr\u00e9cision et innovation, le WECO-987Q se distingue par sa faible \u00e9paisseur et sa structure sp\u00e9cialis\u00e9e, ce qui en fait un choix id\u00e9al pour les environnements o\u00f9 l'espace est restreint.<\/p>\n<p>Caract\u00e9ristiques principales :<\/p>\n<p>1. Conception \u00e0 profil mince : Le design compact du WECO-987Q permet une int\u00e9gration parfaite dans les syst\u00e8mes d'ascenseurs existants sans compromettre les performances. Sa forme minimaliste lui permet d'\u00eatre install\u00e9 dans des espaces restreints, ce qui le rend parfait pour les conceptions architecturales modernes o\u00f9 l'esth\u00e9tique et la fonctionnalit\u00e9 doivent coexister.<\/p>\n<p>2. Signal de sortie de dysfonctionnement avanc\u00e9 : Ce capteur est \u00e9quip\u00e9 d'un signal de sortie de dysfonctionnement avanc\u00e9 qui fournit un retour d'information en temps r\u00e9el sur l'\u00e9tat de fonctionnement. En cas de dysfonctionnement, le capteur communique rapidement les probl\u00e8mes au syst\u00e8me de contr\u00f4le, ce qui permet de prendre rapidement des mesures correctives. Cette approche proactive permet non seulement de renforcer la s\u00e9curit\u00e9, mais aussi de minimiser les temps d'arr\u00eat, garantissant ainsi le bon fonctionnement et l'efficacit\u00e9 des ascenseurs.<\/p>\n<p>3. Conformit\u00e9 \u00e0 la nouvelle norme EN81-20 : Le WECO-987Q est enti\u00e8rement conforme \u00e0 la norme EN81-20, qui d\u00e9finit les exigences de s\u00e9curit\u00e9 essentielles pour les ascenseurs et les escaliers m\u00e9caniques en Europe. Cette conformit\u00e9 garantit que le capteur respecte des protocoles de s\u00e9curit\u00e9 rigoureux, ce qui assure la tranquillit\u00e9 d'esprit des op\u00e9rateurs et des utilisateurs. En adh\u00e9rant \u00e0 ces normes, le WECO-987Q garantit des performances fiables dans divers sc\u00e9narios de levage.<\/p>\n<p>4. Applications polyvalentes : Bien que le WECO-987Q soit principalement utilis\u00e9 dans les ascenseurs de passagers et de marchandises, sa polyvalence s'\u00e9tend au-del\u00e0 de ces applications. Il peut \u00eatre utilis\u00e9 efficacement dans toute une gamme d'environnements industriels o\u00f9 la d\u00e9tection pr\u00e9cise d'objets est cruciale pour la s\u00e9curit\u00e9 et l'efficacit\u00e9 des op\u00e9rations.<\/p>\n<p>5. Construction robuste : Construit pour r\u00e9sister \u00e0 des environnements exigeants, le WECO-987Q est dot\u00e9 de mat\u00e9riaux durables qui garantissent sa long\u00e9vit\u00e9 et sa fiabilit\u00e9. Sa construction robuste est con\u00e7ue pour supporter les vibrations, les fluctuations de temp\u00e9rature et d'autres conditions difficiles que l'on trouve couramment dans les syst\u00e8mes d'ascenseurs.<\/p>\n<p>6. Installation conviviale : Le processus d'installation du WECO-987Q est simple, ce qui permet une mise en place rapide sans modification importante des syst\u00e8mes existants. Cette facilit\u00e9 d'installation r\u00e9duit les co\u00fbts de main d'\u0153uvre et minimise les perturbations lors des mises \u00e0 jour ou des nouvelles installations.<\/p>\n<p>En conclusion, les capteurs \u00e0 faisceau traversant WECO-987Q repr\u00e9sentent une avanc\u00e9e significative dans la technologie de la s\u00e9curit\u00e9 des ascenseurs. Avec son profil mince, ses capacit\u00e9s avanc\u00e9es de signal de sortie de dysfonctionnement, sa conformit\u00e9 aux normes EN81-20 et sa construction robuste, ce capteur est con\u00e7u pour r\u00e9pondre aux exigences des syst\u00e8mes d'ascenseurs modernes tout en garantissant des performances optimales et la s\u00e9curit\u00e9 des utilisateurs. Choisissez le WECO-987Q pour votre prochain projet et faites l'exp\u00e9rience d'une fiabilit\u00e9 in\u00e9gal\u00e9e dans les op\u00e9rations d'ascenseurs de passagers et de marchandises.<\/p>","protected":false},"excerpt":{"rendered":"<h5><\/h5>\n<h5><\/h5>\n<ul>\n<li>\n<h5>Fonction suppl\u00e9mentaire du bo\u00eetier d'alimentation : sortie de signal d\u00e9fectueuse<\/h5>\n<\/li>\n<li>\n<h5>Faisceaux 174\/194\/234 \u00e0 partir de diodes 36\/40\/48<\/h5>\n<\/li>\n<li>\n<h5>Voltage : AC220V<\/h5>\n<\/li>\n<li>\n<h5>Hauteur standard de 2000 mm<\/h5>\n<\/li>\n<li>\n<h5>Port\u00e9e de d\u00e9tection de 4000 mm<\/h5>\n<\/li>\n<li>\n<h5>IP54<\/h5>\n<\/li>\n<li>\n<h5>Norme EN81-20<\/h5>\n<\/li>\n<li>\n<h5>Emballage individuel des tubes, cinq tubes par paquet.<\/h5>\n<\/li>\n<li>\n<h5>Des longueurs de c\u00e2ble sp\u00e9ciales peuvent \u00eatre fabriqu\u00e9es sur mesure.<\/h5>\n<\/li>\n<li>\n<h5>Immunis\u00e9 contre la lumi\u00e8re du soleil.<\/h5>\n<\/li>\n<\/ul>","protected":false},"featured_media":1436,"comment_status":"open","ping_status":"closed","template":"","meta":[],"product_cat":[45,49],"product_tag":[],"class_list":{"0":"post-1476","1":"product","2":"type-product","3":"status-publish","4":"has-post-thumbnail","6":"product_cat-en81-20-lift-door-photocell","7":"product_cat-products","9":"first","10":"instock","11":"shipping-taxable","12":"product-type-simple"},"jetpack_sharing_enabled":true,"_links":{"self":[{"href":"https:\/\/elevatorlightcurtains.com\/fr\/wp-json\/wp\/v2\/product\/1476","targetHints":{"allow":["GET"]}}],"collection":[{"href":"https:\/\/elevatorlightcurtains.com\/fr\/wp-json\/wp\/v2\/product"}],"about":[{"href":"https:\/\/elevatorlightcurtains.com\/fr\/wp-json\/wp\/v2\/types\/product"}],"replies":[{"embeddable":true,"href":"https:\/\/elevatorlightcurtains.com\/fr\/wp-json\/wp\/v2\/comments?post=1476"}],"wp:featuredmedia":[{"embeddable":true,"href":"https:\/\/elevatorlightcurtains.com\/fr\/wp-json\/wp\/v2\/media\/1436"}],"wp:attachment":[{"href":"https:\/\/elevatorlightcurtains.com\/fr\/wp-json\/wp\/v2\/media?parent=1476"}],"wp:term":[{"taxonomy":"product_cat","embeddable":true,"href":"https:\/\/elevatorlightcurtains.com\/fr\/wp-json\/wp\/v2\/product_cat?post=1476"},{"taxonomy":"product_tag","embeddable":true,"href":"https:\/\/elevatorlightcurtains.com\/fr\/wp-json\/wp\/v2\/product_tag?post=1476"}],"curies":[{"name":"wp","href":"https:\/\/api.w.org\/{rel}","templated":true}]}}