{"id":1474,"date":"2024-08-23T05:44:51","date_gmt":"2024-08-23T05:44:51","guid":{"rendered":"https:\/\/elevatorlightcurtains.com\/?post_type=product&#038;p=1474"},"modified":"2025-01-01T06:58:58","modified_gmt":"2025-01-01T06:58:58","slug":"optic-light-curtains-weco-987n","status":"publish","type":"product","link":"https:\/\/elevatorlightcurtains.com\/fr\/produit\/optic-light-curtains-weco-987n\/","title":{"rendered":"Rideaux optiques WECO-987N"},"content":{"rendered":"<h5>D\u00e9tecteur de porte pi\u00e9tonne pour la protection de la cabine d'ascenseur Pi\u00e8ces de rechange pour ascenseurs Fournisseurs en Chine<\/h5>\n<p>&nbsp;<\/p>\n<p><img data-recalc-dims=\"1\" fetchpriority=\"high\" decoding=\"async\" class=\"size-full wp-image-1450\" src=\"https:\/\/i0.wp.com\/elevatorlightcurtains.com\/wp-content\/uploads\/2024\/08\/WECO-987N-scaled.jpg?resize=800%2C2357&#038;ssl=1\" alt=\"987N WECO door sensor detector lift light curtain\" width=\"800\" height=\"2357\" srcset=\"https:\/\/i0.wp.com\/elevatorlightcurtains.com\/wp-content\/uploads\/2024\/08\/WECO-987N-scaled.jpg?w=869&amp;ssl=1 869w, https:\/\/i0.wp.com\/elevatorlightcurtains.com\/wp-content\/uploads\/2024\/08\/WECO-987N-scaled.jpg?resize=102%2C300&amp;ssl=1 102w, https:\/\/i0.wp.com\/elevatorlightcurtains.com\/wp-content\/uploads\/2024\/08\/WECO-987N-scaled.jpg?resize=348%2C1024&amp;ssl=1 348w, https:\/\/i0.wp.com\/elevatorlightcurtains.com\/wp-content\/uploads\/2024\/08\/WECO-987N-scaled.jpg?resize=768%2C2261&amp;ssl=1 768w, https:\/\/i0.wp.com\/elevatorlightcurtains.com\/wp-content\/uploads\/2024\/08\/WECO-987N-scaled.jpg?resize=600%2C1767&amp;ssl=1 600w\" sizes=\"(max-width: 800px) 100vw, 800px\" \/><\/p>\n<p>Les barri\u00e8res immat\u00e9rielles optiques WECO-987N sont une solution de s\u00e9curit\u00e9 de pointe con\u00e7ue pour am\u00e9liorer l'efficacit\u00e9 op\u00e9rationnelle et garantir la conformit\u00e9 aux normes industrielles les plus r\u00e9centes. Con\u00e7ues dans un souci de pr\u00e9cision et de polyvalence, ces barri\u00e8res immat\u00e9rielles sont id\u00e9ales pour une grande vari\u00e9t\u00e9 d'applications, offrant une protection robuste dans les installations statiques et dynamiques.<\/p>\n<p><strong>Options d'installation polyvalentes<\/strong><\/p>\n<p>Le d\u00e9tecteur de mouvement pour rideau WECO-987N est \u00e9quip\u00e9 d'une gamme compl\u00e8te de possibilit\u00e9s de fixation qui r\u00e9pondent aux exigences les plus diverses en mati\u00e8re d'installation. Dot\u00e9s de deux canaux en C, l'un sur le c\u00f4t\u00e9 et l'autre \u00e0 l'arri\u00e8re, ces rideaux lumineux offrent une flexibilit\u00e9 in\u00e9gal\u00e9e. Le canal lat\u00e9ral permet un per\u00e7age sur place, ce qui permet des ajustements rapides et faciles pour r\u00e9pondre \u00e0 des contraintes spatiales sp\u00e9cifiques ou \u00e0 des besoins op\u00e9rationnels. Qu'il s'agisse de les int\u00e9grer dans des machines existantes ou de mettre en place de nouveaux syst\u00e8mes, les barri\u00e8res immat\u00e9rielles WECO-987N garantissent un processus d'installation sans faille.<\/p>\n<p><strong>Conformit\u00e9 \u00e0 la nouvelle norme EN81-20<\/strong><\/p>\n<p>La s\u00e9curit\u00e9 est primordiale dans tout environnement industriel, et le d\u00e9tecteur d'ouverture de porte WECO-987N r\u00e9pond aux exigences rigoureuses de la nouvelle norme EN81-20. Cette conformit\u00e9 garantit que vos op\u00e9rations respectent les protocoles de s\u00e9curit\u00e9 les plus stricts, assurant ainsi la tranquillit\u00e9 d'esprit des op\u00e9rateurs et de la direction. Avec des obstructions minimales d\u00e9tectables en continu de seulement 50 mm, ces barri\u00e8res immat\u00e9rielles sont con\u00e7ues pour d\u00e9tecter m\u00eame les plus petits dangers potentiels, garantissant ainsi la s\u00e9curit\u00e9 de votre lieu de travail.<\/p>\n<p><strong>Signal de sortie de dysfonctionnement avanc\u00e9<\/strong><\/p>\n<p>En plus de ses caract\u00e9ristiques de s\u00e9curit\u00e9 robustes, le d\u00e9tecteur de porte WECO-987N est \u00e9quip\u00e9 d'un signal de sortie de dysfonctionnement int\u00e9gr\u00e9 dans son bo\u00eetier d'alimentation. Cette fonctionnalit\u00e9 avanc\u00e9e permet de surveiller en temps r\u00e9el les performances du syst\u00e8me et d'alerter rapidement les op\u00e9rateurs en cas d'irr\u00e9gularit\u00e9s ou de dysfonctionnements. En facilitant les actions de r\u00e9ponse imm\u00e9diate, cette fonctionnalit\u00e9 r\u00e9duit consid\u00e9rablement les temps d'arr\u00eat et am\u00e9liore la fiabilit\u00e9 op\u00e9rationnelle globale.<\/p>\n<p><strong>Conclusion<\/strong><\/p>\n<p>Le capteur de bord de porte d'ascenseur WECO-987N repr\u00e9sente un m\u00e9lange parfait d'innovation, de s\u00e9curit\u00e9 et d'adaptabilit\u00e9. Gr\u00e2ce \u00e0 leurs options d'installation polyvalentes, \u00e0 leur conformit\u00e9 aux normes industrielles et \u00e0 leurs capacit\u00e9s de surveillance avanc\u00e9es, ces barri\u00e8res immat\u00e9rielles sont un \u00e9l\u00e9ment essentiel pour toute installation qui accorde la priorit\u00e9 \u00e0 la s\u00e9curit\u00e9 et \u00e0 l'efficacit\u00e9.<\/p>\n<p>&nbsp;<\/p>","protected":false},"excerpt":{"rendered":"<h5><\/h5>\n<h5><\/h5>\n<ul>\n<li>\n<h5>Fonction suppl\u00e9mentaire du bo\u00eetier d'alimentation : sortie de signal d\u00e9fectueuse<\/h5>\n<\/li>\n<li>\n<h5>Faisceaux 174\/194 \u00e0 partir de diodes 36\/40<\/h5>\n<\/li>\n<li>\n<h5>Voltage : AC220V<\/h5>\n<\/li>\n<li>\n<h5>Hauteur standard de 2000 mm<\/h5>\n<\/li>\n<li>\n<h5>Port\u00e9e de d\u00e9tection de 4000 mm<\/h5>\n<\/li>\n<li>\n<h5>IP54<\/h5>\n<\/li>\n<li>\n<h5>Norme EN81-20<\/h5>\n<\/li>\n<li>\n<h5>Emballage individuel des tubes, cinq tubes par paquet.<\/h5>\n<\/li>\n<li>\n<h5>Des longueurs de c\u00e2ble sp\u00e9ciales peuvent \u00eatre fabriqu\u00e9es sur mesure.<\/h5>\n<\/li>\n<li>\n<h5>Immunis\u00e9 contre la lumi\u00e8re du soleil.<\/h5>\n<\/li>\n<\/ul>","protected":false},"featured_media":1434,"comment_status":"open","ping_status":"closed","template":"","meta":[],"product_cat":[45,49],"product_tag":[],"class_list":{"0":"post-1474","1":"product","2":"type-product","3":"status-publish","4":"has-post-thumbnail","6":"product_cat-en81-20-lift-door-photocell","7":"product_cat-products","9":"first","10":"instock","11":"shipping-taxable","12":"product-type-simple"},"jetpack_sharing_enabled":true,"_links":{"self":[{"href":"https:\/\/elevatorlightcurtains.com\/fr\/wp-json\/wp\/v2\/product\/1474","targetHints":{"allow":["GET"]}}],"collection":[{"href":"https:\/\/elevatorlightcurtains.com\/fr\/wp-json\/wp\/v2\/product"}],"about":[{"href":"https:\/\/elevatorlightcurtains.com\/fr\/wp-json\/wp\/v2\/types\/product"}],"replies":[{"embeddable":true,"href":"https:\/\/elevatorlightcurtains.com\/fr\/wp-json\/wp\/v2\/comments?post=1474"}],"wp:featuredmedia":[{"embeddable":true,"href":"https:\/\/elevatorlightcurtains.com\/fr\/wp-json\/wp\/v2\/media\/1434"}],"wp:attachment":[{"href":"https:\/\/elevatorlightcurtains.com\/fr\/wp-json\/wp\/v2\/media?parent=1474"}],"wp:term":[{"taxonomy":"product_cat","embeddable":true,"href":"https:\/\/elevatorlightcurtains.com\/fr\/wp-json\/wp\/v2\/product_cat?post=1474"},{"taxonomy":"product_tag","embeddable":true,"href":"https:\/\/elevatorlightcurtains.com\/fr\/wp-json\/wp\/v2\/product_tag?post=1474"}],"curies":[{"name":"wp","href":"https:\/\/api.w.org\/{rel}","templated":true}]}}