{"id":1471,"date":"2024-08-23T05:06:36","date_gmt":"2024-08-23T05:06:36","guid":{"rendered":"https:\/\/elevatorlightcurtains.com\/?post_type=product&#038;p=1471"},"modified":"2025-01-01T06:59:24","modified_gmt":"2025-01-01T06:59:24","slug":"ip65-lift-photocells-weco-987m","status":"publish","type":"product","link":"https:\/\/elevatorlightcurtains.com\/fr\/produit\/ip65-lift-photocells-weco-987m\/","title":{"rendered":"Photocellules pour ascenseurs IP65 WECO-987M"},"content":{"rendered":"<h5>Otis Elevator Door Sensors China Elevator Parts Manufacturer WECO-987M81-AC220<\/h5>\n<p><img data-recalc-dims=\"1\" fetchpriority=\"high\" decoding=\"async\" class=\"size-full wp-image-1449\" src=\"https:\/\/i0.wp.com\/elevatorlightcurtains.com\/wp-content\/uploads\/2024\/08\/WECO-987M-scaled.jpg?resize=800%2C2357&#038;ssl=1\" alt=\"987M IP65 waterproof otis elevator door sensors\" width=\"800\" height=\"2357\" srcset=\"https:\/\/i0.wp.com\/elevatorlightcurtains.com\/wp-content\/uploads\/2024\/08\/WECO-987M-scaled.jpg?w=869&amp;ssl=1 869w, https:\/\/i0.wp.com\/elevatorlightcurtains.com\/wp-content\/uploads\/2024\/08\/WECO-987M-scaled.jpg?resize=102%2C300&amp;ssl=1 102w, https:\/\/i0.wp.com\/elevatorlightcurtains.com\/wp-content\/uploads\/2024\/08\/WECO-987M-scaled.jpg?resize=348%2C1024&amp;ssl=1 348w, https:\/\/i0.wp.com\/elevatorlightcurtains.com\/wp-content\/uploads\/2024\/08\/WECO-987M-scaled.jpg?resize=768%2C2261&amp;ssl=1 768w, https:\/\/i0.wp.com\/elevatorlightcurtains.com\/wp-content\/uploads\/2024\/08\/WECO-987M-scaled.jpg?resize=600%2C1767&amp;ssl=1 600w\" sizes=\"(max-width: 800px) 100vw, 800px\" \/><\/p>\n<p>&nbsp;<\/p>\n<p>Les barri\u00e8res immat\u00e9rielles de s\u00e9curit\u00e9 WECO-987M sont une solution de s\u00e9curit\u00e9 de pointe con\u00e7ue pour am\u00e9liorer l'efficacit\u00e9 op\u00e9rationnelle et la s\u00e9curit\u00e9 des syst\u00e8mes d'ascenseurs. Con\u00e7ue avec pr\u00e9cision et construite pour r\u00e9sister aux rigueurs des environnements int\u00e9rieurs et ext\u00e9rieurs, la WECO-987M est un composant essentiel pour les installations d'ascenseurs modernes.<\/p>\n<p><strong>Conception robuste et \u00e9tanche<\/strong><\/p>\n<p>Les d\u00e9tecteurs de faisceaux WECO-987M b\u00e9n\u00e9ficient d'un indice d'\u00e9tanch\u00e9it\u00e9 IP65 impressionnant, ce qui leur permet de rester pleinement op\u00e9rationnels m\u00eame dans des conditions m\u00e9t\u00e9orologiques difficiles. Cette caract\u00e9ristique le rend particuli\u00e8rement adapt\u00e9 aux installations ext\u00e9rieures, o\u00f9 l'exposition \u00e0 l'humidit\u00e9 et aux \u00e9l\u00e9ments environnementaux peut compromettre la fonctionnalit\u00e9 de produits de moindre qualit\u00e9. La lentille de filtre externe boucl\u00e9e am\u00e9liore encore sa durabilit\u00e9, en fournissant une couche suppl\u00e9mentaire de protection contre la poussi\u00e8re et les infiltrations d'eau.<\/p>\n<p><strong>Caract\u00e9ristiques d'installation innovantes<\/strong><\/p>\n<p>Con\u00e7us dans un souci de commodit\u00e9 pour l'utilisateur, les d\u00e9tecteurs d'ouverture de porte d'ascenseur WECO-987M sont dot\u00e9s d'une ailette de fixation unique \u00e0 l'arri\u00e8re. Cette conception innovante permet une installation s\u00e9curis\u00e9e sans compromettre l'int\u00e9grit\u00e9 du compartiment \u00e9lectronique principal. Qu'il s'agisse d'une installation statique ou dynamique, cette caract\u00e9ristique garantit que votre barri\u00e8re immat\u00e9rielle reste bien en place tout en conservant des performances optimales.<\/p>\n<p><strong>Respect des normes de s\u00e9curit\u00e9<\/strong><\/p>\n<p>La s\u00e9curit\u00e9 est primordiale dans les op\u00e9rations d'ascenseur, et les rideaux industriels WECO-987M adh\u00e8rent \u00e0 la norme rigoureuse EN81-20. Cette conformit\u00e9 garantit que le rideau lumineux r\u00e9pond aux exigences de l'industrie en mati\u00e8re de dispositifs de s\u00e9curit\u00e9 dans les ascenseurs. Avec une taille minimale d'obstruction d\u00e9tectable en continu de seulement 50 mm, ce produit est capable d'identifier les dangers potentiels, am\u00e9liorant ainsi la s\u00e9curit\u00e9 des passagers pendant le fonctionnement de l'ascenseur.<\/p>\n<p><strong>Fonctionnalit\u00e9 avanc\u00e9e de sortie du signal de d\u00e9faut<\/strong><\/p>\n<p>Le d\u00e9tecteur automatique de porte WECO-987M est \u00e9quip\u00e9 d'une fonction de sortie de signal de d\u00e9faut int\u00e9gr\u00e9e dans son bo\u00eetier d'alimentation. Cette fonction avanc\u00e9e fournit un retour d'information en temps r\u00e9el sur l'\u00e9tat de fonctionnement de la barri\u00e8re immat\u00e9rielle, ce qui permet de d\u00e9tecter imm\u00e9diatement tout dysfonctionnement ou irr\u00e9gularit\u00e9. En veillant \u00e0 ce que tout probl\u00e8me soit rapidement r\u00e9solu, cette fonctionnalit\u00e9 contribue \u00e0 maintenir un environnement s\u00fbr et fiable dans les ascenseurs.<\/p>\n<p><strong>Conclusion<\/strong><\/p>\n<p>En r\u00e9sum\u00e9, les barri\u00e8res immat\u00e9rielles de s\u00e9curit\u00e9 WECO-987M repr\u00e9sentent le summum de l'excellence technique en mati\u00e8re de s\u00e9curit\u00e9. Gr\u00e2ce \u00e0 sa conception robuste et \u00e9tanche, \u00e0 ses caract\u00e9ristiques d'installation innovantes, \u00e0 sa conformit\u00e9 aux normes industrielles et \u00e0 sa fonctionnalit\u00e9 avanc\u00e9e de sortie de signal de d\u00e9faut, ce produit est parfaitement adapt\u00e9 aux installations d'ascenseurs statiques et dynamiques. Am\u00e9liorez vos normes de s\u00e9curit\u00e9 avec le WECO-987M - o\u00f9 la fiabilit\u00e9 rencontre la technologie de pointe.<\/p>","protected":false},"excerpt":{"rendered":"<h5><\/h5>\n<h5><\/h5>\n<ul>\n<li>\n<h5>S\u00e9rie M : L'indice de protection \u00e9lev\u00e9 IP65, la lentille de filtre externe boucl\u00e9e et le dispositif de distribution permettent au rideau de lumi\u00e8re de mieux s'adapter aux environnements difficiles.<\/h5>\n<\/li>\n<li>\n<h5>Fonction suppl\u00e9mentaire du bo\u00eetier d'alimentation : sortie de signal d\u00e9fectueuse.<\/h5>\n<\/li>\n<li>\n<h5>Faisceaux 174\/194 \u00e0 partir de diodes 36\/40<\/h5>\n<\/li>\n<li>\n<h5>Voltage : AC220V<\/h5>\n<\/li>\n<li>\n<h5>Hauteur standard de 2000 mm<\/h5>\n<\/li>\n<li>\n<h5>Port\u00e9e de d\u00e9tection de 4000 mm<\/h5>\n<\/li>\n<li>\n<h5>Indice de protection IP65<\/h5>\n<\/li>\n<li>\n<h5>Norme EN81-20<\/h5>\n<\/li>\n<li>\n<h5>Emballage individuel des tubes, cinq tubes par paquet.<\/h5>\n<\/li>\n<li>\n<h5>Des longueurs de c\u00e2ble sp\u00e9ciales peuvent \u00eatre fabriqu\u00e9es sur mesure.<\/h5>\n<\/li>\n<li>\n<h5>Immunis\u00e9 contre la lumi\u00e8re du soleil.<\/h5>\n<\/li>\n<\/ul>","protected":false},"featured_media":1430,"comment_status":"open","ping_status":"closed","template":"","meta":[],"product_cat":[45,49],"product_tag":[],"class_list":{"0":"post-1471","1":"product","2":"type-product","3":"status-publish","4":"has-post-thumbnail","6":"product_cat-en81-20-lift-door-photocell","7":"product_cat-products","9":"first","10":"instock","11":"shipping-taxable","12":"product-type-simple"},"jetpack_sharing_enabled":true,"_links":{"self":[{"href":"https:\/\/elevatorlightcurtains.com\/fr\/wp-json\/wp\/v2\/product\/1471","targetHints":{"allow":["GET"]}}],"collection":[{"href":"https:\/\/elevatorlightcurtains.com\/fr\/wp-json\/wp\/v2\/product"}],"about":[{"href":"https:\/\/elevatorlightcurtains.com\/fr\/wp-json\/wp\/v2\/types\/product"}],"replies":[{"embeddable":true,"href":"https:\/\/elevatorlightcurtains.com\/fr\/wp-json\/wp\/v2\/comments?post=1471"}],"wp:featuredmedia":[{"embeddable":true,"href":"https:\/\/elevatorlightcurtains.com\/fr\/wp-json\/wp\/v2\/media\/1430"}],"wp:attachment":[{"href":"https:\/\/elevatorlightcurtains.com\/fr\/wp-json\/wp\/v2\/media?parent=1471"}],"wp:term":[{"taxonomy":"product_cat","embeddable":true,"href":"https:\/\/elevatorlightcurtains.com\/fr\/wp-json\/wp\/v2\/product_cat?post=1471"},{"taxonomy":"product_tag","embeddable":true,"href":"https:\/\/elevatorlightcurtains.com\/fr\/wp-json\/wp\/v2\/product_tag?post=1471"}],"curies":[{"name":"wp","href":"https:\/\/api.w.org\/{rel}","templated":true}]}}