{"id":1469,"date":"2024-08-23T03:16:02","date_gmt":"2024-08-23T03:16:02","guid":{"rendered":"https:\/\/elevatorlightcurtains.com\/?post_type=product&#038;p=1469"},"modified":"2025-01-01T06:59:51","modified_gmt":"2025-01-01T06:59:51","slug":"lift-safety-light-curtain-weco-987l","status":"publish","type":"product","link":"https:\/\/elevatorlightcurtains.com\/fr\/produit\/lift-safety-light-curtain-weco-987l\/","title":{"rendered":"Barri\u00e8re immat\u00e9rielle de s\u00e9curit\u00e9 pour ascenseurs WECO-987L"},"content":{"rendered":"<h5>WECO fabricant de rideaux d\u00e9tection photo\u00e9lectrique pour porte d'ascenseur WECO-987L81-AC220<\/h5>\n<p><img data-recalc-dims=\"1\" fetchpriority=\"high\" decoding=\"async\" class=\"size-full wp-image-1448\" src=\"https:\/\/i0.wp.com\/elevatorlightcurtains.com\/wp-content\/uploads\/2024\/08\/WECO-987L-scaled.jpg?resize=800%2C2341&#038;ssl=1\" alt=\"987L WECO elevator door sensor detector\" width=\"800\" height=\"2341\" srcset=\"https:\/\/i0.wp.com\/elevatorlightcurtains.com\/wp-content\/uploads\/2024\/08\/WECO-987L-scaled.jpg?w=875&amp;ssl=1 875w, https:\/\/i0.wp.com\/elevatorlightcurtains.com\/wp-content\/uploads\/2024\/08\/WECO-987L-scaled.jpg?resize=103%2C300&amp;ssl=1 103w, https:\/\/i0.wp.com\/elevatorlightcurtains.com\/wp-content\/uploads\/2024\/08\/WECO-987L-scaled.jpg?resize=350%2C1024&amp;ssl=1 350w, https:\/\/i0.wp.com\/elevatorlightcurtains.com\/wp-content\/uploads\/2024\/08\/WECO-987L-scaled.jpg?resize=768%2C2246&amp;ssl=1 768w, https:\/\/i0.wp.com\/elevatorlightcurtains.com\/wp-content\/uploads\/2024\/08\/WECO-987L-scaled.jpg?resize=525%2C1536&amp;ssl=1 525w, https:\/\/i0.wp.com\/elevatorlightcurtains.com\/wp-content\/uploads\/2024\/08\/WECO-987L-scaled.jpg?resize=700%2C2048&amp;ssl=1 700w, https:\/\/i0.wp.com\/elevatorlightcurtains.com\/wp-content\/uploads\/2024\/08\/WECO-987L-scaled.jpg?resize=600%2C1755&amp;ssl=1 600w\" sizes=\"(max-width: 800px) 100vw, 800px\" \/><\/p>\n<p>&nbsp;<\/p>\n<p>La barri\u00e8re immat\u00e9rielle de s\u00e9curit\u00e9 pour ascenseurs WECO-987L est une solution d'avant-garde con\u00e7ue pour am\u00e9liorer la s\u00e9curit\u00e9 et l'efficacit\u00e9 des syst\u00e8mes d'ascenseurs. Faisant partie de la gamme de d\u00e9tecteurs de porte WECO, le WECO-987L est l'option la plus \u00e9conomique, ce qui en fait un choix id\u00e9al pour les installations statiques et dynamiques.<\/p>\n<p>Fabriqu\u00e9 avec pr\u00e9cision et con\u00e7u pour la fiabilit\u00e9, le capteur photo\u00e9lectrique WECO-987L pr\u00e9sente un profil en L robuste qui non seulement r\u00e9pond aux normes industrielles, mais les d\u00e9passe. Ce mod\u00e8le est sp\u00e9cialement con\u00e7u pour \u00eatre conforme \u00e0 la nouvelle norme europ\u00e9enne EN81-20, garantissant que vos syst\u00e8mes d'ascenseurs sont \u00e9quip\u00e9s des derni\u00e8res mesures de s\u00e9curit\u00e9 et directives op\u00e9rationnelles.<\/p>\n<p>L'une des caract\u00e9ristiques principales du profil\u00e9 WECO-987L est sa conception innovante, qui comprend des points de fixation standard compl\u00e9t\u00e9s par un canal en \"C\" suppl\u00e9mentaire situ\u00e9 \u00e0 l'arri\u00e8re du profil\u00e9. Cet ajout judicieux offre des possibilit\u00e9s de fixation suppl\u00e9mentaires, permettant des options d'installation polyvalentes qui peuvent s'adapter \u00e0 diverses exigences architecturales. Qu'il s'agisse de moderniser un syst\u00e8me existant ou d'en installer un nouveau, le WECO-987L offre la flexibilit\u00e9 et la facilit\u00e9 d'utilisation que les professionnels exigent.<\/p>\n<p>En plus de sa conception sup\u00e9rieure et de sa conformit\u00e9 aux normes de s\u00e9curit\u00e9, le capteur de fret WECO-987L est \u00e9quip\u00e9 d'une fonction de sortie de signal de d\u00e9faut int\u00e9gr\u00e9e dans son bo\u00eetier d'alimentation. Cette fonction garantit que tout probl\u00e8me potentiel est rapidement communiqu\u00e9, ce qui permet d'effectuer des op\u00e9rations de maintenance rapides et de minimiser les temps d'arr\u00eat. La sortie du signal de d\u00e9faut am\u00e9liore la fiabilit\u00e9 op\u00e9rationnelle, procurant une tranquillit\u00e9 d'esprit aux op\u00e9rateurs et aux utilisateurs.<\/p>\n<p>Le rideau d'ascenseur WECO-987L n'est pas seulement un produit, c'est un engagement en faveur de la s\u00e9curit\u00e9, de l'efficacit\u00e9 et de l'innovation dans la technologie des ascenseurs. Avec sa conception \u00e9conomique, ses options d'installation polyvalentes et ses capacit\u00e9s avanc\u00e9es de d\u00e9tection des d\u00e9fauts, cette cellule photo\u00e9lectrique est un composant essentiel pour les syst\u00e8mes d'ascenseurs modernes qui cherchent \u00e0 maintenir les normes les plus \u00e9lev\u00e9es en mati\u00e8re de performance et de s\u00e9curit\u00e9.<\/p>\n<p>Les d\u00e9tecteurs photo\u00e9lectriques WECO-987L am\u00e9liorent vos syst\u00e8mes d'ascenseurs en alliant la qualit\u00e9 \u00e0 un prix abordable dans la technologie de d\u00e9tection des portes.<\/p>","protected":false},"excerpt":{"rendered":"<h5><\/h5>\n<h5><\/h5>\n<ul>\n<li>\n<h5>Fonction suppl\u00e9mentaire du bo\u00eetier d'alimentation : sortie de signal d\u00e9fectueuse<\/h5>\n<\/li>\n<li>\n<h5>Faisceaux 174\/194 \u00e0 partir de diodes 36\/40<\/h5>\n<\/li>\n<li>\n<h5>Voltage : AC220V<\/h5>\n<\/li>\n<li>\n<h5>Hauteur standard de 2000 mm<\/h5>\n<\/li>\n<li>\n<h5>Port\u00e9e de d\u00e9tection de 4000 mm<\/h5>\n<\/li>\n<li>\n<h5>IP54<\/h5>\n<\/li>\n<li>\n<h5>Norme EN81-20<\/h5>\n<\/li>\n<li>\n<h5>Emballage individuel des tubes, cinq tubes par paquet.<\/h5>\n<\/li>\n<li>\n<h5>Des longueurs de c\u00e2ble sp\u00e9ciales peuvent \u00eatre fabriqu\u00e9es sur mesure.<\/h5>\n<\/li>\n<li>\n<h5>Immunis\u00e9 contre la lumi\u00e8re du soleil.<\/h5>\n<\/li>\n<\/ul>","protected":false},"featured_media":1429,"comment_status":"open","ping_status":"closed","template":"","meta":[],"product_cat":[45,49],"product_tag":[],"class_list":{"0":"post-1469","1":"product","2":"type-product","3":"status-publish","4":"has-post-thumbnail","6":"product_cat-en81-20-lift-door-photocell","7":"product_cat-products","9":"first","10":"instock","11":"shipping-taxable","12":"product-type-simple"},"jetpack_sharing_enabled":true,"_links":{"self":[{"href":"https:\/\/elevatorlightcurtains.com\/fr\/wp-json\/wp\/v2\/product\/1469","targetHints":{"allow":["GET"]}}],"collection":[{"href":"https:\/\/elevatorlightcurtains.com\/fr\/wp-json\/wp\/v2\/product"}],"about":[{"href":"https:\/\/elevatorlightcurtains.com\/fr\/wp-json\/wp\/v2\/types\/product"}],"replies":[{"embeddable":true,"href":"https:\/\/elevatorlightcurtains.com\/fr\/wp-json\/wp\/v2\/comments?post=1469"}],"wp:featuredmedia":[{"embeddable":true,"href":"https:\/\/elevatorlightcurtains.com\/fr\/wp-json\/wp\/v2\/media\/1429"}],"wp:attachment":[{"href":"https:\/\/elevatorlightcurtains.com\/fr\/wp-json\/wp\/v2\/media?parent=1469"}],"wp:term":[{"taxonomy":"product_cat","embeddable":true,"href":"https:\/\/elevatorlightcurtains.com\/fr\/wp-json\/wp\/v2\/product_cat?post=1469"},{"taxonomy":"product_tag","embeddable":true,"href":"https:\/\/elevatorlightcurtains.com\/fr\/wp-json\/wp\/v2\/product_tag?post=1469"}],"curies":[{"name":"wp","href":"https:\/\/api.w.org\/{rel}","templated":true}]}}