{"id":1463,"date":"2024-08-16T08:20:15","date_gmt":"2024-08-16T08:20:15","guid":{"rendered":"https:\/\/elevatorlightcurtains.com\/?post_type=product&#038;p=1463"},"modified":"2025-01-01T07:00:15","modified_gmt":"2025-01-01T07:00:15","slug":"full-height-sensor-weco-987c","status":"publish","type":"product","link":"https:\/\/elevatorlightcurtains.com\/fr\/produit\/full-height-sensor-weco-987c\/","title":{"rendered":"Capteur pleine hauteur WECO-987C"},"content":{"rendered":"<h5>EN81-20 Capteur pleine hauteur Protections pour portes d'ascenseurs 194beams WECO-987C81-AC220<\/h5>\n<p><img data-recalc-dims=\"1\" fetchpriority=\"high\" decoding=\"async\" class=\"size-full wp-image-1444\" src=\"https:\/\/i0.wp.com\/elevatorlightcurtains.com\/wp-content\/uploads\/2024\/08\/WECO-987C-scaled.jpg?resize=800%2C2335&#038;ssl=1\" alt=\"987C elevator door sensor circuit working\" width=\"800\" height=\"2335\" srcset=\"https:\/\/i0.wp.com\/elevatorlightcurtains.com\/wp-content\/uploads\/2024\/08\/WECO-987C-scaled.jpg?w=877&amp;ssl=1 877w, https:\/\/i0.wp.com\/elevatorlightcurtains.com\/wp-content\/uploads\/2024\/08\/WECO-987C-scaled.jpg?resize=103%2C300&amp;ssl=1 103w, https:\/\/i0.wp.com\/elevatorlightcurtains.com\/wp-content\/uploads\/2024\/08\/WECO-987C-scaled.jpg?resize=351%2C1024&amp;ssl=1 351w, https:\/\/i0.wp.com\/elevatorlightcurtains.com\/wp-content\/uploads\/2024\/08\/WECO-987C-scaled.jpg?resize=768%2C2242&amp;ssl=1 768w, https:\/\/i0.wp.com\/elevatorlightcurtains.com\/wp-content\/uploads\/2024\/08\/WECO-987C-scaled.jpg?resize=526%2C1536&amp;ssl=1 526w, https:\/\/i0.wp.com\/elevatorlightcurtains.com\/wp-content\/uploads\/2024\/08\/WECO-987C-scaled.jpg?resize=702%2C2048&amp;ssl=1 702w\" sizes=\"(max-width: 800px) 100vw, 800px\" \/><\/p>\n<p>&nbsp;<\/p>\n<p>Le capteur WECO-987C Full Height est une solution de pointe con\u00e7ue pour la pr\u00e9cision et la fiabilit\u00e9 dans des environnements tr\u00e8s exigeants. Ce capteur de pointe est soigneusement log\u00e9 dans un profil robuste, sp\u00e9cialement con\u00e7u pour r\u00e9sister aux rigueurs des vibrations et des applications lourdes. Id\u00e9al pour les ascenseurs \u00e0 grande vitesse, le WECO-987C garantit une performance et une s\u00e9curit\u00e9 optimales dans divers environnements industriels.<\/p>\n<p>La cellule photo\u00e9lectrique WECO-987C Lift Full Height est con\u00e7ue pour une installation statique, ce qui en fait un excellent choix pour les environnements o\u00f9 la stabilit\u00e9 et la durabilit\u00e9 sont primordiales. Sa conception est conforme \u00e0 la norme EN81-20, qui garantit la conformit\u00e9 aux r\u00e9glementations europ\u00e9ennes en mati\u00e8re de s\u00e9curit\u00e9 pour les ascenseurs et les escaliers m\u00e9caniques. Cet engagement en faveur de la qualit\u00e9 permet non seulement d'am\u00e9liorer l'efficacit\u00e9 op\u00e9rationnelle, mais aussi de garantir la tranquillit\u00e9 d'esprit des op\u00e9rateurs et des utilisateurs.<\/p>\n<p>L'une des principales caract\u00e9ristiques du d\u00e9tecteur d'ouverture de porte WECO-987C est sa capacit\u00e9 \u00e0 \u00e9mettre un signal de sortie en cas de dysfonctionnement. Cette fonction innovante fournit un retour d'information imm\u00e9diat en cas d'anomalie du syst\u00e8me, ce qui permet un d\u00e9pannage et une maintenance rapides. En int\u00e9grant ce capteur dans votre syst\u00e8me d'ascenseur, vous pouvez r\u00e9duire de mani\u00e8re significative les temps d'arr\u00eat et am\u00e9liorer la fiabilit\u00e9 op\u00e9rationnelle globale.<\/p>\n<p>Le capteur de hauteur WECO-987C est plus qu'un simple composant, c'est un \u00e9l\u00e9ment vital de l'infrastructure de s\u00e9curit\u00e9 de votre syst\u00e8me de levage. Avec sa construction robuste, sa compatibilit\u00e9 \u00e0 grande vitesse et sa signalisation avanc\u00e9e des dysfonctionnements, ce capteur repr\u00e9sente un investissement \u00e0 la fois en termes de performance et de s\u00e9curit\u00e9. Choisissez le WECO-987C pour votre prochain projet et faites l'exp\u00e9rience d'une fiabilit\u00e9 in\u00e9gal\u00e9e dans les op\u00e9rations d'ascenseur.<\/p>","protected":false},"excerpt":{"rendered":"<h5><\/h5>\n<ul>\n<li>\n<h5>Fonction suppl\u00e9mentaire du bo\u00eetier d'alimentation : sortie de signal d\u00e9fectueuse<\/h5>\n<\/li>\n<li>\n<h5>Faisceaux 174\/194\/234 \u00e0 partir de diodes 36\/40\/48<\/h5>\n<\/li>\n<li>\n<h5>Voltage : AC220V<\/h5>\n<\/li>\n<li>\n<h5>Hauteur standard de 2000 mm<\/h5>\n<\/li>\n<li>\n<h5>Port\u00e9e de d\u00e9tection de 4000 mm<\/h5>\n<\/li>\n<li>\n<h5>IP54<\/h5>\n<\/li>\n<li>\n<h5>Norme EN81-20<\/h5>\n<\/li>\n<li>\n<h5>Emballage individuel des tubes, cinq tubes par paquet.<\/h5>\n<\/li>\n<li>\n<h5>Des longueurs de c\u00e2ble sp\u00e9ciales peuvent \u00eatre fabriqu\u00e9es sur mesure.<\/h5>\n<\/li>\n<li>\n<h5>Immunis\u00e9 contre la lumi\u00e8re du soleil.<\/h5>\n<\/li>\n<\/ul>","protected":false},"featured_media":1423,"comment_status":"open","ping_status":"closed","template":"","meta":[],"product_cat":[45,49],"product_tag":[],"class_list":{"0":"post-1463","1":"product","2":"type-product","3":"status-publish","4":"has-post-thumbnail","6":"product_cat-en81-20-lift-door-photocell","7":"product_cat-products","9":"first","10":"instock","11":"shipping-taxable","12":"product-type-simple"},"jetpack_sharing_enabled":true,"_links":{"self":[{"href":"https:\/\/elevatorlightcurtains.com\/fr\/wp-json\/wp\/v2\/product\/1463","targetHints":{"allow":["GET"]}}],"collection":[{"href":"https:\/\/elevatorlightcurtains.com\/fr\/wp-json\/wp\/v2\/product"}],"about":[{"href":"https:\/\/elevatorlightcurtains.com\/fr\/wp-json\/wp\/v2\/types\/product"}],"replies":[{"embeddable":true,"href":"https:\/\/elevatorlightcurtains.com\/fr\/wp-json\/wp\/v2\/comments?post=1463"}],"wp:featuredmedia":[{"embeddable":true,"href":"https:\/\/elevatorlightcurtains.com\/fr\/wp-json\/wp\/v2\/media\/1423"}],"wp:attachment":[{"href":"https:\/\/elevatorlightcurtains.com\/fr\/wp-json\/wp\/v2\/media?parent=1463"}],"wp:term":[{"taxonomy":"product_cat","embeddable":true,"href":"https:\/\/elevatorlightcurtains.com\/fr\/wp-json\/wp\/v2\/product_cat?post=1463"},{"taxonomy":"product_tag","embeddable":true,"href":"https:\/\/elevatorlightcurtains.com\/fr\/wp-json\/wp\/v2\/product_tag?post=1463"}],"curies":[{"name":"wp","href":"https:\/\/api.w.org\/{rel}","templated":true}]}}