{"id":1461,"date":"2024-08-16T07:16:07","date_gmt":"2024-08-16T07:16:07","guid":{"rendered":"https:\/\/elevatorlightcurtains.com\/?post_type=product&#038;p=1461"},"modified":"2025-01-01T07:00:38","modified_gmt":"2025-01-01T07:00:38","slug":"lift-door-photocell-weco-987b","status":"publish","type":"product","link":"https:\/\/elevatorlightcurtains.com\/fr\/produit\/lift-door-photocell-weco-987b\/","title":{"rendered":"cellule photo\u00e9lectrique pour porte d'ascenseur WECO-987B"},"content":{"rendered":"<h5>D\u00e9tecteur infrarouge d'ouverture de porte d'ascenseur avec sortie de dysfonctionnement WECO-987B51-AC220<\/h5>\n<p><img data-recalc-dims=\"1\" fetchpriority=\"high\" decoding=\"async\" class=\"size-full wp-image-1443\" src=\"https:\/\/i0.wp.com\/elevatorlightcurtains.com\/wp-content\/uploads\/2024\/08\/WECO-987B-scaled.jpg?resize=800%2C2335&#038;ssl=1\" alt=\"987B elevator infrared door open detector\" width=\"800\" height=\"2335\" srcset=\"https:\/\/i0.wp.com\/elevatorlightcurtains.com\/wp-content\/uploads\/2024\/08\/WECO-987B-scaled.jpg?w=877&amp;ssl=1 877w, https:\/\/i0.wp.com\/elevatorlightcurtains.com\/wp-content\/uploads\/2024\/08\/WECO-987B-scaled.jpg?resize=103%2C300&amp;ssl=1 103w, https:\/\/i0.wp.com\/elevatorlightcurtains.com\/wp-content\/uploads\/2024\/08\/WECO-987B-scaled.jpg?resize=351%2C1024&amp;ssl=1 351w, https:\/\/i0.wp.com\/elevatorlightcurtains.com\/wp-content\/uploads\/2024\/08\/WECO-987B-scaled.jpg?resize=768%2C2242&amp;ssl=1 768w, https:\/\/i0.wp.com\/elevatorlightcurtains.com\/wp-content\/uploads\/2024\/08\/WECO-987B-scaled.jpg?resize=526%2C1536&amp;ssl=1 526w, https:\/\/i0.wp.com\/elevatorlightcurtains.com\/wp-content\/uploads\/2024\/08\/WECO-987B-scaled.jpg?resize=702%2C2048&amp;ssl=1 702w, https:\/\/i0.wp.com\/elevatorlightcurtains.com\/wp-content\/uploads\/2024\/08\/WECO-987B-scaled.jpg?resize=600%2C1751&amp;ssl=1 600w\" sizes=\"(max-width: 800px) 100vw, 800px\" \/><\/p>\n<p>&nbsp;<\/p>\n<p>WECO-987B Elevator Height Photocell est une solution de pointe con\u00e7ue pour am\u00e9liorer la s\u00e9curit\u00e9 et l'efficacit\u00e9 des syst\u00e8mes d'ascenseurs. Cette cellule photo\u00e9lectrique avanc\u00e9e est con\u00e7ue pour r\u00e9pondre aux exigences rigoureuses de la nouvelle norme europ\u00e9enne EN81-20, garantissant la conformit\u00e9 avec les derni\u00e8res r\u00e9glementations en mati\u00e8re de s\u00e9curit\u00e9 tout en offrant des performances fiables dans diverses applications d'ascenseurs.<\/p>\n<p>**Caract\u00e9ristiques principales:**<\/p>\n<p>1. **Le WECO-987B est \u00e9quip\u00e9 d'une fonction sophistiqu\u00e9e de signal de sortie de d\u00e9faut qui joue un r\u00f4le crucial dans le maintien de l'int\u00e9grit\u00e9 op\u00e9rationnelle. En cas de dysfonctionnement du d\u00e9tecteur de porte, le bo\u00eetier d'alimentation \u00e9met en permanence un signal de validation. Cette fonction permet au syst\u00e8me de moteur de porte de pr\u00e9d\u00e9finir un intervalle de temps pour d\u00e9terminer s'il faut engager le mode de fermeture \u00e0 \u00e9nergie cin\u00e9tique 4J. Ainsi, m\u00eame en cas de dysfonctionnement du d\u00e9tecteur de porte, l'ascenseur peut continuer \u00e0 fonctionner normalement, ce qui minimise les temps d'arr\u00eat et am\u00e9liore la s\u00e9curit\u00e9 des utilisateurs.<\/p>\n<p>2. **Le WECO-987B excelle dans sa capacit\u00e9 \u00e0 d\u00e9tecter les hauteurs avec une pr\u00e9cision remarquable. Il est con\u00e7u pour d\u00e9tecter des hauteurs aussi faibles que 20 mm, ce qui le rend id\u00e9al pour les environnements o\u00f9 l'espace est limit\u00e9 et o\u00f9 la s\u00e9curit\u00e9 est primordiale. Cette capacit\u00e9 garantit que m\u00eame les obstructions mineures sont d\u00e9tect\u00e9es rapidement, \u00e9vitant ainsi les accidents potentiels.<\/p>\n<p>3. **Avec un seuil d'obstruction minimum de 50 mm, cette cellule photo\u00e9lectrique garantit que seules les barri\u00e8res importantes sont reconnues, ce qui permet un fonctionnement fluide et ininterrompu de l'ascenseur. En outre, la distance entre les diodes doit \u00eatre inf\u00e9rieure \u00e0 50 mm, ce qui garantit des performances et une fiabilit\u00e9 optimales dans la d\u00e9tection des obstructions.<\/p>\n<p>4. **Tol\u00e9rance de d\u00e9tection invalide:** Dans les sc\u00e9narios o\u00f9 la distance entre les d\u00e9tecteurs de porte est inf\u00e9rieure \u00e0 20 mm, le WECO-987B permet une d\u00e9tection invalide. Cette fonction offre une grande souplesse d'installation et de fonctionnement tout en respectant les normes de s\u00e9curit\u00e9.<\/p>\n<p>5. **Construction robuste:** Construit dans un souci de durabilit\u00e9, le WECO-987B est con\u00e7u pour r\u00e9sister aux rigueurs d'une utilisation quotidienne dans des environnements tr\u00e8s fr\u00e9quent\u00e9s. Sa construction robuste garantit long\u00e9vit\u00e9 et fiabilit\u00e9, ce qui en fait un excellent investissement pour tout syst\u00e8me d'ascenseur.<\/p>\n<p>6. **Installation et int\u00e9gration faciles:** Le WECO-987B est con\u00e7u pour une int\u00e9gration transparente dans les syst\u00e8mes d'ascenseurs existants. Son processus d'installation convivial permet une mise en place rapide sans compromettre les performances ou la s\u00e9curit\u00e9.<\/p>\n<p>En conclusion, la cellule photo\u00e9lectrique de hauteur d'ascenseur WECO-987B est un composant essentiel pour les syst\u00e8mes d'ascenseurs modernes qui recherchent des caract\u00e9ristiques de s\u00e9curit\u00e9 am\u00e9lior\u00e9es et la conformit\u00e9 aux normes europ\u00e9ennes. Avec sa fonction innovante de signal de sortie de d\u00e9faut, ses capacit\u00e9s de d\u00e9tection pr\u00e9cises et sa conception robuste, cette cellule photo\u00e9lectrique ne se contente pas de r\u00e9pondre aux attentes de l'industrie, elle les d\u00e9passe. Am\u00e9liorez les performances et la s\u00e9curit\u00e9 de votre ascenseur avec la WECO-987B, o\u00f9 la technologie rencontre la fiabilit\u00e9 pour un avenir plus s\u00fbr.<\/p>","protected":false},"excerpt":{"rendered":"<h5><\/h5>\n<ul>\n<li>\n<h5>Fonction suppl\u00e9mentaire du bo\u00eetier d'alimentation : sortie de signal d\u00e9fectueuse<\/h5>\n<\/li>\n<li>\n<h5>Faisceaux 174\/194\/234 \u00e0 partir de diodes 36\/40\/48<\/h5>\n<\/li>\n<li>\n<h5>Voltage : AC220V<\/h5>\n<\/li>\n<li>\n<h5>Hauteur standard de 2000 mm<\/h5>\n<\/li>\n<li>\n<h5>Port\u00e9e de d\u00e9tection de 4000 mm<\/h5>\n<\/li>\n<li>\n<h5>IP54<\/h5>\n<\/li>\n<li>\n<h5>Norme EN81-20<\/h5>\n<\/li>\n<li>\n<h5>Emballage individuel des tubes, cinq tubes par paquet.<\/h5>\n<\/li>\n<li>\n<h5>Des longueurs de c\u00e2ble sp\u00e9ciales peuvent \u00eatre fabriqu\u00e9es sur mesure.<\/h5>\n<\/li>\n<li>\n<h5>Immunis\u00e9 contre la lumi\u00e8re du soleil.<\/h5>\n<\/li>\n<\/ul>","protected":false},"featured_media":1422,"comment_status":"open","ping_status":"closed","template":"","meta":[],"product_cat":[45,49],"product_tag":[],"class_list":{"0":"post-1461","1":"product","2":"type-product","3":"status-publish","4":"has-post-thumbnail","6":"product_cat-en81-20-lift-door-photocell","7":"product_cat-products","9":"first","10":"instock","11":"shipping-taxable","12":"product-type-simple"},"jetpack_sharing_enabled":true,"_links":{"self":[{"href":"https:\/\/elevatorlightcurtains.com\/fr\/wp-json\/wp\/v2\/product\/1461","targetHints":{"allow":["GET"]}}],"collection":[{"href":"https:\/\/elevatorlightcurtains.com\/fr\/wp-json\/wp\/v2\/product"}],"about":[{"href":"https:\/\/elevatorlightcurtains.com\/fr\/wp-json\/wp\/v2\/types\/product"}],"replies":[{"embeddable":true,"href":"https:\/\/elevatorlightcurtains.com\/fr\/wp-json\/wp\/v2\/comments?post=1461"}],"wp:featuredmedia":[{"embeddable":true,"href":"https:\/\/elevatorlightcurtains.com\/fr\/wp-json\/wp\/v2\/media\/1422"}],"wp:attachment":[{"href":"https:\/\/elevatorlightcurtains.com\/fr\/wp-json\/wp\/v2\/media?parent=1461"}],"wp:term":[{"taxonomy":"product_cat","embeddable":true,"href":"https:\/\/elevatorlightcurtains.com\/fr\/wp-json\/wp\/v2\/product_cat?post=1461"},{"taxonomy":"product_tag","embeddable":true,"href":"https:\/\/elevatorlightcurtains.com\/fr\/wp-json\/wp\/v2\/product_tag?post=1461"}],"curies":[{"name":"wp","href":"https:\/\/api.w.org\/{rel}","templated":true}]}}