{"id":1416,"date":"2024-07-29T08:45:28","date_gmt":"2024-07-29T08:45:28","guid":{"rendered":"https:\/\/elevatorlightcurtains.com\/?post_type=product&#038;p=1416"},"modified":"2025-01-01T07:01:34","modified_gmt":"2025-01-01T07:01:34","slug":"elevator-door-curtain-weco-957y","status":"publish","type":"product","link":"https:\/\/elevatorlightcurtains.com\/fr\/produit\/elevator-door-curtain-weco-957y\/","title":{"rendered":"rideau de porte d'ascenseur WECO-957Y"},"content":{"rendered":"<h5>Yungtai Elevator Door Curtain Beam Sensor Lift Components WECO-957Y71-AC220<\/h5>\n<h5><\/h5>\n<p><img data-recalc-dims=\"1\" fetchpriority=\"high\" decoding=\"async\" class=\"wp-image-1377 size-full\" src=\"https:\/\/i0.wp.com\/elevatorlightcurtains.com\/wp-content\/uploads\/2024\/04\/WECO-957Y-scaled.jpg?resize=800%2C2241&#038;ssl=1\" alt=\"957Y Yungtai elevator door curtain beam sensor\" width=\"800\" height=\"2241\" srcset=\"https:\/\/i0.wp.com\/elevatorlightcurtains.com\/wp-content\/uploads\/2024\/04\/WECO-957Y-scaled.jpg?w=914&amp;ssl=1 914w, https:\/\/i0.wp.com\/elevatorlightcurtains.com\/wp-content\/uploads\/2024\/04\/WECO-957Y-scaled.jpg?resize=107%2C300&amp;ssl=1 107w, https:\/\/i0.wp.com\/elevatorlightcurtains.com\/wp-content\/uploads\/2024\/04\/WECO-957Y-scaled.jpg?resize=366%2C1024&amp;ssl=1 366w, https:\/\/i0.wp.com\/elevatorlightcurtains.com\/wp-content\/uploads\/2024\/04\/WECO-957Y-scaled.jpg?resize=768%2C2150&amp;ssl=1 768w, https:\/\/i0.wp.com\/elevatorlightcurtains.com\/wp-content\/uploads\/2024\/04\/WECO-957Y-scaled.jpg?resize=731%2C2048&amp;ssl=1 731w, https:\/\/i0.wp.com\/elevatorlightcurtains.com\/wp-content\/uploads\/2024\/04\/WECO-957Y-scaled.jpg?resize=600%2C1680&amp;ssl=1 600w\" sizes=\"(max-width: 800px) 100vw, 800px\" \/><\/p>\n<p>&nbsp;<\/p>\n<p>Voici le rideau de porte d'ascenseur WECO-957Y, une solution haut de gamme m\u00e9ticuleusement con\u00e7ue pour les ascenseurs Yungtai. Ce rideau sp\u00e9cialis\u00e9 est con\u00e7u pour am\u00e9liorer \u00e0 la fois la fonctionnalit\u00e9 et l'attrait esth\u00e9tique de vos syst\u00e8mes d'ascenseurs, garantissant une exp\u00e9rience transparente pour les utilisateurs tout en maintenant les normes les plus \u00e9lev\u00e9es en mati\u00e8re de s\u00e9curit\u00e9 et de durabilit\u00e9.<\/p>\n<p>Fabriqu\u00e9 \u00e0 partir de mat\u00e9riaux de haute qualit\u00e9, le WECO-957Y est con\u00e7u pour r\u00e9sister aux rigueurs d'une utilisation quotidienne dans des environnements commerciaux et r\u00e9sidentiels. Sa construction robuste garantit sa long\u00e9vit\u00e9, ce qui en fait un choix id\u00e9al pour les environnements o\u00f9 la fiabilit\u00e9 est primordiale. Le rideau est dot\u00e9 d'une conception unique qui permet un fonctionnement en douceur, minimisant l'usure du rideau et du m\u00e9canisme de la porte de l'ascenseur.<\/p>\n<p>Le rideau de porte d'ascenseur WECO-957Y est sp\u00e9cialement con\u00e7u pour s'adapter aux mod\u00e8les d'ascenseurs Yungtai, garantissant une correspondance parfaite qui am\u00e9liore l'efficacit\u00e9 op\u00e9rationnelle. Ses dimensions pr\u00e9cises et sa compatibilit\u00e9 avec les syst\u00e8mes Yungtai signifient que l'installation est simple et sans probl\u00e8me, permettant des mises \u00e0 niveau ou des remplacements rapides sans modifications importantes.<\/p>\n<p>La s\u00e9curit\u00e9 est une priorit\u00e9 absolue avec le WECO-957Y. Le rideau est con\u00e7u pour \u00e9viter les coincements accidentels et assurer un fonctionnement fluide de la porte, conform\u00e9ment aux normes de s\u00e9curit\u00e9 de l'industrie. Sa construction l\u00e9g\u00e8re mais robuste permet une r\u00e9traction et un d\u00e9ploiement rapides, assurant la tranquillit\u00e9 d'esprit des op\u00e9rateurs et des passagers.<\/p>\n<p>Que vous modernisiez un syst\u00e8me d'ascenseur existant ou que vous installiez de nouvelles unit\u00e9s, le rideau de porte d'ascenseur WECO-957Y offre une combinaison in\u00e9gal\u00e9e de style, de s\u00e9curit\u00e9 et de performance. Faites confiance \u00e0 cette solution sp\u00e9cialis\u00e9e pour les ascenseurs Yungtai afin d'am\u00e9liorer la fonctionnalit\u00e9 de votre b\u00e2timent tout en am\u00e9liorant l'exp\u00e9rience de l'utilisateur.<\/p>\n<p>Choisissez d\u00e8s aujourd'hui le rideau de porte d'ascenseur WECO-957Y, o\u00f9 l'innovation rencontre la fiabilit\u00e9 dans chaque trajet.<\/p>","protected":false},"excerpt":{"rendered":"<p>&nbsp;<\/p>\n<ul>\n<li>\n<h5>154\/174\/194\/234 faisceaux \u00e0 partir de 32\/36\/40\/48 diodes<\/h5>\n<\/li>\n<li>\n<h5>Tension : AC220V, AC110V, DC24V<\/h5>\n<\/li>\n<li>\n<h5>Hauteur standard de 2000 mm<\/h5>\n<\/li>\n<li>\n<h5>Port\u00e9e de d\u00e9tection de 4000 mm<\/h5>\n<\/li>\n<li>\n<h5>IP54<\/h5>\n<\/li>\n<li>\n<h5>EN81-70, EN81-20 (les mod\u00e8les comportant au moins 36 jeux de diodes sont conformes \u00e0 la norme EN81-20\uff09)<\/h5>\n<\/li>\n<li>\n<h5>Emballage individuel des tubes, cinq tubes par paquet.<\/h5>\n<\/li>\n<li>\n<h5>Des hauteurs et des longueurs de c\u00e2bles sp\u00e9ciales peuvent \u00eatre fabriqu\u00e9es sur mesure.<\/h5>\n<\/li>\n<li>\n<h5>Immunis\u00e9 contre la lumi\u00e8re du soleil.<\/h5>\n<\/li>\n<\/ul>","protected":false},"featured_media":1354,"comment_status":"open","ping_status":"closed","template":"","meta":[],"product_cat":[45,49],"product_tag":[],"class_list":{"0":"post-1416","1":"product","2":"type-product","3":"status-publish","4":"has-post-thumbnail","6":"product_cat-en81-20-lift-door-photocell","7":"product_cat-products","9":"first","10":"instock","11":"shipping-taxable","12":"product-type-simple"},"jetpack_sharing_enabled":true,"_links":{"self":[{"href":"https:\/\/elevatorlightcurtains.com\/fr\/wp-json\/wp\/v2\/product\/1416","targetHints":{"allow":["GET"]}}],"collection":[{"href":"https:\/\/elevatorlightcurtains.com\/fr\/wp-json\/wp\/v2\/product"}],"about":[{"href":"https:\/\/elevatorlightcurtains.com\/fr\/wp-json\/wp\/v2\/types\/product"}],"replies":[{"embeddable":true,"href":"https:\/\/elevatorlightcurtains.com\/fr\/wp-json\/wp\/v2\/comments?post=1416"}],"wp:featuredmedia":[{"embeddable":true,"href":"https:\/\/elevatorlightcurtains.com\/fr\/wp-json\/wp\/v2\/media\/1354"}],"wp:attachment":[{"href":"https:\/\/elevatorlightcurtains.com\/fr\/wp-json\/wp\/v2\/media?parent=1416"}],"wp:term":[{"taxonomy":"product_cat","embeddable":true,"href":"https:\/\/elevatorlightcurtains.com\/fr\/wp-json\/wp\/v2\/product_cat?post=1416"},{"taxonomy":"product_tag","embeddable":true,"href":"https:\/\/elevatorlightcurtains.com\/fr\/wp-json\/wp\/v2\/product_tag?post=1416"}],"curies":[{"name":"wp","href":"https:\/\/api.w.org\/{rel}","templated":true}]}}