{"id":1414,"date":"2024-07-29T08:22:39","date_gmt":"2024-07-29T08:22:39","guid":{"rendered":"https:\/\/elevatorlightcurtains.com\/?post_type=product&#038;p=1414"},"modified":"2025-01-01T07:02:27","modified_gmt":"2025-01-01T07:02:27","slug":"elevator-protection-curtains-weco-957v","status":"publish","type":"product","link":"https:\/\/elevatorlightcurtains.com\/fr\/produit\/elevator-protection-curtains-weco-957v\/","title":{"rendered":"Rideaux de protection pour ascenseurs WECO-957V"},"content":{"rendered":"<h5>Rideaux de protection pour ascenseurs 1.8m Beam Sensor WECO-957V71-AC220-1800mm<\/h5>\n<h5><\/h5>\n<p><img data-recalc-dims=\"1\" fetchpriority=\"high\" decoding=\"async\" class=\"wp-image-1376 size-full\" src=\"https:\/\/i0.wp.com\/elevatorlightcurtains.com\/wp-content\/uploads\/2024\/04\/WECO-957V-scaled.jpg?resize=800%2C2241&#038;ssl=1\" alt=\"957V elevator protection curtains beam sensor\" width=\"800\" height=\"2241\" srcset=\"https:\/\/i0.wp.com\/elevatorlightcurtains.com\/wp-content\/uploads\/2024\/04\/WECO-957V-scaled.jpg?w=914&amp;ssl=1 914w, https:\/\/i0.wp.com\/elevatorlightcurtains.com\/wp-content\/uploads\/2024\/04\/WECO-957V-scaled.jpg?resize=107%2C300&amp;ssl=1 107w, https:\/\/i0.wp.com\/elevatorlightcurtains.com\/wp-content\/uploads\/2024\/04\/WECO-957V-scaled.jpg?resize=366%2C1024&amp;ssl=1 366w, https:\/\/i0.wp.com\/elevatorlightcurtains.com\/wp-content\/uploads\/2024\/04\/WECO-957V-scaled.jpg?resize=768%2C2150&amp;ssl=1 768w, https:\/\/i0.wp.com\/elevatorlightcurtains.com\/wp-content\/uploads\/2024\/04\/WECO-957V-scaled.jpg?resize=731%2C2048&amp;ssl=1 731w, https:\/\/i0.wp.com\/elevatorlightcurtains.com\/wp-content\/uploads\/2024\/04\/WECO-957V-scaled.jpg?resize=600%2C1680&amp;ssl=1 600w\" sizes=\"(max-width: 800px) 100vw, 800px\" \/><\/p>\n<p>Les rideaux de protection pour ascenseurs WECO-957V sont une solution de pointe con\u00e7ue pour am\u00e9liorer la s\u00e9curit\u00e9 et l'efficacit\u00e9 des syst\u00e8mes d'ascenseurs. Con\u00e7ue avec pr\u00e9cision et polyvalence, la WECO-957V est un choix id\u00e9al pour ceux qui recherchent un remplacement fiable des d\u00e9tecteurs de porte traditionnels, y compris le rideau lumineux Menco Molde.<\/p>\n<p>Le WECO-957V se distingue par sa conception innovante de canal en C, qui facilite l'installation. Cette caract\u00e9ristique permet un per\u00e7age sur site, garantissant que les rideaux peuvent \u00eatre int\u00e9gr\u00e9s de mani\u00e8re transparente dans les syst\u00e8mes d'ascenseurs existants sans n\u00e9cessiter de modifications importantes. Qu'il s'agisse de moderniser un ancien syst\u00e8me ou d'en installer un nouveau, le WECO-957V offre une solution simple qui permet de gagner du temps et de r\u00e9duire les co\u00fbts de main-d'\u0153uvre.<\/p>\n<p>L'un des principaux avantages du WECO-957V est son adaptabilit\u00e9. Ce mod\u00e8le convient aussi bien aux installations statiques que dynamiques, ce qui en fait un excellent choix pour diverses configurations d'ascenseurs. Que votre application n\u00e9cessite un positionnement fixe ou qu'elle doive s'adapter au mouvement, le WECO-957V offre des performances et une fiabilit\u00e9 constantes.<\/p>\n<p>La s\u00e9curit\u00e9 est primordiale dans tout syst\u00e8me d'ascenseur, et le WECO-957V excelle \u00e0 cet \u00e9gard. Les rideaux sont con\u00e7us pour d\u00e9tecter efficacement les obstacles, ce qui garantit que les passagers sont prot\u00e9g\u00e9s des dangers potentiels pendant le fonctionnement de la porte. Cette capacit\u00e9 de d\u00e9tection avanc\u00e9e renforce non seulement la s\u00e9curit\u00e9 des utilisateurs, mais minimise \u00e9galement le risque d'endommagement de l'ascenseur lui-m\u00eame.<\/p>\n<p>Outre sa fonctionnalit\u00e9 robuste, le WECO-957V est con\u00e7u pour r\u00e9sister aux rigueurs d'une utilisation quotidienne. Fabriqu\u00e9s \u00e0 partir de mat\u00e9riaux de haute qualit\u00e9, ces rideaux de protection sont durables et r\u00e9sistants \u00e0 l'usure, ce qui garantit des performances durables, m\u00eame dans des environnements tr\u00e8s fr\u00e9quent\u00e9s.<\/p>\n<p>En r\u00e9sum\u00e9, les rideaux de protection pour ascenseurs WECO-957V repr\u00e9sentent un choix sup\u00e9rieur pour ceux qui cherchent \u00e0 am\u00e9liorer leurs syst\u00e8mes de s\u00e9curit\u00e9 pour ascenseurs. Gr\u00e2ce \u00e0 sa conception polyvalente \u00e0 canal en C facilitant l'installation, \u00e0 sa compatibilit\u00e9 avec diverses applications et \u00e0 sa durabilit\u00e9 exceptionnelle, ce mod\u00e8le est pr\u00eat \u00e0 remplacer presque tous les types de d\u00e9tecteurs de porte actuellement disponibles sur le march\u00e9. Am\u00e9liorez vos normes de s\u00e9curit\u00e9 avec le WECO-957V, o\u00f9 l'innovation rencontre la fiabilit\u00e9.<\/p>\n<p>&nbsp;<\/p>\n<p>&nbsp;<\/p>","protected":false},"excerpt":{"rendered":"<p>&nbsp;<\/p>\n<ul>\n<li>\n<h5>154\/174\/194\/234 faisceaux \u00e0 partir de 32\/36\/40\/48 diodes<\/h5>\n<\/li>\n<li>\n<h5>Tension : AC220V, AC110V, DC24V<\/h5>\n<\/li>\n<li>\n<h5>Hauteur standard de 2000 mm<\/h5>\n<\/li>\n<li>\n<h5>Port\u00e9e de d\u00e9tection de 4000 mm<\/h5>\n<\/li>\n<li>\n<h5>IP54<\/h5>\n<\/li>\n<li>\n<h5>EN81-70, EN81-20 (les mod\u00e8les comportant au moins 36 jeux de diodes sont conformes \u00e0 la norme EN81-20\uff09)<\/h5>\n<\/li>\n<li>\n<h5>Emballage individuel des tubes, cinq tubes par paquet.<\/h5>\n<\/li>\n<li>\n<h5>Des hauteurs et des longueurs de c\u00e2bles sp\u00e9ciales peuvent \u00eatre fabriqu\u00e9es sur mesure.<\/h5>\n<\/li>\n<li>\n<h5>Immunis\u00e9 contre la lumi\u00e8re du soleil.<\/h5>\n<\/li>\n<\/ul>","protected":false},"featured_media":1353,"comment_status":"open","ping_status":"closed","template":"","meta":[],"product_cat":[45,49],"product_tag":[],"class_list":{"0":"post-1414","1":"product","2":"type-product","3":"status-publish","4":"has-post-thumbnail","6":"product_cat-en81-20-lift-door-photocell","7":"product_cat-products","9":"first","10":"instock","11":"shipping-taxable","12":"product-type-simple"},"jetpack_sharing_enabled":true,"_links":{"self":[{"href":"https:\/\/elevatorlightcurtains.com\/fr\/wp-json\/wp\/v2\/product\/1414","targetHints":{"allow":["GET"]}}],"collection":[{"href":"https:\/\/elevatorlightcurtains.com\/fr\/wp-json\/wp\/v2\/product"}],"about":[{"href":"https:\/\/elevatorlightcurtains.com\/fr\/wp-json\/wp\/v2\/types\/product"}],"replies":[{"embeddable":true,"href":"https:\/\/elevatorlightcurtains.com\/fr\/wp-json\/wp\/v2\/comments?post=1414"}],"wp:featuredmedia":[{"embeddable":true,"href":"https:\/\/elevatorlightcurtains.com\/fr\/wp-json\/wp\/v2\/media\/1353"}],"wp:attachment":[{"href":"https:\/\/elevatorlightcurtains.com\/fr\/wp-json\/wp\/v2\/media?parent=1414"}],"wp:term":[{"taxonomy":"product_cat","embeddable":true,"href":"https:\/\/elevatorlightcurtains.com\/fr\/wp-json\/wp\/v2\/product_cat?post=1414"},{"taxonomy":"product_tag","embeddable":true,"href":"https:\/\/elevatorlightcurtains.com\/fr\/wp-json\/wp\/v2\/product_tag?post=1414"}],"curies":[{"name":"wp","href":"https:\/\/api.w.org\/{rel}","templated":true}]}}