{"id":1412,"date":"2024-07-29T08:03:07","date_gmt":"2024-07-29T08:03:07","guid":{"rendered":"https:\/\/elevatorlightcurtains.com\/?post_type=product&#038;p=1412"},"modified":"2025-01-01T07:02:41","modified_gmt":"2025-01-01T07:02:41","slug":"lift-infred-detector-weco-957t","status":"publish","type":"product","link":"https:\/\/elevatorlightcurtains.com\/fr\/produit\/lift-infred-detector-weco-957t\/","title":{"rendered":"D\u00e9tecteur d'infrarouge pour ascenseurs WECO-957T"},"content":{"rendered":"<h5>D\u00e9tecteur infrarouge pour l'ouverture lat\u00e9rale d'une porte d'ascenseur de 2m WECO-957T71-AC220<\/h5>\n<p><img data-recalc-dims=\"1\" fetchpriority=\"high\" decoding=\"async\" class=\"wp-image-1374 size-full\" src=\"https:\/\/i0.wp.com\/elevatorlightcurtains.com\/wp-content\/uploads\/2024\/04\/WECO-957T-scaled.jpg?resize=800%2C2241&#038;ssl=1\" alt=\"957T infred detector for 2m elevator door height\" width=\"800\" height=\"2241\" srcset=\"https:\/\/i0.wp.com\/elevatorlightcurtains.com\/wp-content\/uploads\/2024\/04\/WECO-957T-scaled.jpg?w=914&amp;ssl=1 914w, https:\/\/i0.wp.com\/elevatorlightcurtains.com\/wp-content\/uploads\/2024\/04\/WECO-957T-scaled.jpg?resize=107%2C300&amp;ssl=1 107w, https:\/\/i0.wp.com\/elevatorlightcurtains.com\/wp-content\/uploads\/2024\/04\/WECO-957T-scaled.jpg?resize=366%2C1024&amp;ssl=1 366w, https:\/\/i0.wp.com\/elevatorlightcurtains.com\/wp-content\/uploads\/2024\/04\/WECO-957T-scaled.jpg?resize=768%2C2150&amp;ssl=1 768w, https:\/\/i0.wp.com\/elevatorlightcurtains.com\/wp-content\/uploads\/2024\/04\/WECO-957T-scaled.jpg?resize=731%2C2048&amp;ssl=1 731w, https:\/\/i0.wp.com\/elevatorlightcurtains.com\/wp-content\/uploads\/2024\/04\/WECO-957T-scaled.jpg?resize=600%2C1680&amp;ssl=1 600w\" sizes=\"(max-width: 800px) 100vw, 800px\" \/><\/p>\n<p>Le d\u00e9tecteur infrarouge pour ascenseurs WECO-957T est une solution de pointe con\u00e7ue pour am\u00e9liorer la s\u00e9curit\u00e9 et l'efficacit\u00e9 des syst\u00e8mes d'ascenseurs. Ce d\u00e9tecteur infrarouge avanc\u00e9 est con\u00e7u avec pr\u00e9cision et polyvalence, ce qui en fait un composant essentiel pour les installations d'ascenseurs modernes.<\/p>\n<p>L'une des principales caract\u00e9ristiques du WECO-957T est son double mode d'installation. Contrairement aux mod\u00e8les conventionnels qui limitent les options d'installation, le WECO-957T permet un montage frontal et lat\u00e9ral. Cette conception innovante simplifie consid\u00e9rablement le processus d'installation, permettant aux techniciens de choisir l'orientation la plus pratique en fonction des exigences sp\u00e9cifiques du site. Que vous optiez pour une installation frontale ou une configuration lat\u00e9rale, vous pouvez \u00eatre assur\u00e9 d'une installation s\u00fbre et fiable qui simplifie la mise en place et minimise les temps d'arr\u00eat.<\/p>\n<p>Le WECO-957T est particuli\u00e8rement adapt\u00e9 aux environnements o\u00f9 les contraintes d'espace ou les consid\u00e9rations architecturales peuvent poser des probl\u00e8mes. Gr\u00e2ce \u00e0 sa souplesse d'installation, ce mod\u00e8le permet de positionner le rideau de lumi\u00e8re de mani\u00e8re optimale afin de maximiser la s\u00e9curit\u00e9 sans compromettre l'esth\u00e9tique ou la fonctionnalit\u00e9.<\/p>\n<p>En plus de ses options d'installation polyvalentes, tous nos mod\u00e8les \u00e0 ouverture lat\u00e9rale sont dot\u00e9s d'un profil en T dans RX, ce qui signifie que leur conception unique a \u00e9t\u00e9 con\u00e7ue pour am\u00e9liorer les performances. Le WECO-957T ne fait pas exception \u00e0 la r\u00e8gle ; il incarne notre engagement en faveur de la qualit\u00e9 et de l'innovation, garantissant que chaque unit\u00e9 r\u00e9pond aux normes rigoureuses de l'industrie tout en offrant une fiabilit\u00e9 exceptionnelle.<\/p>\n<p>Dot\u00e9 d'une technologie de d\u00e9tection infrarouge avanc\u00e9e, le WECO-957T d\u00e9tecte les obstacles avec une pr\u00e9cision remarquable, constituant ainsi une barri\u00e8re de s\u00e9curit\u00e9 essentielle qui pr\u00e9vient les accidents pendant le fonctionnement de l'ascenseur. Sa construction robuste garantit sa durabilit\u00e9 dans les environnements \u00e0 fort trafic, ce qui le rend adapt\u00e9 aux applications commerciales et r\u00e9sidentielles.<\/p>\n<p>En r\u00e9sum\u00e9, le d\u00e9tecteur infrarouge pour ascenseurs WECO-957T s'impose comme un choix de premier ordre pour ceux qui recherchent une solution de s\u00e9curit\u00e9 fiable et adaptable pour les syst\u00e8mes d'ascenseurs. Avec ses deux modes d'installation et ses capacit\u00e9s sup\u00e9rieures de d\u00e9tection infrarouge, ce mod\u00e8le am\u00e9liore non seulement la s\u00e9curit\u00e9 op\u00e9rationnelle mais simplifie \u00e9galement le processus d'installation, ce qui en fait un ajout inestimable \u00e0 tout syst\u00e8me d'ascenseur. Choisissez le WECO-957T pour des performances in\u00e9gal\u00e9es et la tranquillit\u00e9 d'esprit dans vos op\u00e9rations d'ascenseurs.<\/p>\n<p>&nbsp;<\/p>\n<p>&nbsp;<\/p>","protected":false},"excerpt":{"rendered":"<p>&nbsp;<\/p>\n<ul>\n<li>\n<h5>154\/174\/194\/234 faisceaux \u00e0 partir de 32\/36\/40\/48 diodes<\/h5>\n<\/li>\n<li>\n<h5>Tension : AC220V, AC110V, DC24V<\/h5>\n<\/li>\n<li>\n<h5>Hauteur standard de 2000 mm<\/h5>\n<\/li>\n<li>\n<h5>Port\u00e9e de d\u00e9tection de 4000 mm<\/h5>\n<\/li>\n<li>\n<h5>IP54<\/h5>\n<\/li>\n<li>\n<h5>EN81-70, EN81-20 (les mod\u00e8les comportant au moins 36 jeux de diodes sont conformes \u00e0 la norme EN81-20\uff09)<\/h5>\n<\/li>\n<li>\n<h5>Emballage individuel des tubes, cinq tubes par paquet.<\/h5>\n<\/li>\n<li>\n<h5>Des hauteurs et des longueurs de c\u00e2bles sp\u00e9ciales peuvent \u00eatre fabriqu\u00e9es sur mesure.<\/h5>\n<\/li>\n<li>\n<h5>Immunis\u00e9 contre la lumi\u00e8re du soleil.<\/h5>\n<\/li>\n<\/ul>","protected":false},"featured_media":1352,"comment_status":"open","ping_status":"closed","template":"","meta":[],"product_cat":[45,49],"product_tag":[],"class_list":{"0":"post-1412","1":"product","2":"type-product","3":"status-publish","4":"has-post-thumbnail","6":"product_cat-en81-20-lift-door-photocell","7":"product_cat-products","9":"first","10":"instock","11":"shipping-taxable","12":"product-type-simple"},"jetpack_sharing_enabled":true,"_links":{"self":[{"href":"https:\/\/elevatorlightcurtains.com\/fr\/wp-json\/wp\/v2\/product\/1412","targetHints":{"allow":["GET"]}}],"collection":[{"href":"https:\/\/elevatorlightcurtains.com\/fr\/wp-json\/wp\/v2\/product"}],"about":[{"href":"https:\/\/elevatorlightcurtains.com\/fr\/wp-json\/wp\/v2\/types\/product"}],"replies":[{"embeddable":true,"href":"https:\/\/elevatorlightcurtains.com\/fr\/wp-json\/wp\/v2\/comments?post=1412"}],"wp:featuredmedia":[{"embeddable":true,"href":"https:\/\/elevatorlightcurtains.com\/fr\/wp-json\/wp\/v2\/media\/1352"}],"wp:attachment":[{"href":"https:\/\/elevatorlightcurtains.com\/fr\/wp-json\/wp\/v2\/media?parent=1412"}],"wp:term":[{"taxonomy":"product_cat","embeddable":true,"href":"https:\/\/elevatorlightcurtains.com\/fr\/wp-json\/wp\/v2\/product_cat?post=1412"},{"taxonomy":"product_tag","embeddable":true,"href":"https:\/\/elevatorlightcurtains.com\/fr\/wp-json\/wp\/v2\/product_tag?post=1412"}],"curies":[{"name":"wp","href":"https:\/\/api.w.org\/{rel}","templated":true}]}}