{"id":1410,"date":"2024-07-29T07:40:52","date_gmt":"2024-07-29T07:40:52","guid":{"rendered":"https:\/\/elevatorlightcurtains.com\/?post_type=product&#038;p=1410"},"modified":"2025-01-01T07:03:27","modified_gmt":"2025-01-01T07:03:27","slug":"6-6mm-slim-profile-weco-957six","status":"publish","type":"product","link":"https:\/\/elevatorlightcurtains.com\/fr\/produit\/6-6mm-slim-profile-weco-957six\/","title":{"rendered":"Profil mince de 6,6 mm WECO-957SIX"},"content":{"rendered":"<h5>6.6mm Epaisseur 154beams Slim Curtains of Light Elevator Auto WECO-957SIX-AC220<\/h5>\n<p><img data-recalc-dims=\"1\" fetchpriority=\"high\" decoding=\"async\" class=\"wp-image-1373 size-full\" src=\"https:\/\/i0.wp.com\/elevatorlightcurtains.com\/wp-content\/uploads\/2024\/04\/WECO-957SIX-scaled.jpg?resize=800%2C2241&#038;ssl=1\" alt=\"957SIX slim curtains of light elevator\" width=\"800\" height=\"2241\" srcset=\"https:\/\/i0.wp.com\/elevatorlightcurtains.com\/wp-content\/uploads\/2024\/04\/WECO-957SIX-scaled.jpg?w=914&amp;ssl=1 914w, https:\/\/i0.wp.com\/elevatorlightcurtains.com\/wp-content\/uploads\/2024\/04\/WECO-957SIX-scaled.jpg?resize=107%2C300&amp;ssl=1 107w, https:\/\/i0.wp.com\/elevatorlightcurtains.com\/wp-content\/uploads\/2024\/04\/WECO-957SIX-scaled.jpg?resize=366%2C1024&amp;ssl=1 366w, https:\/\/i0.wp.com\/elevatorlightcurtains.com\/wp-content\/uploads\/2024\/04\/WECO-957SIX-scaled.jpg?resize=768%2C2150&amp;ssl=1 768w, https:\/\/i0.wp.com\/elevatorlightcurtains.com\/wp-content\/uploads\/2024\/04\/WECO-957SIX-scaled.jpg?resize=731%2C2048&amp;ssl=1 731w, https:\/\/i0.wp.com\/elevatorlightcurtains.com\/wp-content\/uploads\/2024\/04\/WECO-957SIX-scaled.jpg?resize=600%2C1680&amp;ssl=1 600w\" sizes=\"(max-width: 800px) 100vw, 800px\" \/><\/p>\n<p>Le WECO-957SIX est un capteur de pointe \u00e0 profil mince de 6,6 mm con\u00e7u pour r\u00e9pondre aux exigences des installations modernes o\u00f9 l'espace est compt\u00e9. Ce capteur innovant est con\u00e7u pour des applications statiques et dynamiques, ce qui en fait un choix id\u00e9al pour une large gamme d'environnements - des environnements commerciaux aux espaces r\u00e9sidentiels.<\/p>\n<p>Le WECO-957SIX se distingue par son design ultrafin et esth\u00e9tique, ce qui lui permet de s'int\u00e9grer parfaitement dans des environnements d'installation \u00e9troits sans compromettre la fonctionnalit\u00e9 ou les performances. Gr\u00e2ce \u00e0 son profil \u00e9pur\u00e9, vous n'aurez plus \u00e0 faire face \u00e0 un \u00e9quipement encombrant qui nuit \u00e0 l'aspect g\u00e9n\u00e9ral de votre espace. Au lieu de cela, le WECO-957SIX offre une solution raffin\u00e9e qui am\u00e9liore votre installation tout en fournissant des r\u00e9sultats exceptionnels.<\/p>\n<p>La polyvalence est au c\u0153ur de la conception du WECO-957SIX. Que vous souhaitiez l'installer dans des coins \u00e9troits ou le long de surfaces \u00e9troites, ce capteur offre de multiples options de fixation, y compris des clips et des supports sur toute la longueur. Cette flexibilit\u00e9 facilite l'installation et permet de positionner le capteur pr\u00e9cis\u00e9ment l\u00e0 o\u00f9 il est le plus utile, quelles que soient les contraintes de votre environnement.<\/p>\n<p>Le WECO-957SIX n'est pas qu'une question d'apparence, il est con\u00e7u pour fonctionner dans des conditions vari\u00e9es. Sa construction robuste garantit sa fiabilit\u00e9 dans des environnements statiques et dynamiques, ce qui le rend adapt\u00e9 \u00e0 une multitude d'applications, des syst\u00e8mes de s\u00e9curit\u00e9 aux processus d'automatisation. Avec ce capteur, vous pouvez \u00eatre s\u00fbr d'investir dans un produit qui allie \u00e9l\u00e9gance et haute performance.<\/p>\n<p>En r\u00e9sum\u00e9, le capteur WECO-957SIX \u00e0 profil mince de 6,6 mm est la solution parfaite pour ceux qui recherchent un design ultra-mince sans sacrifier la fonctionnalit\u00e9. Son adaptabilit\u00e9 aux espaces restreints et ses diverses options d'installation en font un \u00e9l\u00e9ment essentiel de toute installation moderne. Am\u00e9liorez vos installations avec le WECO-957SIX, o\u00f9 la sophistication rencontre la praticit\u00e9.<\/p>","protected":false},"excerpt":{"rendered":"<ul>\n<li>\n<h5>S\u00e9rie SIX : ultra-mince et d'une belle apparence, adapt\u00e9 \u00e0 un environnement d'installation \u00e9troit, ne se pr\u00e9occupe plus de la taille.<\/h5>\n<\/li>\n<li>\n<h5>154 faisceaux\/32 diodes<\/h5>\n<\/li>\n<li>\n<h5>Tension : AC220V, AC110V, DC24V<\/h5>\n<\/li>\n<li>\n<h5>Hauteur standard de 2000 mm<\/h5>\n<\/li>\n<li>\n<h5>Port\u00e9e de d\u00e9tection de 4000 mm<\/h5>\n<\/li>\n<li>\n<h5>IP54<\/h5>\n<\/li>\n<li>\n<h5>EN81-70<\/h5>\n<\/li>\n<li>\n<h5>Emballage individuel des tubes, cinq tubes par paquet.<\/h5>\n<\/li>\n<li>\n<h5>Des hauteurs et des longueurs de c\u00e2bles sp\u00e9ciales peuvent \u00eatre fabriqu\u00e9es sur mesure.<\/h5>\n<\/li>\n<\/ul>","protected":false},"featured_media":1351,"comment_status":"open","ping_status":"closed","template":"","meta":[],"product_cat":[36,49],"product_tag":[],"class_list":{"0":"post-1410","1":"product","2":"type-product","3":"status-publish","4":"has-post-thumbnail","6":"product_cat-universal-elevator-beam-sensor","7":"product_cat-products","9":"first","10":"instock","11":"shipping-taxable","12":"product-type-simple"},"jetpack_sharing_enabled":true,"_links":{"self":[{"href":"https:\/\/elevatorlightcurtains.com\/fr\/wp-json\/wp\/v2\/product\/1410","targetHints":{"allow":["GET"]}}],"collection":[{"href":"https:\/\/elevatorlightcurtains.com\/fr\/wp-json\/wp\/v2\/product"}],"about":[{"href":"https:\/\/elevatorlightcurtains.com\/fr\/wp-json\/wp\/v2\/types\/product"}],"replies":[{"embeddable":true,"href":"https:\/\/elevatorlightcurtains.com\/fr\/wp-json\/wp\/v2\/comments?post=1410"}],"wp:featuredmedia":[{"embeddable":true,"href":"https:\/\/elevatorlightcurtains.com\/fr\/wp-json\/wp\/v2\/media\/1351"}],"wp:attachment":[{"href":"https:\/\/elevatorlightcurtains.com\/fr\/wp-json\/wp\/v2\/media?parent=1410"}],"wp:term":[{"taxonomy":"product_cat","embeddable":true,"href":"https:\/\/elevatorlightcurtains.com\/fr\/wp-json\/wp\/v2\/product_cat?post=1410"},{"taxonomy":"product_tag","embeddable":true,"href":"https:\/\/elevatorlightcurtains.com\/fr\/wp-json\/wp\/v2\/product_tag?post=1410"}],"curies":[{"name":"wp","href":"https:\/\/api.w.org\/{rel}","templated":true}]}}