{"id":1408,"date":"2024-07-29T06:58:04","date_gmt":"2024-07-29T06:58:04","guid":{"rendered":"https:\/\/elevatorlightcurtains.com\/?post_type=product&#038;p=1408"},"modified":"2025-01-01T07:03:44","modified_gmt":"2025-01-01T07:03:44","slug":"door-light-curtains-weco-957q","status":"publish","type":"product","link":"https:\/\/elevatorlightcurtains.com\/fr\/produit\/door-light-curtains-weco-957q\/","title":{"rendered":"rideaux lumineux de porte WECO-957Q"},"content":{"rendered":"<h5>Rideaux lumineux de porte Pi\u00e8ces d\u00e9tach\u00e9es pour ascenseurs Capteurs et c\u00e2bles WECO-957Q71-DC24V<\/h5>\n<p><img data-recalc-dims=\"1\" fetchpriority=\"high\" decoding=\"async\" class=\"wp-image-1371 size-full\" src=\"https:\/\/i0.wp.com\/elevatorlightcurtains.com\/wp-content\/uploads\/2024\/04\/WECO-957Q-scaled.jpg?resize=800%2C2241&#038;ssl=1\" alt=\"957Q door light curtains freight elevator parts\" width=\"800\" height=\"2241\" srcset=\"https:\/\/i0.wp.com\/elevatorlightcurtains.com\/wp-content\/uploads\/2024\/04\/WECO-957Q-scaled.jpg?w=914&amp;ssl=1 914w, https:\/\/i0.wp.com\/elevatorlightcurtains.com\/wp-content\/uploads\/2024\/04\/WECO-957Q-scaled.jpg?resize=107%2C300&amp;ssl=1 107w, https:\/\/i0.wp.com\/elevatorlightcurtains.com\/wp-content\/uploads\/2024\/04\/WECO-957Q-scaled.jpg?resize=366%2C1024&amp;ssl=1 366w, https:\/\/i0.wp.com\/elevatorlightcurtains.com\/wp-content\/uploads\/2024\/04\/WECO-957Q-scaled.jpg?resize=768%2C2150&amp;ssl=1 768w, https:\/\/i0.wp.com\/elevatorlightcurtains.com\/wp-content\/uploads\/2024\/04\/WECO-957Q-scaled.jpg?resize=731%2C2048&amp;ssl=1 731w, https:\/\/i0.wp.com\/elevatorlightcurtains.com\/wp-content\/uploads\/2024\/04\/WECO-957Q-scaled.jpg?resize=600%2C1680&amp;ssl=1 600w\" sizes=\"(max-width: 800px) 100vw, 800px\" \/><\/p>\n<p>Les barri\u00e8res immat\u00e9rielles de s\u00e9curit\u00e9 WECO-957Q sont une solution pionni\u00e8re en mati\u00e8re de technologie de s\u00e9curit\u00e9 et d'automatisation qui a r\u00e9sist\u00e9 \u00e0 l'\u00e9preuve du temps depuis sa cr\u00e9ation. En tant que premier mod\u00e8le d\u00e9velopp\u00e9 par WECO, la WECO-957Q s'est impos\u00e9e comme un choix de confiance pour les entreprises \u00e0 la recherche de solutions de d\u00e9tection de porte fiables et efficaces.<\/p>\n<p>Con\u00e7u avec un capteur de porte pleine hauteur, le WECO-957Q est con\u00e7u pour fournir une couverture compl\u00e8te et une s\u00e9curit\u00e9 accrue pour diverses applications. Son profil mince contribue non seulement \u00e0 une installation esth\u00e9tiquement agr\u00e9able, mais garantit \u00e9galement qu'il s'int\u00e8gre parfaitement dans un large \u00e9ventail d'environnements sans compromettre la fonctionnalit\u00e9. Cette combinaison unique de prix avantageux et de design compact a fait du WECO-957Q un choix populaire parmi les clients de nombreuses industries.<\/p>\n<p>La polyvalence du WECO-957Q est \u00e9vidente, car il est largement utilis\u00e9 pour les ascenseurs de personnes et les ascenseurs de charges. Des soci\u00e9t\u00e9s d'ascenseurs de premier plan telles que Giantkone et Hangzhou XO ont r\u00e9guli\u00e8rement choisi ce mod\u00e8le pour leurs projets, soulignant ainsi sa fiabilit\u00e9 et ses performances dans des environnements tr\u00e8s exigeants. La capacit\u00e9 \u00e0 d\u00e9tecter efficacement les mouvements tout en conservant un profil bas fait du WECO-957Q une solution id\u00e9ale pour am\u00e9liorer les protocoles de s\u00e9curit\u00e9 dans les environnements tr\u00e8s fr\u00e9quent\u00e9s.<\/p>\n<p>Gr\u00e2ce \u00e0 sa construction robuste et \u00e0 sa technologie de d\u00e9tection avanc\u00e9e, le WECO-957Q garantit le bon fonctionnement des portes tout en minimisant les risques d'accidents ou de blessures. Ce mod\u00e8le n'est pas un simple produit ; il repr\u00e9sente l'engagement en faveur de la qualit\u00e9 et de l'innovation qui d\u00e9finit WECO depuis sa cr\u00e9ation.<\/p>\n<p>En r\u00e9sum\u00e9, les barri\u00e8res immat\u00e9rielles WECO-957Q sont plus que de simples capteurs ; elles sont un composant essentiel pour toute op\u00e9ration exigeant s\u00e9curit\u00e9, efficacit\u00e9 et fiabilit\u00e9. Choisissez la WECO-957Q pour votre prochain projet et d\u00e9couvrez par vous-m\u00eame pourquoi elle reste le choix pr\u00e9f\u00e9r\u00e9 des leaders de l'industrie.<\/p>\n<p>&nbsp;<\/p>\n<p>&nbsp;<\/p>","protected":false},"excerpt":{"rendered":"<p>&nbsp;<\/p>\n<ul>\n<li>\n<h5>154\/174\/194\/234 faisceaux \u00e0 partir de 32\/36\/40\/48 diodes<\/h5>\n<\/li>\n<li>\n<h5>Tension : AC220V, AC110V, DC24V<\/h5>\n<\/li>\n<li>\n<h5>Hauteur standard de 2000 mm<\/h5>\n<\/li>\n<li>\n<h5>Port\u00e9e de d\u00e9tection de 4000 mm<\/h5>\n<\/li>\n<li>\n<h5>IP54<\/h5>\n<\/li>\n<li>\n<h5>EN81-70, EN81-20 (les mod\u00e8les comportant au moins 36 jeux de diodes sont conformes \u00e0 la norme EN81-20\uff09)<\/h5>\n<\/li>\n<li>\n<h5>Emballage individuel des tubes, cinq tubes par paquet.<\/h5>\n<\/li>\n<li>\n<h5>Des hauteurs et des longueurs de c\u00e2bles sp\u00e9ciales peuvent \u00eatre fabriqu\u00e9es sur mesure.<\/h5>\n<\/li>\n<li>\n<h5>Immunis\u00e9 contre la lumi\u00e8re du soleil.<\/h5>\n<\/li>\n<\/ul>","protected":false},"featured_media":1350,"comment_status":"open","ping_status":"closed","template":"","meta":[],"product_cat":[36,49],"product_tag":[],"class_list":{"0":"post-1408","1":"product","2":"type-product","3":"status-publish","4":"has-post-thumbnail","6":"product_cat-universal-elevator-beam-sensor","7":"product_cat-products","9":"first","10":"instock","11":"shipping-taxable","12":"product-type-simple"},"jetpack_sharing_enabled":true,"_links":{"self":[{"href":"https:\/\/elevatorlightcurtains.com\/fr\/wp-json\/wp\/v2\/product\/1408","targetHints":{"allow":["GET"]}}],"collection":[{"href":"https:\/\/elevatorlightcurtains.com\/fr\/wp-json\/wp\/v2\/product"}],"about":[{"href":"https:\/\/elevatorlightcurtains.com\/fr\/wp-json\/wp\/v2\/types\/product"}],"replies":[{"embeddable":true,"href":"https:\/\/elevatorlightcurtains.com\/fr\/wp-json\/wp\/v2\/comments?post=1408"}],"wp:featuredmedia":[{"embeddable":true,"href":"https:\/\/elevatorlightcurtains.com\/fr\/wp-json\/wp\/v2\/media\/1350"}],"wp:attachment":[{"href":"https:\/\/elevatorlightcurtains.com\/fr\/wp-json\/wp\/v2\/media?parent=1408"}],"wp:term":[{"taxonomy":"product_cat","embeddable":true,"href":"https:\/\/elevatorlightcurtains.com\/fr\/wp-json\/wp\/v2\/product_cat?post=1408"},{"taxonomy":"product_tag","embeddable":true,"href":"https:\/\/elevatorlightcurtains.com\/fr\/wp-json\/wp\/v2\/product_tag?post=1408"}],"curies":[{"name":"wp","href":"https:\/\/api.w.org\/{rel}","templated":true}]}}