{"id":1402,"date":"2024-07-26T08:29:39","date_gmt":"2024-07-26T08:29:39","guid":{"rendered":"https:\/\/elevatorlightcurtains.com\/?post_type=product&#038;p=1402"},"modified":"2025-01-01T07:04:55","modified_gmt":"2025-01-01T07:04:55","slug":"en81-20-elevator-sensor-weco-957n","status":"publish","type":"product","link":"https:\/\/elevatorlightcurtains.com\/fr\/produit\/en81-20-elevator-sensor-weco-957n\/","title":{"rendered":"EN81-20 Capteur pour ascenseur WECO-957N"},"content":{"rendered":"<h5>EN81-20 Capteur de rideau d'ascenseur Porte Pi\u00e8ces Relais WECO-957N51-DC24A<\/h5>\n<p><img data-recalc-dims=\"1\" fetchpriority=\"high\" decoding=\"async\" class=\"wp-image-1369 size-full\" src=\"https:\/\/i0.wp.com\/elevatorlightcurtains.com\/wp-content\/uploads\/2024\/04\/WECO-957N-scaled.jpg?resize=800%2C2241&#038;ssl=1\" alt=\"WECO-957N Full Height Door Sensor\" width=\"800\" height=\"2241\" srcset=\"https:\/\/i0.wp.com\/elevatorlightcurtains.com\/wp-content\/uploads\/2024\/04\/WECO-957N-scaled.jpg?w=914&amp;ssl=1 914w, https:\/\/i0.wp.com\/elevatorlightcurtains.com\/wp-content\/uploads\/2024\/04\/WECO-957N-scaled.jpg?resize=107%2C300&amp;ssl=1 107w, https:\/\/i0.wp.com\/elevatorlightcurtains.com\/wp-content\/uploads\/2024\/04\/WECO-957N-scaled.jpg?resize=366%2C1024&amp;ssl=1 366w, https:\/\/i0.wp.com\/elevatorlightcurtains.com\/wp-content\/uploads\/2024\/04\/WECO-957N-scaled.jpg?resize=768%2C2150&amp;ssl=1 768w, https:\/\/i0.wp.com\/elevatorlightcurtains.com\/wp-content\/uploads\/2024\/04\/WECO-957N-scaled.jpg?resize=731%2C2048&amp;ssl=1 731w, https:\/\/i0.wp.com\/elevatorlightcurtains.com\/wp-content\/uploads\/2024\/04\/WECO-957N-scaled.jpg?resize=600%2C1680&amp;ssl=1 600w\" sizes=\"(max-width: 800px) 100vw, 800px\" \/><\/p>\n<p>Le WECO-957N est un d\u00e9tecteur de porte pleine hauteur \u00e0 la pointe de la technologie, con\u00e7u pour r\u00e9pondre aux divers besoins des environnements d'installation modernes. Con\u00e7u dans un souci de pr\u00e9cision et de polyvalence, le WECO-957N se distingue sur le march\u00e9 par son design innovant et sa fonctionnalit\u00e9 exceptionnelle.<\/p>\n<p>L'une des principales caract\u00e9ristiques du WECO-957N est sa gamme \u00e9tendue d'options de fixation, qui comprend deux canaux C strat\u00e9giquement positionn\u00e9s - l'un sur le c\u00f4t\u00e9 et l'autre \u00e0 l'arri\u00e8re. Cette configuration \u00e0 double canal am\u00e9liore non seulement la flexibilit\u00e9 de l'installation, mais permet \u00e9galement de percer le canal lat\u00e9ral sur place, ce qui facilite l'alignement pr\u00e9cis et le montage s\u00e9curis\u00e9 dans diff\u00e9rents contextes pour les techniciens. Qu'il s'agisse d'une installation statique ou d'une application dynamique, le WECO-957N est con\u00e7u pour fonctionner de mani\u00e8re fiable dans les deux cas.<\/p>\n<p>Le profil mince du WECO-957N est un autre avantage significatif qui le distingue des autres d\u00e9tecteurs de porte de sa cat\u00e9gorie. Son design \u00e9pur\u00e9 lui permet de s'int\u00e9grer parfaitement dans n'importe quel environnement architectural sans compromettre l'esth\u00e9tique ou la fonctionnalit\u00e9. Il s'agit donc d'un choix id\u00e9al pour les installations o\u00f9 l'espace est restreint ou lorsque l'attrait visuel est primordial.<\/p>\n<p>De plus, le WECO-957N a gagn\u00e9 une grande popularit\u00e9 parmi les clients gr\u00e2ce \u00e0 son prix comp\u00e9titif sans sacrifier la qualit\u00e9 ou la performance. Cette rentabilit\u00e9 en fait une option attrayante pour diverses applications, en particulier dans les ascenseurs de personnes et les monte-charges, o\u00f9 une technologie de d\u00e9tection de porte fiable est essentielle pour la s\u00e9curit\u00e9 et l'efficacit\u00e9.<\/p>\n<p>En r\u00e9sum\u00e9, le capteur de porte pleine hauteur WECO-957N combine un design innovant avec une fonctionnalit\u00e9 pratique, offrant une solution polyvalente pour les installations statiques et dynamiques. Avec ses options de fixation \u00e0 double canal C, sa faible \u00e9paisseur et son prix abordable, il est devenu un choix privil\u00e9gi\u00e9 pour les professionnels \u00e0 la recherche de solutions fiables pour les capteurs de porte dans les applications d'ascenseurs de passagers et de cargaisons. Choisissez le WECO-957N pour votre prochain projet et faites l'exp\u00e9rience d'une performance et d'une valeur in\u00e9gal\u00e9es.<\/p>","protected":false},"excerpt":{"rendered":"<p>&nbsp;<\/p>\n<ul>\n<li>\n<h5>174 faisceaux provenant de 36 diodes<\/h5>\n<\/li>\n<li>\n<h5>Tension : DC24V<\/h5>\n<\/li>\n<li>\n<h5>Hauteur standard de 2000 mm<\/h5>\n<\/li>\n<li>\n<h5>Port\u00e9e de d\u00e9tection de 4000 mm<\/h5>\n<\/li>\n<li>\n<h5>IP54<\/h5>\n<\/li>\n<li>\n<h5>EN81-20<\/h5>\n<\/li>\n<li>\n<h5>Emballage individuel des tubes, cinq tubes par paquet.<\/h5>\n<\/li>\n<li>\n<h5>Immunis\u00e9 contre la lumi\u00e8re du soleil.<\/h5>\n<\/li>\n<\/ul>","protected":false},"featured_media":1348,"comment_status":"open","ping_status":"closed","template":"","meta":[],"product_cat":[45,49],"product_tag":[],"class_list":{"0":"post-1402","1":"product","2":"type-product","3":"status-publish","4":"has-post-thumbnail","6":"product_cat-en81-20-lift-door-photocell","7":"product_cat-products","9":"first","10":"instock","11":"shipping-taxable","12":"product-type-simple"},"jetpack_sharing_enabled":true,"_links":{"self":[{"href":"https:\/\/elevatorlightcurtains.com\/fr\/wp-json\/wp\/v2\/product\/1402","targetHints":{"allow":["GET"]}}],"collection":[{"href":"https:\/\/elevatorlightcurtains.com\/fr\/wp-json\/wp\/v2\/product"}],"about":[{"href":"https:\/\/elevatorlightcurtains.com\/fr\/wp-json\/wp\/v2\/types\/product"}],"replies":[{"embeddable":true,"href":"https:\/\/elevatorlightcurtains.com\/fr\/wp-json\/wp\/v2\/comments?post=1402"}],"wp:featuredmedia":[{"embeddable":true,"href":"https:\/\/elevatorlightcurtains.com\/fr\/wp-json\/wp\/v2\/media\/1348"}],"wp:attachment":[{"href":"https:\/\/elevatorlightcurtains.com\/fr\/wp-json\/wp\/v2\/media?parent=1402"}],"wp:term":[{"taxonomy":"product_cat","embeddable":true,"href":"https:\/\/elevatorlightcurtains.com\/fr\/wp-json\/wp\/v2\/product_cat?post=1402"},{"taxonomy":"product_tag","embeddable":true,"href":"https:\/\/elevatorlightcurtains.com\/fr\/wp-json\/wp\/v2\/product_tag?post=1402"}],"curies":[{"name":"wp","href":"https:\/\/api.w.org\/{rel}","templated":true}]}}