{"id":1396,"date":"2024-07-26T06:39:57","date_gmt":"2024-07-26T06:39:57","guid":{"rendered":"https:\/\/elevatorlightcurtains.com\/?post_type=product&#038;p=1396"},"modified":"2025-01-01T07:05:26","modified_gmt":"2025-01-01T07:05:26","slug":"3d-protection-photocell-weco-957md-3d","status":"publish","type":"product","link":"https:\/\/elevatorlightcurtains.com\/fr\/produit\/3d-protection-photocell-weco-957md-3d\/","title":{"rendered":"Cellule photo\u00e9lectrique de protection 3D WECO-957MD-3D"},"content":{"rendered":"<h5>Photocellule de protection 3D sp\u00e9ciale 154 poutres pour ascenseurs de passagers ou de marchandises WECO-957MD-3D<\/h5>\n<p><img data-recalc-dims=\"1\" fetchpriority=\"high\" decoding=\"async\" class=\"wp-image-1367 size-full\" src=\"https:\/\/i0.wp.com\/elevatorlightcurtains.com\/wp-content\/uploads\/2024\/04\/WECO-957MD-3D-scaled.jpg?resize=800%2C2229&#038;ssl=1\" alt=\"957MD-3D Special 3d elevator door sensor\" width=\"800\" height=\"2229\" srcset=\"https:\/\/i0.wp.com\/elevatorlightcurtains.com\/wp-content\/uploads\/2024\/04\/WECO-957MD-3D-scaled.jpg?w=919&amp;ssl=1 919w, https:\/\/i0.wp.com\/elevatorlightcurtains.com\/wp-content\/uploads\/2024\/04\/WECO-957MD-3D-scaled.jpg?resize=108%2C300&amp;ssl=1 108w, https:\/\/i0.wp.com\/elevatorlightcurtains.com\/wp-content\/uploads\/2024\/04\/WECO-957MD-3D-scaled.jpg?resize=368%2C1024&amp;ssl=1 368w, https:\/\/i0.wp.com\/elevatorlightcurtains.com\/wp-content\/uploads\/2024\/04\/WECO-957MD-3D-scaled.jpg?resize=768%2C2139&amp;ssl=1 768w, https:\/\/i0.wp.com\/elevatorlightcurtains.com\/wp-content\/uploads\/2024\/04\/WECO-957MD-3D-scaled.jpg?resize=735%2C2048&amp;ssl=1 735w, https:\/\/i0.wp.com\/elevatorlightcurtains.com\/wp-content\/uploads\/2024\/04\/WECO-957MD-3D-scaled.jpg?resize=600%2C1671&amp;ssl=1 600w\" sizes=\"(max-width: 800px) 100vw, 800px\" \/><\/p>\n<p>Le WECO-957MD-3D est le summum de la technologie photo\u00e9lectrique avanc\u00e9e, con\u00e7u pour les applications haut de gamme o\u00f9 la pr\u00e9cision et la fiabilit\u00e9 sont primordiales. Ce capteur de protection 3D de pointe repr\u00e9sente une am\u00e9lioration significative par rapport \u00e0 son pr\u00e9d\u00e9cesseur, le capteur 3D standard, offrant des capacit\u00e9s am\u00e9lior\u00e9es qui r\u00e9pondent aux environnements les plus exigeants.<\/p>\n<p>Le WECO-957MD-3D est con\u00e7u pour d\u00e9tecter les mouvements dans une zone st\u00e9r\u00e9oscopique, offrant ainsi une pr\u00e9cision in\u00e9gal\u00e9e dans l'identification d'intrusions ou d'obstructions potentielles. Sa technologie de d\u00e9tection 3D sophistiqu\u00e9e lui permet de faire la diff\u00e9rence entre les menaces r\u00e9elles et les mouvements b\u00e9nins, ce qui r\u00e9duit consid\u00e9rablement les fausses alarmes et renforce la s\u00e9curit\u00e9 globale. Il s'agit donc d'un choix id\u00e9al pour les occasions haut de gamme telles que les espaces de vente de luxe, les \u00e9v\u00e9nements exclusifs et les installations sensibles o\u00f9 la s\u00e9curit\u00e9 est de la plus haute importance.<\/p>\n<p>L'installation du WECO-957MD-3D est remarquablement simple, refl\u00e9tant la facilit\u00e9 d'installation associ\u00e9e aux produits photocellules courants. Cette conception conviviale permet une int\u00e9gration transparente dans les syst\u00e8mes existants, sans n\u00e9cessiter de modifications importantes ni de formation sp\u00e9cialis\u00e9e. Que vous modernisiez votre infrastructure de s\u00e9curit\u00e9 actuelle ou que vous mettiez en place un nouveau syst\u00e8me \u00e0 partir de z\u00e9ro, le WECO-957MD-3D garantit un processus d'installation sans probl\u00e8me.<\/p>\n<p>En plus de ses capacit\u00e9s de d\u00e9tection avanc\u00e9es et de sa facilit\u00e9 d'installation, le WECO-957MD-3D est dot\u00e9 d'une construction robuste qui lui permet de r\u00e9sister \u00e0 diverses conditions environnementales. Sa conception durable garantit sa long\u00e9vit\u00e9 et sa fiabilit\u00e9, ce qui en fait un investissement judicieux pour ceux qui privil\u00e9gient la qualit\u00e9 et la performance dans leurs solutions de s\u00e9curit\u00e9.<\/p>\n<p>Am\u00e9liorez vos mesures de s\u00e9curit\u00e9 avec la photocellule de protection 3D WECO-957MD-3D - o\u00f9 la technologie de pointe rencontre la facilit\u00e9 d'utilisation. Vous aurez l'esprit tranquille en sachant que vos occasions haut de gamme sont prot\u00e9g\u00e9es par l'un des capteurs photo\u00e9lectriques les plus avanc\u00e9s disponibles sur le march\u00e9 aujourd'hui.<\/p>","protected":false},"excerpt":{"rendered":"<p>&nbsp;<\/p>\n<p>&nbsp;<\/p>\n<ul>\n<li>\n<h5>S\u00e9rie MD : produit polyvalent avec protection 2D + protection 3D, capable de d\u00e9tecter l'objet dans une petite zone \u00e0 l'ext\u00e9rieur de la porte, et d'ouvrir la porte \u00e0 l'avance lorsque l'objet s'approche, maximisant ainsi la s\u00e9curit\u00e9.<\/h5>\n<\/li>\n<li>\n<h5>154 faisceaux provenant de 32 diodes<\/h5>\n<\/li>\n<li>\n<h5>Voltage : AC220V<\/h5>\n<\/li>\n<li>\n<h5>Hauteur standard de 2000 mm<\/h5>\n<\/li>\n<li>\n<h5>Port\u00e9e de d\u00e9tection de 4000 mm<\/h5>\n<\/li>\n<li>\n<h5>IP54<\/h5>\n<\/li>\n<li>\n<h5>EN81-70<\/h5>\n<\/li>\n<li>\n<h5>Emballage individuel des tubes, cinq tubes par paquet.<\/h5>\n<\/li>\n<li>\n<h5>Immunis\u00e9 contre la lumi\u00e8re du soleil.<\/h5>\n<\/li>\n<\/ul>","protected":false},"featured_media":1346,"comment_status":"open","ping_status":"closed","template":"","meta":[],"product_cat":[36,49],"product_tag":[],"class_list":{"0":"post-1396","1":"product","2":"type-product","3":"status-publish","4":"has-post-thumbnail","6":"product_cat-universal-elevator-beam-sensor","7":"product_cat-products","9":"first","10":"instock","11":"shipping-taxable","12":"product-type-simple"},"jetpack_sharing_enabled":true,"_links":{"self":[{"href":"https:\/\/elevatorlightcurtains.com\/fr\/wp-json\/wp\/v2\/product\/1396","targetHints":{"allow":["GET"]}}],"collection":[{"href":"https:\/\/elevatorlightcurtains.com\/fr\/wp-json\/wp\/v2\/product"}],"about":[{"href":"https:\/\/elevatorlightcurtains.com\/fr\/wp-json\/wp\/v2\/types\/product"}],"replies":[{"embeddable":true,"href":"https:\/\/elevatorlightcurtains.com\/fr\/wp-json\/wp\/v2\/comments?post=1396"}],"wp:featuredmedia":[{"embeddable":true,"href":"https:\/\/elevatorlightcurtains.com\/fr\/wp-json\/wp\/v2\/media\/1346"}],"wp:attachment":[{"href":"https:\/\/elevatorlightcurtains.com\/fr\/wp-json\/wp\/v2\/media?parent=1396"}],"wp:term":[{"taxonomy":"product_cat","embeddable":true,"href":"https:\/\/elevatorlightcurtains.com\/fr\/wp-json\/wp\/v2\/product_cat?post=1396"},{"taxonomy":"product_tag","embeddable":true,"href":"https:\/\/elevatorlightcurtains.com\/fr\/wp-json\/wp\/v2\/product_tag?post=1396"}],"curies":[{"name":"wp","href":"https:\/\/api.w.org\/{rel}","templated":true}]}}