{"id":1392,"date":"2024-07-22T07:00:58","date_gmt":"2024-07-22T07:00:58","guid":{"rendered":"https:\/\/elevatorlightcurtains.com\/?post_type=product&#038;p=1392"},"modified":"2025-01-01T07:06:01","modified_gmt":"2025-01-01T07:06:01","slug":"multi-beam-sensor-weco-957l","status":"publish","type":"product","link":"https:\/\/elevatorlightcurtains.com\/fr\/produit\/multi-beam-sensor-weco-957l\/","title":{"rendered":"rideaux minces pour ascenseurs WECO-957L"},"content":{"rendered":"<p>D\u00e9tecteur multifaisceaux pour la protection des portes d'ascenseur rideaux fins 957L71-AC220<\/p>\n<p><img data-recalc-dims=\"1\" fetchpriority=\"high\" decoding=\"async\" class=\"alignnone wp-image-1365 size-full\" src=\"https:\/\/i0.wp.com\/elevatorlightcurtains.com\/wp-content\/uploads\/2024\/04\/WECO-957L7-scaled.jpg?resize=800%2C2193&#038;ssl=1\" alt=\"Multi Beam Sensor for lift door 957L71-AC220\u00a0\" width=\"800\" height=\"2193\" srcset=\"https:\/\/i0.wp.com\/elevatorlightcurtains.com\/wp-content\/uploads\/2024\/04\/WECO-957L7-scaled.jpg?w=934&amp;ssl=1 934w, https:\/\/i0.wp.com\/elevatorlightcurtains.com\/wp-content\/uploads\/2024\/04\/WECO-957L7-scaled.jpg?resize=109%2C300&amp;ssl=1 109w, https:\/\/i0.wp.com\/elevatorlightcurtains.com\/wp-content\/uploads\/2024\/04\/WECO-957L7-scaled.jpg?resize=374%2C1024&amp;ssl=1 374w, https:\/\/i0.wp.com\/elevatorlightcurtains.com\/wp-content\/uploads\/2024\/04\/WECO-957L7-scaled.jpg?resize=768%2C2104&amp;ssl=1 768w, https:\/\/i0.wp.com\/elevatorlightcurtains.com\/wp-content\/uploads\/2024\/04\/WECO-957L7-scaled.jpg?resize=747%2C2048&amp;ssl=1 747w, https:\/\/i0.wp.com\/elevatorlightcurtains.com\/wp-content\/uploads\/2024\/04\/WECO-957L7-scaled.jpg?resize=600%2C1644&amp;ssl=1 600w\" sizes=\"(max-width: 800px) 100vw, 800px\" \/><\/p>\n<p>&nbsp;<\/p>\n<p>Le capteur de porte d'ascenseur WECO-957L est un produit pionnier d\u00e9velopp\u00e9 par WECO depuis sa cr\u00e9ation. Le WECO-957L est l'un des premiers mod\u00e8les de la vaste gamme de WECO. Il s'est impos\u00e9 comme une solution fiable et efficace pour les op\u00e9rations de porte d'ascenseur, ce qui en fait un choix privil\u00e9gi\u00e9 parmi les professionnels de l'industrie.<\/p>\n<p>Le WECO-957L est con\u00e7u avec une configuration pleine hauteur, assurant une couverture compl\u00e8te et une s\u00e9curit\u00e9 accrue pour les passagers et les marchandises. Sa faible \u00e9paisseur est une caract\u00e9ristique remarquable, permettant une int\u00e9gration transparente dans divers syst\u00e8mes d'ascenseurs sans compromis sur les performances ou l'esth\u00e9tique. Ce mod\u00e8le s'est impos\u00e9 sur le march\u00e9 gr\u00e2ce \u00e0 son prix comp\u00e9titif, ce qui en fait une option \u00e9conomique pour les entreprises qui cherchent \u00e0 am\u00e9liorer leurs syst\u00e8mes d'ascenseurs sans d\u00e9passer les contraintes budg\u00e9taires.<\/p>\n<p>Largement utilis\u00e9 dans les ascenseurs de personnes et de charges, le WECO-957L est appr\u00e9ci\u00e9 par de nombreux clients pour sa polyvalence et sa fiabilit\u00e9. Des entreprises de renom telles que Giantkone et Hangzhou Xizi Otis choisissent r\u00e9guli\u00e8rement ce mod\u00e8le pour leurs projets, soulignant ainsi sa r\u00e9putation dans l'industrie. La conception robuste du capteur garantit sa long\u00e9vit\u00e9 et sa fiabilit\u00e9, assurant la tranquillit\u00e9 d'esprit des op\u00e9rateurs et des utilisateurs.<\/p>\n<p>En r\u00e9sum\u00e9, le capteur de porte d'ascenseur WECO-957L est une solution fiable qui allie prix abordable et technologie de pointe. Ses performances \u00e9prouv\u00e9es depuis sa cr\u00e9ation en font un choix id\u00e9al pour ceux qui recherchent un capteur de porte d'ascenseur de haute qualit\u00e9, r\u00e9pondant \u00e0 la fois aux exigences de performance et de budget. Qu'il s'agisse de moderniser des syst\u00e8mes existants ou d'en installer de nouveaux, le WECO-957L est con\u00e7u pour fournir des r\u00e9sultats exceptionnels dans n'importe quelle application d'ascenseur.<\/p>","protected":false},"excerpt":{"rendered":"<h5><\/h5>\n<ul>\n<li>\n<h5>Faisceaux 94\/154\/174\/194\/234 \u00e0 partir de diodes 17\/32\/36\/40\/48<\/h5>\n<\/li>\n<li>\n<h5>Tension : AC220V, AC110V, DC24V, NPN\/ PNP<\/h5>\n<\/li>\n<li>\n<h5>Hauteur standard de 2000 mm<\/h5>\n<\/li>\n<li>\n<h5>Port\u00e9e de d\u00e9tection de 4000 mm<\/h5>\n<\/li>\n<li>\n<h5>IP54<\/h5>\n<\/li>\n<li>\n<h5>EN81-70, EN81-20 (les mod\u00e8les comportant au moins 36 jeux de diodes sont conformes \u00e0 la norme EN81-20\uff09)<\/h5>\n<\/li>\n<li>\n<h5>Emballage individuel des tubes, cinq tubes par paquet.<\/h5>\n<\/li>\n<li>\n<h5>Des hauteurs et des longueurs de c\u00e2bles sp\u00e9ciales peuvent \u00eatre fabriqu\u00e9es sur mesure.<\/h5>\n<\/li>\n<li>\n<h5>Immunis\u00e9 contre la lumi\u00e8re du soleil.<\/h5>\n<\/li>\n<\/ul>","protected":false},"featured_media":1344,"comment_status":"open","ping_status":"closed","template":"","meta":[],"product_cat":[36,49],"product_tag":[],"class_list":{"0":"post-1392","1":"product","2":"type-product","3":"status-publish","4":"has-post-thumbnail","6":"product_cat-universal-elevator-beam-sensor","7":"product_cat-products","9":"first","10":"instock","11":"shipping-taxable","12":"product-type-simple"},"jetpack_sharing_enabled":true,"_links":{"self":[{"href":"https:\/\/elevatorlightcurtains.com\/fr\/wp-json\/wp\/v2\/product\/1392","targetHints":{"allow":["GET"]}}],"collection":[{"href":"https:\/\/elevatorlightcurtains.com\/fr\/wp-json\/wp\/v2\/product"}],"about":[{"href":"https:\/\/elevatorlightcurtains.com\/fr\/wp-json\/wp\/v2\/types\/product"}],"replies":[{"embeddable":true,"href":"https:\/\/elevatorlightcurtains.com\/fr\/wp-json\/wp\/v2\/comments?post=1392"}],"wp:featuredmedia":[{"embeddable":true,"href":"https:\/\/elevatorlightcurtains.com\/fr\/wp-json\/wp\/v2\/media\/1344"}],"wp:attachment":[{"href":"https:\/\/elevatorlightcurtains.com\/fr\/wp-json\/wp\/v2\/media?parent=1392"}],"wp:term":[{"taxonomy":"product_cat","embeddable":true,"href":"https:\/\/elevatorlightcurtains.com\/fr\/wp-json\/wp\/v2\/product_cat?post=1392"},{"taxonomy":"product_tag","embeddable":true,"href":"https:\/\/elevatorlightcurtains.com\/fr\/wp-json\/wp\/v2\/product_tag?post=1392"}],"curies":[{"name":"wp","href":"https:\/\/api.w.org\/{rel}","templated":true}]}}