{"id":1390,"date":"2024-07-22T05:44:22","date_gmt":"2024-07-22T05:44:22","guid":{"rendered":"https:\/\/elevatorlightcurtains.com\/?post_type=product&#038;p=1390"},"modified":"2025-01-01T07:06:20","modified_gmt":"2025-01-01T07:06:20","slug":"curtain-light-sensor-weco-957k","status":"publish","type":"product","link":"https:\/\/elevatorlightcurtains.com\/fr\/produit\/curtain-light-sensor-weco-957k\/","title":{"rendered":"capteur de lumi\u00e8re pour rideau WECO-957K"},"content":{"rendered":"<h5>weco supply co 40 fabricant de rideaux et capteur WECO-957K71-AC220<\/h5>\n<p>&nbsp;<\/p>\n<p><img data-recalc-dims=\"1\" fetchpriority=\"high\" decoding=\"async\" class=\"alignnone wp-image-1364 size-full\" src=\"https:\/\/i0.wp.com\/elevatorlightcurtains.com\/wp-content\/uploads\/2024\/04\/WECO-957K-scaled.jpg?resize=800%2C2258&#038;ssl=1\" alt=\"WECO-957K71-AC220\" width=\"800\" height=\"2258\" srcset=\"https:\/\/i0.wp.com\/elevatorlightcurtains.com\/wp-content\/uploads\/2024\/04\/WECO-957K-scaled.jpg?w=907&amp;ssl=1 907w, https:\/\/i0.wp.com\/elevatorlightcurtains.com\/wp-content\/uploads\/2024\/04\/WECO-957K-scaled.jpg?resize=106%2C300&amp;ssl=1 106w, https:\/\/i0.wp.com\/elevatorlightcurtains.com\/wp-content\/uploads\/2024\/04\/WECO-957K-scaled.jpg?resize=363%2C1024&amp;ssl=1 363w, https:\/\/i0.wp.com\/elevatorlightcurtains.com\/wp-content\/uploads\/2024\/04\/WECO-957K-scaled.jpg?resize=768%2C2168&amp;ssl=1 768w, https:\/\/i0.wp.com\/elevatorlightcurtains.com\/wp-content\/uploads\/2024\/04\/WECO-957K-scaled.jpg?resize=544%2C1536&amp;ssl=1 544w, https:\/\/i0.wp.com\/elevatorlightcurtains.com\/wp-content\/uploads\/2024\/04\/WECO-957K-scaled.jpg?resize=726%2C2048&amp;ssl=1 726w, https:\/\/i0.wp.com\/elevatorlightcurtains.com\/wp-content\/uploads\/2024\/04\/WECO-957K-scaled.jpg?resize=600%2C1694&amp;ssl=1 600w\" sizes=\"(max-width: 800px) 100vw, 800px\" \/><\/p>\n<p>Le WECO-957K est un capteur de porte d'ascenseur ultramoderne con\u00e7u pour am\u00e9liorer la s\u00e9curit\u00e9 et l'efficacit\u00e9 des syst\u00e8mes de transport vertical. En tant que mod\u00e8le haut de gamme de la gamme de barri\u00e8res immat\u00e9rielles WECO, le WECO-957K b\u00e9n\u00e9ficie d'un niveau de protection plus \u00e9lev\u00e9, garantissant une fiabilit\u00e9 et des performances in\u00e9gal\u00e9es dans divers environnements op\u00e9rationnels.<\/p>\n<p>Le WECO-957K est dot\u00e9 d'une technologie avanc\u00e9e qui am\u00e9liore sa capacit\u00e9 \u00e0 d\u00e9tecter les obstacles et \u00e0 pr\u00e9venir les accidents pendant le fonctionnement des portes d'ascenseur. Sa conception robuste est con\u00e7ue pour r\u00e9sister \u00e0 des conditions difficiles, ce qui en fait un choix id\u00e9al pour les applications commerciales et r\u00e9sidentielles. Gr\u00e2ce \u00e0 sa sensibilit\u00e9 et \u00e0 sa pr\u00e9cision sup\u00e9rieures, le WECO-957K garantit le bon fonctionnement des portes d'ascenseur tout en donnant la priorit\u00e9 \u00e0 la s\u00e9curit\u00e9 des passagers.<\/p>\n<p>L'une des principales caract\u00e9ristiques du WECO-957K est sa configuration de trous de montage personnalisable. Cette flexibilit\u00e9 permet d'effectuer des ajustements sur place sans compromettre la fonctionnalit\u00e9 du rideau lumineux. Qu'il s'agisse de moderniser un syst\u00e8me existant ou d'en installer un nouveau, le WECO-957K peut \u00eatre int\u00e9gr\u00e9 de mani\u00e8re transparente dans votre installation d'ascenseur, garantissant ainsi des performances optimales adapt\u00e9es \u00e0 vos besoins sp\u00e9cifiques.<\/p>\n<p>En outre, la WECO-957K remplace parfaitement plusieurs mod\u00e8les de cellules photo\u00e9lectriques pour portes d'ascenseur de VEGA Italie, y compris la plupart des mod\u00e8les de B-LIFT.<\/p>\n<p>En r\u00e9sum\u00e9, le capteur de porte d'ascenseur WECO-957K est un choix exceptionnel pour ceux qui recherchent des caract\u00e9ristiques de s\u00e9curit\u00e9 am\u00e9lior\u00e9es et des performances fiables dans leurs syst\u00e8mes d'ascenseur. Avec son niveau de protection plus \u00e9lev\u00e9, ses options de montage personnalisables et sa compatibilit\u00e9 avec les mod\u00e8les VEGA existants, le WECO-957K s'impose comme une solution de premier plan pour les besoins modernes en mati\u00e8re de transport vertical. Am\u00e9liorez vos normes de s\u00e9curit\u00e9 d\u00e8s aujourd'hui avec le WECO-957K - l\u00e0 o\u00f9 l'innovation rencontre la fiabilit\u00e9.<\/p>","protected":false},"excerpt":{"rendered":"<p>&nbsp;<\/p>\n<ul>\n<li>\n<h5>154\/174\/194 faisceaux \u00e0 partir de 32\/36\/40 diodes<\/h5>\n<\/li>\n<li>\n<h5>Tension : AC220V, AC110V, DC24V, NPN\/ PNP<\/h5>\n<\/li>\n<li>\n<h5>Hauteur standard de 2000 mm<\/h5>\n<\/li>\n<li>\n<h5>Port\u00e9e de d\u00e9tection de 4000 mm<\/h5>\n<\/li>\n<li>\n<h5>IP54<\/h5>\n<\/li>\n<li>\n<h5>EN81-70, EN81-20 (les mod\u00e8les comportant au moins 36 jeux de diodes sont conformes \u00e0 la norme EN81-20)<\/h5>\n<\/li>\n<li>\n<h5>Emballage individuel des tubes, cinq tubes par paquet.<\/h5>\n<\/li>\n<li>\n<h5>Immunis\u00e9 contre la lumi\u00e8re du soleil.<\/h5>\n<\/li>\n<\/ul>","protected":false},"featured_media":1343,"comment_status":"open","ping_status":"closed","template":"","meta":[],"product_cat":[36,49],"product_tag":[],"class_list":{"0":"post-1390","1":"product","2":"type-product","3":"status-publish","4":"has-post-thumbnail","6":"product_cat-universal-elevator-beam-sensor","7":"product_cat-products","9":"first","10":"instock","11":"shipping-taxable","12":"product-type-simple"},"jetpack_sharing_enabled":true,"_links":{"self":[{"href":"https:\/\/elevatorlightcurtains.com\/fr\/wp-json\/wp\/v2\/product\/1390","targetHints":{"allow":["GET"]}}],"collection":[{"href":"https:\/\/elevatorlightcurtains.com\/fr\/wp-json\/wp\/v2\/product"}],"about":[{"href":"https:\/\/elevatorlightcurtains.com\/fr\/wp-json\/wp\/v2\/types\/product"}],"replies":[{"embeddable":true,"href":"https:\/\/elevatorlightcurtains.com\/fr\/wp-json\/wp\/v2\/comments?post=1390"}],"wp:featuredmedia":[{"embeddable":true,"href":"https:\/\/elevatorlightcurtains.com\/fr\/wp-json\/wp\/v2\/media\/1343"}],"wp:attachment":[{"href":"https:\/\/elevatorlightcurtains.com\/fr\/wp-json\/wp\/v2\/media?parent=1390"}],"wp:term":[{"taxonomy":"product_cat","embeddable":true,"href":"https:\/\/elevatorlightcurtains.com\/fr\/wp-json\/wp\/v2\/product_cat?post=1390"},{"taxonomy":"product_tag","embeddable":true,"href":"https:\/\/elevatorlightcurtains.com\/fr\/wp-json\/wp\/v2\/product_tag?post=1390"}],"curies":[{"name":"wp","href":"https:\/\/api.w.org\/{rel}","templated":true}]}}