{"id":1387,"date":"2024-04-12T08:39:25","date_gmt":"2024-04-12T08:39:25","guid":{"rendered":"https:\/\/elevatorlightcurtains.com\/?post_type=product&#038;p=1387"},"modified":"2025-01-01T07:06:30","modified_gmt":"2025-01-01T07:06:30","slug":"photo-eye-sensors-weco-957h","status":"publish","type":"product","link":"https:\/\/elevatorlightcurtains.com\/fr\/produit\/photo-eye-sensors-weco-957h\/","title":{"rendered":"capteurs photo oculaires WECO-957H"},"content":{"rendered":"<h5>D\u00e9tecteur photo\u00e9lectrique pour portes de monte-charge WECO fournisseur WECO-957H81-AC220<\/h5>\n<p>&nbsp;<\/p>\n<p><img data-recalc-dims=\"1\" fetchpriority=\"high\" decoding=\"async\" class=\"alignnone wp-image-1363 size-full\" src=\"https:\/\/i0.wp.com\/elevatorlightcurtains.com\/wp-content\/uploads\/2024\/04\/WECO-957H-scaled.jpg?resize=800%2C2258&#038;ssl=1\" alt=\"\" width=\"800\" height=\"2258\" srcset=\"https:\/\/i0.wp.com\/elevatorlightcurtains.com\/wp-content\/uploads\/2024\/04\/WECO-957H-scaled.jpg?w=907&amp;ssl=1 907w, https:\/\/i0.wp.com\/elevatorlightcurtains.com\/wp-content\/uploads\/2024\/04\/WECO-957H-scaled.jpg?resize=106%2C300&amp;ssl=1 106w, https:\/\/i0.wp.com\/elevatorlightcurtains.com\/wp-content\/uploads\/2024\/04\/WECO-957H-scaled.jpg?resize=363%2C1024&amp;ssl=1 363w, https:\/\/i0.wp.com\/elevatorlightcurtains.com\/wp-content\/uploads\/2024\/04\/WECO-957H-scaled.jpg?resize=768%2C2168&amp;ssl=1 768w, https:\/\/i0.wp.com\/elevatorlightcurtains.com\/wp-content\/uploads\/2024\/04\/WECO-957H-scaled.jpg?resize=544%2C1536&amp;ssl=1 544w, https:\/\/i0.wp.com\/elevatorlightcurtains.com\/wp-content\/uploads\/2024\/04\/WECO-957H-scaled.jpg?resize=726%2C2048&amp;ssl=1 726w, https:\/\/i0.wp.com\/elevatorlightcurtains.com\/wp-content\/uploads\/2024\/04\/WECO-957H-scaled.jpg?resize=600%2C1694&amp;ssl=1 600w\" sizes=\"(max-width: 800px) 100vw, 800px\" \/><\/p>\n<p>Nous vous pr\u00e9sentons le capteur photo Eye WECO-957H, un produit r\u00e9volutionnaire con\u00e7u pour fournir une solution optimale \u00e0 vos besoins en mati\u00e8re de d\u00e9tecteurs de porte. Ce mod\u00e8le fait partie de la s\u00e9rie WECO, r\u00e9put\u00e9e pour ses produits de haute qualit\u00e9, \u00e0 la fois fiables et efficaces. Le mod\u00e8le 957H ne fait pas exception \u00e0 la r\u00e8gle et pr\u00e9sente une s\u00e9rie de caract\u00e9ristiques qui le distinguent sur le march\u00e9.<\/p>\n<p>Les capteurs photo Eye WECO-957H sont con\u00e7us avec pr\u00e9cision et souci du d\u00e9tail. Ils sont con\u00e7us pour offrir des performances et une long\u00e9vit\u00e9 sup\u00e9rieures, ce qui leur permet de r\u00e9sister \u00e0 l'\u00e9preuve du temps et de continuer \u00e0 fonctionner de mani\u00e8re optimale pendant de nombreuses ann\u00e9es.<\/p>\n<p>L'une des caract\u00e9ristiques les plus marquantes du mod\u00e8le 957H est son design unique. Contrairement \u00e0 d'autres mod\u00e8les, ce d\u00e9tecteur de porte ne comporte que deux trous de fixation sur le rideau lumineux. Ce design minimaliste simplifie non seulement l'installation, mais conf\u00e8re \u00e9galement au d\u00e9tecteur un aspect \u00e9pur\u00e9 et \u00e9l\u00e9gant. Cet attrait esth\u00e9tique le distingue des autres d\u00e9tecteurs du march\u00e9, ce qui en fait un excellent choix pour ceux qui appr\u00e9cient \u00e0 la fois la fonctionnalit\u00e9 et le style.<\/p>\n<p>Les d\u00e9tecteurs photo Eye WECO-957H ne se contentent pas d'\u00eatre esth\u00e9tiques, ils offrent \u00e9galement des performances exceptionnelles. Ils sont \u00e9quip\u00e9s d'une technologie avanc\u00e9e qui garantit une d\u00e9tection et une r\u00e9ponse pr\u00e9cises. Que ce soit pour un usage r\u00e9sidentiel ou commercial, ces d\u00e9tecteurs sont con\u00e7us pour r\u00e9pondre efficacement \u00e0 vos besoins.<\/p>\n<p>Outre leurs performances impressionnantes, ces capteurs sont \u00e9galement faciles \u00e0 utiliser. Le syst\u00e8me de montage \u00e0 deux trous simplifie le processus d'installation, le rendant rapide et sans probl\u00e8me. Cette caract\u00e9ristique r\u00e9duit \u00e9galement les risques d'erreurs lors de l'installation, garantissant ainsi le bon fonctionnement de vos capteurs d\u00e8s le d\u00e9part.<\/p>\n<p>Les d\u00e9tecteurs photo oculaires WECO-957H sont \u00e9galement con\u00e7us dans un souci de s\u00e9curit\u00e9. Ils sont dot\u00e9s de fonctions de s\u00e9curit\u00e9 int\u00e9gr\u00e9es qui pr\u00e9viennent les accidents et garantissent un fonctionnement sans heurts. Que vous les utilisiez \u00e0 la maison ou dans un environnement commercial, vous pouvez \u00eatre s\u00fbr que ces d\u00e9tecteurs fourniront un environnement s\u00fbr et s\u00e9curis\u00e9.<\/p>\n<p>En conclusion, les d\u00e9tecteurs photo Eye WECO-957H sont un m\u00e9lange parfait de style, de performance et de s\u00e9curit\u00e9. Leur design unique, associ\u00e9 \u00e0 leurs fonctions avanc\u00e9es et \u00e0 leur facilit\u00e9 d'utilisation, en font un excellent choix pour tous ceux qui ont besoin de d\u00e9tecteurs de porte fiables. Choisissez les d\u00e9tecteurs photo Eye WECO-957H pour une solution aussi \u00e9l\u00e9gante qu'efficace.<\/p>","protected":false},"excerpt":{"rendered":"<p>&nbsp;<\/p>\n<ul>\n<li>\n<h5>194 faisceaux provenant de 40 diodes<\/h5>\n<\/li>\n<li>\n<h5>Voltage : AC220V<\/h5>\n<\/li>\n<li>\n<h5>Hauteur standard de 2000 mm<\/h5>\n<\/li>\n<li>\n<h5>Port\u00e9e de d\u00e9tection de 4000 mm<\/h5>\n<\/li>\n<li>\n<h5>IP54<\/h5>\n<\/li>\n<li>\n<h5>EN81-20<\/h5>\n<\/li>\n<li>\n<h5>Emballage individuel des tubes, cinq tubes par paquet.<\/h5>\n<\/li>\n<li>\n<h5>Immunis\u00e9 contre la lumi\u00e8re du soleil.<\/h5>\n<\/li>\n<\/ul>","protected":false},"featured_media":1342,"comment_status":"open","ping_status":"closed","template":"","meta":[],"product_cat":[36,49],"product_tag":[],"class_list":{"0":"post-1387","1":"product","2":"type-product","3":"status-publish","4":"has-post-thumbnail","6":"product_cat-universal-elevator-beam-sensor","7":"product_cat-products","9":"first","10":"instock","11":"shipping-taxable","12":"product-type-simple"},"jetpack_sharing_enabled":true,"_links":{"self":[{"href":"https:\/\/elevatorlightcurtains.com\/fr\/wp-json\/wp\/v2\/product\/1387","targetHints":{"allow":["GET"]}}],"collection":[{"href":"https:\/\/elevatorlightcurtains.com\/fr\/wp-json\/wp\/v2\/product"}],"about":[{"href":"https:\/\/elevatorlightcurtains.com\/fr\/wp-json\/wp\/v2\/types\/product"}],"replies":[{"embeddable":true,"href":"https:\/\/elevatorlightcurtains.com\/fr\/wp-json\/wp\/v2\/comments?post=1387"}],"wp:featuredmedia":[{"embeddable":true,"href":"https:\/\/elevatorlightcurtains.com\/fr\/wp-json\/wp\/v2\/media\/1342"}],"wp:attachment":[{"href":"https:\/\/elevatorlightcurtains.com\/fr\/wp-json\/wp\/v2\/media?parent=1387"}],"wp:term":[{"taxonomy":"product_cat","embeddable":true,"href":"https:\/\/elevatorlightcurtains.com\/fr\/wp-json\/wp\/v2\/product_cat?post=1387"},{"taxonomy":"product_tag","embeddable":true,"href":"https:\/\/elevatorlightcurtains.com\/fr\/wp-json\/wp\/v2\/product_tag?post=1387"}],"curies":[{"name":"wp","href":"https:\/\/api.w.org\/{rel}","templated":true}]}}