{"id":1386,"date":"2024-04-12T08:03:06","date_gmt":"2024-04-12T08:03:06","guid":{"rendered":"https:\/\/elevatorlightcurtains.com\/?post_type=product&#038;p=1386"},"modified":"2025-01-01T07:07:05","modified_gmt":"2025-01-01T07:07:05","slug":"lift-photo-sensors-weco-957g","status":"publish","type":"product","link":"https:\/\/elevatorlightcurtains.com\/fr\/produit\/lift-photo-sensors-weco-957g\/","title":{"rendered":"capteurs de photos d'ascenseurs WECO-957G"},"content":{"rendered":"<h5>Pi\u00e8ces d\u00e9tach\u00e9es ascenseur r\u00e9sidentiel barri\u00e8res rideau lumineux Hitachi type WECO-957G71-AC220<\/h5>\n<p>&nbsp;<\/p>\n<p><img data-recalc-dims=\"1\" fetchpriority=\"high\" decoding=\"async\" class=\"alignnone wp-image-1362 size-full\" src=\"https:\/\/i0.wp.com\/elevatorlightcurtains.com\/wp-content\/uploads\/2024\/04\/WECO-957G-1-scaled.jpg?resize=800%2C2258&#038;ssl=1\" alt=\"\" width=\"800\" height=\"2258\" srcset=\"https:\/\/i0.wp.com\/elevatorlightcurtains.com\/wp-content\/uploads\/2024\/04\/WECO-957G-1-scaled.jpg?w=907&amp;ssl=1 907w, https:\/\/i0.wp.com\/elevatorlightcurtains.com\/wp-content\/uploads\/2024\/04\/WECO-957G-1-scaled.jpg?resize=106%2C300&amp;ssl=1 106w, https:\/\/i0.wp.com\/elevatorlightcurtains.com\/wp-content\/uploads\/2024\/04\/WECO-957G-1-scaled.jpg?resize=363%2C1024&amp;ssl=1 363w, https:\/\/i0.wp.com\/elevatorlightcurtains.com\/wp-content\/uploads\/2024\/04\/WECO-957G-1-scaled.jpg?resize=768%2C2168&amp;ssl=1 768w, https:\/\/i0.wp.com\/elevatorlightcurtains.com\/wp-content\/uploads\/2024\/04\/WECO-957G-1-scaled.jpg?resize=544%2C1536&amp;ssl=1 544w, https:\/\/i0.wp.com\/elevatorlightcurtains.com\/wp-content\/uploads\/2024\/04\/WECO-957G-1-scaled.jpg?resize=726%2C2048&amp;ssl=1 726w, https:\/\/i0.wp.com\/elevatorlightcurtains.com\/wp-content\/uploads\/2024\/04\/WECO-957G-1-scaled.jpg?resize=600%2C1694&amp;ssl=1 600w\" sizes=\"(max-width: 800px) 100vw, 800px\" \/><\/p>\n<p>WECO-957G Lift Photo Sensors est un produit r\u00e9volutionnaire qui va red\u00e9finir les normes de s\u00e9curit\u00e9 des ascenseurs. Ce produit est un mod\u00e8le am\u00e9lior\u00e9 bas\u00e9 sur le d\u00e9tecteur de porte de la s\u00e9rie 917, largement utilis\u00e9, qui a d\u00e9j\u00e0 \u00e9t\u00e9 largement mis en \u0153uvre dans les ascenseurs de divers secteurs. Le WECO-957G n'est pas seulement une am\u00e9lioration, mais une substitution parfaite \u00e0 nos bords de s\u00e9curit\u00e9 traditionnels, gr\u00e2ce \u00e0 sa technologie avanc\u00e9e de faisceau multi-infrarouge.<\/p>\n<p>Les capteurs photo\u00e9lectriques pour ascenseurs WECO-957G sont con\u00e7us avec une caract\u00e9ristique unique de mod\u00e8le deux en un. Ce mod\u00e8le peut \u00eatre \u00e0 ouverture centrale ou lat\u00e9rale, offrant aux utilisateurs un choix plus polyvalent et plus pratique pour leurs besoins sp\u00e9cifiques. Cette conception innovante permet un fonctionnement plus efficace et plus fiable, garantissant que les portes d'ascenseur s'ouvrent et se ferment en douceur et en toute s\u00e9curit\u00e9.<\/p>\n<p>L'une des principales caract\u00e9ristiques des d\u00e9tecteurs de photo d'ascenseur WECO-957G est leur compatibilit\u00e9 avec les ascenseurs de type Hitachi. Cette compatibilit\u00e9 garantit une int\u00e9gration transparente dans les syst\u00e8mes existants, ce qui en fait un choix id\u00e9al pour ceux qui cherchent \u00e0 mettre \u00e0 niveau leurs d\u00e9tecteurs de portes d'ascenseur actuels sans avoir \u00e0 revoir l'ensemble de leur syst\u00e8me.<\/p>\n<p>Les capteurs photo\u00e9lectriques pour ascenseurs WECO-957G ont \u00e9t\u00e9 con\u00e7us dans un souci de durabilit\u00e9 et de long\u00e9vit\u00e9. Ils sont con\u00e7us pour r\u00e9sister aux rigueurs d'une utilisation quotidienne dans des environnements tr\u00e8s fr\u00e9quent\u00e9s, ce qui leur permet de continuer \u00e0 fonctionner de mani\u00e8re optimale m\u00eame en cas d'utilisation intensive. Cette construction robuste signifie \u00e9galement qu'ils n\u00e9cessitent une maintenance minimale, ce qui vous permet d'\u00e9conomiser du temps et des ressources \u00e0 long terme.<\/p>\n<p>En termes d'installation, les capteurs photo\u00e9lectriques pour ascenseurs WECO-957G sont con\u00e7us pour \u00eatre faciles et pratiques. Ils sont accompagn\u00e9s d'un guide d'installation complet qui fournit des instructions claires et d\u00e9taill\u00e9es, ce qui permet m\u00eame aux personnes ayant des connaissances techniques limit\u00e9es de les installer correctement.<\/p>\n<p>En conclusion, les capteurs photo\u00e9lectriques pour ascenseurs WECO-957G offrent une solution efficace pour am\u00e9liorer la s\u00e9curit\u00e9 des ascenseurs. Gr\u00e2ce \u00e0 leur technologie avanc\u00e9e, leur design polyvalent, leur construction robuste et leur processus d'installation facile, ils offrent un excellent retour sur investissement. Que vous souhaitiez moderniser vos d\u00e9tecteurs de portes d'ascenseurs existants ou installer un nouveau syst\u00e8me, les capteurs photo\u00e9lectriques pour ascenseurs WECO-957G constituent un choix fiable et rentable.<\/p>","protected":false},"excerpt":{"rendered":"<ul>\n<li>\n<h5>S\u00e9rie G : Le mod\u00e8le deux en un d'Hitachi est une combinaison de bords sensibles traditionnels et de faisceaux infrarouges multiples.<\/h5>\n<\/li>\n<li>\n<h5>154\/194 faisceaux \u00e0 partir de 32\/40 diodes<\/h5>\n<\/li>\n<li>\n<h5>Tension : AC220V, AC110V, DC24V, NPN\/ PNP<\/h5>\n<\/li>\n<li>\n<h5>Hauteur standard de 2100 mm<\/h5>\n<\/li>\n<li>\n<h5>Port\u00e9e de d\u00e9tection de 4000 mm<\/h5>\n<\/li>\n<li>\n<h5>IP54<\/h5>\n<\/li>\n<li>\n<h5>EN81-70, EN81-20 (les mod\u00e8les comportant au moins 36 jeux de diodes sont conformes \u00e0 la norme EN81-20\uff09)<\/h5>\n<\/li>\n<li>\n<h5>Emballage individuel des tubes, cinq tubes par paquet.<\/h5>\n<\/li>\n<li>\n<h5>Immunis\u00e9 contre la lumi\u00e8re du soleil.<\/h5>\n<\/li>\n<li>\n<h5>Veuillez acheter des supports m\u00e9caniques assortis pour l'installation.<\/h5>\n<\/li>\n<\/ul>","protected":false},"featured_media":1341,"comment_status":"open","ping_status":"closed","template":"","meta":[],"product_cat":[44,49],"product_tag":[],"class_list":{"0":"post-1386","1":"product","2":"type-product","3":"status-publish","4":"has-post-thumbnail","6":"product_cat-2-in-1-elevator-door-detector","7":"product_cat-products","9":"first","10":"instock","11":"shipping-taxable","12":"product-type-simple"},"jetpack_sharing_enabled":true,"_links":{"self":[{"href":"https:\/\/elevatorlightcurtains.com\/fr\/wp-json\/wp\/v2\/product\/1386","targetHints":{"allow":["GET"]}}],"collection":[{"href":"https:\/\/elevatorlightcurtains.com\/fr\/wp-json\/wp\/v2\/product"}],"about":[{"href":"https:\/\/elevatorlightcurtains.com\/fr\/wp-json\/wp\/v2\/types\/product"}],"replies":[{"embeddable":true,"href":"https:\/\/elevatorlightcurtains.com\/fr\/wp-json\/wp\/v2\/comments?post=1386"}],"wp:featuredmedia":[{"embeddable":true,"href":"https:\/\/elevatorlightcurtains.com\/fr\/wp-json\/wp\/v2\/media\/1341"}],"wp:attachment":[{"href":"https:\/\/elevatorlightcurtains.com\/fr\/wp-json\/wp\/v2\/media?parent=1386"}],"wp:term":[{"taxonomy":"product_cat","embeddable":true,"href":"https:\/\/elevatorlightcurtains.com\/fr\/wp-json\/wp\/v2\/product_cat?post=1386"},{"taxonomy":"product_tag","embeddable":true,"href":"https:\/\/elevatorlightcurtains.com\/fr\/wp-json\/wp\/v2\/product_tag?post=1386"}],"curies":[{"name":"wp","href":"https:\/\/api.w.org\/{rel}","templated":true}]}}