{"id":1385,"date":"2024-04-12T06:43:06","date_gmt":"2024-04-12T06:43:06","guid":{"rendered":"https:\/\/elevatorlightcurtains.com\/?post_type=product&#038;p=1385"},"modified":"2025-01-01T07:07:38","modified_gmt":"2025-01-01T07:07:38","slug":"toshiba-type-2-in-1-sensor-weco-957f","status":"publish","type":"product","link":"https:\/\/elevatorlightcurtains.com\/fr\/produit\/toshiba-type-2-in-1-sensor-weco-957f\/","title":{"rendered":"Toshiba type 2 en 1 capteur WECO-957F"},"content":{"rendered":"<p>Toshiba type 2 en 1 barri\u00e8res optiques de s\u00e9curit\u00e9 pour ascenseurs<\/p>\n<p><img data-recalc-dims=\"1\" fetchpriority=\"high\" decoding=\"async\" class=\"alignnone wp-image-1360 size-full\" src=\"https:\/\/i0.wp.com\/elevatorlightcurtains.com\/wp-content\/uploads\/2024\/04\/WECO-957F-scaled.jpg?resize=800%2C2258&#038;ssl=1\" alt=\"\" width=\"800\" height=\"2258\" srcset=\"https:\/\/i0.wp.com\/elevatorlightcurtains.com\/wp-content\/uploads\/2024\/04\/WECO-957F-scaled.jpg?w=907&amp;ssl=1 907w, https:\/\/i0.wp.com\/elevatorlightcurtains.com\/wp-content\/uploads\/2024\/04\/WECO-957F-scaled.jpg?resize=106%2C300&amp;ssl=1 106w, https:\/\/i0.wp.com\/elevatorlightcurtains.com\/wp-content\/uploads\/2024\/04\/WECO-957F-scaled.jpg?resize=363%2C1024&amp;ssl=1 363w, https:\/\/i0.wp.com\/elevatorlightcurtains.com\/wp-content\/uploads\/2024\/04\/WECO-957F-scaled.jpg?resize=768%2C2168&amp;ssl=1 768w, https:\/\/i0.wp.com\/elevatorlightcurtains.com\/wp-content\/uploads\/2024\/04\/WECO-957F-scaled.jpg?resize=544%2C1536&amp;ssl=1 544w, https:\/\/i0.wp.com\/elevatorlightcurtains.com\/wp-content\/uploads\/2024\/04\/WECO-957F-scaled.jpg?resize=726%2C2048&amp;ssl=1 726w, https:\/\/i0.wp.com\/elevatorlightcurtains.com\/wp-content\/uploads\/2024\/04\/WECO-957F-scaled.jpg?resize=600%2C1694&amp;ssl=1 600w\" sizes=\"(max-width: 800px) 100vw, 800px\" \/><\/p>\n<p>Le capteur 2 en 1 WECO-957F est un produit r\u00e9volutionnaire qui va red\u00e9finir les normes de s\u00fbret\u00e9 et de s\u00e9curit\u00e9 de votre maison ou de votre entreprise. Ce capteur innovant n'est pas un simple appareil, c'est une solution compl\u00e8te qui combine deux fonctions essentielles en une seule unit\u00e9 compacte et facile \u00e0 utiliser.<\/p>\n<p>Le d\u00e9tecteur 2 en 1 WECO-957F est con\u00e7u pour offrir une double protection gr\u00e2ce \u00e0 ses faisceaux multi-infrarouges, qui peuvent parfaitement remplacer nos bords de s\u00e9curit\u00e9 traditionnels. Cette caract\u00e9ristique garantit que vos locaux sont toujours s\u00e9curis\u00e9s, vous donnant la tranquillit\u00e9 d'esprit de savoir que votre propri\u00e9t\u00e9 est bien prot\u00e9g\u00e9e. La technologie avanc\u00e9e du capteur lui permet de d\u00e9tecter tout mouvement ou toute intrusion et de vous alerter imm\u00e9diatement pour que vous puissiez agir rapidement.<\/p>\n<p>Mais qu'est-ce qui diff\u00e9rencie le capteur 2 en 1 WECO-957F des autres capteurs du march\u00e9 ? C'est l'inclusion d'un d\u00e9tecteur de porte. Le capteur de porte WECO-957F fait partie int\u00e9grante de l'appareil et offre un niveau de s\u00e9curit\u00e9 suppl\u00e9mentaire. Cette fonction fonctionne de mani\u00e8re transparente avec les faisceaux multi-infrarouges pour offrir une couverture et une protection compl\u00e8tes.<\/p>\n<p>De plus, le capteur 2 en 1 WECO-957F propose des mod\u00e8les \u00e0 ouverture centrale et \u00e0 ouverture lat\u00e9rale. Ces mod\u00e8les offrent flexibilit\u00e9 et commodit\u00e9, vous permettant de personnaliser le fonctionnement de votre d\u00e9tecteur en fonction de vos besoins et pr\u00e9f\u00e9rences sp\u00e9cifiques.<\/p>\n<p>Le capteur 2 en 1 WECO-957F n'est pas seulement fonctionnel, il est aussi facile \u00e0 utiliser. Il a \u00e9t\u00e9 con\u00e7u dans un souci de convivialit\u00e9, afin que vous puissiez l'installer et le faire fonctionner sans aucune connaissance technique. De plus, son design \u00e9l\u00e9gant lui permet de se fondre dans n'importe quel d\u00e9cor.<\/p>\n<p>En conclusion, le capteur 2 en 1 WECO-957F est plus qu'un simple capteur, c'est un partenaire fiable qui garantit votre s\u00e9curit\u00e9. Avec sa double protection, son d\u00e9tecteur de porte et ses modes d'ouverture flexibles, il offre une solution compl\u00e8te qui r\u00e9pond et d\u00e9passe vos besoins en mati\u00e8re de s\u00e9curit\u00e9. Choisissez le WECO-957F 2 in 1 Sensor d\u00e8s aujourd'hui et profitez de la tranquillit\u00e9 d'esprit que procure le fait de savoir que votre propri\u00e9t\u00e9 est bien prot\u00e9g\u00e9e.<\/p>","protected":false},"excerpt":{"rendered":"<ul>\n<li>\n<h5>S\u00e9rie F : Le mod\u00e8le deux en un de Toshiba est une combinaison de bords sensibles traditionnels et de faisceaux infrarouges multiples.<\/h5>\n<\/li>\n<li>\n<h5>154 faisceaux 32 diodes<\/h5>\n<\/li>\n<li>\n<h5>Tension : AC220V, AC110V, DC24V<\/h5>\n<\/li>\n<li>\n<h5>Hauteur standard de 2100 mm<\/h5>\n<\/li>\n<li>\n<h5>Port\u00e9e de d\u00e9tection de 4000 mm<\/h5>\n<\/li>\n<li>\n<h5>IP54<\/h5>\n<\/li>\n<li>\n<h5>EN81-70<\/h5>\n<\/li>\n<li>\n<h5>Emballage individuel des tubes, cinq tubes par paquet.<\/h5>\n<\/li>\n<li>\n<h5>Veuillez acheter des supports m\u00e9caniques assortis pour l'installation.<\/h5>\n<\/li>\n<\/ul>","protected":false},"featured_media":1340,"comment_status":"open","ping_status":"closed","template":"","meta":[],"product_cat":[44,49],"product_tag":[],"class_list":{"0":"post-1385","1":"product","2":"type-product","3":"status-publish","4":"has-post-thumbnail","6":"product_cat-2-in-1-elevator-door-detector","7":"product_cat-products","9":"first","10":"instock","11":"shipping-taxable","12":"product-type-simple"},"jetpack_sharing_enabled":true,"_links":{"self":[{"href":"https:\/\/elevatorlightcurtains.com\/fr\/wp-json\/wp\/v2\/product\/1385","targetHints":{"allow":["GET"]}}],"collection":[{"href":"https:\/\/elevatorlightcurtains.com\/fr\/wp-json\/wp\/v2\/product"}],"about":[{"href":"https:\/\/elevatorlightcurtains.com\/fr\/wp-json\/wp\/v2\/types\/product"}],"replies":[{"embeddable":true,"href":"https:\/\/elevatorlightcurtains.com\/fr\/wp-json\/wp\/v2\/comments?post=1385"}],"wp:featuredmedia":[{"embeddable":true,"href":"https:\/\/elevatorlightcurtains.com\/fr\/wp-json\/wp\/v2\/media\/1340"}],"wp:attachment":[{"href":"https:\/\/elevatorlightcurtains.com\/fr\/wp-json\/wp\/v2\/media?parent=1385"}],"wp:term":[{"taxonomy":"product_cat","embeddable":true,"href":"https:\/\/elevatorlightcurtains.com\/fr\/wp-json\/wp\/v2\/product_cat?post=1385"},{"taxonomy":"product_tag","embeddable":true,"href":"https:\/\/elevatorlightcurtains.com\/fr\/wp-json\/wp\/v2\/product_tag?post=1385"}],"curies":[{"name":"wp","href":"https:\/\/api.w.org\/{rel}","templated":true}]}}