{"id":1383,"date":"2024-04-08T08:04:21","date_gmt":"2024-04-08T08:04:21","guid":{"rendered":"https:\/\/elevatorlightcurtains.com\/?post_type=product&#038;p=1383"},"modified":"2025-01-01T07:07:53","modified_gmt":"2025-01-01T07:07:53","slug":"safety-door-detector-weco-957e","status":"publish","type":"product","link":"https:\/\/elevatorlightcurtains.com\/fr\/produit\/safety-door-detector-weco-957e\/","title":{"rendered":"D\u00e9tecteur de porte de s\u00e9curit\u00e9 WECO-957E"},"content":{"rendered":"<p>D\u00e9tecteur de porte d'ascenseur de s\u00e9curit\u00e9 Rideau d'ascenseur int\u00e9gr\u00e9 avec bords sensibles WECO-957E71-AC220<\/p>\n<p><img data-recalc-dims=\"1\" fetchpriority=\"high\" decoding=\"async\" class=\"alignnone wp-image-1359 size-full\" src=\"https:\/\/i0.wp.com\/elevatorlightcurtains.com\/wp-content\/uploads\/2024\/04\/WECO-957E-scaled.jpg?resize=800%2C2224&#038;ssl=1\" alt=\"WECO-957E\" width=\"800\" height=\"2224\" srcset=\"https:\/\/i0.wp.com\/elevatorlightcurtains.com\/wp-content\/uploads\/2024\/04\/WECO-957E-scaled.jpg?w=921&amp;ssl=1 921w, https:\/\/i0.wp.com\/elevatorlightcurtains.com\/wp-content\/uploads\/2024\/04\/WECO-957E-scaled.jpg?resize=108%2C300&amp;ssl=1 108w, https:\/\/i0.wp.com\/elevatorlightcurtains.com\/wp-content\/uploads\/2024\/04\/WECO-957E-scaled.jpg?resize=768%2C2134&amp;ssl=1 768w, https:\/\/i0.wp.com\/elevatorlightcurtains.com\/wp-content\/uploads\/2024\/04\/WECO-957E-scaled.jpg?resize=553%2C1536&amp;ssl=1 553w, https:\/\/i0.wp.com\/elevatorlightcurtains.com\/wp-content\/uploads\/2024\/04\/WECO-957E-scaled.jpg?resize=737%2C2048&amp;ssl=1 737w, https:\/\/i0.wp.com\/elevatorlightcurtains.com\/wp-content\/uploads\/2024\/04\/WECO-957E-scaled.jpg?resize=600%2C1667&amp;ssl=1 600w\" sizes=\"(max-width: 800px) 100vw, 800px\" \/><\/p>\n<p>&nbsp;<\/p>\n<p>Le d\u00e9tecteur de porte de s\u00e9curit\u00e9 WECO-957E est une solution de s\u00e9curit\u00e9 de pointe con\u00e7ue pour r\u00e9volutionner vos normes de s\u00e9curit\u00e9. Ce produit innovant t\u00e9moigne de notre engagement \u00e0 fournir des solutions de s\u00e9curit\u00e9 de premier ordre qui associent de mani\u00e8re transparente une technologie avanc\u00e9e \u00e0 une fonctionnalit\u00e9 pratique.<\/p>\n<p>Le d\u00e9tecteur de porte de s\u00e9curit\u00e9 WECO-957E est ing\u00e9nieusement con\u00e7u pour fonctionner avec des liens m\u00e9caniques, offrant un niveau de s\u00e9curit\u00e9 et de fiabilit\u00e9 in\u00e9gal\u00e9. Cette caract\u00e9ristique garantit que le d\u00e9tecteur est non seulement robuste et durable, mais aussi capable de r\u00e9sister aux rigueurs d'une utilisation quotidienne, ce qui en fait un choix id\u00e9al pour les applications r\u00e9sidentielles et commerciales.<\/p>\n<p>L'une des principales caract\u00e9ristiques du d\u00e9tecteur de portes de s\u00e9curit\u00e9 WECO-957E est sa capacit\u00e9 \u00e0 remplacer parfaitement les bords sensibles traditionnels. Ce r\u00e9sultat est obtenu gr\u00e2ce \u00e0 l'int\u00e9gration de plusieurs faisceaux infrarouges, qui offrent une plage de d\u00e9tection \u00e9tendue et une pr\u00e9cision sup\u00e9rieure. L'utilisation de la technologie infrarouge permet au d\u00e9tecteur d'identifier avec pr\u00e9cision toute menace ou obstruction potentielle, r\u00e9duisant ainsi consid\u00e9rablement le risque d'accident ou d'acc\u00e8s non autoris\u00e9.<\/p>\n<p>Le WECO-957E n'est pas seulement une question de s\u00e9curit\u00e9, c'est une question de s\u00e9curit\u00e9 intelligente. Les multiples faisceaux infrarouges sont con\u00e7us pour d\u00e9tecter les moindres variations de mouvement ou de pr\u00e9sence, afin que rien ne passe inaper\u00e7u. Ce niveau \u00e9lev\u00e9 de sensibilit\u00e9, combin\u00e9 \u00e0 une port\u00e9e de d\u00e9tection impressionnante, fait du WECO-957E l'un des d\u00e9tecteurs de porte de s\u00e9curit\u00e9 les plus fiables sur le march\u00e9 aujourd'hui.<\/p>\n<p>De plus, ce produit a \u00e9t\u00e9 m\u00e9ticuleusement con\u00e7u pour \u00eatre facile \u00e0 utiliser. Son processus d'installation est simple et sans probl\u00e8me, et ne n\u00e9cessite qu'une expertise technique minimale. Une fois install\u00e9, il ne n\u00e9cessite que peu ou pas d'entretien, ce qui en fait une solution rentable pour une utilisation \u00e0 long terme.<\/p>\n<p>En termes d'esth\u00e9tique, le d\u00e9tecteur de porte de s\u00e9curit\u00e9 WECO-957E pr\u00e9sente un design \u00e9l\u00e9gant et moderne qui s'harmonise avec tous les styles architecturaux. Sa taille compacte garantit qu'il n'interf\u00e8re pas avec la fonctionnalit\u00e9 ou l'apparence de votre porte, tout en offrant une s\u00e9curit\u00e9 maximale.<\/p>\n<p>En conclusion, le d\u00e9tecteur de porte de s\u00e9curit\u00e9 WECO-957E repr\u00e9sente une avanc\u00e9e significative dans la technologie de la s\u00e9curit\u00e9. Son int\u00e9gration de liens m\u00e9caniques et de faisceaux infrarouges multiples offre un niveau de s\u00e9curit\u00e9 in\u00e9gal\u00e9 par les dispositifs de s\u00e9curit\u00e9 traditionnels. Que vous cherchiez \u00e0 renforcer la s\u00e9curit\u00e9 de votre maison ou de votre entreprise, le WECO-957E est une solution fiable, efficace et rentable \u00e0 laquelle vous pouvez faire confiance. Faites l'exp\u00e9rience de la tranquillit\u00e9 d'esprit que procure le fait de savoir que vos locaux sont prot\u00e9g\u00e9s par l'un des meilleurs d\u00e9tecteurs de porte de s\u00e9curit\u00e9 disponibles sur le march\u00e9 aujourd'hui.<\/p>","protected":false},"excerpt":{"rendered":"<h5><\/h5>\n<ul>\n<li>\n<h5>S\u00e9rie E : rideau de lumi\u00e8re 2 en 1, int\u00e9gr\u00e9 avec des bords de s\u00e9curit\u00e9, install\u00e9 avec des supports m\u00e9caniques, la zone de la porte peut obtenir une double s\u00e9curit\u00e9.<\/h5>\n<\/li>\n<li>\n<h5>Faisceaux 94\/154\/174\/194\/234 \u00e0 partir de diodes 17\/32\/36\/40\/48<\/h5>\n<\/li>\n<li>\n<h5>Tension : AC220V, AC110V<\/h5>\n<\/li>\n<li>\n<h5>Hauteur standard de 2000 mm<\/h5>\n<\/li>\n<li>\n<h5>Port\u00e9e de d\u00e9tection de 4000 mm<\/h5>\n<\/li>\n<li>\n<h5>IP54<\/h5>\n<\/li>\n<li>\n<h5>EN81-70, EN81-20 (les mod\u00e8les comportant au moins 36 jeux de diodes sont conformes \u00e0 la norme EN81-20\uff09)<\/h5>\n<\/li>\n<li>\n<h5>Emballage individuel des tubes, cinq tubes par paquet.<\/h5>\n<\/li>\n<li>\n<h5>Veuillez acheter des supports m\u00e9caniques assortis pour l'installation.<\/h5>\n<\/li>\n<li>\n<h5>Immunis\u00e9 contre la lumi\u00e8re du soleil.<\/h5>\n<\/li>\n<\/ul>","protected":false},"featured_media":1339,"comment_status":"open","ping_status":"closed","template":"","meta":[],"product_cat":[44,49],"product_tag":[],"class_list":{"0":"post-1383","1":"product","2":"type-product","3":"status-publish","4":"has-post-thumbnail","6":"product_cat-2-in-1-elevator-door-detector","7":"product_cat-products","9":"first","10":"instock","11":"shipping-taxable","12":"product-type-simple"},"jetpack_sharing_enabled":true,"_links":{"self":[{"href":"https:\/\/elevatorlightcurtains.com\/fr\/wp-json\/wp\/v2\/product\/1383","targetHints":{"allow":["GET"]}}],"collection":[{"href":"https:\/\/elevatorlightcurtains.com\/fr\/wp-json\/wp\/v2\/product"}],"about":[{"href":"https:\/\/elevatorlightcurtains.com\/fr\/wp-json\/wp\/v2\/types\/product"}],"replies":[{"embeddable":true,"href":"https:\/\/elevatorlightcurtains.com\/fr\/wp-json\/wp\/v2\/comments?post=1383"}],"wp:featuredmedia":[{"embeddable":true,"href":"https:\/\/elevatorlightcurtains.com\/fr\/wp-json\/wp\/v2\/media\/1339"}],"wp:attachment":[{"href":"https:\/\/elevatorlightcurtains.com\/fr\/wp-json\/wp\/v2\/media?parent=1383"}],"wp:term":[{"taxonomy":"product_cat","embeddable":true,"href":"https:\/\/elevatorlightcurtains.com\/fr\/wp-json\/wp\/v2\/product_cat?post=1383"},{"taxonomy":"product_tag","embeddable":true,"href":"https:\/\/elevatorlightcurtains.com\/fr\/wp-json\/wp\/v2\/product_tag?post=1383"}],"curies":[{"name":"wp","href":"https:\/\/api.w.org\/{rel}","templated":true}]}}