{"id":1382,"date":"2024-04-08T07:37:34","date_gmt":"2024-04-08T07:37:34","guid":{"rendered":"https:\/\/elevatorlightcurtains.com\/?post_type=product&#038;p=1382"},"modified":"2025-01-01T07:22:29","modified_gmt":"2025-01-01T07:22:29","slug":"infra-red-ir-curtain-weco-957c","status":"publish","type":"product","link":"https:\/\/elevatorlightcurtains.com\/fr\/produit\/infra-red-ir-curtain-weco-957c\/","title":{"rendered":"Rideau infrarouge (IR) WECO-957C"},"content":{"rendered":"<p>1800mm ascenseur hauteur porte rideau lumineux capteur photo\u00e9lectrique pour passager WECO-957C61-AC220-1800mm<\/p>\n<p><img data-recalc-dims=\"1\" fetchpriority=\"high\" decoding=\"async\" class=\"alignnone wp-image-1358 size-full\" src=\"https:\/\/i0.wp.com\/elevatorlightcurtains.com\/wp-content\/uploads\/2024\/04\/WECO-957C-scaled.jpg?resize=800%2C2224&#038;ssl=1\" alt=\"WECO-957C\" width=\"800\" height=\"2224\" srcset=\"https:\/\/i0.wp.com\/elevatorlightcurtains.com\/wp-content\/uploads\/2024\/04\/WECO-957C-scaled.jpg?w=921&amp;ssl=1 921w, https:\/\/i0.wp.com\/elevatorlightcurtains.com\/wp-content\/uploads\/2024\/04\/WECO-957C-scaled.jpg?resize=108%2C300&amp;ssl=1 108w, https:\/\/i0.wp.com\/elevatorlightcurtains.com\/wp-content\/uploads\/2024\/04\/WECO-957C-scaled.jpg?resize=768%2C2134&amp;ssl=1 768w, https:\/\/i0.wp.com\/elevatorlightcurtains.com\/wp-content\/uploads\/2024\/04\/WECO-957C-scaled.jpg?resize=553%2C1536&amp;ssl=1 553w, https:\/\/i0.wp.com\/elevatorlightcurtains.com\/wp-content\/uploads\/2024\/04\/WECO-957C-scaled.jpg?resize=737%2C2048&amp;ssl=1 737w, https:\/\/i0.wp.com\/elevatorlightcurtains.com\/wp-content\/uploads\/2024\/04\/WECO-957C-scaled.jpg?resize=600%2C1667&amp;ssl=1 600w\" sizes=\"(max-width: 800px) 100vw, 800px\" \/><\/p>\n<p>&nbsp;<\/p>\n<p>WECO pr\u00e9sente le rideau infrarouge WECO-957C, un produit r\u00e9volutionnaire qui red\u00e9finit les normes de s\u00e9curit\u00e9 et d'efficacit\u00e9 dans le domaine de la technologie des d\u00e9tecteurs de porte. Ce produit est m\u00e9ticuleusement con\u00e7u pour r\u00e9pondre aux besoins des espaces commerciaux et r\u00e9sidentiels, offrant un niveau in\u00e9gal\u00e9 de s\u00e9curit\u00e9 et de commodit\u00e9.<\/p>\n<p>Le WECO-957C est un rideau infrarouge qui fonctionne sur la base d'une technologie IR avanc\u00e9e, offrant un syst\u00e8me de d\u00e9tection transparent et fiable. Il est con\u00e7u pour cr\u00e9er un rideau de protection invisible qui assure la s\u00e9curit\u00e9 des personnes qui franchissent les portes, en particulier les portes automatiques. Ce produit innovant t\u00e9moigne de l'engagement de WECO \u00e0 fournir des solutions de s\u00e9curit\u00e9 de premier ordre.<\/p>\n<p>L'une des caract\u00e9ristiques principales du WECO-957C est sa conception robuste. Il est fabriqu\u00e9 avec des mat\u00e9riaux de haute qualit\u00e9 qui garantissent sa durabilit\u00e9 et sa long\u00e9vit\u00e9. Son design \u00e9pur\u00e9 ne se contente pas de rehausser son attrait esth\u00e9tique, il facilite \u00e9galement l'installation et l'entretien de l'appareil. C'est un m\u00e9lange parfait de forme et de fonction, con\u00e7u pour s'int\u00e9grer parfaitement dans n'importe quel style architectural sans compromettre ses performances.<\/p>\n<p>Le rideau IR WECO-957C est \u00e9quip\u00e9 de 32 paires de diodes qui produisent une grille dense de faisceaux infrarouges \u00e0 travers l'ouverture de la porte. Cette grille dense garantit que m\u00eame les plus petits objets sont d\u00e9tect\u00e9s, ce qui permet d'\u00e9viter les accidents et d'assurer un fonctionnement sans heurts. Le syst\u00e8me de d\u00e9tection est \u00e0 la fois tr\u00e8s sensible et perspicace, ce qui r\u00e9duit les fausses d\u00e9tections tout en garantissant un fonctionnement optimal.<\/p>\n<p>Ce produit est \u00e9galement dot\u00e9 d'un temps d'interruption du faisceau r\u00e9glable, ce qui vous permet de personnaliser son fonctionnement en fonction de vos besoins sp\u00e9cifiques. Que vous ayez besoin d'un temps de r\u00e9ponse rapide pour les zones tr\u00e8s fr\u00e9quent\u00e9es ou que vous pr\u00e9f\u00e9riez des r\u00e9glages plus lents pour une d\u00e9tection plus pr\u00e9cise, le WECO-957C peut \u00eatre adapt\u00e9 \u00e0 vos besoins.<\/p>\n<p>En termes de compatibilit\u00e9, le WECO-957C est con\u00e7u pour fonctionner avec un large \u00e9ventail de types de portes, y compris les portes coulissantes, les portes battantes, les portes tournantes, etc. Sa polyvalence en fait un choix id\u00e9al pour divers environnements, des \u00e9tablissements commerciaux tels que les centres commerciaux et les immeubles de bureaux aux propri\u00e9t\u00e9s r\u00e9sidentielles.<\/p>\n<p>En conclusion, le rideau infrarouge WECO-957C est plus qu'un simple d\u00e9tecteur de porte. Il s'agit d'une solution de s\u00e9curit\u00e9 compl\u00e8te qui combine une technologie avanc\u00e9e, un design robuste et des fonctions personnalisables pour offrir un niveau de protection in\u00e9gal\u00e9. Gr\u00e2ce \u00e0 sa facilit\u00e9 d'installation et de maintenance, il offre une exp\u00e9rience sans tracas tout en am\u00e9liorant la s\u00e9curit\u00e9 et l'efficacit\u00e9 de votre espace. Faites confiance au WECO-957C pour vous offrir des performances sup\u00e9rieures et la tranquillit\u00e9 d'esprit.<\/p>","protected":false},"excerpt":{"rendered":"<h5><\/h5>\n<ul>\n<li>\n<h5>Faisceaux 94\/154\/174\/194\/234 \u00e0 partir de diodes 17\/32\/36\/40\/48<\/h5>\n<\/li>\n<li>\n<h5>Voltage : AC220V<\/h5>\n<\/li>\n<li>\n<h5>Hauteur standard de 2000 mm<\/h5>\n<\/li>\n<li>\n<h5>Port\u00e9e de d\u00e9tection de 4000 mm<\/h5>\n<\/li>\n<li>\n<h5>IP54<\/h5>\n<\/li>\n<li>\n<h5>EN81-70, EN81-20 (les mod\u00e8les comportant au moins 36 jeux de diodes sont conformes \u00e0 la norme EN81-20\uff09)<\/h5>\n<\/li>\n<li>\n<h5>Emballage individuel des tubes, cinq tubes par paquet.<\/h5>\n<\/li>\n<li>\n<h5>Des hauteurs et des longueurs de c\u00e2bles sp\u00e9ciales peuvent \u00eatre fabriqu\u00e9es sur mesure.<\/h5>\n<\/li>\n<li>\n<h5>Immunis\u00e9 contre la lumi\u00e8re du soleil.<\/h5>\n<\/li>\n<\/ul>","protected":false},"featured_media":1338,"comment_status":"open","ping_status":"closed","template":"","meta":[],"product_cat":[36,49],"product_tag":[],"class_list":{"0":"post-1382","1":"product","2":"type-product","3":"status-publish","4":"has-post-thumbnail","6":"product_cat-universal-elevator-beam-sensor","7":"product_cat-products","9":"first","10":"instock","11":"shipping-taxable","12":"product-type-simple"},"jetpack_sharing_enabled":true,"_links":{"self":[{"href":"https:\/\/elevatorlightcurtains.com\/fr\/wp-json\/wp\/v2\/product\/1382","targetHints":{"allow":["GET"]}}],"collection":[{"href":"https:\/\/elevatorlightcurtains.com\/fr\/wp-json\/wp\/v2\/product"}],"about":[{"href":"https:\/\/elevatorlightcurtains.com\/fr\/wp-json\/wp\/v2\/types\/product"}],"replies":[{"embeddable":true,"href":"https:\/\/elevatorlightcurtains.com\/fr\/wp-json\/wp\/v2\/comments?post=1382"}],"wp:featuredmedia":[{"embeddable":true,"href":"https:\/\/elevatorlightcurtains.com\/fr\/wp-json\/wp\/v2\/media\/1338"}],"wp:attachment":[{"href":"https:\/\/elevatorlightcurtains.com\/fr\/wp-json\/wp\/v2\/media?parent=1382"}],"wp:term":[{"taxonomy":"product_cat","embeddable":true,"href":"https:\/\/elevatorlightcurtains.com\/fr\/wp-json\/wp\/v2\/product_cat?post=1382"},{"taxonomy":"product_tag","embeddable":true,"href":"https:\/\/elevatorlightcurtains.com\/fr\/wp-json\/wp\/v2\/product_tag?post=1382"}],"curies":[{"name":"wp","href":"https:\/\/api.w.org\/{rel}","templated":true}]}}