{"id":1380,"date":"2024-04-08T07:16:00","date_gmt":"2024-04-08T07:16:00","guid":{"rendered":"https:\/\/elevatorlightcurtains.com\/?post_type=product&#038;p=1380"},"modified":"2025-01-01T07:22:42","modified_gmt":"2025-01-01T07:22:42","slug":"door-detection-systems-weco-957b","status":"publish","type":"product","link":"https:\/\/elevatorlightcurtains.com\/fr\/produit\/door-detection-systems-weco-957b\/","title":{"rendered":"syst\u00e8mes de d\u00e9tection de porte WECO-957B"},"content":{"rendered":"<p>2m elevator door height 36diodes in curtains weco supply co door detection systems<\/p>\n<p><img data-recalc-dims=\"1\" fetchpriority=\"high\" decoding=\"async\" class=\"alignnone wp-image-1357 size-full\" src=\"https:\/\/i0.wp.com\/elevatorlightcurtains.com\/wp-content\/uploads\/2024\/04\/WECO-957B-scaled.jpg?resize=800%2C2224&#038;ssl=1\" alt=\"\" width=\"800\" height=\"2224\" srcset=\"https:\/\/i0.wp.com\/elevatorlightcurtains.com\/wp-content\/uploads\/2024\/04\/WECO-957B-scaled.jpg?w=921&amp;ssl=1 921w, https:\/\/i0.wp.com\/elevatorlightcurtains.com\/wp-content\/uploads\/2024\/04\/WECO-957B-scaled.jpg?resize=108%2C300&amp;ssl=1 108w, https:\/\/i0.wp.com\/elevatorlightcurtains.com\/wp-content\/uploads\/2024\/04\/WECO-957B-scaled.jpg?resize=768%2C2134&amp;ssl=1 768w, https:\/\/i0.wp.com\/elevatorlightcurtains.com\/wp-content\/uploads\/2024\/04\/WECO-957B-scaled.jpg?resize=553%2C1536&amp;ssl=1 553w, https:\/\/i0.wp.com\/elevatorlightcurtains.com\/wp-content\/uploads\/2024\/04\/WECO-957B-scaled.jpg?resize=737%2C2048&amp;ssl=1 737w, https:\/\/i0.wp.com\/elevatorlightcurtains.com\/wp-content\/uploads\/2024\/04\/WECO-957B-scaled.jpg?resize=600%2C1667&amp;ssl=1 600w\" sizes=\"(max-width: 800px) 100vw, 800px\" \/><\/p>\n<p>&nbsp;<\/p>\n<p>Pr\u00e9sentation du syst\u00e8me de d\u00e9tection de porte WECO-957B : Une r\u00e9volution en mati\u00e8re de s\u00e9curit\u00e9 et de confort.<\/p>\n<p>Dans le domaine de la s\u00e9curit\u00e9 et de la commodit\u00e9, le syst\u00e8me de d\u00e9tection de porte WECO-957B est un mod\u00e8le d'innovation, de fiabilit\u00e9 et de sophistication. Ce syst\u00e8me de pointe est m\u00e9ticuleusement con\u00e7u pour offrir un niveau de s\u00e9curit\u00e9 in\u00e9gal\u00e9, garantissant la tranquillit\u00e9 d'esprit des propri\u00e9taires et des entreprises.<\/p>\n<p>Le syst\u00e8me de d\u00e9tection de porte WECO-957B n'est pas seulement un produit, c'est une solution compl\u00e8te qui s'int\u00e8gre parfaitement dans votre vie quotidienne, offrant un niveau de protection accru sans compromettre la commodit\u00e9. Il t\u00e9moigne de notre engagement \u00e0 cr\u00e9er des produits qui ne sont pas seulement technologiquement avanc\u00e9s mais aussi conviviaux.<\/p>\n<p>Le c\u0153ur du syst\u00e8me de d\u00e9tection de porte WECO-957B est sa technologie de pointe en mati\u00e8re de capteurs. Ces capteurs sont con\u00e7us pour d\u00e9tecter le moindre mouvement ou changement de position de vos portes. Qu'il s'agisse d'un intrus ind\u00e9sirable ou d'un simple coup de vent, ce syst\u00e8me vous alertera rapidement, vous assurant ainsi d'\u00eatre toujours au courant de ce qui se passe dans votre maison ou votre entreprise.<\/p>\n<p>Le syst\u00e8me de d\u00e9tection de porte WECO-957B dispose \u00e9galement d'une port\u00e9e impressionnante, capable de surveiller les portes de grandes propri\u00e9t\u00e9s ou de plusieurs \u00e9tages. Il s'agit donc d'un choix id\u00e9al pour les petites maisons comme pour les grands b\u00e2timents commerciaux. Quelle que soit la taille ou l'agencement de votre propri\u00e9t\u00e9, vous pouvez faire confiance au WECO-957B pour surveiller chaque porte.<\/p>\n<p>La facilit\u00e9 d'installation est une autre caract\u00e9ristique cl\u00e9 du syst\u00e8me de d\u00e9tection de porte WECO-957B. Sa conception sans fil \u00e9limine la n\u00e9cessit\u00e9 d'un c\u00e2blage complexe ou d'une installation professionnelle. Gr\u00e2ce \u00e0 son processus d'installation intuitif, vous pouvez mettre votre syst\u00e8me en service en un rien de temps, assurant ainsi une protection imm\u00e9diate de votre propri\u00e9t\u00e9.<\/p>\n<p>Le syst\u00e8me de d\u00e9tection de porte WECO-957B s'int\u00e8gre \u00e9galement de mani\u00e8re transparente \u00e0 divers syst\u00e8mes domestiques intelligents. Cela signifie que vous pouvez contr\u00f4ler et surveiller votre syst\u00e8me de d\u00e9tection de porte depuis votre smartphone ou votre tablette, o\u00f9 que vous soyez. Recevez des alertes en temps r\u00e9el, surveillez l'activit\u00e9 et r\u00e9glez m\u00eame les param\u00e8tres directement depuis votre appareil. C'est la s\u00e9curit\u00e9 en toute simplicit\u00e9.<\/p>\n<p>En termes de durabilit\u00e9, le syst\u00e8me de d\u00e9tection de porte WECO-957B est fait pour durer. Sa construction robuste lui permet de r\u00e9sister aux rigueurs d'une utilisation quotidienne, tandis que son design \u00e9l\u00e9gant lui permet de s'int\u00e9grer parfaitement dans n'importe quel d\u00e9cor. Il s'agit d'un produit qui non seulement fonctionne bien, mais qui est \u00e9galement tr\u00e8s esth\u00e9tique.<\/p>\n<p>En conclusion, le syst\u00e8me de d\u00e9tection de porte WECO-957B est plus qu'un simple produit de s\u00e9curit\u00e9 ; c'est une solution compl\u00e8te qui offre tranquillit\u00e9 d'esprit, commodit\u00e9 et contr\u00f4le. Il t\u00e9moigne de notre engagement \u00e0 cr\u00e9er des produits qui non seulement r\u00e9pondent aux attentes de nos clients, mais les d\u00e9passent. D\u00e9couvrez la diff\u00e9rence d\u00e8s aujourd'hui avec le syst\u00e8me de d\u00e9tection de porte WECO-957B.<\/p>","protected":false},"excerpt":{"rendered":"<h5><\/h5>\n<ul>\n<li>\n<h5>Faisceaux 94\/154\/174\/194\/234 \u00e0 partir de diodes 17\/32\/36\/40\/48<\/h5>\n<\/li>\n<li>\n<h5>Tension : AC220V, AC110V, DC24V, NPN\/ PNP<\/h5>\n<\/li>\n<li>\n<h5>Hauteur standard de 2000 mm<\/h5>\n<\/li>\n<li>\n<h5>Port\u00e9e de d\u00e9tection de 4000 mm<\/h5>\n<\/li>\n<li>\n<h5>IP54<\/h5>\n<\/li>\n<li>\n<h5>EN81-70, EN81-20 (les mod\u00e8les comportant au moins 36 jeux de diodes sont conformes \u00e0 la norme EN81-20\uff09)<\/h5>\n<\/li>\n<li>\n<h5>Emballage individuel des tubes, cinq tubes par paquet.<\/h5>\n<\/li>\n<li>\n<h5>Des hauteurs et des longueurs de c\u00e2bles sp\u00e9ciales peuvent \u00eatre fabriqu\u00e9es sur mesure.<\/h5>\n<\/li>\n<li>\n<h5>Immunis\u00e9 contre la lumi\u00e8re du soleil.<\/h5>\n<\/li>\n<\/ul>","protected":false},"featured_media":1337,"comment_status":"open","ping_status":"closed","template":"","meta":[],"product_cat":[36,49],"product_tag":[],"class_list":{"0":"post-1380","1":"product","2":"type-product","3":"status-publish","4":"has-post-thumbnail","6":"product_cat-universal-elevator-beam-sensor","7":"product_cat-products","9":"first","10":"instock","11":"shipping-taxable","12":"product-type-simple"},"jetpack_sharing_enabled":true,"_links":{"self":[{"href":"https:\/\/elevatorlightcurtains.com\/fr\/wp-json\/wp\/v2\/product\/1380","targetHints":{"allow":["GET"]}}],"collection":[{"href":"https:\/\/elevatorlightcurtains.com\/fr\/wp-json\/wp\/v2\/product"}],"about":[{"href":"https:\/\/elevatorlightcurtains.com\/fr\/wp-json\/wp\/v2\/types\/product"}],"replies":[{"embeddable":true,"href":"https:\/\/elevatorlightcurtains.com\/fr\/wp-json\/wp\/v2\/comments?post=1380"}],"wp:featuredmedia":[{"embeddable":true,"href":"https:\/\/elevatorlightcurtains.com\/fr\/wp-json\/wp\/v2\/media\/1337"}],"wp:attachment":[{"href":"https:\/\/elevatorlightcurtains.com\/fr\/wp-json\/wp\/v2\/media?parent=1380"}],"wp:term":[{"taxonomy":"product_cat","embeddable":true,"href":"https:\/\/elevatorlightcurtains.com\/fr\/wp-json\/wp\/v2\/product_cat?post=1380"},{"taxonomy":"product_tag","embeddable":true,"href":"https:\/\/elevatorlightcurtains.com\/fr\/wp-json\/wp\/v2\/product_tag?post=1380"}],"curies":[{"name":"wp","href":"https:\/\/api.w.org\/{rel}","templated":true}]}}