{"id":1335,"date":"2024-04-08T06:24:07","date_gmt":"2024-04-08T06:24:07","guid":{"rendered":"https:\/\/elevatorlightcurtains.com\/?post_type=product&#038;p=1335"},"modified":"2025-01-01T07:22:59","modified_gmt":"2025-01-01T07:22:59","slug":"weco-elevator-curtain-weco-957a","status":"publish","type":"product","link":"https:\/\/elevatorlightcurtains.com\/fr\/produit\/weco-elevator-curtain-weco-957a\/","title":{"rendered":"Rideau d'ascenseur WECO WECO-957A"},"content":{"rendered":"<p>Pi\u00e8ces d'ascenseur 110V WECO normal curtain light sensor 174beams WECO-957A51-AC110<\/p>\n<p><img data-recalc-dims=\"1\" fetchpriority=\"high\" decoding=\"async\" class=\"alignnone wp-image-1356 size-full\" src=\"https:\/\/i0.wp.com\/elevatorlightcurtains.com\/wp-content\/uploads\/2024\/04\/957A-scaled.jpg?resize=800%2C2224&#038;ssl=1\" alt=\"957A\" width=\"800\" height=\"2224\" srcset=\"https:\/\/i0.wp.com\/elevatorlightcurtains.com\/wp-content\/uploads\/2024\/04\/957A-scaled.jpg?w=921&amp;ssl=1 921w, https:\/\/i0.wp.com\/elevatorlightcurtains.com\/wp-content\/uploads\/2024\/04\/957A-scaled.jpg?resize=108%2C300&amp;ssl=1 108w, https:\/\/i0.wp.com\/elevatorlightcurtains.com\/wp-content\/uploads\/2024\/04\/957A-scaled.jpg?resize=768%2C2134&amp;ssl=1 768w, https:\/\/i0.wp.com\/elevatorlightcurtains.com\/wp-content\/uploads\/2024\/04\/957A-scaled.jpg?resize=553%2C1536&amp;ssl=1 553w, https:\/\/i0.wp.com\/elevatorlightcurtains.com\/wp-content\/uploads\/2024\/04\/957A-scaled.jpg?resize=737%2C2048&amp;ssl=1 737w, https:\/\/i0.wp.com\/elevatorlightcurtains.com\/wp-content\/uploads\/2024\/04\/957A-scaled.jpg?resize=600%2C1667&amp;ssl=1 600w\" sizes=\"(max-width: 800px) 100vw, 800px\" \/><\/p>\n<p>&nbsp;<\/p>\n<p>Le rideau d'ascenseur WECO-957A est un produit r\u00e9volutionnaire qui red\u00e9finit la s\u00e9curit\u00e9 et la commodit\u00e9 dans le monde du transport vertical. Ce produit n'est pas seulement un accessoire, mais une n\u00e9cessit\u00e9 pour tout syst\u00e8me d'ascenseur moderne.<\/p>\n<p>Le WECO-957A est un rideau lumineux avanc\u00e9 con\u00e7u pour offrir une protection sup\u00e9rieure aux passagers entrant et sortant des ascenseurs. Il s'agit d'un dispositif de s\u00e9curit\u00e9 de pointe qui utilise la technologie infrarouge pour d\u00e9tecter tout objet ou personne se trouvant sur la trajectoire des portes d'ascenseur en cours de fermeture, ce qui permet d'\u00e9viter les accidents et d'assurer le bon fonctionnement de l'appareil.<\/p>\n<p>Le WECO-957A est \u00e9quip\u00e9 de 36 paires de diodes, strat\u00e9giquement plac\u00e9es pour cr\u00e9er un filet de s\u00e9curit\u00e9 dense et invisible. Ce r\u00e9seau complexe de faisceaux couvre l'ensemble du passage de la porte, de haut en bas, assurant ainsi une protection compl\u00e8te. D\u00e8s qu'un obstacle est d\u00e9tect\u00e9, le syst\u00e8me envoie un signal imm\u00e9diat pour arr\u00eater la fermeture des portes, \u00e9vitant ainsi des blessures ou des dommages potentiels.<\/p>\n<p>Mais qu'est-ce qui distingue le WECO-957A des autres rideaux d'ascenseur sur le march\u00e9 ? Tout est dans les d\u00e9tails. Ce produit est dot\u00e9 d'une vitesse de d\u00e9tection impressionnante, r\u00e9agissant en quelques millisecondes pour garantir des temps de r\u00e9ponse rapides. Il dispose \u00e9galement d'une large plage de d\u00e9tection, capable de d\u00e9tecter des objets d'un diam\u00e8tre aussi petit que 50 mm.<\/p>\n<p>Le WECO-957A n'est pas seulement une question de s\u00e9curit\u00e9, c'est aussi une question de commodit\u00e9 et de facilit\u00e9 d'utilisation. Le syst\u00e8me est con\u00e7u pour s'int\u00e9grer parfaitement \u00e0 la plupart des mod\u00e8les d'ascenseurs et ne n\u00e9cessite qu'un minimum d'entretien. Son design fin lui permet de ne pas interf\u00e9rer avec l'esth\u00e9tique de votre ascenseur, tandis que sa construction robuste garantit des performances durables.<\/p>\n<p>En outre, ce produit est conforme \u00e0 toutes les normes et r\u00e9glementations internationales en mati\u00e8re de s\u00e9curit\u00e9. Il a \u00e9t\u00e9 rigoureusement test\u00e9 dans diverses conditions afin de garantir sa fiabilit\u00e9 et son efficacit\u00e9. Le WECO-957A est accompagn\u00e9 d'un certificat CE qui atteste de sa conformit\u00e9 aux normes de s\u00e9curit\u00e9 europ\u00e9ennes.<\/p>\n<p>En termes d'installation, le WECO-957A offre flexibilit\u00e9 et simplicit\u00e9. Il peut \u00eatre facilement install\u00e9 \u00e0 la fois sur la porte de la voiture et sur la porte pali\u00e8re. Le syst\u00e8me est accompagn\u00e9 d'un guide d'installation complet, qui fournit des instructions claires pour une installation sans probl\u00e8me.<\/p>\n<p>Le WECO-957A est plus qu'un simple dispositif de s\u00e9curit\u00e9 ; il t\u00e9moigne de l'engagement de WECO en faveur de l'innovation, de la qualit\u00e9 et de la satisfaction des clients. Avec ses caract\u00e9ristiques avanc\u00e9es et ses performances sup\u00e9rieures, ce rideau d'ascenseur est con\u00e7u pour assurer la tranquillit\u00e9 d'esprit des propri\u00e9taires de b\u00e2timents, des op\u00e9rateurs et des passagers.<\/p>\n<p>En conclusion, le rideau d'ascenseur WECO-957A est un compl\u00e9ment essentiel \u00e0 tout syst\u00e8me d'ascenseur. Il combine une technologie de pointe avec un design pratique pour offrir une s\u00e9curit\u00e9 et une commodit\u00e9 in\u00e9gal\u00e9es. Choisissez le WECO-957A pour une exp\u00e9rience d'ascenseur plus s\u00fbre, plus fluide et plus efficace.<\/p>","protected":false},"excerpt":{"rendered":"<h5><\/h5>\n<ul>\n<li>\n<h5>S\u00e9rie A : produit phare, grande polyvalence, adapt\u00e9 \u00e0 la plupart des types d'ascenseurs, le meilleur vendeur.<\/h5>\n<\/li>\n<li>\n<h5>Faisceaux 94\/154\/174\/194\/234 \u00e0 partir de diodes 17\/32\/36\/40\/48<\/h5>\n<\/li>\n<li>\n<h5>Tension : AC220V, AC110V, DC24V, NPN\/ PNP<\/h5>\n<\/li>\n<li>\n<h5>Hauteur standard de 2000 mm<\/h5>\n<\/li>\n<li>\n<h5>Port\u00e9e de d\u00e9tection de 4000 mm<\/h5>\n<\/li>\n<li>\n<h5>IP54<\/h5>\n<\/li>\n<li>\n<h5>EN81-70, EN81-20 (les mod\u00e8les comportant au moins 36 jeux de diodes sont conformes \u00e0 la norme EN81-20\uff09)<\/h5>\n<\/li>\n<li>\n<h5>Emballage individuel des tubes, cinq tubes par paquet.<\/h5>\n<\/li>\n<li>\n<h5>Des hauteurs et des longueurs de c\u00e2bles sp\u00e9ciales peuvent \u00eatre fabriqu\u00e9es sur mesure.<\/h5>\n<\/li>\n<li>\n<h5>Immunis\u00e9 contre la lumi\u00e8re du soleil.<\/h5>\n<\/li>\n<\/ul>","protected":false},"featured_media":1336,"comment_status":"open","ping_status":"closed","template":"","meta":[],"product_cat":[36,49],"product_tag":[],"class_list":{"0":"post-1335","1":"product","2":"type-product","3":"status-publish","4":"has-post-thumbnail","6":"product_cat-universal-elevator-beam-sensor","7":"product_cat-products","9":"first","10":"instock","11":"shipping-taxable","12":"product-type-simple"},"jetpack_sharing_enabled":true,"_links":{"self":[{"href":"https:\/\/elevatorlightcurtains.com\/fr\/wp-json\/wp\/v2\/product\/1335","targetHints":{"allow":["GET"]}}],"collection":[{"href":"https:\/\/elevatorlightcurtains.com\/fr\/wp-json\/wp\/v2\/product"}],"about":[{"href":"https:\/\/elevatorlightcurtains.com\/fr\/wp-json\/wp\/v2\/types\/product"}],"replies":[{"embeddable":true,"href":"https:\/\/elevatorlightcurtains.com\/fr\/wp-json\/wp\/v2\/comments?post=1335"}],"wp:featuredmedia":[{"embeddable":true,"href":"https:\/\/elevatorlightcurtains.com\/fr\/wp-json\/wp\/v2\/media\/1336"}],"wp:attachment":[{"href":"https:\/\/elevatorlightcurtains.com\/fr\/wp-json\/wp\/v2\/media?parent=1335"}],"wp:term":[{"taxonomy":"product_cat","embeddable":true,"href":"https:\/\/elevatorlightcurtains.com\/fr\/wp-json\/wp\/v2\/product_cat?post=1335"},{"taxonomy":"product_tag","embeddable":true,"href":"https:\/\/elevatorlightcurtains.com\/fr\/wp-json\/wp\/v2\/product_tag?post=1335"}],"curies":[{"name":"wp","href":"https:\/\/api.w.org\/{rel}","templated":true}]}}