{"id":1324,"date":"2024-03-27T07:28:59","date_gmt":"2024-03-27T07:28:59","guid":{"rendered":"https:\/\/elevatorlightcurtains.com\/?post_type=product&#038;p=1324"},"modified":"2025-01-01T07:25:12","modified_gmt":"2025-01-01T07:25:12","slug":"lift-door-sensor-weco-917q","status":"publish","type":"product","link":"https:\/\/elevatorlightcurtains.com\/fr\/produit\/lift-door-sensor-weco-917q\/","title":{"rendered":"capteur de porte levante WECO-917Q"},"content":{"rendered":"<p>WECO supply industries elevator nudging br sensor WECO-917Q71-AC220<\/p>\n<p><img data-recalc-dims=\"1\" fetchpriority=\"high\" decoding=\"async\" class=\"alignnone wp-image-1299 size-full\" src=\"https:\/\/i0.wp.com\/elevatorlightcurtains.com\/wp-content\/uploads\/2024\/03\/WECO-917Q-scaled.jpg?resize=800%2C2233&#038;ssl=1\" alt=\"\" width=\"800\" height=\"2233\" srcset=\"https:\/\/i0.wp.com\/elevatorlightcurtains.com\/wp-content\/uploads\/2024\/03\/WECO-917Q-scaled.jpg?w=917&amp;ssl=1 917w, https:\/\/i0.wp.com\/elevatorlightcurtains.com\/wp-content\/uploads\/2024\/03\/WECO-917Q-scaled.jpg?resize=107%2C300&amp;ssl=1 107w, https:\/\/i0.wp.com\/elevatorlightcurtains.com\/wp-content\/uploads\/2024\/03\/WECO-917Q-scaled.jpg?resize=367%2C1024&amp;ssl=1 367w, https:\/\/i0.wp.com\/elevatorlightcurtains.com\/wp-content\/uploads\/2024\/03\/WECO-917Q-scaled.jpg?resize=768%2C2144&amp;ssl=1 768w, https:\/\/i0.wp.com\/elevatorlightcurtains.com\/wp-content\/uploads\/2024\/03\/WECO-917Q-scaled.jpg?resize=550%2C1536&amp;ssl=1 550w, https:\/\/i0.wp.com\/elevatorlightcurtains.com\/wp-content\/uploads\/2024\/03\/WECO-917Q-scaled.jpg?resize=734%2C2048&amp;ssl=1 734w, https:\/\/i0.wp.com\/elevatorlightcurtains.com\/wp-content\/uploads\/2024\/03\/WECO-917Q-scaled.jpg?resize=600%2C1675&amp;ssl=1 600w\" sizes=\"(max-width: 800px) 100vw, 800px\" \/><\/p>\n<p>Le capteur de porte d'ascenseur WECO-917Q est un produit de pointe et de haute performance con\u00e7u pour am\u00e9liorer la s\u00e9curit\u00e9 et l'efficacit\u00e9 des op\u00e9rations d'ascenseur. Ce syst\u00e8me de capteurs avanc\u00e9 est un composant essentiel de toute installation d'ascenseur moderne, offrant un m\u00e9lange homog\u00e8ne de fonctionnalit\u00e9, de fiabilit\u00e9 et de s\u00e9curit\u00e9 pour l'utilisateur.<\/p>\n<p>Le d\u00e9tecteur de porte d'ascenseur WECO-917Q est con\u00e7u avec pr\u00e9cision pour d\u00e9tecter tout obstacle susceptible de g\u00eaner la fermeture des portes d'ascenseur. Il utilise un r\u00e9seau de 32 diodes infrarouges qui cr\u00e9ent un rideau de lumi\u00e8re dense \u00e0 travers l'ouverture de la porte. Ce rideau d\u00e9tecte tout objet ou personne se trouvant sur son chemin, ce qui d\u00e9clenche la r\u00e9ouverture imm\u00e9diate des portes, \u00e9vitant ainsi les accidents et garantissant la s\u00e9curit\u00e9 des passagers.<\/p>\n<p>Ce capteur de porte d'ascenseur est compatible avec une large gamme de mod\u00e8les et de marques d'ascenseurs. Sa conception universelle permet une installation et une int\u00e9gration faciles dans les syst\u00e8mes d'ascenseurs existants. Le capteur de porte d'ascenseur WECO-917Q fonctionne efficacement dans diverses conditions environnementales, ce qui permet de l'utiliser dans des b\u00e2timents commerciaux et r\u00e9sidentiels.<\/p>\n<p>L'une des principales caract\u00e9ristiques du capteur de porte levante WECO-917Q est sa construction robuste. Il est con\u00e7u pour r\u00e9sister \u00e0 un usage intensif et \u00e0 l'usure, ce qui garantit des performances durables. Le bo\u00eetier durable du capteur le prot\u00e8ge \u00e9galement de la poussi\u00e8re, de l'humidit\u00e9 et d'autres facteurs environnementaux qui pourraient potentiellement affecter son fonctionnement.<\/p>\n<p>Le d\u00e9tecteur de porte levante WECO-917Q offre \u00e9galement des r\u00e9glages de sensibilit\u00e9 impressionnants. Il peut d\u00e9tecter m\u00eame les plus petites obstructions, y compris les objets fins comme les cannes ou les parapluies. Ce niveau \u00e9lev\u00e9 de sensibilit\u00e9 garantit que tous les passagers, y compris ceux qui ont des aides \u00e0 la mobilit\u00e9 ou de jeunes enfants, peuvent utiliser l'ascenseur en toute s\u00e9curit\u00e9.<\/p>\n<p>Le capteur de porte d'ascenseur WECO-917Q est tr\u00e8s efficace en termes de consommation d'\u00e9nergie. Il fonctionne en basse tension, ce qui permet non seulement de r\u00e9duire les co\u00fbts \u00e9nerg\u00e9tiques, mais aussi de contribuer \u00e0 la durabilit\u00e9 globale de votre b\u00e2timent.<\/p>\n<p>Le design \u00e9pur\u00e9 du capteur ne compromet pas sa fonctionnalit\u00e9. Compact et discret, il s'int\u00e8gre parfaitement \u00e0 l'esth\u00e9tique de l'ascenseur. Malgr\u00e9 sa petite taille, il offre des performances puissantes et des fonctions de s\u00e9curit\u00e9 fiables.<\/p>\n<p>En conclusion, le capteur de porte d'ascenseur WECO-917Q est un composant crucial pour tout syst\u00e8me d'ascenseur. Il combine une technologie de pointe, une construction robuste et une sensibilit\u00e9 \u00e9lev\u00e9e pour offrir une exp\u00e9rience s\u00fbre et efficace de l'ascenseur. Que vous installiez un nouveau syst\u00e8me d'ascenseur ou que vous modernisiez un syst\u00e8me existant, le capteur de porte d'ascenseur WECO-917Q est un choix fiable qui garantit la s\u00e9curit\u00e9 et l'efficacit\u00e9.<\/p>","protected":false},"excerpt":{"rendered":"<p>&nbsp;<\/p>\n<ul>\n<li>\n<h5>Faisceaux 94\/154 \u00e0 partir de diodes 17\/32<\/h5>\n<\/li>\n<li>\n<h5>Tension : AC220V, AC110V, DC24V<\/h5>\n<\/li>\n<li>\n<h5>Hauteur standard de 2000 mm<\/h5>\n<\/li>\n<li>\n<h5>Port\u00e9e de d\u00e9tection de 4000 mm<\/h5>\n<\/li>\n<li>\n<h5>IP54<\/h5>\n<\/li>\n<li>\n<h5>EN81-70<\/h5>\n<\/li>\n<li>\n<h5>Emballage individuel des tubes, cinq tubes par paquet.<\/h5>\n<\/li>\n<li>\n<h5>Des hauteurs et des longueurs de c\u00e2bles sp\u00e9ciales peuvent \u00eatre fabriqu\u00e9es sur mesure.<\/h5>\n<\/li>\n<\/ul>","protected":false},"featured_media":1259,"comment_status":"open","ping_status":"closed","template":"","meta":[],"product_cat":[36,49],"product_tag":[],"class_list":{"0":"post-1324","1":"product","2":"type-product","3":"status-publish","4":"has-post-thumbnail","6":"product_cat-universal-elevator-beam-sensor","7":"product_cat-products","9":"first","10":"instock","11":"shipping-taxable","12":"product-type-simple"},"jetpack_sharing_enabled":true,"_links":{"self":[{"href":"https:\/\/elevatorlightcurtains.com\/fr\/wp-json\/wp\/v2\/product\/1324","targetHints":{"allow":["GET"]}}],"collection":[{"href":"https:\/\/elevatorlightcurtains.com\/fr\/wp-json\/wp\/v2\/product"}],"about":[{"href":"https:\/\/elevatorlightcurtains.com\/fr\/wp-json\/wp\/v2\/types\/product"}],"replies":[{"embeddable":true,"href":"https:\/\/elevatorlightcurtains.com\/fr\/wp-json\/wp\/v2\/comments?post=1324"}],"wp:featuredmedia":[{"embeddable":true,"href":"https:\/\/elevatorlightcurtains.com\/fr\/wp-json\/wp\/v2\/media\/1259"}],"wp:attachment":[{"href":"https:\/\/elevatorlightcurtains.com\/fr\/wp-json\/wp\/v2\/media?parent=1324"}],"wp:term":[{"taxonomy":"product_cat","embeddable":true,"href":"https:\/\/elevatorlightcurtains.com\/fr\/wp-json\/wp\/v2\/product_cat?post=1324"},{"taxonomy":"product_tag","embeddable":true,"href":"https:\/\/elevatorlightcurtains.com\/fr\/wp-json\/wp\/v2\/product_tag?post=1324"}],"curies":[{"name":"wp","href":"https:\/\/api.w.org\/{rel}","templated":true}]}}