{"id":1321,"date":"2024-03-27T07:06:18","date_gmt":"2024-03-27T07:06:18","guid":{"rendered":"https:\/\/elevatorlightcurtains.com\/?post_type=product&#038;p=1321"},"modified":"2025-01-01T07:25:23","modified_gmt":"2025-01-01T07:25:23","slug":"photo-beam-sensor-weco-917p","status":"publish","type":"product","link":"https:\/\/elevatorlightcurtains.com\/fr\/produit\/photo-beam-sensor-weco-917p\/","title":{"rendered":"capteur \u00e0 faisceau photo\u00e9lectrique WECO-917P"},"content":{"rendered":"<p>Pi\u00e8ces pour portes d'ascenseurs protection de la s\u00e9curit\u00e9 par capteur photo\u00e9lectrique \u00e0 faisceau WECO-917P71-AC220<\/p>\n<p><img data-recalc-dims=\"1\" fetchpriority=\"high\" decoding=\"async\" class=\"alignnone wp-image-1298 size-full\" src=\"https:\/\/i0.wp.com\/elevatorlightcurtains.com\/wp-content\/uploads\/2024\/03\/WECO-917P-scaled.jpg?resize=800%2C2233&#038;ssl=1\" alt=\"\" width=\"800\" height=\"2233\" srcset=\"https:\/\/i0.wp.com\/elevatorlightcurtains.com\/wp-content\/uploads\/2024\/03\/WECO-917P-scaled.jpg?w=917&amp;ssl=1 917w, https:\/\/i0.wp.com\/elevatorlightcurtains.com\/wp-content\/uploads\/2024\/03\/WECO-917P-scaled.jpg?resize=107%2C300&amp;ssl=1 107w, https:\/\/i0.wp.com\/elevatorlightcurtains.com\/wp-content\/uploads\/2024\/03\/WECO-917P-scaled.jpg?resize=367%2C1024&amp;ssl=1 367w, https:\/\/i0.wp.com\/elevatorlightcurtains.com\/wp-content\/uploads\/2024\/03\/WECO-917P-scaled.jpg?resize=768%2C2144&amp;ssl=1 768w, https:\/\/i0.wp.com\/elevatorlightcurtains.com\/wp-content\/uploads\/2024\/03\/WECO-917P-scaled.jpg?resize=550%2C1536&amp;ssl=1 550w, https:\/\/i0.wp.com\/elevatorlightcurtains.com\/wp-content\/uploads\/2024\/03\/WECO-917P-scaled.jpg?resize=734%2C2048&amp;ssl=1 734w, https:\/\/i0.wp.com\/elevatorlightcurtains.com\/wp-content\/uploads\/2024\/03\/WECO-917P-scaled.jpg?resize=600%2C1675&amp;ssl=1 600w\" sizes=\"(max-width: 800px) 100vw, 800px\" \/><\/p>\n<p>&nbsp;<\/p>\n<p>Le capteur \u00e0 faisceau photo\u00e9lectrique WECO-917P est un appareil ultramoderne et performant con\u00e7u pour am\u00e9liorer la s\u00e9curit\u00e9 et l'efficacit\u00e9 de votre syst\u00e8me d'ascenseur. Ce produit t\u00e9moigne des avanc\u00e9es technologiques dans le domaine de la s\u00e9curit\u00e9 des ascenseurs, offrant un niveau de protection in\u00e9gal\u00e9 pour les passagers et le personnel d'entretien.<\/p>\n<p>Le capteur photo\u00e9lectrique WECO-917P est \u00e9quip\u00e9 d'une s\u00e9rie de 17 faisceaux infrarouges qui couvrent toute la hauteur de la porte de l'ascenseur. Ces faisceaux fonctionnent \u00e0 l'unisson pour d\u00e9tecter tout objet ou personne se trouvant sur la trajectoire des portes qui se ferment, \u00e9vitant ainsi les accidents et garantissant un fonctionnement sans heurts. La technologie avanc\u00e9e du capteur lui permet de d\u00e9tecter m\u00eame les plus petites obstructions, ce qui en fait un dispositif de s\u00e9curit\u00e9 essentiel pour tout syst\u00e8me d'ascenseur.<\/p>\n<p>L'une des principales caract\u00e9ristiques du capteur \u00e0 faisceau photo\u00e9lectrique WECO-917P est sa robustesse. Le capteur est log\u00e9 dans un bo\u00eetier durable qui le prot\u00e8ge de la poussi\u00e8re, de l'humidit\u00e9 et d'autres facteurs environnementaux qui pourraient potentiellement interf\u00e9rer avec son fonctionnement. Il peut donc \u00eatre utilis\u00e9 dans un large \u00e9ventail d'environnements, des immeubles r\u00e9sidentiels aux \u00e9tablissements commerciaux en passant par les installations industrielles.<\/p>\n<p>Le capteur photo\u00e9lectrique WECO-917P est \u00e9galement facile \u00e0 installer et \u00e0 entretenir. Il est livr\u00e9 avec un guide d'installation complet qui fournit des instructions \u00e9tape par \u00e9tape, ce qui rend l'installation facile m\u00eame pour les personnes ayant des connaissances techniques limit\u00e9es. De plus, sa conception modulaire permet de remplacer rapidement et facilement les composants individuels, r\u00e9duisant ainsi les temps d'arr\u00eat et les co\u00fbts de maintenance.<\/p>\n<p>En termes de compatibilit\u00e9, le capteur \u00e0 faisceau photo\u00e9lectrique WECO-917P fonctionne sans probl\u00e8me avec la plupart des syst\u00e8mes d'ascenseurs. Il fonctionne sur une plage de tension universelle, ce qui permet de l'utiliser dans diff\u00e9rents pays et r\u00e9gions. En outre, il est conforme \u00e0 toutes les normes de s\u00e9curit\u00e9 pertinentes, ce qui garantit que votre syst\u00e8me d'ascenseur reste conforme aux r\u00e9glementations locales.<\/p>\n<p>En conclusion, le capteur \u00e0 faisceau photo\u00e9lectrique WECO-917P est un outil indispensable pour am\u00e9liorer la s\u00e9curit\u00e9 des ascenseurs. Sa technologie avanc\u00e9e, sa conception robuste et sa facilit\u00e9 d'installation en font une solution fiable et rentable pour pr\u00e9venir les accidents et assurer un fonctionnement sans heurts. Que vous soyez propri\u00e9taire d'un b\u00e2timent, gestionnaire d'installations ou professionnel de la maintenance d'ascenseurs, le capteur photo\u00e9lectrique WECO-917P est un ajout pr\u00e9cieux \u00e0 votre syst\u00e8me d'ascenseurs.<\/p>","protected":false},"excerpt":{"rendered":"<p>&nbsp;<\/p>\n<ul>\n<li>\n<h5>Faisceaux 94\/154 \u00e0 partir de diodes 17\/32<\/h5>\n<\/li>\n<li>\n<h5>Tension : AC220V, AC110V, DC24V<\/h5>\n<\/li>\n<li>\n<h5>Hauteur standard de 2000 mm<\/h5>\n<\/li>\n<li>\n<h5>Port\u00e9e de d\u00e9tection de 4000 mm<\/h5>\n<\/li>\n<li>\n<h5>IP54\/67<\/h5>\n<\/li>\n<li>\n<h5>EN81-70<\/h5>\n<\/li>\n<li>\n<h5>Emballage individuel des tubes, cinq tubes par paquet.<\/h5>\n<\/li>\n<li>\n<h5>Des hauteurs et des longueurs de c\u00e2bles sp\u00e9ciales peuvent \u00eatre fabriqu\u00e9es sur mesure.<\/h5>\n<\/li>\n<\/ul>","protected":false},"featured_media":1258,"comment_status":"open","ping_status":"closed","template":"","meta":[],"product_cat":[36,49],"product_tag":[],"class_list":{"0":"post-1321","1":"product","2":"type-product","3":"status-publish","4":"has-post-thumbnail","6":"product_cat-universal-elevator-beam-sensor","7":"product_cat-products","9":"first","10":"instock","11":"shipping-taxable","12":"product-type-simple"},"jetpack_sharing_enabled":true,"_links":{"self":[{"href":"https:\/\/elevatorlightcurtains.com\/fr\/wp-json\/wp\/v2\/product\/1321","targetHints":{"allow":["GET"]}}],"collection":[{"href":"https:\/\/elevatorlightcurtains.com\/fr\/wp-json\/wp\/v2\/product"}],"about":[{"href":"https:\/\/elevatorlightcurtains.com\/fr\/wp-json\/wp\/v2\/types\/product"}],"replies":[{"embeddable":true,"href":"https:\/\/elevatorlightcurtains.com\/fr\/wp-json\/wp\/v2\/comments?post=1321"}],"wp:featuredmedia":[{"embeddable":true,"href":"https:\/\/elevatorlightcurtains.com\/fr\/wp-json\/wp\/v2\/media\/1258"}],"wp:attachment":[{"href":"https:\/\/elevatorlightcurtains.com\/fr\/wp-json\/wp\/v2\/media?parent=1321"}],"wp:term":[{"taxonomy":"product_cat","embeddable":true,"href":"https:\/\/elevatorlightcurtains.com\/fr\/wp-json\/wp\/v2\/product_cat?post=1321"},{"taxonomy":"product_tag","embeddable":true,"href":"https:\/\/elevatorlightcurtains.com\/fr\/wp-json\/wp\/v2\/product_tag?post=1321"}],"curies":[{"name":"wp","href":"https:\/\/api.w.org\/{rel}","templated":true}]}}