{"id":1318,"date":"2024-03-25T08:42:00","date_gmt":"2024-03-25T08:42:00","guid":{"rendered":"https:\/\/elevatorlightcurtains.com\/?post_type=product&#038;p=1318"},"modified":"2025-01-01T07:25:34","modified_gmt":"2025-01-01T07:25:34","slug":"elevator-entrance-sensor-weco-917n","status":"publish","type":"product","link":"https:\/\/elevatorlightcurtains.com\/fr\/produit\/elevator-entrance-sensor-weco-917n\/","title":{"rendered":"capteur d'entr\u00e9e d'ascenseur WECO-917N"},"content":{"rendered":"<p>Capteur d'entr\u00e9e d'ascenseur WECO avec c\u00e2ble de rideau WECO-917N71-AC220<\/p>\n<p><img data-recalc-dims=\"1\" fetchpriority=\"high\" decoding=\"async\" class=\"alignnone wp-image-1297 size-full\" src=\"https:\/\/i0.wp.com\/elevatorlightcurtains.com\/wp-content\/uploads\/2024\/03\/WECO-917N-scaled.jpg?resize=800%2C2233&#038;ssl=1\" alt=\"WECO-917N\" width=\"800\" height=\"2233\" srcset=\"https:\/\/i0.wp.com\/elevatorlightcurtains.com\/wp-content\/uploads\/2024\/03\/WECO-917N-scaled.jpg?w=917&amp;ssl=1 917w, https:\/\/i0.wp.com\/elevatorlightcurtains.com\/wp-content\/uploads\/2024\/03\/WECO-917N-scaled.jpg?resize=107%2C300&amp;ssl=1 107w, https:\/\/i0.wp.com\/elevatorlightcurtains.com\/wp-content\/uploads\/2024\/03\/WECO-917N-scaled.jpg?resize=367%2C1024&amp;ssl=1 367w, https:\/\/i0.wp.com\/elevatorlightcurtains.com\/wp-content\/uploads\/2024\/03\/WECO-917N-scaled.jpg?resize=768%2C2144&amp;ssl=1 768w, https:\/\/i0.wp.com\/elevatorlightcurtains.com\/wp-content\/uploads\/2024\/03\/WECO-917N-scaled.jpg?resize=550%2C1536&amp;ssl=1 550w, https:\/\/i0.wp.com\/elevatorlightcurtains.com\/wp-content\/uploads\/2024\/03\/WECO-917N-scaled.jpg?resize=734%2C2048&amp;ssl=1 734w, https:\/\/i0.wp.com\/elevatorlightcurtains.com\/wp-content\/uploads\/2024\/03\/WECO-917N-scaled.jpg?resize=600%2C1675&amp;ssl=1 600w\" sizes=\"(max-width: 800px) 100vw, 800px\" \/><\/p>\n<p>&nbsp;<\/p>\n<p>Le capteur \u00e0 faisceau photo\u00e9lectrique WECO-917N est un dispositif de s\u00e9curit\u00e9 ultramoderne et performant con\u00e7u pour garantir une s\u00e9curit\u00e9 et une efficacit\u00e9 maximales dans les op\u00e9rations d'ascenseur. Ce produit fait partie int\u00e9grante du syst\u00e8me de porte d'ascenseur et permet de d\u00e9tecter de mani\u00e8re fiable et pr\u00e9cise tout obstacle susceptible d'entraver la fermeture des portes d'ascenseur.<\/p>\n<p>Le capteur \u00e0 faisceau photo\u00e9lectrique WECO-917N est \u00e9quip\u00e9 d'une technologie infrarouge de pointe qui lui permet de d\u00e9tecter m\u00eame les plus petits objets sur son chemin. Cette fonction avanc\u00e9e garantit que les portes de l'ascenseur ne se ferment pas sur les passagers ou les objets, \u00e9vitant ainsi les accidents et garantissant un trajet fluide et s\u00fbr pour tous les utilisateurs.<\/p>\n<p>Ce capteur \u00e0 faisceau photo\u00e9lectrique comporte 17 paires de diodes, plac\u00e9es strat\u00e9giquement sur toute la longueur de la porte de l'ascenseur. Cette conception permet d'obtenir une zone de couverture compl\u00e8te, garantissant qu'aucun objet ne passe inaper\u00e7u. La large plage de d\u00e9tection du capteur r\u00e9duit consid\u00e9rablement le risque d'accidents li\u00e9s \u00e0 la porte, ce qui en fait un dispositif de s\u00e9curit\u00e9 essentiel pour tout syst\u00e8me d'ascenseur.<\/p>\n<p>Le capteur \u00e0 faisceau photo\u00e9lectrique WECO-917N n'est pas seulement efficace, il est aussi tr\u00e8s durable. Il est con\u00e7u pour r\u00e9sister \u00e0 des conditions difficiles et \u00e0 une utilisation intensive, ce qui le rend adapt\u00e9 \u00e0 une installation dans des ascenseurs \u00e0 fort trafic dans des b\u00e2timents commerciaux, des complexes r\u00e9sidentiels, des h\u00f4pitaux et d'autres installations publiques. Sa construction robuste garantit des performances durables et des besoins de maintenance minimes.<\/p>\n<p>Outre le capteur \u00e0 faisceau photo\u00e9lectrique, notre gamme de produits comprend \u00e9galement un grand nombre de pi\u00e8ces de haute qualit\u00e9 pour portes d'ascenseur. Ces composants sont con\u00e7us pour fonctionner parfaitement avec le capteur \u00e0 faisceau photo\u00e9lectrique WECO-917N afin de garantir une performance et une s\u00e9curit\u00e9 optimales.<\/p>\n<p>Notre s\u00e9lection de pi\u00e8ces pour portes d'ascenseur comprend des crochets de porte, des op\u00e9rateurs de porte, des panneaux de porte, des sabots de guidage, des portes pali\u00e8res et bien plus encore. Chaque composant est fabriqu\u00e9 conform\u00e9ment \u00e0 des normes de qualit\u00e9 strictes et est con\u00e7u pour offrir des performances et une durabilit\u00e9 sup\u00e9rieures.<\/p>\n<p>Les suspensions de porte offrent un support solide aux portes d'ascenseur tout en garantissant un fonctionnement souple et silencieux. Les op\u00e9rateurs de porte contr\u00f4lent l'ouverture et la fermeture des portes et travaillent en tandem avec le capteur \u00e0 faisceau photo\u00e9lectrique WECO-917N pour \u00e9viter les accidents.<\/p>\n<p>Les panneaux de porte sont con\u00e7us pour r\u00e9sister \u00e0 un usage intensif et aux dommages, ce qui permet \u00e0 votre ascenseur de conserver un aspect soign\u00e9, m\u00eame dans des environnements tr\u00e8s fr\u00e9quent\u00e9s. Les patins de guidage assurent un mouvement fluide et stable des portes de l'ascenseur, tandis que les portes pali\u00e8res constituent une barri\u00e8re s\u00fbre lorsque l'ascenseur n'est pas utilis\u00e9.<\/p>\n<p>En conclusion, le capteur \u00e0 faisceau photo\u00e9lectrique WECO-917N, associ\u00e9 \u00e0 notre gamme de pi\u00e8ces d\u00e9tach\u00e9es pour portes d'ascenseur, constitue une solution compl\u00e8te pour un fonctionnement s\u00fbr et efficace des ascenseurs. Ces produits sont con\u00e7us pour offrir des performances, une durabilit\u00e9 et une s\u00e9curit\u00e9 sup\u00e9rieures, ce qui en fait un excellent investissement pour toute installation dot\u00e9e d'un syst\u00e8me d'ascenseur.<\/p>","protected":false},"excerpt":{"rendered":"<p>&nbsp;<\/p>\n<ul>\n<li>\n<h5>Faisceaux 94\/154 \u00e0 partir de diodes 17\/32<\/h5>\n<\/li>\n<li>\n<h5>Tension : AC220V, AC110V, DC24V, NPN\/ PNP<\/h5>\n<\/li>\n<li>\n<h5>Hauteur standard de 2000 mm<\/h5>\n<\/li>\n<li>\n<h5>Port\u00e9e de d\u00e9tection de 4000 mm<\/h5>\n<\/li>\n<li>\n<h5>IP54<\/h5>\n<\/li>\n<li>\n<h5>EN81-70<\/h5>\n<\/li>\n<li>\n<h5>Emballage individuel des tubes, cinq tubes par paquet.<\/h5>\n<\/li>\n<li>\n<h5>Des hauteurs et des longueurs de c\u00e2bles sp\u00e9ciales peuvent \u00eatre fabriqu\u00e9es sur mesure.<\/h5>\n<\/li>\n<\/ul>","protected":false},"featured_media":1257,"comment_status":"open","ping_status":"closed","template":"","meta":[],"product_cat":[36,49],"product_tag":[],"class_list":{"0":"post-1318","1":"product","2":"type-product","3":"status-publish","4":"has-post-thumbnail","6":"product_cat-universal-elevator-beam-sensor","7":"product_cat-products","9":"first","10":"instock","11":"shipping-taxable","12":"product-type-simple"},"jetpack_sharing_enabled":true,"_links":{"self":[{"href":"https:\/\/elevatorlightcurtains.com\/fr\/wp-json\/wp\/v2\/product\/1318","targetHints":{"allow":["GET"]}}],"collection":[{"href":"https:\/\/elevatorlightcurtains.com\/fr\/wp-json\/wp\/v2\/product"}],"about":[{"href":"https:\/\/elevatorlightcurtains.com\/fr\/wp-json\/wp\/v2\/types\/product"}],"replies":[{"embeddable":true,"href":"https:\/\/elevatorlightcurtains.com\/fr\/wp-json\/wp\/v2\/comments?post=1318"}],"wp:featuredmedia":[{"embeddable":true,"href":"https:\/\/elevatorlightcurtains.com\/fr\/wp-json\/wp\/v2\/media\/1257"}],"wp:attachment":[{"href":"https:\/\/elevatorlightcurtains.com\/fr\/wp-json\/wp\/v2\/media?parent=1318"}],"wp:term":[{"taxonomy":"product_cat","embeddable":true,"href":"https:\/\/elevatorlightcurtains.com\/fr\/wp-json\/wp\/v2\/product_cat?post=1318"},{"taxonomy":"product_tag","embeddable":true,"href":"https:\/\/elevatorlightcurtains.com\/fr\/wp-json\/wp\/v2\/product_tag?post=1318"}],"curies":[{"name":"wp","href":"https:\/\/api.w.org\/{rel}","templated":true}]}}