{"id":1316,"date":"2024-03-25T07:44:23","date_gmt":"2024-03-25T07:44:23","guid":{"rendered":"https:\/\/elevatorlightcurtains.com\/?post_type=product&#038;p=1316"},"modified":"2025-01-01T07:25:49","modified_gmt":"2025-01-01T07:25:49","slug":"illuminate-led-curtains-weco-917mr","status":"publish","type":"product","link":"https:\/\/elevatorlightcurtains.com\/fr\/produit\/illuminate-led-curtains-weco-917mr\/","title":{"rendered":"illuminer les rideaux LED WECO-917MR"},"content":{"rendered":"<p>Les rideaux lumineux LED du capteur de porte d'ascenseur WECO-917MR sont \u00e9quip\u00e9s de LED \u00e0 balayage dynamique contr\u00f4l\u00e9es par l'unit\u00e9 centrale et augment\u00e9es sur le d\u00e9tecteur de porte normal, de LED bicolores indiquant l'\u00e9tat de la zone de d\u00e9tection. Ainsi, le rideau lumineux sur la fonction de protection normale est plus visuel et plus harmonieux.<\/p>\n<p><img data-recalc-dims=\"1\" fetchpriority=\"high\" decoding=\"async\" class=\"alignnone wp-image-1296 size-full\" src=\"https:\/\/i0.wp.com\/elevatorlightcurtains.com\/wp-content\/uploads\/2024\/03\/WECO-917MR-scaled.jpg?resize=800%2C2233&#038;ssl=1\" alt=\"\" width=\"800\" height=\"2233\" srcset=\"https:\/\/i0.wp.com\/elevatorlightcurtains.com\/wp-content\/uploads\/2024\/03\/WECO-917MR-scaled.jpg?w=917&amp;ssl=1 917w, https:\/\/i0.wp.com\/elevatorlightcurtains.com\/wp-content\/uploads\/2024\/03\/WECO-917MR-scaled.jpg?resize=107%2C300&amp;ssl=1 107w, https:\/\/i0.wp.com\/elevatorlightcurtains.com\/wp-content\/uploads\/2024\/03\/WECO-917MR-scaled.jpg?resize=367%2C1024&amp;ssl=1 367w, https:\/\/i0.wp.com\/elevatorlightcurtains.com\/wp-content\/uploads\/2024\/03\/WECO-917MR-scaled.jpg?resize=768%2C2144&amp;ssl=1 768w, https:\/\/i0.wp.com\/elevatorlightcurtains.com\/wp-content\/uploads\/2024\/03\/WECO-917MR-scaled.jpg?resize=550%2C1536&amp;ssl=1 550w, https:\/\/i0.wp.com\/elevatorlightcurtains.com\/wp-content\/uploads\/2024\/03\/WECO-917MR-scaled.jpg?resize=734%2C2048&amp;ssl=1 734w, https:\/\/i0.wp.com\/elevatorlightcurtains.com\/wp-content\/uploads\/2024\/03\/WECO-917MR-scaled.jpg?resize=600%2C1675&amp;ssl=1 600w\" sizes=\"(max-width: 800px) 100vw, 800px\" \/><\/p>\n<p>Le d\u00e9tecteur de porte LED WECO-917MR est un produit de pointe qui associe une technologie avanc\u00e9e \u00e0 des fonctions conviviales pour offrir un niveau de s\u00e9curit\u00e9 et de commodit\u00e9 in\u00e9gal\u00e9. Ce d\u00e9tecteur de porte innovant est con\u00e7u pour offrir des performances et une fiabilit\u00e9 sup\u00e9rieures, ce qui en fait un choix id\u00e9al pour les applications r\u00e9sidentielles et commerciales.<\/p>\n<p>Le WECO-917MR est \u00e9quip\u00e9 d'un syst\u00e8me de LED \u00e0 balayage dynamique command\u00e9 par l'unit\u00e9 centrale, une caract\u00e9ristique qui am\u00e9liore consid\u00e9rablement le d\u00e9tecteur de porte standard. Ce syst\u00e8me unique permet une visibilit\u00e9 et une pr\u00e9cision accrues, garantissant que chaque mouvement est d\u00e9tect\u00e9 avec pr\u00e9cision et r\u00e9agit rapidement. Le syst\u00e8me de LED \u00e0 balayage dynamique n'est pas seulement une question de fonctionnalit\u00e9 ; il ajoute \u00e9galement un attrait esth\u00e9tique \u00e0 l'appareil, ce qui en fait un compl\u00e9ment \u00e9l\u00e9gant \u00e0 n'importe quel environnement.<\/p>\n<p>L'une des caract\u00e9ristiques les plus remarquables du WECO-917MR est la pr\u00e9sence de LED bicolores. Ces LED servent d'indicateurs de l'\u00e9tat de la zone de d\u00e9tection, fournissant aux utilisateurs des mises \u00e0 jour en temps r\u00e9el sur l'\u00e9tat de la s\u00e9curit\u00e9 de leurs locaux. Les LED bicolores sont con\u00e7ues pour \u00eatre facilement visibles de loin, ce qui permet aux utilisateurs de v\u00e9rifier rapidement si leurs locaux sont s\u00e9curis\u00e9s ou non.<\/p>\n<p>En plus de ses caract\u00e9ristiques de haute technologie, le WECO-917MR dispose \u00e9galement d'un rideau lumineux sur la fonction de protection normale. Ce rideau lumineux constitue un niveau de s\u00e9curit\u00e9 suppl\u00e9mentaire, garantissant que toute tentative d'entr\u00e9e non autoris\u00e9e est rapidement d\u00e9tect\u00e9e et d\u00e9jou\u00e9e. Le rideau lumineux ajoute \u00e9galement un \u00e9l\u00e9ment visuel \u00e0 l'appareil, le rendant plus convivial et attrayant.<\/p>\n<p>Le WECO-917MR n'est pas seulement une technologie de pointe, c'est aussi une question de convivialit\u00e9. Ce d\u00e9tecteur de porte a \u00e9t\u00e9 con\u00e7u pour \u00eatre facile \u00e0 installer et \u00e0 utiliser, ce qui le rend adapt\u00e9 aux utilisateurs de tous niveaux. Que vous soyez un professionnel avis\u00e9 ou un utilisateur novice, vous trouverez le WECO-917MR facile \u00e0 utiliser et \u00e0 g\u00e9rer.<\/p>\n<p>En conclusion, le d\u00e9tecteur de porte Illuminate LED WECO-917MR est un produit de haute qualit\u00e9 qui offre des caract\u00e9ristiques avanc\u00e9es et un fonctionnement convivial. Que vous cherchiez \u00e0 renforcer la s\u00e9curit\u00e9 de votre domicile ou de votre entreprise, le WECO-917MR est un produit sur lequel vous pouvez compter. Avec son syst\u00e8me de LED \u00e0 balayage dynamique contr\u00f4l\u00e9 par l'unit\u00e9 centrale, ses LED bicolores et son rideau lumineux, ce d\u00e9tecteur de porte offre un niveau de performance et de commodit\u00e9 difficilement \u00e9galable.<\/p>","protected":false},"excerpt":{"rendered":"<ul>\n<li>\n<h5>Le rideau lumineux MR a des fonctions d'affichage 3D et LED.<\/h5>\n<\/li>\n<li>\n<h5>154 faisceaux\/32 diodes<\/h5>\n<\/li>\n<li>\n<h5>Tension : AC220V, AC110V<\/h5>\n<\/li>\n<li>\n<h5>Hauteur standard de 2000 mm<\/h5>\n<\/li>\n<li>\n<h5>Port\u00e9e de d\u00e9tection de 4000 mm<\/h5>\n<\/li>\n<li>\n<h5>IP54<\/h5>\n<\/li>\n<li>\n<h5>EN81-70<\/h5>\n<\/li>\n<li>\n<h5>Emballage individuel des tubes, cinq tubes par paquet.<\/h5>\n<\/li>\n<li>\n<h5>Des hauteurs et des longueurs de c\u00e2bles sp\u00e9ciales peuvent \u00eatre fabriqu\u00e9es sur mesure.<\/h5>\n<\/li>\n<\/ul>","protected":false},"featured_media":1256,"comment_status":"open","ping_status":"closed","template":"","meta":[],"product_cat":[36,49],"product_tag":[],"class_list":{"0":"post-1316","1":"product","2":"type-product","3":"status-publish","4":"has-post-thumbnail","6":"product_cat-universal-elevator-beam-sensor","7":"product_cat-products","9":"first","10":"instock","11":"shipping-taxable","12":"product-type-simple"},"jetpack_sharing_enabled":true,"_links":{"self":[{"href":"https:\/\/elevatorlightcurtains.com\/fr\/wp-json\/wp\/v2\/product\/1316","targetHints":{"allow":["GET"]}}],"collection":[{"href":"https:\/\/elevatorlightcurtains.com\/fr\/wp-json\/wp\/v2\/product"}],"about":[{"href":"https:\/\/elevatorlightcurtains.com\/fr\/wp-json\/wp\/v2\/types\/product"}],"replies":[{"embeddable":true,"href":"https:\/\/elevatorlightcurtains.com\/fr\/wp-json\/wp\/v2\/comments?post=1316"}],"wp:featuredmedia":[{"embeddable":true,"href":"https:\/\/elevatorlightcurtains.com\/fr\/wp-json\/wp\/v2\/media\/1256"}],"wp:attachment":[{"href":"https:\/\/elevatorlightcurtains.com\/fr\/wp-json\/wp\/v2\/media?parent=1316"}],"wp:term":[{"taxonomy":"product_cat","embeddable":true,"href":"https:\/\/elevatorlightcurtains.com\/fr\/wp-json\/wp\/v2\/product_cat?post=1316"},{"taxonomy":"product_tag","embeddable":true,"href":"https:\/\/elevatorlightcurtains.com\/fr\/wp-json\/wp\/v2\/product_tag?post=1316"}],"curies":[{"name":"wp","href":"https:\/\/api.w.org\/{rel}","templated":true}]}}