{"id":1309,"date":"2024-03-25T06:27:29","date_gmt":"2024-03-25T06:27:29","guid":{"rendered":"https:\/\/elevatorlightcurtains.com\/?post_type=product&#038;p=1309"},"modified":"2025-01-01T07:26:28","modified_gmt":"2025-01-01T07:26:28","slug":"ultra-slimscreen-infra-red-weco-917six","status":"publish","type":"product","link":"https:\/\/elevatorlightcurtains.com\/fr\/produit\/ultra-slimscreen-infra-red-weco-917six\/","title":{"rendered":"Infrarouge ultra-mince WECO-917SIX"},"content":{"rendered":"<p>Rideaux lumineux infrarouges pour ascenseurs r\u00e9sidentiels WECO-917SIX-AC220<\/p>\n<p><img data-recalc-dims=\"1\" fetchpriority=\"high\" decoding=\"async\" class=\"alignnone wp-image-1301 size-full\" src=\"https:\/\/i0.wp.com\/elevatorlightcurtains.com\/wp-content\/uploads\/2024\/03\/WECO-917SIX-scaled.jpg?resize=800%2C2233&#038;ssl=1\" alt=\"WECO-917SIX\" width=\"800\" height=\"2233\" srcset=\"https:\/\/i0.wp.com\/elevatorlightcurtains.com\/wp-content\/uploads\/2024\/03\/WECO-917SIX-scaled.jpg?w=917&amp;ssl=1 917w, https:\/\/i0.wp.com\/elevatorlightcurtains.com\/wp-content\/uploads\/2024\/03\/WECO-917SIX-scaled.jpg?resize=107%2C300&amp;ssl=1 107w, https:\/\/i0.wp.com\/elevatorlightcurtains.com\/wp-content\/uploads\/2024\/03\/WECO-917SIX-scaled.jpg?resize=367%2C1024&amp;ssl=1 367w, https:\/\/i0.wp.com\/elevatorlightcurtains.com\/wp-content\/uploads\/2024\/03\/WECO-917SIX-scaled.jpg?resize=768%2C2144&amp;ssl=1 768w, https:\/\/i0.wp.com\/elevatorlightcurtains.com\/wp-content\/uploads\/2024\/03\/WECO-917SIX-scaled.jpg?resize=550%2C1536&amp;ssl=1 550w, https:\/\/i0.wp.com\/elevatorlightcurtains.com\/wp-content\/uploads\/2024\/03\/WECO-917SIX-scaled.jpg?resize=734%2C2048&amp;ssl=1 734w, https:\/\/i0.wp.com\/elevatorlightcurtains.com\/wp-content\/uploads\/2024\/03\/WECO-917SIX-scaled.jpg?resize=600%2C1675&amp;ssl=1 600w\" sizes=\"(max-width: 800px) 100vw, 800px\" \/><\/p>\n<p>Le capteur ultra-mince WECO-917SIX est une solution de pointe con\u00e7ue pour r\u00e9pondre aux exigences des installations modernes o\u00f9 l'espace est compt\u00e9. Avec son remarquable profil SIX de 7 mm d'\u00e9paisseur, ce capteur est con\u00e7u pour des applications statiques et dynamiques, ce qui en fait un choix id\u00e9al pour une large gamme d'environnements - des milieux industriels aux espaces commerciaux.<\/p>\n<p>La WECO-917SIX est une barri\u00e8re immat\u00e9rielle \u00e0 infrarouge \u00e9conomique qui allie une technologie de pointe \u00e0 une fiabilit\u00e9 \u00e9prouv\u00e9e. Sa conception robuste garantit des performances constantes, offrant une tranquillit\u00e9 d'esprit aux utilisateurs qui ont besoin de solutions de s\u00e9curit\u00e9 et de d\u00e9tection fiables. Que vous cherchiez \u00e0 renforcer les mesures de s\u00e9curit\u00e9 ou \u00e0 am\u00e9liorer l'efficacit\u00e9 op\u00e9rationnelle, le WECO-917SIX offre une valeur exceptionnelle sans compromis sur la qualit\u00e9.<\/p>\n<p>Sp\u00e9cialement con\u00e7u pour les march\u00e9s d'Europe et d'Asie-Pacifique, ce capteur est conforme aux normes et r\u00e9glementations r\u00e9gionales, ce qui garantit une int\u00e9gration parfaite dans les syst\u00e8mes existants. Le WECO-917SIX n'est pas seulement polyvalent, il est \u00e9galement facile \u00e0 utiliser. Son processus d'installation est simple et permet une mise en service rapide et des temps d'arr\u00eat minimes. Gr\u00e2ce \u00e0 des options de connexion \u00e9lectrique flexibles, vous pouvez facilement adapter le capteur \u00e0 vos besoins sp\u00e9cifiques, ce qui en fait un choix id\u00e9al pour les nouveaux projets et la modernisation des installations existantes.<\/p>\n<p>En r\u00e9sum\u00e9, le WECO-917SIX Ultra Slim Sensor est la solution parfaite pour ceux qui recherchent une barri\u00e8re immat\u00e9rielle infrarouge fiable et peu encombrante. Son design innovant, sa facilit\u00e9 d'installation et son adaptabilit\u00e9 \u00e0 divers environnements en font un choix de premier plan sur le march\u00e9. Am\u00e9liorez votre s\u00e9curit\u00e9 et vos capacit\u00e9s de d\u00e9tection avec le WECO-917SIX - o\u00f9 la performance rencontre la praticit\u00e9 dans chaque installation.<\/p>","protected":false},"excerpt":{"rendered":"<ul>\n<li>\n<h5>S\u00e9rie SIX : ultra-mince et d'une belle apparence, adapt\u00e9 \u00e0 un environnement d'installation \u00e9troit, ne se pr\u00e9occupe plus de la taille.<\/h5>\n<\/li>\n<li>\n<h5>154 faisceaux\/32 diodes<\/h5>\n<\/li>\n<li>\n<h5>Tension : AC220V, AC110V, DC24V, NPN\/ PNP<\/h5>\n<\/li>\n<li>\n<h5>Hauteur standard de 2000 mm<\/h5>\n<\/li>\n<li>\n<h5>Port\u00e9e de d\u00e9tection de 4000 mm<\/h5>\n<\/li>\n<li>\n<h5>IP54<\/h5>\n<\/li>\n<li>\n<h5>EN81-70<\/h5>\n<\/li>\n<li>\n<h5>Emballage individuel des tubes, cinq tubes par paquet.<\/h5>\n<\/li>\n<li>\n<h5>Des hauteurs et des longueurs de c\u00e2bles sp\u00e9ciales peuvent \u00eatre fabriqu\u00e9es sur mesure.<\/h5>\n<\/li>\n<\/ul>","protected":false},"featured_media":1260,"comment_status":"open","ping_status":"closed","template":"","meta":[],"product_cat":[36,49],"product_tag":[],"class_list":{"0":"post-1309","1":"product","2":"type-product","3":"status-publish","4":"has-post-thumbnail","6":"product_cat-universal-elevator-beam-sensor","7":"product_cat-products","9":"first","10":"instock","11":"shipping-taxable","12":"product-type-simple"},"jetpack_sharing_enabled":true,"_links":{"self":[{"href":"https:\/\/elevatorlightcurtains.com\/fr\/wp-json\/wp\/v2\/product\/1309","targetHints":{"allow":["GET"]}}],"collection":[{"href":"https:\/\/elevatorlightcurtains.com\/fr\/wp-json\/wp\/v2\/product"}],"about":[{"href":"https:\/\/elevatorlightcurtains.com\/fr\/wp-json\/wp\/v2\/types\/product"}],"replies":[{"embeddable":true,"href":"https:\/\/elevatorlightcurtains.com\/fr\/wp-json\/wp\/v2\/comments?post=1309"}],"wp:featuredmedia":[{"embeddable":true,"href":"https:\/\/elevatorlightcurtains.com\/fr\/wp-json\/wp\/v2\/media\/1260"}],"wp:attachment":[{"href":"https:\/\/elevatorlightcurtains.com\/fr\/wp-json\/wp\/v2\/media?parent=1309"}],"wp:term":[{"taxonomy":"product_cat","embeddable":true,"href":"https:\/\/elevatorlightcurtains.com\/fr\/wp-json\/wp\/v2\/product_cat?post=1309"},{"taxonomy":"product_tag","embeddable":true,"href":"https:\/\/elevatorlightcurtains.com\/fr\/wp-json\/wp\/v2\/product_tag?post=1309"}],"curies":[{"name":"wp","href":"https:\/\/api.w.org\/{rel}","templated":true}]}}