{"id":1287,"date":"2024-03-15T07:31:04","date_gmt":"2024-03-15T07:31:04","guid":{"rendered":"https:\/\/elevatorlightcurtains.com\/?post_type=product&#038;p=1287"},"modified":"2025-01-01T07:26:51","modified_gmt":"2025-01-01T07:26:51","slug":"curtain-beam-sensor-hitachi-weco-917g","status":"publish","type":"product","link":"https:\/\/elevatorlightcurtains.com\/fr\/produit\/curtain-beam-sensor-hitachi-weco-917g\/","title":{"rendered":"Capteur de faisceau de rideau Hitachi WECO-917G"},"content":{"rendered":"<h5>Capteur de fermeture de porte d'ascenseur Syst\u00e8mes de d\u00e9tection de type Hitachi WECO-917G71-AC220<\/h5>\n<p>&nbsp;<\/p>\n<p><img data-recalc-dims=\"1\" fetchpriority=\"high\" decoding=\"async\" class=\"alignnone wp-image-1274 size-full\" src=\"https:\/\/i0.wp.com\/elevatorlightcurtains.com\/wp-content\/uploads\/2024\/03\/917G-scaled.jpg?resize=800%2C2226&#038;ssl=1\" alt=\"\" width=\"800\" height=\"2226\" srcset=\"https:\/\/i0.wp.com\/elevatorlightcurtains.com\/wp-content\/uploads\/2024\/03\/917G-scaled.jpg?w=920&amp;ssl=1 920w, https:\/\/i0.wp.com\/elevatorlightcurtains.com\/wp-content\/uploads\/2024\/03\/917G-scaled.jpg?resize=108%2C300&amp;ssl=1 108w, https:\/\/i0.wp.com\/elevatorlightcurtains.com\/wp-content\/uploads\/2024\/03\/917G-scaled.jpg?resize=368%2C1024&amp;ssl=1 368w, https:\/\/i0.wp.com\/elevatorlightcurtains.com\/wp-content\/uploads\/2024\/03\/917G-scaled.jpg?resize=768%2C2137&amp;ssl=1 768w, https:\/\/i0.wp.com\/elevatorlightcurtains.com\/wp-content\/uploads\/2024\/03\/917G-scaled.jpg?resize=552%2C1536&amp;ssl=1 552w, https:\/\/i0.wp.com\/elevatorlightcurtains.com\/wp-content\/uploads\/2024\/03\/917G-scaled.jpg?resize=736%2C2048&amp;ssl=1 736w, https:\/\/i0.wp.com\/elevatorlightcurtains.com\/wp-content\/uploads\/2024\/03\/917G-scaled.jpg?resize=600%2C1670&amp;ssl=1 600w\" sizes=\"(max-width: 800px) 100vw, 800px\" \/><\/p>\n<p>Le d\u00e9tecteur de faisceau de rideau WECO-917G est une solution de s\u00e9curit\u00e9 de pointe con\u00e7ue pour offrir un niveau de protection in\u00e9gal\u00e9 \u00e0 votre propri\u00e9t\u00e9. Ce produit innovant t\u00e9moigne des progr\u00e8s de la technologie moderne, combinant une fonctionnalit\u00e9 sup\u00e9rieure et une facilit\u00e9 d'utilisation pour offrir une exp\u00e9rience exceptionnelle \u00e0 l'utilisateur.<\/p>\n<p>Le d\u00e9tecteur de faisceau de rideau WECO-917G est un syst\u00e8me de d\u00e9tection infrarouge haute performance qui cr\u00e9e une barri\u00e8re de s\u00e9curit\u00e9 invisible, garantissant la plus grande s\u00e9curit\u00e9 pour votre maison ou votre entreprise. Il est m\u00e9ticuleusement con\u00e7u pour d\u00e9tecter tout mouvement non autoris\u00e9 ou toute intrusion, ce qui en fait un composant essentiel de tout syst\u00e8me de s\u00e9curit\u00e9 complet.<\/p>\n<p>Le capteur de faisceau de rideau WECO-917G se distingue \u00e9galement par sa grande pr\u00e9cision. Sa technologie avanc\u00e9e lui permet de faire la distinction entre les menaces potentielles et les mouvements inoffensifs, r\u00e9duisant ainsi la probabilit\u00e9 de fausses alarmes. Cette pr\u00e9cision le rend non seulement fiable mais aussi incroyablement efficace.<\/p>\n<p>La durabilit\u00e9 est un autre aspect cl\u00e9 du WECO-917G. Construit avec des mat\u00e9riaux robustes et con\u00e7u pour r\u00e9sister aux conditions climatiques difficiles, ce capteur promet des performances durables.<\/p>\n<p>La facilit\u00e9 d'installation est un autre avantage important du capteur de faisceau de rideau WECO-917G. Il est livr\u00e9 avec un manuel d'instructions d\u00e9taill\u00e9 qui vous guide \u00e0 chaque \u00e9tape du processus d'installation. De plus, son design compact permet de le placer discr\u00e8tement sans compromettre son efficacit\u00e9.<\/p>\n<p>Le WECO-917G offre \u00e9galement de multiples sorties d'alarme, y compris une alarme anti-sabotage et une sortie de relais de d\u00e9faillance. Cette fonction permet une notification imm\u00e9diate en cas d'alt\u00e9ration ou de d\u00e9faillance du syst\u00e8me, ce qui garantit une action rapide pour maintenir la s\u00e9curit\u00e9 de vos locaux.<\/p>\n<p>En termes de compatibilit\u00e9, le capteur de faisceau de rideau WECO-917G fonctionne parfaitement avec la plupart des syst\u00e8mes d'alarme. Cette flexibilit\u00e9 en fait un compl\u00e9ment polyvalent \u00e0 votre installation de s\u00e9curit\u00e9 existante ou un excellent point de d\u00e9part pour la construction d'une nouvelle installation.<\/p>\n<p>En conclusion, le d\u00e9tecteur de faisceau de rideau WECO-917G est une solution de s\u00e9curit\u00e9 sophistiqu\u00e9e qui offre une couverture compl\u00e8te, une grande pr\u00e9cision et une durabilit\u00e9 exceptionnelle. Ses caract\u00e9ristiques avanc\u00e9es et sa conception conviviale en font un investissement pr\u00e9cieux pour tous ceux qui cherchent \u00e0 am\u00e9liorer la s\u00e9curit\u00e9 de leur propri\u00e9t\u00e9. Faites confiance au WECO-917G pour vous apporter la tranquillit\u00e9 d'esprit que vous m\u00e9ritez.<\/p>","protected":false},"excerpt":{"rendered":"<ul>\n<li>\n<h5>S\u00e9rie G : Le mod\u00e8le deux en un d'Hitachi est une combinaison de bords sensibles traditionnels et de faisceaux infrarouges multiples.<\/h5>\n<\/li>\n<li>\n<h5>154 faisceaux 32 diodes<\/h5>\n<\/li>\n<li>\n<h5>Tension : AC220V, AC110V, DC24V<\/h5>\n<\/li>\n<li>\n<h5>Hauteur standard de 2100 mm<\/h5>\n<\/li>\n<li>\n<h5>Port\u00e9e de d\u00e9tection de 4000 mm<\/h5>\n<\/li>\n<li>\n<h5>IP54<\/h5>\n<\/li>\n<li>\n<h5>EN81-70<\/h5>\n<\/li>\n<li>\n<h5>Emballage individuel des tubes, cinq tubes par paquet.<\/h5>\n<\/li>\n<li>\n<h5>Veuillez acheter des supports m\u00e9caniques assortis pour l'installation.<\/h5>\n<\/li>\n<\/ul>","protected":false},"featured_media":1250,"comment_status":"open","ping_status":"closed","template":"","meta":[],"product_cat":[44,49],"product_tag":[],"class_list":{"0":"post-1287","1":"product","2":"type-product","3":"status-publish","4":"has-post-thumbnail","6":"product_cat-2-in-1-elevator-door-detector","7":"product_cat-products","9":"first","10":"instock","11":"shipping-taxable","12":"product-type-simple"},"jetpack_sharing_enabled":true,"_links":{"self":[{"href":"https:\/\/elevatorlightcurtains.com\/fr\/wp-json\/wp\/v2\/product\/1287","targetHints":{"allow":["GET"]}}],"collection":[{"href":"https:\/\/elevatorlightcurtains.com\/fr\/wp-json\/wp\/v2\/product"}],"about":[{"href":"https:\/\/elevatorlightcurtains.com\/fr\/wp-json\/wp\/v2\/types\/product"}],"replies":[{"embeddable":true,"href":"https:\/\/elevatorlightcurtains.com\/fr\/wp-json\/wp\/v2\/comments?post=1287"}],"wp:featuredmedia":[{"embeddable":true,"href":"https:\/\/elevatorlightcurtains.com\/fr\/wp-json\/wp\/v2\/media\/1250"}],"wp:attachment":[{"href":"https:\/\/elevatorlightcurtains.com\/fr\/wp-json\/wp\/v2\/media?parent=1287"}],"wp:term":[{"taxonomy":"product_cat","embeddable":true,"href":"https:\/\/elevatorlightcurtains.com\/fr\/wp-json\/wp\/v2\/product_cat?post=1287"},{"taxonomy":"product_tag","embeddable":true,"href":"https:\/\/elevatorlightcurtains.com\/fr\/wp-json\/wp\/v2\/product_tag?post=1287"}],"curies":[{"name":"wp","href":"https:\/\/api.w.org\/{rel}","templated":true}]}}