{"id":1282,"date":"2024-03-10T07:51:22","date_gmt":"2024-03-10T07:51:22","guid":{"rendered":"https:\/\/elevatorlightcurtains.com\/?post_type=product&#038;p=1282"},"modified":"2025-01-01T07:27:02","modified_gmt":"2025-01-01T07:27:02","slug":"elevator-door-safety-edge-weco-917f","status":"publish","type":"product","link":"https:\/\/elevatorlightcurtains.com\/fr\/produit\/elevator-door-safety-edge-weco-917f\/","title":{"rendered":"Bord de s\u00e9curit\u00e9 pour porte d'ascenseur WECO-917F"},"content":{"rendered":"<p>Le bord sensible de s\u00e9curit\u00e9 pour porte d'ascenseur WECO-917F est une solution de s\u00e9curit\u00e9 de pointe con\u00e7ue pour garantir une s\u00e9curit\u00e9 et une fiabilit\u00e9 maximales dans les op\u00e9rations d'ascenseur. Ce produit t\u00e9moigne de notre engagement \u00e0 fournir des solutions de s\u00e9curit\u00e9 de haute qualit\u00e9, innovantes et conviviales pour les ascenseurs.<\/p>\n<p><img data-recalc-dims=\"1\" fetchpriority=\"high\" decoding=\"async\" class=\"alignnone wp-image-1273 size-full\" src=\"https:\/\/i0.wp.com\/elevatorlightcurtains.com\/wp-content\/uploads\/2024\/03\/917F-scaled.jpg?resize=800%2C2226&#038;ssl=1\" alt=\"\" width=\"800\" height=\"2226\" srcset=\"https:\/\/i0.wp.com\/elevatorlightcurtains.com\/wp-content\/uploads\/2024\/03\/917F-scaled.jpg?w=920&amp;ssl=1 920w, https:\/\/i0.wp.com\/elevatorlightcurtains.com\/wp-content\/uploads\/2024\/03\/917F-scaled.jpg?resize=108%2C300&amp;ssl=1 108w, https:\/\/i0.wp.com\/elevatorlightcurtains.com\/wp-content\/uploads\/2024\/03\/917F-scaled.jpg?resize=368%2C1024&amp;ssl=1 368w, https:\/\/i0.wp.com\/elevatorlightcurtains.com\/wp-content\/uploads\/2024\/03\/917F-scaled.jpg?resize=768%2C2137&amp;ssl=1 768w, https:\/\/i0.wp.com\/elevatorlightcurtains.com\/wp-content\/uploads\/2024\/03\/917F-scaled.jpg?resize=552%2C1536&amp;ssl=1 552w, https:\/\/i0.wp.com\/elevatorlightcurtains.com\/wp-content\/uploads\/2024\/03\/917F-scaled.jpg?resize=736%2C2048&amp;ssl=1 736w, https:\/\/i0.wp.com\/elevatorlightcurtains.com\/wp-content\/uploads\/2024\/03\/917F-scaled.jpg?resize=600%2C1670&amp;ssl=1 600w\" sizes=\"(max-width: 800px) 100vw, 800px\" \/><\/p>\n<p>&nbsp;<\/p>\n<p>Le WECO-917F est un syst\u00e8me avanc\u00e9 de protection des portes d'ascenseur qui a \u00e9t\u00e9 m\u00e9ticuleusement con\u00e7u pour offrir une protection sup\u00e9rieure contre les accidents et les blessures. Il est con\u00e7u pour d\u00e9tecter tout obstacle sur la trajectoire des portes d'ascenseur en cours de fermeture et signaler imm\u00e9diatement au syst\u00e8me de contr\u00f4le d'arr\u00eater ou d'inverser le fonctionnement de la porte. Les passagers peuvent ainsi entrer et sortir de l'ascenseur en toute s\u00e9curit\u00e9, sans craindre d'\u00eatre pris dans les portes qui se ferment.<\/p>\n<p>Le WECO-917F est \u00e9quip\u00e9 d'une technologie de pointe de rideau lumineux infrarouge qui fournit une grille dense de faisceaux lumineux invisibles sur toute la hauteur et la largeur de l'ouverture de la porte de l'ascenseur. Cette technologie permet une d\u00e9tection pr\u00e9cise des plus petites obstructions, y compris les mains, les pieds, les bagages, les animaux domestiques ou tout autre objet qui pourrait potentiellement \u00eatre coinc\u00e9 dans les portes qui se ferment.<\/p>\n<p>L'une des caract\u00e9ristiques principales du WECO-917F est sa conception robuste. Il est construit avec des mat\u00e9riaux de haute qualit\u00e9 qui r\u00e9sistent \u00e0 l'usure, garantissant des performances durables m\u00eame dans des environnements tr\u00e8s fr\u00e9quent\u00e9s. Le syst\u00e8me est \u00e9galement con\u00e7u pour r\u00e9sister \u00e0 diverses conditions environnementales telles que la poussi\u00e8re, l'humidit\u00e9 et les fluctuations de temp\u00e9rature, ce qui permet de l'installer dans un large \u00e9ventail d'environnements.<\/p>\n<p>Le WECO-917F n'est pas seulement une question de s\u00e9curit\u00e9, c'est aussi une question de commodit\u00e9. Le syst\u00e8me est facile \u00e0 installer et ne n\u00e9cessite qu'une maintenance minimale, ce qui en fait un choix id\u00e9al pour les propri\u00e9taires d'immeubles et les gestionnaires immobiliers qui veulent assurer la s\u00e9curit\u00e9 sans ajouter de complexit\u00e9 ou de co\u00fbts inutiles. Le design \u00e9l\u00e9gant du syst\u00e8me s'int\u00e8gre parfaitement \u00e0 l'int\u00e9rieur de n'importe quel ascenseur, am\u00e9liorant l'esth\u00e9tique tout en offrant une s\u00e9curit\u00e9 de premier ordre.<\/p>\n<p>De plus, le WECO-917F est conforme \u00e0 toutes les normes et r\u00e9glementations internationales en mati\u00e8re de s\u00e9curit\u00e9. Vous avez ainsi l'assurance d'investir dans un produit qui r\u00e9pond aux normes de s\u00e9curit\u00e9 les plus strictes et vous pouvez avoir l'esprit tranquille en sachant que vos op\u00e9rations d'ascenseur sont prot\u00e9g\u00e9es par une solution de s\u00e9curit\u00e9 fiable et \u00e9prouv\u00e9e.<\/p>\n<p>En r\u00e9sum\u00e9, le bord sensible de s\u00e9curit\u00e9 pour porte d'ascenseur WECO-917F est une solution de s\u00e9curit\u00e9 sophistiqu\u00e9e, fiable et rentable qui combine une technologie avanc\u00e9e, une conception robuste et une grande facilit\u00e9 d'utilisation. Il est con\u00e7u pour am\u00e9liorer la s\u00e9curit\u00e9 des op\u00e9rations d'ascenseur tout en offrant une exp\u00e9rience transparente \u00e0 l'utilisateur. Investissez d\u00e8s aujourd'hui dans le WECO-917F et faites un pas important vers la s\u00e9curit\u00e9 de vos op\u00e9rations d'ascenseur.<\/p>","protected":false},"excerpt":{"rendered":"<ul>\n<li>\n<h5>S\u00e9rie F : Le mod\u00e8le deux en un de Toshiba est une combinaison de bords sensibles traditionnels et de faisceaux infrarouges multiples.<\/h5>\n<\/li>\n<li>\n<h5>154 faisceaux 32 diodes<\/h5>\n<\/li>\n<li>\n<h5>Tension : AC220V, AC110V, DC24V<\/h5>\n<\/li>\n<li>\n<h5>Hauteur standard de 2100 mm<\/h5>\n<\/li>\n<li>\n<h5>Port\u00e9e de d\u00e9tection de 4000 mm<\/h5>\n<\/li>\n<li>\n<h5>IP54<\/h5>\n<\/li>\n<li>\n<h5>EN81-70<\/h5>\n<\/li>\n<li>\n<h5>Emballage individuel des tubes, cinq tubes par paquet.<\/h5>\n<\/li>\n<li>\n<h5>Des hauteurs et des longueurs de c\u00e2bles sp\u00e9ciales peuvent \u00eatre fabriqu\u00e9es sur mesure.<\/h5>\n<\/li>\n<li>\n<h5>Veuillez acheter des supports m\u00e9caniques assortis pour l'installation.<\/h5>\n<\/li>\n<\/ul>","protected":false},"featured_media":1249,"comment_status":"open","ping_status":"closed","template":"","meta":[],"product_cat":[44,49],"product_tag":[],"class_list":{"0":"post-1282","1":"product","2":"type-product","3":"status-publish","4":"has-post-thumbnail","6":"product_cat-2-in-1-elevator-door-detector","7":"product_cat-products","9":"first","10":"instock","11":"shipping-taxable","12":"product-type-simple"},"jetpack_sharing_enabled":true,"_links":{"self":[{"href":"https:\/\/elevatorlightcurtains.com\/fr\/wp-json\/wp\/v2\/product\/1282","targetHints":{"allow":["GET"]}}],"collection":[{"href":"https:\/\/elevatorlightcurtains.com\/fr\/wp-json\/wp\/v2\/product"}],"about":[{"href":"https:\/\/elevatorlightcurtains.com\/fr\/wp-json\/wp\/v2\/types\/product"}],"replies":[{"embeddable":true,"href":"https:\/\/elevatorlightcurtains.com\/fr\/wp-json\/wp\/v2\/comments?post=1282"}],"wp:featuredmedia":[{"embeddable":true,"href":"https:\/\/elevatorlightcurtains.com\/fr\/wp-json\/wp\/v2\/media\/1249"}],"wp:attachment":[{"href":"https:\/\/elevatorlightcurtains.com\/fr\/wp-json\/wp\/v2\/media?parent=1282"}],"wp:term":[{"taxonomy":"product_cat","embeddable":true,"href":"https:\/\/elevatorlightcurtains.com\/fr\/wp-json\/wp\/v2\/product_cat?post=1282"},{"taxonomy":"product_tag","embeddable":true,"href":"https:\/\/elevatorlightcurtains.com\/fr\/wp-json\/wp\/v2\/product_tag?post=1282"}],"curies":[{"name":"wp","href":"https:\/\/api.w.org\/{rel}","templated":true}]}}