{"id":1280,"date":"2024-03-10T07:12:38","date_gmt":"2024-03-10T07:12:38","guid":{"rendered":"https:\/\/elevatorlightcurtains.com\/?post_type=product&#038;p=1280"},"modified":"2025-01-01T07:27:17","modified_gmt":"2025-01-01T07:27:17","slug":"2-in-1-safety-door-sensor-mistubishi-917e","status":"publish","type":"product","link":"https:\/\/elevatorlightcurtains.com\/fr\/produit\/2-in-1-safety-door-sensor-mistubishi-917e\/","title":{"rendered":"Capteur de porte de s\u00e9curit\u00e9 Mistubishi 917E"},"content":{"rendered":"<p>Nous vous pr\u00e9sentons le d\u00e9tecteur de s\u00e9curit\u00e9 2 en 1 pour porte Mitsubishi type 917E, combin\u00e9 avec un panneau tactile de s\u00e9curit\u00e9 et un rideau de lumi\u00e8re, install\u00e9 avec des supports m\u00e9caniques. Il s'agit d'un produit r\u00e9volutionnaire qui combine une technologie avanc\u00e9e avec un design sup\u00e9rieur pour fournir un niveau de s\u00e9curit\u00e9 in\u00e9gal\u00e9 pour votre maison ou votre entreprise. Ce produit t\u00e9moigne de l'engagement de WECO en faveur de l'innovation, de la qualit\u00e9 et de la satisfaction du client.<\/p>\n<p><img data-recalc-dims=\"1\" fetchpriority=\"high\" decoding=\"async\" class=\"alignnone wp-image-1272 size-full\" src=\"https:\/\/i0.wp.com\/elevatorlightcurtains.com\/wp-content\/uploads\/2024\/03\/917E-scaled.jpg?resize=800%2C2216&#038;ssl=1\" alt=\"\" width=\"800\" height=\"2216\" srcset=\"https:\/\/i0.wp.com\/elevatorlightcurtains.com\/wp-content\/uploads\/2024\/03\/917E-scaled.jpg?w=924&amp;ssl=1 924w, https:\/\/i0.wp.com\/elevatorlightcurtains.com\/wp-content\/uploads\/2024\/03\/917E-scaled.jpg?resize=108%2C300&amp;ssl=1 108w, https:\/\/i0.wp.com\/elevatorlightcurtains.com\/wp-content\/uploads\/2024\/03\/917E-scaled.jpg?resize=370%2C1024&amp;ssl=1 370w, https:\/\/i0.wp.com\/elevatorlightcurtains.com\/wp-content\/uploads\/2024\/03\/917E-scaled.jpg?resize=768%2C2128&amp;ssl=1 768w, https:\/\/i0.wp.com\/elevatorlightcurtains.com\/wp-content\/uploads\/2024\/03\/917E-scaled.jpg?resize=554%2C1536&amp;ssl=1 554w, https:\/\/i0.wp.com\/elevatorlightcurtains.com\/wp-content\/uploads\/2024\/03\/917E-scaled.jpg?resize=739%2C2048&amp;ssl=1 739w, https:\/\/i0.wp.com\/elevatorlightcurtains.com\/wp-content\/uploads\/2024\/03\/917E-scaled.jpg?resize=600%2C1663&amp;ssl=1 600w\" sizes=\"(max-width: 800px) 100vw, 800px\" \/><\/p>\n<p>&nbsp;<\/p>\n<p>Il est con\u00e7u pour d\u00e9tecter \u00e0 la fois l'ouverture et la fermeture de la porte, ce qui vous permet d'\u00eatre alert\u00e9 en temps r\u00e9el et de b\u00e9n\u00e9ficier d'une protection maximale contre les entr\u00e9es non autoris\u00e9es. Cette double fonctionnalit\u00e9 en fait un outil indispensable pour maintenir la s\u00e9curit\u00e9 de vos locaux.<\/p>\n<p>Le capteur est \u00e9quip\u00e9 d'une technologie de pointe qui garantit une d\u00e9tection pr\u00e9cise et une notification imm\u00e9diate. Il utilise une technologie infrarouge avanc\u00e9e pour d\u00e9tecter les mouvements, ce qui permet de s'assurer que la moindre ouverture de porte ne passe pas inaper\u00e7ue. Le capteur est \u00e9galement dot\u00e9 d'un syst\u00e8me d'alarme int\u00e9gr\u00e9 qui d\u00e9clenche une alerte lorsque la porte est ouverte ou ferm\u00e9e sans autorisation, ce qui vous permet d'\u00eatre averti imm\u00e9diatement et d'agir rapidement.<\/p>\n<p>Le processus d'installation du capteur de s\u00e9curit\u00e9 2 en 1 pour porte 917E est simple et sans probl\u00e8me. Le capteur est livr\u00e9 avec un manuel d'instructions d\u00e9taill\u00e9 qui vous guide \u00e0 chaque \u00e9tape du processus d'installation. Il est con\u00e7u pour \u00eatre facilement mont\u00e9 sur n'importe quel cadre de porte, ce qui en fait une solution polyvalente pour tous les types de portes.<\/p>\n<p>Le d\u00e9tecteur de porte de s\u00e9curit\u00e9 2 en 1 Mitsubishi type 917E est plus qu'un simple produit, c'est une promesse de s\u00e9curit\u00e9 et de tranquillit\u00e9 d'esprit. Il t\u00e9moigne de l'engagement de WECO \u00e0 fournir des solutions innovantes qui r\u00e9pondent aux besoins de ses clients. Avec ses fonctions avanc\u00e9es, sa construction robuste et son processus d'installation facile, ce capteur est un compl\u00e9ment pr\u00e9cieux \u00e0 tout syst\u00e8me de s\u00e9curit\u00e9 domestique ou professionnel.<\/p>\n<p>En conclusion, le d\u00e9tecteur de porte de s\u00e9curit\u00e9 2 en 1 917E est une solution de s\u00e9curit\u00e9 de haute qualit\u00e9, fiable et efficace. Il offre des performances sup\u00e9rieures, des fonctions avanc\u00e9es et une construction robuste, ce qui en fait un excellent investissement pour tous ceux qui cherchent \u00e0 renforcer la s\u00e9curit\u00e9 de leurs locaux. Faites confiance \u00e0 la qualit\u00e9 et \u00e0 la fiabilit\u00e9 de WECO pour vous fournir le nec plus ultra de la technologie des d\u00e9tecteurs de porte.<\/p>","protected":false},"excerpt":{"rendered":"<ul>\n<li>\n<h5>S\u00e9rie E : barri\u00e8re immat\u00e9rielle 2 en 1, combinant un panneau tactile de s\u00e9curit\u00e9 et une barri\u00e8re immat\u00e9rielle, install\u00e9e avec des supports m\u00e9caniques, la zone de la porte peut b\u00e9n\u00e9ficier d'une double s\u00e9curit\u00e9.<\/h5>\n<\/li>\n<li>\n<h5>154 faisceaux 32 diodes<\/h5>\n<\/li>\n<li>\n<h5>Tension : AC220V, AC110V<\/h5>\n<\/li>\n<li>\n<h5>Hauteur standard de 2000 mm<\/h5>\n<\/li>\n<li>\n<h5>Port\u00e9e de d\u00e9tection de 4000 mm<\/h5>\n<\/li>\n<li>\n<h5>IP54<\/h5>\n<\/li>\n<li>\n<h5>EN81-70<\/h5>\n<\/li>\n<li>\n<h5>Emballage individuel des tubes, cinq tubes par paquet.<\/h5>\n<\/li>\n<li>\n<h5>Des hauteurs et des longueurs de c\u00e2bles sp\u00e9ciales peuvent \u00eatre fabriqu\u00e9es sur mesure.<\/h5>\n<\/li>\n<li>\n<h5>Veuillez acheter des supports m\u00e9caniques assortis pour l'installation.<\/h5>\n<\/li>\n<\/ul>","protected":false},"featured_media":1248,"comment_status":"open","ping_status":"closed","template":"","meta":[],"product_cat":[44,49],"product_tag":[],"class_list":{"0":"post-1280","1":"product","2":"type-product","3":"status-publish","4":"has-post-thumbnail","6":"product_cat-2-in-1-elevator-door-detector","7":"product_cat-products","9":"first","10":"instock","11":"shipping-taxable","12":"product-type-simple"},"jetpack_sharing_enabled":true,"_links":{"self":[{"href":"https:\/\/elevatorlightcurtains.com\/fr\/wp-json\/wp\/v2\/product\/1280","targetHints":{"allow":["GET"]}}],"collection":[{"href":"https:\/\/elevatorlightcurtains.com\/fr\/wp-json\/wp\/v2\/product"}],"about":[{"href":"https:\/\/elevatorlightcurtains.com\/fr\/wp-json\/wp\/v2\/types\/product"}],"replies":[{"embeddable":true,"href":"https:\/\/elevatorlightcurtains.com\/fr\/wp-json\/wp\/v2\/comments?post=1280"}],"wp:featuredmedia":[{"embeddable":true,"href":"https:\/\/elevatorlightcurtains.com\/fr\/wp-json\/wp\/v2\/media\/1248"}],"wp:attachment":[{"href":"https:\/\/elevatorlightcurtains.com\/fr\/wp-json\/wp\/v2\/media?parent=1280"}],"wp:term":[{"taxonomy":"product_cat","embeddable":true,"href":"https:\/\/elevatorlightcurtains.com\/fr\/wp-json\/wp\/v2\/product_cat?post=1280"},{"taxonomy":"product_tag","embeddable":true,"href":"https:\/\/elevatorlightcurtains.com\/fr\/wp-json\/wp\/v2\/product_tag?post=1280"}],"curies":[{"name":"wp","href":"https:\/\/api.w.org\/{rel}","templated":true}]}}