{"id":2033,"date":"2025-01-05T07:53:24","date_gmt":"2025-01-05T07:53:24","guid":{"rendered":"https:\/\/elevatorlightcurtains.com\/?post_type=product&#038;p=2033"},"modified":"2025-02-08T07:09:27","modified_gmt":"2025-02-08T07:09:27","slug":"premium-elevator-light-curtain-for-parts-replacement-weco-917b-110v-220v","status":"publish","type":"product","link":"https:\/\/elevatorlightcurtains.com\/es\/producto\/premium-elevator-light-curtain-for-parts-replacement-weco-917b-110v-220v\/","title":{"rendered":"Premium Ascensor Cortina de Luz para piezas de repuesto WECO 917B 110V 220V"},"content":{"rendered":"<p><strong>Cortina de luz de ascensor Premium para sustituci\u00f3n de piezas<\/strong><\/p>\n<p>Las cortinas \u00f3pticas para ascensores desempe\u00f1an un papel crucial a la hora de garantizar la seguridad y la eficacia del funcionamiento de los ascensores. La cortina de luz para ascensores Premium est\u00e1 dise\u00f1ada para sustituir piezas obsoletas y mejorar el mecanismo de seguridad general de su sistema de ascensores. Con los avances tecnol\u00f3gicos y la creciente necesidad de soluciones fiables en el sector de los ascensores, este producto destaca como un componente esencial para los ascensores modernos.<\/p>\n<p><strong>Caracter\u00edsticas principales:<\/strong><\/p>\n<p>La cortina de luz para ascensores Premium est\u00e1 dise\u00f1ada con tecnolog\u00eda de infrarrojos pasivos de \u00faltima generaci\u00f3n, que proporciona un sistema de detecci\u00f3n robusto y fiable. Su elegante dise\u00f1o garantiza que se adapte perfectamente a varias configuraciones de ascensores, al tiempo que ofrece una gama excepcional de capacidades de detecci\u00f3n. Fabricado por un reputado fabricante en China, cada unidad se somete a estrictos controles de calidad, lo que garantiza que usted reciba un producto duradero y eficaz. La inclusi\u00f3n de sensores mejorados en esta cortina de luz reduce significativamente las falsas alarmas al tiempo que proporciona una respuesta en tiempo real que es vital para el funcionamiento eficaz de la puerta. Para piezas alternativas que puedan mejorar sus sistemas, tambi\u00e9n puede considerar las piezas de cortina de luz para detector de puerta de ascensor disponibles aqu\u00ed.<\/p>\n<p><strong>Ventajas:<\/strong><\/p>\n<p>La incorporaci\u00f3n de la cortina de luz Premium Elevator a su sistema de ascensores no s\u00f3lo mejora la seguridad, sino que tambi\u00e9n aumenta la eficacia operativa. Los usuarios se beneficiar\u00e1n de un mayor nivel de fiabilidad, reduciendo el riesgo de accidentes relacionados con las puertas. Como proveedor dedicado a ofrecer soluciones rentables, entendemos que la seguridad es primordial, por lo que nuestros productos est\u00e1n dise\u00f1ados para cumplir y superar las normas del sector. Adem\u00e1s, disponemos de opciones OEM que permiten una integraci\u00f3n a medida en los sistemas existentes. Esto garantiza una transici\u00f3n sin problemas y preserva la integridad de las operaciones de su ascensor.<\/p>\n<p><strong>Aplicaciones:<\/strong><\/p>\n<p>Esta cortina de luz es ideal para diversas aplicaciones, incluidos ascensores residenciales y comerciales, as\u00ed como instalaciones especializadas como hospitales. Su versatilidad permite un uso eficaz en una amplia gama de tipos de ascensores, garantizando el cumplimiento universal de los protocolos de seguridad. El detector de seguridad de puerta de ascensor para uso residencial ejemplifica c\u00f3mo nuestro producto puede adaptarse para satisfacer diversas demandas de seguridad.<\/p>\n<p><strong>Diferenciaci\u00f3n y ventajas:<\/strong><\/p>\n<p>Lo que diferencia a la cortina de luz para ascensores Premium de sus competidores es su combinaci\u00f3n de calidad, funcionalidad y precio. Como productor y exportador al por mayor de componentes para ascensores, ofrecemos precios al por mayor inigualables en el sector. Al seleccionar nuestros productos, no s\u00f3lo est\u00e1 invirtiendo en tecnolog\u00eda superior, sino que tambi\u00e9n se est\u00e1 asegurando un ahorro a largo plazo gracias a nuestras rentables opciones de compra al por mayor. Adem\u00e1s, nuestro compromiso con la satisfacci\u00f3n del cliente le garantiza que recibir\u00e1 asistencia y recursos adaptados a sus necesidades espec\u00edficas, lo que nos convierte en la opci\u00f3n preferida frente a otros proveedores.<\/p>\n<p>En conclusi\u00f3n, cuando busque una cortina de luz para ascensores que le brinde seguridad, confiabilidad y eficiencia excepcionales, la Cortina de Luz para Ascensores Premium es su mejor opci\u00f3n. Para recursos y piezas adicionales, puede explorar nuestra gama de productos, incluyendo el sistema de detecci\u00f3n de puertas de ascensores y el dispositivo de detecci\u00f3n de ascensores de cinta de acero. Conf\u00ede en nuestra reputaci\u00f3n como fabricante y proveedor l\u00edder para ofrecer soluciones de calidad para las necesidades de su negocio.<\/p>\n<div style=\"justify-content: space - between; align-items: stretch;\">\n<figure id=\"attachment_1527\" class=\"wp-caption alignnone\" style=\"width: 911px;\"><img data-recalc-dims=\"1\" fetchpriority=\"high\" decoding=\"async\" class=\"alignnone wp-image-1917\" src=\"https:\/\/i0.wp.com\/elevatorlightcurtains.com\/wp-content\/uploads\/2025\/01\/weco-elevator-light-curtain.webp?resize=800%2C1037&#038;ssl=1\" alt=\"\" width=\"800\" height=\"1037\" srcset=\"https:\/\/i0.wp.com\/elevatorlightcurtains.com\/wp-content\/uploads\/2025\/01\/weco-elevator-light-curtain.webp?w=1000&amp;ssl=1 1000w, https:\/\/i0.wp.com\/elevatorlightcurtains.com\/wp-content\/uploads\/2025\/01\/weco-elevator-light-curtain.webp?resize=231%2C300&amp;ssl=1 231w, https:\/\/i0.wp.com\/elevatorlightcurtains.com\/wp-content\/uploads\/2025\/01\/weco-elevator-light-curtain.webp?resize=789%2C1024&amp;ssl=1 789w, https:\/\/i0.wp.com\/elevatorlightcurtains.com\/wp-content\/uploads\/2025\/01\/weco-elevator-light-curtain.webp?resize=768%2C997&amp;ssl=1 768w, https:\/\/i0.wp.com\/elevatorlightcurtains.com\/wp-content\/uploads\/2025\/01\/weco-elevator-light-curtain.webp?resize=9%2C12&amp;ssl=1 9w, https:\/\/i0.wp.com\/elevatorlightcurtains.com\/wp-content\/uploads\/2025\/01\/weco-elevator-light-curtain.webp?resize=600%2C779&amp;ssl=1 600w\" sizes=\"(max-width: 800px) 100vw, 800px\" \/><\/figure>\n<p><img data-recalc-dims=\"1\" decoding=\"async\" class=\"alignnone size-full wp-image-1519\" style=\"width: 48%; height: auto;\" src=\"https:\/\/i0.wp.com\/elevatorlightcurtains.com\/wp-content\/uploads\/2025\/01\/%E5%BE%AE%E4%BF%A1%E5%9B%BE%E7%89%87_20230714163000%20-%20scaled.jpg?w=800&#038;ssl=1\" alt=\"\" \/><\/p>\n<\/div>\n<p>&nbsp;<\/p>\n<h2 id=\"faqs-for-premium-elevator-light-curtain-parts-replacement\">Preguntas frecuentes sobre la sustituci\u00f3n de piezas de cortinas de luz para ascensores Premium<\/h2>\n<h3 id=\"what-are-the-factors-that-impact-the-price-of-replacement-parts-for-a-premium-elevator-light-curtain\">\u00bfCu\u00e1les son los factores que influyen en el precio de las piezas de recambio de una cortina \u00f3ptica de ascensor de alta calidad?<\/h3>\n<p>El precio de las piezas de recambio para una cortina \u00f3ptica de ascensor de alta calidad puede verse influido por factores como la marca de la cortina, la complejidad de la tecnolog\u00eda utilizada y los componentes espec\u00edficos que deben sustituirse. Adem\u00e1s, la disponibilidad de las piezas y la necesidad de una instalaci\u00f3n especializada tambi\u00e9n pueden afectar al coste global.<\/p>\n<h3 id=\"where-can-i-find-replacement-parts-for-a-premium-elevator-light-curtain\">\u00bfD\u00f3nde puedo encontrar piezas de repuesto para una cortina \u00f3ptica de ascensor de alta calidad?<\/h3>\n<p>Las piezas de repuesto para una cortina \u00f3ptica de ascensor de alta calidad suelen adquirirse a trav\u00e9s de vendedores o distribuidores autorizados de la marca o modelo espec\u00edfico de la cortina. Las plataformas en l\u00ednea como Amazon tambi\u00e9n pueden ofrecer una gama de piezas de repuesto para cortinas de luz para ascensores, pero es esencial asegurarse de que las piezas son compatibles con su modelo espec\u00edfico antes de realizar la compra.<\/p>\n<h3 id=\"how-can-i-determine-the-correct-replacement-part-needed-for-my-premium-elevator-light-curtain\">\u00bfC\u00f3mo puedo determinar la pieza de recambio correcta que necesita mi cortina \u00f3ptica para ascensores Premium?<\/h3>\n<p>Para identificar la pieza de repuesto correcta para su cortina de luz de ascensor de alta calidad, se recomienda consultar el manual del fabricante o ponerse en contacto directamente con el fabricante para obtener ayuda. Proporcionar detalles como el n\u00famero de modelo y el problema espec\u00edfico con la cortina puede ayudar a obtener la pieza de repuesto adecuada para una correcta instalaci\u00f3n y funcionalidad.<\/p>\n<h3 id=\"what-is-the-harmonized-system-hs-code-for-elevator-light-curtains\">\u00bfCu\u00e1l es el c\u00f3digo del Sistema Armonizado (SA) de las cortinas \u00f3pticas para ascensores?<\/h3>\n<p>El c\u00f3digo del Sistema Armonizado (HS) de las cortinas de luz para ascensores se clasifica normalmente en el c\u00f3digo 843131 del HS, que se designa espec\u00edficamente para aparatos el\u00e9ctricos de conmutaci\u00f3n o protecci\u00f3n de circuitos el\u00e9ctricos. Esta clasificaci\u00f3n ayuda a identificar y categorizar las cortinas de luz para ascensores a efectos de comercio internacional y aduanas.<\/p>\n<h3 id=\"can-you-explain-what-a-safety-light-curtain-is-and-its-function-in-elevator-systems\">\u00bfPuede explicar qu\u00e9 es una cortina \u00f3ptica de seguridad y su funci\u00f3n en los sistemas de ascensores?<\/h3>\n<p>Una cortina \u00f3ptica de seguridad es un dispositivo basado en sensores que se instala en los ascensores para mejorar la seguridad de los pasajeros detectando cualquier obst\u00e1culo u objeto en la abertura de la puerta. Cuando se detecta un obst\u00e1culo, la cortina \u00f3ptica de seguridad hace que las puertas del ascensor se vuelvan a abrir o permanezcan cerradas, evitando as\u00ed accidentes o lesiones. Esta funci\u00f3n de seguridad crucial contribuye a garantizar un funcionamiento fluido y seguro de los sistemas de ascensores.<\/p>","protected":false},"excerpt":{"rendered":"<p>La cortina de luz para ascensores Premium para sustituci\u00f3n de piezas est\u00e1 dise\u00f1ada para mejorar la seguridad de los sistemas de ascensores. Con una especificaci\u00f3n duradera, es ideal para garantizar el cumplimiento en edificios comerciales y residenciales. Con sensores de alta visibilidad, ofrece una mayor seguridad y fiabilidad para el sector de los ascensores.<\/p>","protected":false},"featured_media":1246,"comment_status":"open","ping_status":"closed","template":"","meta":[],"product_cat":[46],"product_tag":[],"class_list":{"0":"post-2033","1":"product","2":"type-product","3":"status-publish","4":"has-post-thumbnail","6":"product_cat-lift-infrared-sensor","8":"first","9":"instock","10":"shipping-taxable","11":"product-type-simple"},"jetpack_sharing_enabled":true,"_links":{"self":[{"href":"https:\/\/elevatorlightcurtains.com\/es\/wp-json\/wp\/v2\/product\/2033","targetHints":{"allow":["GET"]}}],"collection":[{"href":"https:\/\/elevatorlightcurtains.com\/es\/wp-json\/wp\/v2\/product"}],"about":[{"href":"https:\/\/elevatorlightcurtains.com\/es\/wp-json\/wp\/v2\/types\/product"}],"replies":[{"embeddable":true,"href":"https:\/\/elevatorlightcurtains.com\/es\/wp-json\/wp\/v2\/comments?post=2033"}],"wp:featuredmedia":[{"embeddable":true,"href":"https:\/\/elevatorlightcurtains.com\/es\/wp-json\/wp\/v2\/media\/1246"}],"wp:attachment":[{"href":"https:\/\/elevatorlightcurtains.com\/es\/wp-json\/wp\/v2\/media?parent=2033"}],"wp:term":[{"taxonomy":"product_cat","embeddable":true,"href":"https:\/\/elevatorlightcurtains.com\/es\/wp-json\/wp\/v2\/product_cat?post=2033"},{"taxonomy":"product_tag","embeddable":true,"href":"https:\/\/elevatorlightcurtains.com\/es\/wp-json\/wp\/v2\/product_tag?post=2033"}],"curies":[{"name":"wp","href":"https:\/\/api.w.org\/{rel}","templated":true}]}}