{"id":2006,"date":"2025-01-05T07:21:02","date_gmt":"2025-01-05T07:21:02","guid":{"rendered":"https:\/\/elevatorlightcurtains.com\/?post_type=product&#038;p=2006"},"modified":"2025-02-14T06:35:22","modified_gmt":"2025-02-14T06:35:22","slug":"weco-infra-red-elevator-door-detector-ce-csa-certified-94-beams-express-elevator","status":"publish","type":"product","link":"https:\/\/elevatorlightcurtains.com\/es\/producto\/weco-infra-red-elevator-door-detector-ce-csa-certified-94-beams-express-elevator\/","title":{"rendered":"Weco Infra-Red Ascensor Detector de Puerta CE, CSA Certificado 94 Vigas Ascensor Express"},"content":{"rendered":"<h2 id=\"introducing-the-weco-infra-red-elevator-door-detector\"><strong>Presentaci\u00f3n del detector de infrarrojos para puertas de ascensor de Weco<\/strong><\/h2>\n<p>En <strong>Detector de puerta de ascensor por infrarrojos Weco<\/strong> es una soluci\u00f3n de vanguardia dise\u00f1ada para mejorar la seguridad y la eficacia de los ascensores en diversos entornos comerciales y residenciales. Como componente esencial de los sistemas de ascensores contempor\u00e1neos, este detector garantiza que las puertas de los ascensores funcionen con suavidad y seguridad, minimizando el riesgo de accidentes. El dispositivo est\u00e1 certificado por CE y CSA, lo que significa que cumple con rigurosos est\u00e1ndares de seguridad y rendimiento. Como fabricante y proveedor con sede en China, nos enorgullecemos de producir productos fiables adaptados para satisfacer las necesidades de nuestra clientela mundial.<\/p>\n<h2 id=\"key-features\"><strong>Caracter\u00edsticas principales<\/strong><\/h2>\n<p>El detector de infrarrojos para puertas de ascensor de Weco cuenta con funciones tecnol\u00f3gicas avanzadas, como la detecci\u00f3n pasiva por infrarrojos, que detecta con precisi\u00f3n el movimiento y la proximidad de objetos. El sistema est\u00e1 fabricado con materiales de alta calidad, lo que aumenta su durabilidad y rendimiento. Con un \u00e9nfasis en la facilidad de uso, la instalaci\u00f3n es sencilla, y el producto est\u00e1 dise\u00f1ado para una fiabilidad duradera incluso en zonas de mucho tr\u00e1fico. Para obtener una visi\u00f3n general completa, consulte nuestro <a href=\"https:\/\/elevatorlightcurtains.com\/es\/.com\/producto\/elevator-door-detector-light-curtain-parts\/\">detector de puerta de ascensor cortina de luz piezas<\/a> para visualizar la configuraci\u00f3n completa del sistema.<\/p>\n<h2 id=\"benefits\"><strong>Beneficios<\/strong><\/h2>\n<p>Al integrar el detector de infrarrojos para puertas de ascensores Weco en sus sistemas de ascensores, experimentar\u00e1 una serie de ventajas. Se da prioridad a la seguridad, ya que el detector minimiza el riesgo de colisi\u00f3n de puertas al detectar objetos y detener la puerta antes de que se produzca un accidente. Esta fiabilidad no s\u00f3lo protege a los usuarios, sino que tambi\u00e9n garantiza el cumplimiento de la normativa de seguridad. Adem\u00e1s, nuestro producto fomenta la eficiencia al reducir los tiempos de cierre de la puerta y agilizar el funcionamiento del sistema del ascensor. Esto puede aumentar la satisfacci\u00f3n de los usuarios y la eficacia operativa, lo que lo convierte en una opci\u00f3n integral para los administradores de instalaciones y los operadores de ascensores. Obtenga m\u00e1s informaci\u00f3n sobre mecanismos de seguridad similares al nuestro a trav\u00e9s de la p\u00e1gina <a href=\"https:\/\/elevatorlightcurtains.com\/es\/.com\/producto\/elevator-door-detection-system\/\">sistema de detecci\u00f3n de puertas de ascensor<\/a>.<\/p>\n<h2 id=\"applications\"><strong>Aplicaciones<\/strong><\/h2>\n<p>El detector de infrarrojos para puertas de ascensor de Weco es ideal para diversos entornos, como edificios comerciales, complejos residenciales, hospitales e instalaciones de transporte p\u00fablico. Tanto si desea actualizar una instalaci\u00f3n existente como incorporar nueva tecnolog\u00eda a un proyecto de construcci\u00f3n, este detector es lo suficientemente vers\u00e1til como para satisfacer diversas demandas operativas. Su eficacia en entornos que requieren un uso frecuente del ascensor contribuye significativamente a mantener unas instalaciones seguras y eficientes.<\/p>\n<h2 id=\"differentiation--advantages\"><strong>Diferenciaci\u00f3n y ventajas<\/strong><\/h2>\n<p>Al elegir el detector de puerta de ascensor por infrarrojos de Weco, no s\u00f3lo selecciona un producto excepcional, sino que tambi\u00e9n se alinea con un proveedor y fabricante de renombre de China que ofrece precios competitivos al por mayor. Nuestro compromiso como exportador OEM nos permite ofrecer soluciones personalizadas adaptadas a sus necesidades espec\u00edficas. A diferencia de otras opciones disponibles en el mercado, nuestro producto est\u00e1 dise\u00f1ado para un rendimiento y una seguridad \u00f3ptimos, lo que le garantiza una asistencia inigualable junto con oportunidades de compra al por mayor que aumentan el valor.<\/p>\n<p>En un mercado competitivo, colabore con un proveedor de eficacia probada que cumple las normas internacionales; nuestra dedicaci\u00f3n a la calidad y a la tecnolog\u00eda innovadora nos sit\u00faa como primera opci\u00f3n en el sector. Por ejemplo, descubra c\u00f3mo nuestra tecnolog\u00eda se compara con otras alternativas con productos como el <a href=\"https:\/\/elevatorlightcurtains.com\/es\/.com\/producto\/elevator-door-safety-detector-residential\/\">detector de seguridad de puerta de ascensor residencial<\/a> para ver c\u00f3mo Weco lidera con fiabilidad y eficiencia.<\/p>\n<p>En conclusi\u00f3n, la optimizaci\u00f3n de sus sistemas de ascensores con el detector de puertas de ascensores por infrarrojos de Weco mejorar\u00e1 los protocolos de seguridad, aumentar\u00e1 la eficiencia operativa y facilitar\u00e1 una mejor experiencia general del usuario. P\u00f3ngase en contacto con nosotros hoy mismo para obtener m\u00e1s informaci\u00f3n sobre nuestros productos, opciones de compra al por mayor y precios al por mayor adaptados a cada proyecto.<\/p>\n<div style=\"justify-content: space - between; align-items: stretch;\">\n<figure id=\"attachment_1527\" class=\"wp-caption alignnone\" style=\"width: 911px;\"><img data-recalc-dims=\"1\" fetchpriority=\"high\" decoding=\"async\" class=\"alignnone wp-image-1917\" src=\"https:\/\/i0.wp.com\/elevatorlightcurtains.com\/wp-content\/uploads\/2025\/01\/weco-elevator-light-curtain.webp?resize=800%2C1037&#038;ssl=1\" alt=\"\" width=\"800\" height=\"1037\" srcset=\"https:\/\/i0.wp.com\/elevatorlightcurtains.com\/wp-content\/uploads\/2025\/01\/weco-elevator-light-curtain.webp?w=1000&amp;ssl=1 1000w, https:\/\/i0.wp.com\/elevatorlightcurtains.com\/wp-content\/uploads\/2025\/01\/weco-elevator-light-curtain.webp?resize=231%2C300&amp;ssl=1 231w, https:\/\/i0.wp.com\/elevatorlightcurtains.com\/wp-content\/uploads\/2025\/01\/weco-elevator-light-curtain.webp?resize=789%2C1024&amp;ssl=1 789w, https:\/\/i0.wp.com\/elevatorlightcurtains.com\/wp-content\/uploads\/2025\/01\/weco-elevator-light-curtain.webp?resize=768%2C997&amp;ssl=1 768w, https:\/\/i0.wp.com\/elevatorlightcurtains.com\/wp-content\/uploads\/2025\/01\/weco-elevator-light-curtain.webp?resize=9%2C12&amp;ssl=1 9w, https:\/\/i0.wp.com\/elevatorlightcurtains.com\/wp-content\/uploads\/2025\/01\/weco-elevator-light-curtain.webp?resize=600%2C779&amp;ssl=1 600w\" sizes=\"(max-width: 800px) 100vw, 800px\" \/><\/figure>\n<p><img data-recalc-dims=\"1\" decoding=\"async\" class=\"alignnone size-full wp-image-1519\" style=\"width: 48%; height: auto;\" src=\"https:\/\/i0.wp.com\/elevatorlightcurtains.com\/wp-content\/uploads\/2025\/01\/%E5%BE%AE%E4%BF%A1%E5%9B%BE%E7%89%87_20230714163000%20-%20scaled.jpg?w=800&#038;ssl=1\" alt=\"\" \/><\/p>\n<\/div>\n<p>&nbsp;<\/p>\n<h1 id=\"faqs-for-elevator-door-detectors\">Preguntas frecuentes sobre los detectores de puertas de ascensor<\/h1>\n<h3 id=\"is-the-elevator-door-detector-sensitive-enough-to-detect-obstructions-in-real-time\">\u00bfEs el detector de la puerta del ascensor lo suficientemente sensible como para detectar obstrucciones en tiempo real?<\/h3>\n<p>S\u00ed, los detectores de puertas de ascensor est\u00e1n equipados con sensores de alta sensibilidad que pueden detectar obstrucciones en tiempo real. Estos sensores est\u00e1n dise\u00f1ados para detectar inmediatamente cualquier objeto o persona que se encuentre en la trayectoria de la puerta, activando la reapertura de las puertas para evitar accidentes o lesiones. Los detectores vigilan continuamente el entorno de la puerta y responden con rapidez para garantizar la seguridad de los pasajeros.<\/p>\n<h3 id=\"how-does-the-elevator-door-detector-differentiate-between-legitimate-obstructions-and-false-triggers\">\u00bfC\u00f3mo distingue el detector de puerta de ascensor entre obstrucciones leg\u00edtimas y falsos disparos?<\/h3>\n<p>Los detectores de puertas de ascensor utilizan tecnolog\u00eda avanzada, como sensores de infrarrojos o detectores de movimiento, para distinguir entre obstrucciones leg\u00edtimas y falsos disparos. Estos sensores est\u00e1n programados para detectar criterios espec\u00edficos, como peso, tama\u00f1o y patrones de movimiento, con el fin de identificar objetos que supongan un riesgo para la seguridad. Al incorporar algoritmos inteligentes, el detector puede evaluar con precisi\u00f3n la situaci\u00f3n y determinar si la obstrucci\u00f3n justifica la reapertura de las puertas.<\/p>\n<h3 id=\"can-the-elevator-door-detector-be-adjusted-to-accommodate-different-door-operation-speeds\">\u00bfPuede ajustarse el detector de la puerta del ascensor para adaptarse a diferentes velocidades de funcionamiento de la puerta?<\/h3>\n<p>S\u00ed, los detectores de puertas de ascensor est\u00e1n dise\u00f1ados para ser personalizables y ajustables a distintas velocidades de funcionamiento de las puertas. Los responsables o t\u00e9cnicos del edificio pueden calibrar la sensibilidad y el tiempo de respuesta del detector para adaptarlos a la velocidad espec\u00edfica del mecanismo de la puerta. Esta flexibilidad garantiza que el detector funcione eficazmente en diferentes sistemas de ascensores, proporcionando una detecci\u00f3n fiable de obstrucciones independientemente de la velocidad de apertura y cierre de la puerta.<\/p>\n<h3 id=\"how-frequently-should-the-elevator-door-detector-be-maintained-or-calibrated-for-optimal-performance\">\u00bfCon qu\u00e9 frecuencia debe mantenerse o calibrarse el detector de la puerta del ascensor para obtener un rendimiento \u00f3ptimo?<\/h3>\n<p>Para mantener un rendimiento \u00f3ptimo, los detectores de puerta de ascensor deben someterse a un mantenimiento y calibraci\u00f3n peri\u00f3dicos al menos una vez al a\u00f1o o seg\u00fan recomiende el fabricante. Las inspecciones y pruebas programadas ayudan a garantizar que los sensores, algoritmos y mecanismos de respuesta funcionan correctamente. Adem\u00e1s, cualquier ajuste o reparaci\u00f3n necesarios para mantener la sensibilidad y precisi\u00f3n del detector pueden abordarse durante estas comprobaciones de mantenimiento.<\/p>\n<h3 id=\"are-elevator-door-detectors-compatible-with-modern-elevator-safety-standards-and-regulations\">\u00bfSon compatibles los detectores de puertas de ascensor con las normas y reglamentos de seguridad de los ascensores modernos?<\/h3>\n<p>S\u00ed, los detectores de puerta de ascensor cumplen las normas y reglamentos de seguridad de ascensores modernos, como ASME A17.1, EN 81-20 o los c\u00f3digos de construcci\u00f3n locales. Estas normas establecen requisitos para los dispositivos de seguridad de los ascensores, incluidos los detectores de puertas, para proteger a los pasajeros de accidentes o atrapamientos. Al cumplir estas normas reglamentarias, los detectores de puertas de ascensores se dise\u00f1an y prueban para garantizar que proporcionan una detecci\u00f3n de obstrucciones fiable y eficaz, mejorando la seguridad general del ascensor.<\/p>","protected":false},"excerpt":{"rendered":"<p>El detector de infrarrojos para puertas de ascensores Weco, con certificaci\u00f3n CE y CSA, est\u00e1 dise\u00f1ado para garantizar la seguridad y la eficiencia de los ascensores mediante la detecci\u00f3n de obst\u00e1culos en las puertas de los ascensores. Con un dise\u00f1o compacto, es ideal para su instalaci\u00f3n en diversos tipos de edificios, incluidos ascensores residenciales y comerciales. Gracias a su avanzada tecnolog\u00eda de infrarrojos, ofrece una detecci\u00f3n precisa de obst\u00e1culos para mejorar la seguridad en el sector de los ascensores.<\/p>","protected":false},"featured_media":1438,"comment_status":"open","ping_status":"closed","template":"","meta":[],"product_cat":[46],"product_tag":[],"class_list":{"0":"post-2006","1":"product","2":"type-product","3":"status-publish","4":"has-post-thumbnail","6":"product_cat-lift-infrared-sensor","8":"first","9":"instock","10":"shipping-taxable","11":"product-type-simple"},"jetpack_sharing_enabled":true,"_links":{"self":[{"href":"https:\/\/elevatorlightcurtains.com\/es\/wp-json\/wp\/v2\/product\/2006","targetHints":{"allow":["GET"]}}],"collection":[{"href":"https:\/\/elevatorlightcurtains.com\/es\/wp-json\/wp\/v2\/product"}],"about":[{"href":"https:\/\/elevatorlightcurtains.com\/es\/wp-json\/wp\/v2\/types\/product"}],"replies":[{"embeddable":true,"href":"https:\/\/elevatorlightcurtains.com\/es\/wp-json\/wp\/v2\/comments?post=2006"}],"wp:featuredmedia":[{"embeddable":true,"href":"https:\/\/elevatorlightcurtains.com\/es\/wp-json\/wp\/v2\/media\/1438"}],"wp:attachment":[{"href":"https:\/\/elevatorlightcurtains.com\/es\/wp-json\/wp\/v2\/media?parent=2006"}],"wp:term":[{"taxonomy":"product_cat","embeddable":true,"href":"https:\/\/elevatorlightcurtains.com\/es\/wp-json\/wp\/v2\/product_cat?post=2006"},{"taxonomy":"product_tag","embeddable":true,"href":"https:\/\/elevatorlightcurtains.com\/es\/wp-json\/wp\/v2\/product_tag?post=2006"}],"curies":[{"name":"wp","href":"https:\/\/api.w.org\/{rel}","templated":true}]}}