{"id":2000,"date":"2025-01-05T07:17:59","date_gmt":"2025-01-05T07:17:59","guid":{"rendered":"https:\/\/elevatorlightcurtains.com\/?post_type=product&#038;p=2000"},"modified":"2025-02-14T06:23:43","modified_gmt":"2025-02-14T06:23:43","slug":"elevator-door-sensor-ce-csa-certified-affordable","status":"publish","type":"product","link":"https:\/\/elevatorlightcurtains.com\/es\/producto\/elevator-door-sensor-ce-csa-certified-affordable\/","title":{"rendered":"Sensor de puerta de ascensor con certificaci\u00f3n CE, CSA, precio asequible"},"content":{"rendered":"<p><strong>Presentamos el sensor de puerta de ascensor con certificaci\u00f3n CE, CSA y precio asequible<\/strong><\/p>\n<p>En el \u00e1mbito de la seguridad de los ascensores, en constante evoluci\u00f3n, el <strong>Sensor de puerta de ascensor<\/strong> est\u00e1 dise\u00f1ado para mejorar la eficacia operativa al tiempo que da prioridad a la seguridad de los usuarios. Este componente esencial es crucial para garantizar que las puertas de los ascensores funcionen sin problemas, proporcionando una detecci\u00f3n instant\u00e1nea de movimientos y objetos. Nuestro producto est\u00e1 meticulosamente dise\u00f1ado para aplicaciones residenciales y comerciales, y garantiza el cumplimiento de las certificaciones CE y CSA, que son fundamentales para validar su seguridad y fiabilidad.<\/p>\n<p><strong>Caracter\u00edsticas principales:<\/strong><\/p>\n<p>Nuestro sensor de puerta de ascensor cuenta con una avanzada tecnolog\u00eda de infrarrojos pasivos que garantiza una detecci\u00f3n precisa independientemente de las condiciones ambientales. Su construcci\u00f3n ligera pero robusta garantiza la facilidad de instalaci\u00f3n, mientras que los ajustes de alta sensibilidad permiten un rendimiento a medida para satisfacer diferentes requisitos. Adem\u00e1s, su compatibilidad con varios modelos de ascensor lo convierte en una opci\u00f3n vers\u00e1til para proyectos de modernizaci\u00f3n. El producto est\u00e1 disponible para su compra a granel en nuestra f\u00e1brica a precios al por mayor, lo que lo convierte en una opci\u00f3n econ\u00f3mica para proveedores, fabricantes y exportadores que buscan mejorar su oferta.<\/p>\n<p><strong>Ventajas:<\/strong><\/p>\n<p>La utilizaci\u00f3n de nuestro sensor de puerta de ascensor se traduce en una mejora de la seguridad y una reducci\u00f3n del riesgo de accidentes, garantizando a los pasajeros un acceso sin problemas a los ascensores. El fiable sistema de detecci\u00f3n minimiza los falsos disparos, optimizando as\u00ed la eficiencia operativa. Las empresas apreciar\u00e1n la rentabilidad de la compra al por mayor a un precio con descuento, benefici\u00e1ndose de una calidad superior sin comprometer las limitaciones presupuestarias. Como OEM de confianza en el mercado, garantizamos que nuestro producto cumple las normas m\u00e1s estrictas y ofrece un rendimiento duradero.<\/p>\n<p><strong>Aplicaciones:<\/strong><\/p>\n<p>Este sensor de puerta de ascensor es perfecto para una amplia gama de aplicaciones, incluidos ascensores de pasajeros en edificios residenciales, hospitales e instalaciones comerciales. Su durabilidad y eficacia lo hacen adecuado tanto para nuevas instalaciones como para actualizaciones en sistemas existentes. Tanto si busca un suministro directo de f\u00e1brica para un proyecto a gran escala como si desea adquirirlo para necesidades privadas, nuestro producto est\u00e1 dise\u00f1ado para satisfacer sus especificaciones.<\/p>\n<p><strong>Diferenciaci\u00f3n y ventajas:<\/strong><\/p>\n<p>Lo que diferencia a nuestro sensor de puerta de ascensor de otras opciones del mercado es nuestro compromiso con la calidad y la seguridad. A diferencia de otros proveedores, realizamos pruebas exhaustivas de todos nuestros productos, lo que garantiza que cumplen las estrictas normas del sector. Nuestra s\u00f3lida conexi\u00f3n con f\u00e1bricas en China nos permite ofrecer precios competitivos al por mayor sin sacrificar la calidad. Como fabricante y exportador de renombre, nos enorgullecemos de ofrecer plazos de entrega r\u00e1pidos y soluciones personalizables que se adaptan a las necesidades de cualquier cliente.<\/p>\n<p>Para m\u00e1s informaci\u00f3n sobre productos relacionados, puede consultar la p\u00e1gina <a href=\"https:\/\/elevatorlightcurtains.com\/es\/.com\/producto\/passive-infrared-elevator-door-sensor\/\">Sensor infrarrojo pasivo para puertas de ascensores<\/a> y el <a href=\"https:\/\/elevatorlightcurtains.com\/es\/.com\/producto\/elevator-door-detection-system\/\">Sistema de detecci\u00f3n de puertas de ascensor<\/a> para soluciones integrales de seguridad. Cada producto se dise\u00f1a teniendo en cuenta sus requisitos espec\u00edficos.<\/p>\n<p>Elija nuestro sensor de puerta de ascensor para obtener una soluci\u00f3n de seguridad fiable que combina tecnolog\u00eda avanzada con precios competitivos, integr\u00e1ndose perfectamente en cualquier sistema de ascensor y garantizando al mismo tiempo el cumplimiento de las certificaciones necesarias.<\/p>\n<div style=\"justify-content: space - between; align-items: stretch;\">\n<figure id=\"attachment_1527\" class=\"wp-caption alignnone\" style=\"width: 911px;\"><img data-recalc-dims=\"1\" fetchpriority=\"high\" decoding=\"async\" class=\"alignnone wp-image-1917\" src=\"https:\/\/i0.wp.com\/elevatorlightcurtains.com\/wp-content\/uploads\/2025\/01\/weco-elevator-light-curtain.webp?resize=800%2C1037&#038;ssl=1\" alt=\"\" width=\"800\" height=\"1037\" srcset=\"https:\/\/i0.wp.com\/elevatorlightcurtains.com\/wp-content\/uploads\/2025\/01\/weco-elevator-light-curtain.webp?w=1000&amp;ssl=1 1000w, https:\/\/i0.wp.com\/elevatorlightcurtains.com\/wp-content\/uploads\/2025\/01\/weco-elevator-light-curtain.webp?resize=231%2C300&amp;ssl=1 231w, https:\/\/i0.wp.com\/elevatorlightcurtains.com\/wp-content\/uploads\/2025\/01\/weco-elevator-light-curtain.webp?resize=789%2C1024&amp;ssl=1 789w, https:\/\/i0.wp.com\/elevatorlightcurtains.com\/wp-content\/uploads\/2025\/01\/weco-elevator-light-curtain.webp?resize=768%2C997&amp;ssl=1 768w, https:\/\/i0.wp.com\/elevatorlightcurtains.com\/wp-content\/uploads\/2025\/01\/weco-elevator-light-curtain.webp?resize=9%2C12&amp;ssl=1 9w, https:\/\/i0.wp.com\/elevatorlightcurtains.com\/wp-content\/uploads\/2025\/01\/weco-elevator-light-curtain.webp?resize=600%2C779&amp;ssl=1 600w\" sizes=\"(max-width: 800px) 100vw, 800px\" \/><\/figure>\n<p><img data-recalc-dims=\"1\" decoding=\"async\" class=\"alignnone size-full wp-image-1519\" style=\"width: 48%; height: auto;\" src=\"https:\/\/i0.wp.com\/elevatorlightcurtains.com\/wp-content\/uploads\/2025\/01\/%E5%BE%AE%E4%BF%A1%E5%9B%BE%E7%89%87_20230714163000%20-%20scaled.jpg?w=800&#038;ssl=1\" alt=\"\" \/><\/p>\n<\/div>\n<p>&nbsp;<\/p>\n<h2 id=\"faqs-for-elevator-door-sensor\">Preguntas frecuentes sobre el sensor de puerta de ascensor<\/h2>\n<h3 id=\"how-does-the-elevator-door-sensor-work\">\u00bfC\u00f3mo funciona el sensor de la puerta del ascensor?<\/h3>\n<p>Los sensores de las puertas de los ascensores suelen utilizar haces infrarrojos para detectar obst\u00e1culos en la entrada. Cuando un objeto interrumpe el haz, hace que la puerta se abra o impide que se cierre, garantizando la seguridad de los pasajeros. El sensor supervisa constantemente el estado de la puerta y reacciona al instante ante cualquier cambio, garantizando un funcionamiento suave y seguro.<\/p>\n<h3 id=\"what-happens-if-the-elevator-door-sensor-malfunctions\">\u00bfQu\u00e9 ocurre si falla el sensor de la puerta del ascensor?<\/h3>\n<p>Si el sensor de la puerta del ascensor funciona mal, la puerta puede cerrarse demasiado r\u00e1pido o no abrirse cuando est\u00e1 obstruida, lo que supone un riesgo para la seguridad. Es fundamental programar el mantenimiento y la inspecci\u00f3n peri\u00f3dicos del sensor para garantizar su correcto funcionamiento. Cualquier signo de mal funcionamiento debe ser atendido inmediatamente por un t\u00e9cnico cualificado para evitar accidentes y garantizar la seguridad de los pasajeros.<\/p>\n<h3 id=\"are-elevator-door-sensors-adjustable-for-different-door-types\">\u00bfSe pueden ajustar los sensores de las puertas de los ascensores a los distintos tipos de puertas?<\/h3>\n<p>S\u00ed, los sensores de puerta de ascensor suelen ser ajustables para adaptarse a distintos tipos, tama\u00f1os y velocidades de puerta. Esta flexibilidad permite realizar ajustes personalizados en funci\u00f3n de los requisitos espec\u00edficos de cada sistema de ascensor. Al ajustar la sensibilidad y el tiempo de respuesta del sensor, \u00e9ste puede satisfacer eficazmente las necesidades de diversas configuraciones de puertas, garantizando un rendimiento fiable y un funcionamiento seguro.<\/p>\n<h3 id=\"can-elevator-door-sensors-be-integrated-with-other-safety-features\">\u00bfPueden integrarse los sensores de las puertas de los ascensores con otros dispositivos de seguridad?<\/h3>\n<p>Los sensores de puerta de ascensor pueden integrarse con diversos dispositivos de seguridad, como botones de parada de emergencia y c\u00e1maras de vigilancia, para mejorar la protecci\u00f3n de los pasajeros. Al trabajar conjuntamente con estos sistemas, el sensor contribuye a una red de seguridad integral que responde con rapidez a cualquier riesgo potencial o emergencia. Esta integraci\u00f3n minimiza la probabilidad de accidentes y garantiza una experiencia de conducci\u00f3n segura para los pasajeros.<\/p>\n<h3 id=\"do-elevator-door-sensors-comply-with-industry-safety-standards\">\u00bfCumplen los sensores de las puertas de los ascensores las normas de seguridad del sector?<\/h3>\n<p>S\u00ed, los sensores de puerta de ascensor est\u00e1n dise\u00f1ados y fabricados para cumplir las normas y reglamentos de seguridad del sector. Estas normas garantizan que los sensores cumplen criterios espec\u00edficos de rendimiento, fiabilidad y seguridad, proporcionando a los pasajeros una experiencia de viaje segura y c\u00f3moda. Las inspecciones peri\u00f3dicas y las rutinas de mantenimiento ayudan a mantener estas normas y a conservar los sensores de las puertas de los ascensores en condiciones \u00f3ptimas de funcionamiento.<\/p>","protected":false},"excerpt":{"rendered":"<p>El sensor de puerta de ascensor con certificaci\u00f3n CE, CSA y precio asequible est\u00e1 dise\u00f1ado para garantizar un funcionamiento seguro y eficaz de la puerta del ascensor. Con una especificaci\u00f3n ligera, es ideal para sistemas de ascensores residenciales y comerciales. Con certificaciones est\u00e1ndar de la industria, ofrece tranquilidad y fiabilidad para la industria de los ascensores.<\/p>","protected":false},"featured_media":1438,"comment_status":"open","ping_status":"closed","template":"","meta":[],"product_cat":[46],"product_tag":[],"class_list":{"0":"post-2000","1":"product","2":"type-product","3":"status-publish","4":"has-post-thumbnail","6":"product_cat-lift-infrared-sensor","8":"first","9":"instock","10":"shipping-taxable","11":"product-type-simple"},"jetpack_sharing_enabled":true,"_links":{"self":[{"href":"https:\/\/elevatorlightcurtains.com\/es\/wp-json\/wp\/v2\/product\/2000","targetHints":{"allow":["GET"]}}],"collection":[{"href":"https:\/\/elevatorlightcurtains.com\/es\/wp-json\/wp\/v2\/product"}],"about":[{"href":"https:\/\/elevatorlightcurtains.com\/es\/wp-json\/wp\/v2\/types\/product"}],"replies":[{"embeddable":true,"href":"https:\/\/elevatorlightcurtains.com\/es\/wp-json\/wp\/v2\/comments?post=2000"}],"wp:featuredmedia":[{"embeddable":true,"href":"https:\/\/elevatorlightcurtains.com\/es\/wp-json\/wp\/v2\/media\/1438"}],"wp:attachment":[{"href":"https:\/\/elevatorlightcurtains.com\/es\/wp-json\/wp\/v2\/media?parent=2000"}],"wp:term":[{"taxonomy":"product_cat","embeddable":true,"href":"https:\/\/elevatorlightcurtains.com\/es\/wp-json\/wp\/v2\/product_cat?post=2000"},{"taxonomy":"product_tag","embeddable":true,"href":"https:\/\/elevatorlightcurtains.com\/es\/wp-json\/wp\/v2\/product_tag?post=2000"}],"curies":[{"name":"wp","href":"https:\/\/api.w.org\/{rel}","templated":true}]}}