{"id":1999,"date":"2025-01-05T07:17:58","date_gmt":"2025-01-05T07:17:58","guid":{"rendered":"https:\/\/elevatorlightcurtains.com\/?post_type=product&#038;p=1999"},"modified":"2025-02-08T07:27:25","modified_gmt":"2025-02-08T07:27:25","slug":"universal-elevator-lift-door-sensor-detection-system-weco-factory-price","status":"publish","type":"product","link":"https:\/\/elevatorlightcurtains.com\/es\/producto\/universal-elevator-lift-door-sensor-detection-system-weco-factory-price\/","title":{"rendered":"Sistema universal de detecci\u00f3n de puertas de ascensores WECO Precio de f\u00e1brica"},"content":{"rendered":"<p><strong>Presentaci\u00f3n del sistema universal de detecci\u00f3n de puertas de ascensor<\/strong><\/p>\n<p>En el cambiante panorama del transporte vertical, el sistema sensor de detecci\u00f3n de puertas de ascensores Universal Elevator se sit\u00faa a la vanguardia de la seguridad y la eficiencia. Dise\u00f1ado para mejorar la fiabilidad operativa de los ascensores, este vanguardista sistema de sensores garantiza que las puertas se abran y cierren s\u00f3lo cuando es seguro, reduciendo as\u00ed significativamente el riesgo de accidentes. Para las empresas que buscan elevar sus protocolos operativos, elegir un sistema de detecci\u00f3n avanzado y fiable es una decisi\u00f3n cr\u00edtica.<\/p>\n<p><strong>Caracter\u00edsticas principales<\/strong><\/p>\n<p>El sistema universal de detecci\u00f3n de puertas de ascensores est\u00e1 meticulosamente dise\u00f1ado y cuenta con tecnolog\u00eda infrarroja pasiva de \u00faltima generaci\u00f3n que detecta con precisi\u00f3n la presencia de personas y objetos cerca de las puertas del ascensor. Con una calidad de construcci\u00f3n robusta y capacidades avanzadas de procesamiento de se\u00f1ales, este producto garantiza un rendimiento \u00f3ptimo incluso en entornos de mucho tr\u00e1fico. Otras caracter\u00edsticas destacadas son:<\/p>\n<ul>\n<li><strong>Integraci\u00f3n con ascensores modernos<\/strong>: Adem\u00e1s, ofrece una compatibilidad perfecta con los sistemas de elevaci\u00f3n nuevos y existentes, lo que lo hace vers\u00e1til para diversas aplicaciones.<\/li>\n<li><strong>Duradero y fiable<\/strong>: Construido para durar, este sistema est\u00e1 fabricado con materiales de alta calidad, lo que garantiza su longevidad y un rendimiento \u00f3ptimo en diferentes condiciones ambientales.<\/li>\n<\/ul>\n<p><strong>Beneficios<\/strong><\/p>\n<p>La adopci\u00f3n del sistema universal de detecci\u00f3n de puertas de ascensores proporciona numerosas ventajas que mejoran la seguridad de los usuarios y la eficacia operativa. Las empresas que utilizan este sistema de sensores pueden esperar:<\/p>\n<ul>\n<li><strong>Mayor seguridad<\/strong>: Al detectar eficazmente los obst\u00e1culos, el sistema impide que las puertas se cierren sobre pasajeros u objetos, mejorando as\u00ed la seguridad general del ascensor.<\/li>\n<li><strong>Relaci\u00f3n coste-eficacia<\/strong>: Gracias a su eficiente dise\u00f1o, el sistema reduce la probabilidad de accidentes y lesiones, que pueden dar lugar a costosas reparaciones, honorarios de abogados y reclamaciones al seguro.<\/li>\n<li><strong>Experiencia de usuario mejorada<\/strong>: El r\u00e1pido reconocimiento de objetos garantiza un funcionamiento m\u00e1s fluido, minimizando los tiempos de espera y aumentando la satisfacci\u00f3n de los pasajeros.<\/li>\n<\/ul>\n<p><strong>Aplicaciones<\/strong><\/p>\n<p>Ideal para una gran variedad de entornos, este sistema de detecci\u00f3n por sensor es perfecto para edificios comerciales, complejos residenciales, hospitales e instalaciones p\u00fablicas. Su versatilidad permite utilizarlo eficazmente en estructuras de gran altura, donde la seguridad y la eficiencia son primordiales. Esto lo convierte en una excelente opci\u00f3n para las industrias que buscan mejorar el funcionamiento de los ascensores con la \u00faltima tecnolog\u00eda.<\/p>\n<p><strong>Diferenciaci\u00f3n y ventajas<\/strong><\/p>\n<p>Lo que diferencia al sistema universal de detecci\u00f3n de puertas de ascensores de los productos de la competencia es su dise\u00f1o y funcionalidad superiores. A diferencia de los sistemas tradicionales, nuestro producto se fabrica en China con estrictas medidas de control de calidad para cumplir con las normas mundiales, por lo que es una opci\u00f3n preferida entre los proveedores y fabricantes de equipos originales en la industria. Como exportador y fabricante de confianza, podemos ofrecer precios competitivos al por mayor, garantizando que su empresa reciba un producto excepcional sin comprometer su presupuesto.<\/p>\n<p>Tanto si se encuentra en el proceso de compra al por mayor para un proyecto a gran escala como si busca un proveedor de confianza, el sistema de detecci\u00f3n de sensores de puertas de ascensores Universal proporciona un rendimiento superior, lo que lo convierte en la opci\u00f3n preferida frente a las alternativas disponibles en el mercado. Para obtener m\u00e1s informaci\u00f3n sobre nuestras sofisticadas soluciones, no deje de consultar la p\u00e1gina <a href=\"https:\/\/elevatorlightcurtains.com\/es\/.com\/producto\/passive-infrared-elevator-door-sensor\/\">sensor de puerta de ascensor<\/a>, <a href=\"https:\/\/elevatorlightcurtains.com\/es\/.com\/producto\/elevator-door-detection-system\/\">sistema de detecci\u00f3n de puertas de ascensor<\/a>y <a href=\"https:\/\/elevatorlightcurtains.com\/es\/.com\/producto\/en81-20-elevator-door-detector\/\">detector de puerta de ascensor<\/a> recursos que muestran nuestro compromiso con la innovaci\u00f3n y la seguridad.<\/p>\n<p>Elija el sistema de detecci\u00f3n de sensores de puertas de ascensores Universal Elevator para obtener un equilibrio de fiabilidad y tecnolog\u00eda moderna que satisfaga las rigurosas exigencias de los ascensores actuales.<\/p>\n<div style=\"justify-content: space - between; align-items: stretch;\">\n<figure id=\"attachment_1527\" class=\"wp-caption alignnone\" style=\"width: 911px;\"><img data-recalc-dims=\"1\" fetchpriority=\"high\" decoding=\"async\" class=\"alignnone wp-image-1917\" src=\"https:\/\/i0.wp.com\/elevatorlightcurtains.com\/wp-content\/uploads\/2025\/01\/weco-elevator-light-curtain.webp?resize=800%2C1037&#038;ssl=1\" alt=\"\" width=\"800\" height=\"1037\" srcset=\"https:\/\/i0.wp.com\/elevatorlightcurtains.com\/wp-content\/uploads\/2025\/01\/weco-elevator-light-curtain.webp?w=1000&amp;ssl=1 1000w, https:\/\/i0.wp.com\/elevatorlightcurtains.com\/wp-content\/uploads\/2025\/01\/weco-elevator-light-curtain.webp?resize=231%2C300&amp;ssl=1 231w, https:\/\/i0.wp.com\/elevatorlightcurtains.com\/wp-content\/uploads\/2025\/01\/weco-elevator-light-curtain.webp?resize=789%2C1024&amp;ssl=1 789w, https:\/\/i0.wp.com\/elevatorlightcurtains.com\/wp-content\/uploads\/2025\/01\/weco-elevator-light-curtain.webp?resize=768%2C997&amp;ssl=1 768w, https:\/\/i0.wp.com\/elevatorlightcurtains.com\/wp-content\/uploads\/2025\/01\/weco-elevator-light-curtain.webp?resize=9%2C12&amp;ssl=1 9w, https:\/\/i0.wp.com\/elevatorlightcurtains.com\/wp-content\/uploads\/2025\/01\/weco-elevator-light-curtain.webp?resize=600%2C779&amp;ssl=1 600w\" sizes=\"(max-width: 800px) 100vw, 800px\" \/><\/figure>\n<p><img data-recalc-dims=\"1\" decoding=\"async\" class=\"alignnone size-full wp-image-1519\" style=\"width: 48%; height: auto;\" src=\"https:\/\/i0.wp.com\/elevatorlightcurtains.com\/wp-content\/uploads\/2025\/01\/%E5%BE%AE%E4%BF%A1%E5%9B%BE%E7%89%87_20230714163000%20-%20scaled.jpg?w=800&#038;ssl=1\" alt=\"\" \/><\/p>\n<\/div>\n<p>&nbsp;<\/p>\n<h2 id=\"faqs-for-elevator-door-sensor\">Preguntas frecuentes sobre el sensor de puerta de ascensor:<\/h2>\n<h3 id=\"how-do-elevator-door-sensors-work\">\u00bfC\u00f3mo funcionan los sensores de las puertas de los ascensores?<\/h3>\n<p>Los sensores de puertas de ascensor suelen utilizar tecnolog\u00eda de infrarrojos para detectar la presencia de objetos o personas en el recorrido de la puerta. Estos sensores emiten un haz de infrarrojos que, al ser interrumpido por un obst\u00e1culo, hace que las puertas se abran o permanezcan cerradas para la seguridad de los pasajeros.<\/p>\n<h3 id=\"which-sensor-is-used-in-a-lift-door\">\u00bfQu\u00e9 sensor se utiliza en la puerta de un ascensor?<\/h3>\n<p>En las puertas de los ascensores, los sensores m\u00e1s utilizados son los infrarrojos, los ultras\u00f3nicos y los de cortina de luz. Estos sensores se colocan estrat\u00e9gicamente a lo largo de los bordes de las puertas para detectar cualquier movimiento u obstrucci\u00f3n que pueda impedir que las puertas se cierren correctamente.<\/p>\n<h3 id=\"do-all-elevators-have-door-sensors\">\u00bfTienen todos los ascensores sensores de puerta?<\/h3>\n<p>S\u00ed, los ascensores modernos est\u00e1n equipados con sensores de puerta para garantizar un funcionamiento seguro y eficaz. Los sensores de puerta desempe\u00f1an un papel crucial en la prevenci\u00f3n de accidentes al detectar obst\u00e1culos en la trayectoria de la puerta e iniciar la acci\u00f3n de puerta adecuada en consecuencia.<\/p>\n<h3 id=\"what-are-the-different-types-of-elevator-sensors\">\u00bfCu\u00e1les son los distintos tipos de sensores de ascensor?<\/h3>\n<p>Algunos de los sensores de ascensor m\u00e1s utilizados son los sensores de infrarrojos, que emiten haces de luz infrarroja para detectar obstrucciones; los sensores ultras\u00f3nicos, que utilizan ondas sonoras para detectar objetos cercanos; y los sensores de cortina de luz, que crean una barrera invisible para vigilar la zona de la puerta.<\/p>\n<h3 id=\"how-does-an-elevator-door-sensor-work\">\u00bfC\u00f3mo funciona un sensor de puerta de ascensor?<\/h3>\n<p>Los sensores de las puertas de los ascensores funcionan detectando cambios en los niveles de luz infrarroja o reflejos de ondas sonoras causados por obstrucciones en la trayectoria de la puerta. Cuando se detecta un obst\u00e1culo, el sensor env\u00eda una se\u00f1al al sistema de control del ascensor para que las puertas dejen de cerrarse o vuelvan a abrirse por seguridad de los pasajeros.<\/p>","protected":false},"excerpt":{"rendered":"<p>El sistema universal de detecci\u00f3n de puertas de ascensores est\u00e1 dise\u00f1ado para mejorar la seguridad y la eficacia en el funcionamiento de los ascensores. Con un dise\u00f1o compacto y ligero, es ideal para instalaciones de ascensores comerciales y residenciales. Con una avanzada tecnolog\u00eda de sensores, ofrece una detecci\u00f3n fiable de obstrucciones para mejorar la seguridad de los pasajeros en el sector de los ascensores.<\/p>","protected":false},"featured_media":1438,"comment_status":"open","ping_status":"closed","template":"","meta":[],"product_cat":[46],"product_tag":[],"class_list":{"0":"post-1999","1":"product","2":"type-product","3":"status-publish","4":"has-post-thumbnail","6":"product_cat-lift-infrared-sensor","8":"first","9":"instock","10":"shipping-taxable","11":"product-type-simple"},"jetpack_sharing_enabled":true,"_links":{"self":[{"href":"https:\/\/elevatorlightcurtains.com\/es\/wp-json\/wp\/v2\/product\/1999","targetHints":{"allow":["GET"]}}],"collection":[{"href":"https:\/\/elevatorlightcurtains.com\/es\/wp-json\/wp\/v2\/product"}],"about":[{"href":"https:\/\/elevatorlightcurtains.com\/es\/wp-json\/wp\/v2\/types\/product"}],"replies":[{"embeddable":true,"href":"https:\/\/elevatorlightcurtains.com\/es\/wp-json\/wp\/v2\/comments?post=1999"}],"wp:featuredmedia":[{"embeddable":true,"href":"https:\/\/elevatorlightcurtains.com\/es\/wp-json\/wp\/v2\/media\/1438"}],"wp:attachment":[{"href":"https:\/\/elevatorlightcurtains.com\/es\/wp-json\/wp\/v2\/media?parent=1999"}],"wp:term":[{"taxonomy":"product_cat","embeddable":true,"href":"https:\/\/elevatorlightcurtains.com\/es\/wp-json\/wp\/v2\/product_cat?post=1999"},{"taxonomy":"product_tag","embeddable":true,"href":"https:\/\/elevatorlightcurtains.com\/es\/wp-json\/wp\/v2\/product_tag?post=1999"}],"curies":[{"name":"wp","href":"https:\/\/api.w.org\/{rel}","templated":true}]}}